{"id":4182,"date":"2026-01-18T10:05:12","date_gmt":"2026-01-18T09:05:12","guid":{"rendered":"https:\/\/www.futbalovedresysk.com\/?post_type=product&#038;p=4182"},"modified":"2026-01-18T10:05:13","modified_gmt":"2026-01-18T09:05:13","slug":"detske-futbalove-dresy-komplet-tottenham-hotspur-guglielmo-vicario-1-brankarsky-2025-26-dlhy-rukav-prec","status":"publish","type":"product","link":"https:\/\/www.drespredeti.com\/de\/detske-futbalove-dresy-komplet-tottenham-hotspur-guglielmo-vicario-1-brankarsky-2025-26-dlhy-rukav-prec\/","title":{"rendered":"Kinder Fu\u00dfballtrikots Komplett Tottenham Hotspur Guglielmo Vicario #1 Torwart-Set 2025-26 Lange \u00c4rmel \u2013 Ausw\u00e4rts"},"content":{"rendered":"<h3>Kinders Fu\u00dfballtrikot-Set Tottenham Hotspur 2025\/26 \u2013 Torh\u00fcter Langarm Vicario #1 Aus<\/h3>\n<p>Wir pr\u00e4sentieren das Kinders Fu\u00dfballtrikot-Set Tottenham Hotspur 2025\/26 \u2013 das dritte Torh\u00fcter-Trikot mit Langarm Aus, entworfen f\u00fcr junge Fu\u00dfballspieler, die authentischen Klubstil auch bei Torwartaktivit\u00e4ten w\u00fcnschen. Dieses Set erm\u00f6glicht es Kindern, sich wie professionelle Torh\u00fcter im Training oder im Spiel zu f\u00fchlen.<\/p>\n<p>Torh\u00fcter-Trikot mit Langarm besteht aus leichtem, elastischem und atmungsaktivem Material, das Schwei\u00df ableitet und den ganzen Tag \u00fcber Komfort garantiert. Das Kinders Fu\u00dfballtrikot-Set zeichnet sich durch Haltbarkeit und Farbstabilit\u00e4t auch nach h\u00e4ufiger W\u00e4sche aus.<\/p>\n<p>Dieses Kinders Fu\u00dfballtrikot-Set bietet authentisches Torwart-Erlebnis, wobei die M\u00f6glichkeit des eigenen Namens und der Nummer dem Kind erm\u00f6glicht, ein einzigartiges Fu\u00dfball-Set zu erstellen.<\/p>\n<p>Tollergeschenk f\u00fcr junge Torh\u00fcter und Fans von Tottenham Hotspur, die ein stylisches drittes Torh\u00fctertrikot in einer bequemen Kinderversion w\u00fcnschen.<\/p>","protected":false},"excerpt":{"rendered":"<p>Kindersportunitorwechsel-Sets Tottenham Hotspur 2025\/26 \u2013 Torh\u00fcter-Longsleeve Vicario #1 Vorh. Wir pr\u00e4sentieren Kindersportunitorwechsel-Sets Tottenham Hotspur 2025\/26 \u2013 drittes Torh\u00fcter-Trikot mit Langarm Vorh, entworfen f\u00fcr junge Fu\u00dfballer, die authentischen Vereinsstil auch bei Torh\u00fcteraktivit\u00e4ten w\u00fcnschen. Dieses Set erm\u00f6glicht es Kindern, sich wie professionelle Torh\u00fcter beim Training oder [\u2026]<\/p>","protected":false},"featured_media":4184,"comment_status":"open","ping_status":"closed","template":"","meta":{"site-sidebar-layout":"default","site-content-layout":"","ast-site-content-layout":"default","site-content-style":"default","site-sidebar-style":"default","ast-global-header-display":"","ast-banner-title-visibility":"","ast-main-header-display":"","ast-hfb-above-header-display":"","ast-hfb-below-header-display":"","ast-hfb-mobile-header-display":"","site-post-title":"","ast-breadcrumbs-content":"","ast-featured-img":"","footer-sml-layout":"","theme-transparent-header-meta":"default","adv-header-id-meta":"","stick-header-meta":"","header-above-stick-meta":"","header-main-stick-meta":"","header-below-stick-meta":"","astra-migrate-meta-layouts":"set","ast-page-background-enabled":"default","ast-page-background-meta":{"desktop":{"background-color":"var(--ast-global-color-4)","background-image":"","background-repeat":"repeat","background-position":"center center","background-size":"auto","background-attachment":"scroll","background-type":"","background-media":"","overlay-type":"","overlay-color":"","overlay-opacity":"","overlay-gradient":""},"tablet":{"background-color":"","background-image":"","background-repeat":"repeat","background-position":"center center","background-size":"auto","background-attachment":"scroll","background-type":"","background-media":"","overlay-type":"","overlay-color":"","overlay-opacity":"","overlay-gradient":""},"mobile":{"background-color":"","background-image":"","background-repeat":"repeat","background-position":"center center","background-size":"auto","background-attachment":"scroll","background-type":"","background-media":"","overlay-type":"","overlay-color":"","overlay-opacity":"","overlay-gradient":""}},"ast-content-background-meta":{"desktop":{"background-color":"var(--ast-global-color-5)","background-image":"","background-repeat":"repeat","background-position":"center center","background-size":"auto","background-attachment":"scroll","background-type":"","background-media":"","overlay-type":"","overlay-color":"","overlay-opacity":"","overlay-gradient":""},"tablet":{"background-color":"var(--ast-global-color-5)","background-image":"","background-repeat":"repeat","background-position":"center center","background-size":"auto","background-attachment":"scroll","background-type":"","background-media":"","overlay-type":"","overlay-color":"","overlay-opacity":"","overlay-gradient":""},"mobile":{"background-color":"var(--ast-global-color-5)","background-image":"","background-repeat":"repeat","background-position":"center center","background-size":"auto","background-attachment":"scroll","background-type":"","background-media":"","overlay-type":"","overlay-color":"","overlay-opacity":"","overlay-gradient":""}}},"product_brand":[],"product_cat":[78],"product_tag":[248,170,249,232,250,237],"class_list":{"0":"post-4182","1":"product","2":"type-product","3":"status-publish","4":"has-post-thumbnail","6":"product_cat-detske-dres-tottenham-hotspur","7":"product_tag-detsky-brankarsky-dres-komplet","8":"product_tag-detsky-futbalovy-komplet","9":"product_tag-futbalovy-dres-pre-deti-2025-26","10":"product_tag-futbalovy-set-pre-deti","11":"product_tag-guglielmo-vicario-dres","12":"product_tag-tottenham-hotspur-detsky-dres","13":"desktop-align-left","14":"tablet-align-left","15":"mobile-align-left","17":"first","18":"instock","19":"shipping-taxable","20":"purchasable","21":"product-type-variable"},"_links":{"self":[{"href":"https:\/\/www.drespredeti.com\/de\/wp-json\/wp\/v2\/product\/4182","targetHints":{"allow":["GET"]}}],"collection":[{"href":"https:\/\/www.drespredeti.com\/de\/wp-json\/wp\/v2\/product"}],"about":[{"href":"https:\/\/www.drespredeti.com\/de\/wp-json\/wp\/v2\/types\/product"}],"replies":[{"embeddable":true,"href":"https:\/\/www.drespredeti.com\/de\/wp-json\/wp\/v2\/comments?post=4182"}],"wp:featuredmedia":[{"embeddable":true,"href":"https:\/\/www.drespredeti.com\/de\/wp-json\/wp\/v2\/media\/4184"}],"wp:attachment":[{"href":"https:\/\/www.drespredeti.com\/de\/wp-json\/wp\/v2\/media?parent=4182"}],"wp:term":[{"taxonomy":"product_brand","embeddable":true,"href":"https:\/\/www.drespredeti.com\/de\/wp-json\/wp\/v2\/product_brand?post=4182"},{"taxonomy":"product_cat","embeddable":true,"href":"https:\/\/www.drespredeti.com\/de\/wp-json\/wp\/v2\/product_cat?post=4182"},{"taxonomy":"product_tag","embeddable":true,"href":"https:\/\/www.drespredeti.com\/de\/wp-json\/wp\/v2\/product_tag?post=4182"}],"curies":[{"name":"wp","href":"https:\/\/api.w.org\/{rel}","templated":true}]}}