{"id":4179,"date":"2026-01-18T10:05:23","date_gmt":"2026-01-18T09:05:23","guid":{"rendered":"https:\/\/www.futbalovedresysk.com\/?post_type=product&#038;p=4179"},"modified":"2026-01-18T10:05:24","modified_gmt":"2026-01-18T09:05:24","slug":"detske-futbalove-dresy-komplet-tottenham-hotspur-guglielmo-vicario-1-brankarsky-2025-26-dlhy-rukav-domaci","status":"publish","type":"product","link":"https:\/\/www.drespredeti.com\/de\/detske-futbalove-dresy-komplet-tottenham-hotspur-guglielmo-vicario-1-brankarsky-2025-26-dlhy-rukav-domaci\/","title":{"rendered":"Kinder Fu\u00dfballtrikots Komplett Tottenham Hotspur Guglielmo Vicario #1 Torwart-Set 2025-26 Lange \u00c4rmel \u2013 Zuhause"},"content":{"rendered":"<h3>D Junior Fu\u00dfballtrikots Komplett Tottenham Hotspur 2025\/26 Heim \u2013 Torh\u00fcter Lang\u00e4rmlig Vicario #1 Set f\u00fcr Kinder<\/h3>\n<p>Neues D Junior Fu\u00dfballtrikots Komplett Tottenham Hotspur 2025\/26 \u2013 heimischer Torh\u00fcter-Set mit Langarm ist f\u00fcr junge Fu\u00dfballer konzipiert, die Klubfarben tragen und das professionelle Torh\u00fcter-Design erleben m\u00f6chten. Dieses Set verbindet Komfort, Funktionalit\u00e4t und stilvolles Design, geeignet f\u00fcr Training und Spiele.<\/p>\n<p>Das Torh\u00fcter-Trikot mit Langarm bietet maximale Bewegungsfreiheit und Tragekomfort im Tor. Das Material ist leicht, elastisch und atmungsaktiv, widersteht wiederholtem Waschen und beh\u00e4lt Farbe und Form. Die Junior Fu\u00dfballtrikots Komplett bieten so langlebige Qualit\u00e4t f\u00fcr aktive Kinder.<\/p>\n<p>Dieses Junior Fu\u00dfballtrikots Komplett bietet professionellen Torh\u00fcter-Look und erm\u00f6glicht gleichzeitig die Erstellung eines einzigartigen Sets mit eigenem Namen und Nummer, was es zu einem einzigartigen Fu\u00dfball-Set f\u00fcr Kinder macht.<\/p>\n<p>Ideales Geschenk f\u00fcr junge Torh\u00fcter und Fans von Tottenham Hotspur, die ein komfortables, stilvolles und authentisches Heim-Torh\u00fctertrikot w\u00fcnschen.<\/p>","protected":false},"excerpt":{"rendered":"<p>Kindersporttrikotsatz Tottenham Hotspur 2025\/26 Home \u2013 Torh\u00fcter Langarm Vicario #1 Set f\u00fcr Kinder Neuer Kindersporttrikotsatz Tottenham Hotspur 2025\/26 \u2013 heimischer Torh\u00fcter-Satz mit Langarm ist f\u00fcr junge Fu\u00dfballer konzipiert, die Klubfarben tragen und einen professionellen Torh\u00fcter-Look erleben m\u00f6chten. Dieses Set kombiniert Komfort, Funktionalit\u00e4t und stylishes Design [\u2026]<\/p>","protected":false},"featured_media":4181,"comment_status":"open","ping_status":"closed","template":"","meta":{"site-sidebar-layout":"default","site-content-layout":"","ast-site-content-layout":"default","site-content-style":"default","site-sidebar-style":"default","ast-global-header-display":"","ast-banner-title-visibility":"","ast-main-header-display":"","ast-hfb-above-header-display":"","ast-hfb-below-header-display":"","ast-hfb-mobile-header-display":"","site-post-title":"","ast-breadcrumbs-content":"","ast-featured-img":"","footer-sml-layout":"","theme-transparent-header-meta":"default","adv-header-id-meta":"","stick-header-meta":"","header-above-stick-meta":"","header-main-stick-meta":"","header-below-stick-meta":"","astra-migrate-meta-layouts":"set","ast-page-background-enabled":"default","ast-page-background-meta":{"desktop":{"background-color":"var(--ast-global-color-4)","background-image":"","background-repeat":"repeat","background-position":"center center","background-size":"auto","background-attachment":"scroll","background-type":"","background-media":"","overlay-type":"","overlay-color":"","overlay-opacity":"","overlay-gradient":""},"tablet":{"background-color":"","background-image":"","background-repeat":"repeat","background-position":"center center","background-size":"auto","background-attachment":"scroll","background-type":"","background-media":"","overlay-type":"","overlay-color":"","overlay-opacity":"","overlay-gradient":""},"mobile":{"background-color":"","background-image":"","background-repeat":"repeat","background-position":"center center","background-size":"auto","background-attachment":"scroll","background-type":"","background-media":"","overlay-type":"","overlay-color":"","overlay-opacity":"","overlay-gradient":""}},"ast-content-background-meta":{"desktop":{"background-color":"var(--ast-global-color-5)","background-image":"","background-repeat":"repeat","background-position":"center center","background-size":"auto","background-attachment":"scroll","background-type":"","background-media":"","overlay-type":"","overlay-color":"","overlay-opacity":"","overlay-gradient":""},"tablet":{"background-color":"var(--ast-global-color-5)","background-image":"","background-repeat":"repeat","background-position":"center center","background-size":"auto","background-attachment":"scroll","background-type":"","background-media":"","overlay-type":"","overlay-color":"","overlay-opacity":"","overlay-gradient":""},"mobile":{"background-color":"var(--ast-global-color-5)","background-image":"","background-repeat":"repeat","background-position":"center center","background-size":"auto","background-attachment":"scroll","background-type":"","background-media":"","overlay-type":"","overlay-color":"","overlay-opacity":"","overlay-gradient":""}}},"product_brand":[],"product_cat":[78],"product_tag":[248,170,249,232,250,237],"class_list":{"0":"post-4179","1":"product","2":"type-product","3":"status-publish","4":"has-post-thumbnail","6":"product_cat-detske-dres-tottenham-hotspur","7":"product_tag-detsky-brankarsky-dres-komplet","8":"product_tag-detsky-futbalovy-komplet","9":"product_tag-futbalovy-dres-pre-deti-2025-26","10":"product_tag-futbalovy-set-pre-deti","11":"product_tag-guglielmo-vicario-dres","12":"product_tag-tottenham-hotspur-detsky-dres","13":"desktop-align-left","14":"tablet-align-left","15":"mobile-align-left","17":"first","18":"instock","19":"shipping-taxable","20":"purchasable","21":"product-type-variable"},"_links":{"self":[{"href":"https:\/\/www.drespredeti.com\/de\/wp-json\/wp\/v2\/product\/4179","targetHints":{"allow":["GET"]}}],"collection":[{"href":"https:\/\/www.drespredeti.com\/de\/wp-json\/wp\/v2\/product"}],"about":[{"href":"https:\/\/www.drespredeti.com\/de\/wp-json\/wp\/v2\/types\/product"}],"replies":[{"embeddable":true,"href":"https:\/\/www.drespredeti.com\/de\/wp-json\/wp\/v2\/comments?post=4179"}],"wp:featuredmedia":[{"embeddable":true,"href":"https:\/\/www.drespredeti.com\/de\/wp-json\/wp\/v2\/media\/4181"}],"wp:attachment":[{"href":"https:\/\/www.drespredeti.com\/de\/wp-json\/wp\/v2\/media?parent=4179"}],"wp:term":[{"taxonomy":"product_brand","embeddable":true,"href":"https:\/\/www.drespredeti.com\/de\/wp-json\/wp\/v2\/product_brand?post=4179"},{"taxonomy":"product_cat","embeddable":true,"href":"https:\/\/www.drespredeti.com\/de\/wp-json\/wp\/v2\/product_cat?post=4179"},{"taxonomy":"product_tag","embeddable":true,"href":"https:\/\/www.drespredeti.com\/de\/wp-json\/wp\/v2\/product_tag?post=4179"}],"curies":[{"name":"wp","href":"https:\/\/api.w.org\/{rel}","templated":true}]}}