{"id":4173,"date":"2026-01-18T10:05:19","date_gmt":"2026-01-18T09:05:19","guid":{"rendered":"https:\/\/www.futbalovedresysk.com\/?post_type=product&#038;p=4173"},"modified":"2026-01-18T10:05:20","modified_gmt":"2026-01-18T09:05:20","slug":"detske-futbalove-dresy-komplet-tottenham-hotspur-guglielmo-vicario-1-brankarsky-2025-26-prec","status":"publish","type":"product","link":"https:\/\/www.drespredeti.com\/de\/detske-futbalove-dresy-komplet-tottenham-hotspur-guglielmo-vicario-1-brankarsky-2025-26-prec\/","title":{"rendered":"Kinder Fu\u00dfballtrikots Komplett Tottenham Hotspur Guglielmo Vicario #1 Torwart-Set 2025-26 Ausw\u00e4rts"},"content":{"rendered":"<h3>Kinder-Fu\u00dfballtrikots Set Tottenham Hotspur 2025\/26 Durchsehen \u2013 Torh\u00fcter-Set Vicario #1 f\u00fcr Kinder<\/h3>\n<p>Entdecken Sie Detsk\u00e9 Futbalov\u00e9 dresy Komplet Tottenham Hotspur 2025\/26 \u2013 dritte Torh\u00fcterversion Pre\u010d, ideal f\u00fcr junge Torh\u00fcter, die professionelle Stil und Komfort beim Training und Spiel sp\u00fcren m\u00f6chten. Dieses Set kombiniert Praktikabilit\u00e4t, Haltbarkeit und authentisches Verein-Design f\u00fcr Kinder.<\/p>\n<p>Das Trikot besteht aus hochwertigem Material, das atmungsaktiv, leicht und flexibel ist, wodurch Bewegungsfreiheit und Tragekomfort w\u00e4hrend des gesamten Spiels gew\u00e4hrleistet sind. Detsk\u00e9 Futbalov\u00e9 dresy Komplet h\u00e4lt dem h\u00e4ufigen Waschen stand und beh\u00e4lt Farbe und Form, bleibt also langfristig funktionsf\u00e4hig und stilvoll.<\/p>\n<p><strong>Hauptvorteile des Produkts<\/strong><\/p>\n<ul>\n<li>Detsk\u00e9 Futbalov\u00e9 dresy Komplet \u2013 Torh\u00fctertrikot + Shorts<\/li>\n<li>Atmungsaktives und flexibles Material f\u00fcr maximalen Komfort<\/li>\n<li>Personalisierungsoption \u2013 eigener Name und Nummer<\/li>\n<li>G\u00fcnstiges und hochwertiges Set f\u00fcr junge Sportler<\/li>\n<\/ul>\n<p>Dieses Detsk\u00e9 Futbalov\u00e9 dresy Komplet bietet Kindern ein professionelles Torh\u00fcter-Outfit, und die M\u00f6glichkeit der Personalisierung mit eigenem Namen und Nummer macht das Set einzigartig.<\/p>\n<p>Perfales Geschenk f\u00fcr kleine Torh\u00fcter und Tottenham Hotspur Fans, die ein bequemes und stilvolles dritter Torh\u00fcter-Trikot w\u00fcnschen.<\/p>","protected":false},"excerpt":{"rendered":"<p>Kindern Nachwuchs-Trikot-Set Tottenham Hotspur 2025\/26 Vorne \u2013 Torh\u00fcter-Set Vicario #1 f\u00fcr Kinder Entdecken Sie Kindern Nachwuchs-Trikot-Set Tottenham Hotspur 2025\/26 \u2013 dritte Torh\u00fcterausf\u00fchrung Vorne, ideal f\u00fcr junge Torh\u00fcter, die professionellen Stil und Komfort beim Training und im Spiel erleben m\u00f6chten. Dieses Set verbindet Praktikabilit\u00e4t, Haltbarkeit und authentisches Vereinsdesign f\u00fcr Kinder. Trikot [\u2026]<\/p>","protected":false},"featured_media":4175,"comment_status":"open","ping_status":"closed","template":"","meta":{"site-sidebar-layout":"default","site-content-layout":"","ast-site-content-layout":"default","site-content-style":"default","site-sidebar-style":"default","ast-global-header-display":"","ast-banner-title-visibility":"","ast-main-header-display":"","ast-hfb-above-header-display":"","ast-hfb-below-header-display":"","ast-hfb-mobile-header-display":"","site-post-title":"","ast-breadcrumbs-content":"","ast-featured-img":"","footer-sml-layout":"","theme-transparent-header-meta":"default","adv-header-id-meta":"","stick-header-meta":"","header-above-stick-meta":"","header-main-stick-meta":"","header-below-stick-meta":"","astra-migrate-meta-layouts":"set","ast-page-background-enabled":"default","ast-page-background-meta":{"desktop":{"background-color":"var(--ast-global-color-4)","background-image":"","background-repeat":"repeat","background-position":"center center","background-size":"auto","background-attachment":"scroll","background-type":"","background-media":"","overlay-type":"","overlay-color":"","overlay-opacity":"","overlay-gradient":""},"tablet":{"background-color":"","background-image":"","background-repeat":"repeat","background-position":"center center","background-size":"auto","background-attachment":"scroll","background-type":"","background-media":"","overlay-type":"","overlay-color":"","overlay-opacity":"","overlay-gradient":""},"mobile":{"background-color":"","background-image":"","background-repeat":"repeat","background-position":"center center","background-size":"auto","background-attachment":"scroll","background-type":"","background-media":"","overlay-type":"","overlay-color":"","overlay-opacity":"","overlay-gradient":""}},"ast-content-background-meta":{"desktop":{"background-color":"var(--ast-global-color-5)","background-image":"","background-repeat":"repeat","background-position":"center center","background-size":"auto","background-attachment":"scroll","background-type":"","background-media":"","overlay-type":"","overlay-color":"","overlay-opacity":"","overlay-gradient":""},"tablet":{"background-color":"var(--ast-global-color-5)","background-image":"","background-repeat":"repeat","background-position":"center center","background-size":"auto","background-attachment":"scroll","background-type":"","background-media":"","overlay-type":"","overlay-color":"","overlay-opacity":"","overlay-gradient":""},"mobile":{"background-color":"var(--ast-global-color-5)","background-image":"","background-repeat":"repeat","background-position":"center center","background-size":"auto","background-attachment":"scroll","background-type":"","background-media":"","overlay-type":"","overlay-color":"","overlay-opacity":"","overlay-gradient":""}}},"product_brand":[],"product_cat":[78],"product_tag":[248,170,249,232,250,237],"class_list":{"0":"post-4173","1":"product","2":"type-product","3":"status-publish","4":"has-post-thumbnail","6":"product_cat-detske-dres-tottenham-hotspur","7":"product_tag-detsky-brankarsky-dres-komplet","8":"product_tag-detsky-futbalovy-komplet","9":"product_tag-futbalovy-dres-pre-deti-2025-26","10":"product_tag-futbalovy-set-pre-deti","11":"product_tag-guglielmo-vicario-dres","12":"product_tag-tottenham-hotspur-detsky-dres","13":"desktop-align-left","14":"tablet-align-left","15":"mobile-align-left","17":"first","18":"instock","19":"shipping-taxable","20":"purchasable","21":"product-type-variable"},"_links":{"self":[{"href":"https:\/\/www.drespredeti.com\/de\/wp-json\/wp\/v2\/product\/4173","targetHints":{"allow":["GET"]}}],"collection":[{"href":"https:\/\/www.drespredeti.com\/de\/wp-json\/wp\/v2\/product"}],"about":[{"href":"https:\/\/www.drespredeti.com\/de\/wp-json\/wp\/v2\/types\/product"}],"replies":[{"embeddable":true,"href":"https:\/\/www.drespredeti.com\/de\/wp-json\/wp\/v2\/comments?post=4173"}],"wp:featuredmedia":[{"embeddable":true,"href":"https:\/\/www.drespredeti.com\/de\/wp-json\/wp\/v2\/media\/4175"}],"wp:attachment":[{"href":"https:\/\/www.drespredeti.com\/de\/wp-json\/wp\/v2\/media?parent=4173"}],"wp:term":[{"taxonomy":"product_brand","embeddable":true,"href":"https:\/\/www.drespredeti.com\/de\/wp-json\/wp\/v2\/product_brand?post=4173"},{"taxonomy":"product_cat","embeddable":true,"href":"https:\/\/www.drespredeti.com\/de\/wp-json\/wp\/v2\/product_cat?post=4173"},{"taxonomy":"product_tag","embeddable":true,"href":"https:\/\/www.drespredeti.com\/de\/wp-json\/wp\/v2\/product_tag?post=4173"}],"curies":[{"name":"wp","href":"https:\/\/api.w.org\/{rel}","templated":true}]}}