{"id":4164,"date":"2026-01-18T10:04:58","date_gmt":"2026-01-18T09:04:58","guid":{"rendered":"https:\/\/www.futbalovedresysk.com\/?post_type=product&#038;p=4164"},"modified":"2026-01-18T10:04:59","modified_gmt":"2026-01-18T09:04:59","slug":"detske-futbalove-dresy-komplet-tottenham-hotspur-brankarsky-2025-26-dlhy-rukav-prec","status":"publish","type":"product","link":"https:\/\/www.drespredeti.com\/de\/detske-futbalove-dresy-komplet-tottenham-hotspur-brankarsky-2025-26-dlhy-rukav-prec\/","title":{"rendered":"Kinder Fu\u00dfballtrikots Komplett Tottenham Hotspur Torwart-Set 2025-26 Lange \u00c4rmel \u2013 Ausw\u00e4rts"},"content":{"rendered":"<h3>Kinder-Fu\u00dfballtrikots Komplett Tottenham Hotspur 2025\/26 Dritte \u2013 Torh\u00fcter Langarm G\u00fcnstiges Set f\u00fcr Kinder<\/h3>\n<p>Wir stellen vor Kinder-Fu\u00dfballtrikots-Komplet Tottenham Hotspur 2025\/26 \u2013 dritter Torh\u00fcter-Trikot mit langem Arm, Pre\u010d, ideal f\u00fcr junge Fu\u00dfballer, die autentisches Klubdesign und Komfort beim Training oder Spiel w\u00fcnschen. Dieses Set vereint modernen Stil, Funktionalit\u00e4t und Strapazierf\u00e4higkeit in einem Kinderfu\u00dfballset.<\/p>\n<p>Das Torh\u00fctertrikot mit langem Arm besteht aus atmungsaktivem, leichtem und dehnbarem Material, das Bewegungsfreiheit und Komfort auch bei intensivem Spiel gew\u00e4hrleistet. Kinder-Fu\u00dfballtrikots-Komplet zeichnet sich durch lange Lebensdauer und Farbtreue auch nach h\u00e4ufigem Waschen aus.<\/p>\n<p>Dieses Kinder-Fu\u00dfballtrikot-Komplet bietet authentischen Torh\u00fcterlebnis und die M\u00f6glichkeit, eigener Name und Nummer zu haben, sodass das Kind ein einzigartiges Fu\u00dfballset erstellen kann.<\/p>\n<p>Perfentes Geschenk f\u00fcr junge Torh\u00fcter und Fans von Tottenham Hotspur, die ein stilvolles und bequemes Torh\u00fcter-Trikot in Kindergr\u00f6\u00dfe w\u00fcnschen.<\/p>","protected":false},"excerpt":{"rendered":"<p>Detsk\u00e9 futbalov\u00e9 dresy komplet Tottenham Hotspur 2025\/26 \u2013 brank\u00e1rsky dlh\u00fd ruk\u00e1v Pre\u010d lacn\u00fd set pre deti Predstavujeme Detsk\u00e9 futbalov\u00e9 dresy komplet Tottenham Hotspur 2025\/26 \u2013 tret\u00ed brank\u00e1rsky dres s dlh\u00fdm ruk\u00e1vom Pre\u010d, ide\u00e1lny pre mlad\u00fdch futbalistov, ktor\u00ed chc\u00fa autentick\u00fd klubov\u00fd dizajn a pohodlie pri tr\u00e9ningu alebo z\u00e1pase. Tento komplet sp\u00e1ja modern\u00fd \u0161t\u00fdl, funk\u010dnos\u0165 a odolnos\u0165 [\u2026]<\/p>","protected":false},"featured_media":4166,"comment_status":"open","ping_status":"closed","template":"","meta":{"site-sidebar-layout":"default","site-content-layout":"","ast-site-content-layout":"default","site-content-style":"default","site-sidebar-style":"default","ast-global-header-display":"","ast-banner-title-visibility":"","ast-main-header-display":"","ast-hfb-above-header-display":"","ast-hfb-below-header-display":"","ast-hfb-mobile-header-display":"","site-post-title":"","ast-breadcrumbs-content":"","ast-featured-img":"","footer-sml-layout":"","theme-transparent-header-meta":"default","adv-header-id-meta":"","stick-header-meta":"","header-above-stick-meta":"","header-main-stick-meta":"","header-below-stick-meta":"","astra-migrate-meta-layouts":"set","ast-page-background-enabled":"default","ast-page-background-meta":{"desktop":{"background-color":"var(--ast-global-color-4)","background-image":"","background-repeat":"repeat","background-position":"center center","background-size":"auto","background-attachment":"scroll","background-type":"","background-media":"","overlay-type":"","overlay-color":"","overlay-opacity":"","overlay-gradient":""},"tablet":{"background-color":"","background-image":"","background-repeat":"repeat","background-position":"center center","background-size":"auto","background-attachment":"scroll","background-type":"","background-media":"","overlay-type":"","overlay-color":"","overlay-opacity":"","overlay-gradient":""},"mobile":{"background-color":"","background-image":"","background-repeat":"repeat","background-position":"center center","background-size":"auto","background-attachment":"scroll","background-type":"","background-media":"","overlay-type":"","overlay-color":"","overlay-opacity":"","overlay-gradient":""}},"ast-content-background-meta":{"desktop":{"background-color":"var(--ast-global-color-5)","background-image":"","background-repeat":"repeat","background-position":"center center","background-size":"auto","background-attachment":"scroll","background-type":"","background-media":"","overlay-type":"","overlay-color":"","overlay-opacity":"","overlay-gradient":""},"tablet":{"background-color":"var(--ast-global-color-5)","background-image":"","background-repeat":"repeat","background-position":"center center","background-size":"auto","background-attachment":"scroll","background-type":"","background-media":"","overlay-type":"","overlay-color":"","overlay-opacity":"","overlay-gradient":""},"mobile":{"background-color":"var(--ast-global-color-5)","background-image":"","background-repeat":"repeat","background-position":"center center","background-size":"auto","background-attachment":"scroll","background-type":"","background-media":"","overlay-type":"","overlay-color":"","overlay-opacity":"","overlay-gradient":""}}},"product_brand":[],"product_cat":[78],"product_tag":[248,170,249,232,237],"class_list":{"0":"post-4164","1":"product","2":"type-product","3":"status-publish","4":"has-post-thumbnail","6":"product_cat-detske-dres-tottenham-hotspur","7":"product_tag-detsky-brankarsky-dres-komplet","8":"product_tag-detsky-futbalovy-komplet","9":"product_tag-futbalovy-dres-pre-deti-2025-26","10":"product_tag-futbalovy-set-pre-deti","11":"product_tag-tottenham-hotspur-detsky-dres","12":"desktop-align-left","13":"tablet-align-left","14":"mobile-align-left","16":"first","17":"instock","18":"shipping-taxable","19":"purchasable","20":"product-type-variable"},"_links":{"self":[{"href":"https:\/\/www.drespredeti.com\/de\/wp-json\/wp\/v2\/product\/4164","targetHints":{"allow":["GET"]}}],"collection":[{"href":"https:\/\/www.drespredeti.com\/de\/wp-json\/wp\/v2\/product"}],"about":[{"href":"https:\/\/www.drespredeti.com\/de\/wp-json\/wp\/v2\/types\/product"}],"replies":[{"embeddable":true,"href":"https:\/\/www.drespredeti.com\/de\/wp-json\/wp\/v2\/comments?post=4164"}],"wp:featuredmedia":[{"embeddable":true,"href":"https:\/\/www.drespredeti.com\/de\/wp-json\/wp\/v2\/media\/4166"}],"wp:attachment":[{"href":"https:\/\/www.drespredeti.com\/de\/wp-json\/wp\/v2\/media?parent=4164"}],"wp:term":[{"taxonomy":"product_brand","embeddable":true,"href":"https:\/\/www.drespredeti.com\/de\/wp-json\/wp\/v2\/product_brand?post=4164"},{"taxonomy":"product_cat","embeddable":true,"href":"https:\/\/www.drespredeti.com\/de\/wp-json\/wp\/v2\/product_cat?post=4164"},{"taxonomy":"product_tag","embeddable":true,"href":"https:\/\/www.drespredeti.com\/de\/wp-json\/wp\/v2\/product_tag?post=4164"}],"curies":[{"name":"wp","href":"https:\/\/api.w.org\/{rel}","templated":true}]}}