{"id":4161,"date":"2026-01-18T10:04:38","date_gmt":"2026-01-18T09:04:38","guid":{"rendered":"https:\/\/www.futbalovedresysk.com\/?post_type=product&#038;p=4161"},"modified":"2026-01-18T10:04:39","modified_gmt":"2026-01-18T09:04:39","slug":"detske-futbalove-dresy-komplet-tottenham-hotspur-brankarsky-2025-26-dlhy-rukav-domaci","status":"publish","type":"product","link":"https:\/\/www.drespredeti.com\/de\/detske-futbalove-dresy-komplet-tottenham-hotspur-brankarsky-2025-26-dlhy-rukav-domaci\/","title":{"rendered":"Kinder Fu\u00dfballtrikots Komplett Tottenham Hotspur Torwart-Set 2025-26 Lange \u00c4rmel \u2013 Zuhause"},"content":{"rendered":"<h3>Kindersoccertrikots Komplett Tottenham Hotspur 2025\/26 Heim \u2013 Torh\u00fcter Langarm G\u00fcnstiges Set f\u00fcr Kinder<\/h3>\n<p>Vorstellen wir Kindersoccertrikots Komplett Tottenham Hotspur 2025\/26 \u2013 Heim-Torh\u00fcter-Set mit Langarm, ideal f\u00fcr junge Fu\u00dfballer, die authentische Vereinsfarben und bequemen Sportstil w\u00e4hrend Training und Spiel tragen m\u00f6chten. Dieses Set verbindet Funktionalit\u00e4t, Haltbarkeit und stilvolles Aussehen in einem Kinder-Soccer-Outfit.<\/p>\n<p>Der Torh\u00fctertrasier mit Langarm ist aus atmungsaktivem, leichtem und elastischem Material gefertigt, das freie Bewegungen und Komfort w\u00e4hrend des Spiels erm\u00f6glicht. Die Kindersoccertrikots Komplett behalten Form und Farbe auch nach wiederholtem Waschen und bleiben langfristig praktisch und stilvoll.<\/p>\n<p>Dieses Kinder Fu\u00dfballtrikots Satz bietet Kindern ein professionelles Torh\u00fcter-Outfit, und die M\u00f6glichkeit, den eigenen Namen und eine Nummer zu haben, macht das Set einzigartig und pers\u00f6nlich.<\/p>\n<p>Perfeds Geschenk f\u00fcr junge Torh\u00fcter und Fans von Tottenham Hotspur, die einen bequemen, stilvollen und authentischen Heim-Torh\u00fcter-Trikot m\u00f6chten.<\/p>","protected":false},"excerpt":{"rendered":"<p>Kinder-Fu\u00dfballtrikots-Set Tottenham Hotspur 2025\/26 Heim \u2013 Torwart-Longsleeve Kostenset f\u00fcr Kinder Vorstellung der Kinder-Fu\u00dfballtrikots-Set Tottenham Hotspur 2025\/26 \u2013 Heimtorwartset mit langem Arm, ideal f\u00fcr junge Fu\u00dfballspieler, die authentische Klubfarben und komfortables Sportdesign w\u00e4hrend Training und Spiel tragen m\u00f6chten. Dieses Set vereint Funktionalit\u00e4t, Haltbarkeit und [\u2026]<\/p>","protected":false},"featured_media":4163,"comment_status":"open","ping_status":"closed","template":"","meta":{"site-sidebar-layout":"default","site-content-layout":"","ast-site-content-layout":"default","site-content-style":"default","site-sidebar-style":"default","ast-global-header-display":"","ast-banner-title-visibility":"","ast-main-header-display":"","ast-hfb-above-header-display":"","ast-hfb-below-header-display":"","ast-hfb-mobile-header-display":"","site-post-title":"","ast-breadcrumbs-content":"","ast-featured-img":"","footer-sml-layout":"","theme-transparent-header-meta":"default","adv-header-id-meta":"","stick-header-meta":"","header-above-stick-meta":"","header-main-stick-meta":"","header-below-stick-meta":"","astra-migrate-meta-layouts":"set","ast-page-background-enabled":"default","ast-page-background-meta":{"desktop":{"background-color":"var(--ast-global-color-4)","background-image":"","background-repeat":"repeat","background-position":"center center","background-size":"auto","background-attachment":"scroll","background-type":"","background-media":"","overlay-type":"","overlay-color":"","overlay-opacity":"","overlay-gradient":""},"tablet":{"background-color":"","background-image":"","background-repeat":"repeat","background-position":"center center","background-size":"auto","background-attachment":"scroll","background-type":"","background-media":"","overlay-type":"","overlay-color":"","overlay-opacity":"","overlay-gradient":""},"mobile":{"background-color":"","background-image":"","background-repeat":"repeat","background-position":"center center","background-size":"auto","background-attachment":"scroll","background-type":"","background-media":"","overlay-type":"","overlay-color":"","overlay-opacity":"","overlay-gradient":""}},"ast-content-background-meta":{"desktop":{"background-color":"var(--ast-global-color-5)","background-image":"","background-repeat":"repeat","background-position":"center center","background-size":"auto","background-attachment":"scroll","background-type":"","background-media":"","overlay-type":"","overlay-color":"","overlay-opacity":"","overlay-gradient":""},"tablet":{"background-color":"var(--ast-global-color-5)","background-image":"","background-repeat":"repeat","background-position":"center center","background-size":"auto","background-attachment":"scroll","background-type":"","background-media":"","overlay-type":"","overlay-color":"","overlay-opacity":"","overlay-gradient":""},"mobile":{"background-color":"var(--ast-global-color-5)","background-image":"","background-repeat":"repeat","background-position":"center center","background-size":"auto","background-attachment":"scroll","background-type":"","background-media":"","overlay-type":"","overlay-color":"","overlay-opacity":"","overlay-gradient":""}}},"product_brand":[],"product_cat":[78],"product_tag":[248,170,249,232,237],"class_list":{"0":"post-4161","1":"product","2":"type-product","3":"status-publish","4":"has-post-thumbnail","6":"product_cat-detske-dres-tottenham-hotspur","7":"product_tag-detsky-brankarsky-dres-komplet","8":"product_tag-detsky-futbalovy-komplet","9":"product_tag-futbalovy-dres-pre-deti-2025-26","10":"product_tag-futbalovy-set-pre-deti","11":"product_tag-tottenham-hotspur-detsky-dres","12":"desktop-align-left","13":"tablet-align-left","14":"mobile-align-left","16":"first","17":"instock","18":"shipping-taxable","19":"purchasable","20":"product-type-variable"},"_links":{"self":[{"href":"https:\/\/www.drespredeti.com\/de\/wp-json\/wp\/v2\/product\/4161","targetHints":{"allow":["GET"]}}],"collection":[{"href":"https:\/\/www.drespredeti.com\/de\/wp-json\/wp\/v2\/product"}],"about":[{"href":"https:\/\/www.drespredeti.com\/de\/wp-json\/wp\/v2\/types\/product"}],"replies":[{"embeddable":true,"href":"https:\/\/www.drespredeti.com\/de\/wp-json\/wp\/v2\/comments?post=4161"}],"wp:featuredmedia":[{"embeddable":true,"href":"https:\/\/www.drespredeti.com\/de\/wp-json\/wp\/v2\/media\/4163"}],"wp:attachment":[{"href":"https:\/\/www.drespredeti.com\/de\/wp-json\/wp\/v2\/media?parent=4161"}],"wp:term":[{"taxonomy":"product_brand","embeddable":true,"href":"https:\/\/www.drespredeti.com\/de\/wp-json\/wp\/v2\/product_brand?post=4161"},{"taxonomy":"product_cat","embeddable":true,"href":"https:\/\/www.drespredeti.com\/de\/wp-json\/wp\/v2\/product_cat?post=4161"},{"taxonomy":"product_tag","embeddable":true,"href":"https:\/\/www.drespredeti.com\/de\/wp-json\/wp\/v2\/product_tag?post=4161"}],"curies":[{"name":"wp","href":"https:\/\/api.w.org\/{rel}","templated":true}]}}