{"id":4151,"date":"2026-01-18T10:04:27","date_gmt":"2026-01-18T09:04:27","guid":{"rendered":"https:\/\/www.futbalovedresysk.com\/?post_type=product&#038;p=4151"},"modified":"2026-01-18T10:04:28","modified_gmt":"2026-01-18T09:04:28","slug":"detske-futbalove-dresy-komplet-tottenham-hotspur-brankarsky-2025-26-domaci","status":"publish","type":"product","link":"https:\/\/www.drespredeti.com\/de\/detske-futbalove-dresy-komplet-tottenham-hotspur-brankarsky-2025-26-domaci\/","title":{"rendered":"Kinder Fu\u00dfballtrikots Komplett Tottenham Hotspur Torwart-Set 2025-26 Zuhause"},"content":{"rendered":"<h3>Kinder Fu\u00dfballtrikots Satz Tottenham Hotspur 2025\/26 Heim \u2013 Torh\u00fcter-Set G\u00fcnstig f\u00fcr Kinder<\/h3>\n<p>Wir stellen vor Kinder Fu\u00dfballtrikots Satz Tottenham Hotspur 2025\/26 Heim \u2013 Torwart-Set, entworfen f\u00fcr junge Fu\u00dfballspieler, die authentische Klubfarben beim Training, Spielen und in der Freizeit tragen m\u00f6chten. Dieses Set vereint Komfort, Stil und Funktionalit\u00e4t f\u00fcr Kinder aller Altersklassen.<\/p>\n<p>Torh\u00fctertrikot besteht aus atmungsaktivem, leichtem und elastischem Material, das Komfort und Bewegungsfreiheit bietet. Kinder-Fu\u00dfballtrikots Satz ist strapazierf\u00e4hig, beh\u00e4lt Form und Farben auch nach h\u00e4ufigem Waschen und bleibt langfristig stilvoll und praktisch.<\/p>\n<p>Dieses Kinder Fu\u00dfballtrikots Satz bietet Kindern ein professionelles Torh\u00fcter-Outfit, und die M\u00f6glichkeit, den eigenen Namen und eine Nummer zu haben, macht das Set einzigartig und pers\u00f6nlich.<\/p>\n<p>Tolles Geschenk f\u00fcr junge Torh\u00fcter und Tottenham Hotspur Fans, die ein komfortables und stilvolles Heim-Torh\u00fctertrikot in Kindergr\u00f6\u00dfe w\u00fcnschen.<\/p>","protected":false},"excerpt":{"rendered":"<p>Detsk\u00e9 Futbalov\u00e9 dresy Komplet Tottenham Hotspur 2025\/26 Dom\u00e1ci \u2013 Brank\u00e1rsky Lacn\u00fd Set pre Deti Predstavujeme Detsk\u00e9 Futbalov\u00e9 dresy Komplet Tottenham Hotspur 2025\/26 Dom\u00e1ci \u2013 brank\u00e1rsky set, navrhnut\u00fd pre mlad\u00fdch futbalistov, ktor\u00ed chc\u00fa nosi\u0165 autentick\u00e9 klubov\u00e9 farby po\u010das tr\u00e9ningov, z\u00e1pasov aj vo\u013en\u00e9ho \u010dasu. Tento set kombinuje pohodlie, \u0161t\u00fdl a funk\u010dnos\u0165 pre deti v\u0161etk\u00fdch vekov\u00fdch kateg\u00f3ri\u00ed. Brank\u00e1rsky [&hellip;]<\/p>","protected":false},"featured_media":4153,"comment_status":"open","ping_status":"closed","template":"","meta":{"site-sidebar-layout":"default","site-content-layout":"","ast-site-content-layout":"default","site-content-style":"default","site-sidebar-style":"default","ast-global-header-display":"","ast-banner-title-visibility":"","ast-main-header-display":"","ast-hfb-above-header-display":"","ast-hfb-below-header-display":"","ast-hfb-mobile-header-display":"","site-post-title":"","ast-breadcrumbs-content":"","ast-featured-img":"","footer-sml-layout":"","theme-transparent-header-meta":"default","adv-header-id-meta":"","stick-header-meta":"","header-above-stick-meta":"","header-main-stick-meta":"","header-below-stick-meta":"","astra-migrate-meta-layouts":"set","ast-page-background-enabled":"default","ast-page-background-meta":{"desktop":{"background-color":"var(--ast-global-color-4)","background-image":"","background-repeat":"repeat","background-position":"center center","background-size":"auto","background-attachment":"scroll","background-type":"","background-media":"","overlay-type":"","overlay-color":"","overlay-opacity":"","overlay-gradient":""},"tablet":{"background-color":"","background-image":"","background-repeat":"repeat","background-position":"center center","background-size":"auto","background-attachment":"scroll","background-type":"","background-media":"","overlay-type":"","overlay-color":"","overlay-opacity":"","overlay-gradient":""},"mobile":{"background-color":"","background-image":"","background-repeat":"repeat","background-position":"center center","background-size":"auto","background-attachment":"scroll","background-type":"","background-media":"","overlay-type":"","overlay-color":"","overlay-opacity":"","overlay-gradient":""}},"ast-content-background-meta":{"desktop":{"background-color":"var(--ast-global-color-5)","background-image":"","background-repeat":"repeat","background-position":"center center","background-size":"auto","background-attachment":"scroll","background-type":"","background-media":"","overlay-type":"","overlay-color":"","overlay-opacity":"","overlay-gradient":""},"tablet":{"background-color":"var(--ast-global-color-5)","background-image":"","background-repeat":"repeat","background-position":"center center","background-size":"auto","background-attachment":"scroll","background-type":"","background-media":"","overlay-type":"","overlay-color":"","overlay-opacity":"","overlay-gradient":""},"mobile":{"background-color":"var(--ast-global-color-5)","background-image":"","background-repeat":"repeat","background-position":"center center","background-size":"auto","background-attachment":"scroll","background-type":"","background-media":"","overlay-type":"","overlay-color":"","overlay-opacity":"","overlay-gradient":""}}},"product_brand":[],"product_cat":[78],"product_tag":[248,170,249,232,237],"class_list":{"0":"post-4151","1":"product","2":"type-product","3":"status-publish","4":"has-post-thumbnail","6":"product_cat-detske-dres-tottenham-hotspur","7":"product_tag-detsky-brankarsky-dres-komplet","8":"product_tag-detsky-futbalovy-komplet","9":"product_tag-futbalovy-dres-pre-deti-2025-26","10":"product_tag-futbalovy-set-pre-deti","11":"product_tag-tottenham-hotspur-detsky-dres","12":"desktop-align-left","13":"tablet-align-left","14":"mobile-align-left","16":"first","17":"instock","18":"shipping-taxable","19":"purchasable","20":"product-type-variable"},"_links":{"self":[{"href":"https:\/\/www.drespredeti.com\/de\/wp-json\/wp\/v2\/product\/4151","targetHints":{"allow":["GET"]}}],"collection":[{"href":"https:\/\/www.drespredeti.com\/de\/wp-json\/wp\/v2\/product"}],"about":[{"href":"https:\/\/www.drespredeti.com\/de\/wp-json\/wp\/v2\/types\/product"}],"replies":[{"embeddable":true,"href":"https:\/\/www.drespredeti.com\/de\/wp-json\/wp\/v2\/comments?post=4151"}],"wp:featuredmedia":[{"embeddable":true,"href":"https:\/\/www.drespredeti.com\/de\/wp-json\/wp\/v2\/media\/4153"}],"wp:attachment":[{"href":"https:\/\/www.drespredeti.com\/de\/wp-json\/wp\/v2\/media?parent=4151"}],"wp:term":[{"taxonomy":"product_brand","embeddable":true,"href":"https:\/\/www.drespredeti.com\/de\/wp-json\/wp\/v2\/product_brand?post=4151"},{"taxonomy":"product_cat","embeddable":true,"href":"https:\/\/www.drespredeti.com\/de\/wp-json\/wp\/v2\/product_cat?post=4151"},{"taxonomy":"product_tag","embeddable":true,"href":"https:\/\/www.drespredeti.com\/de\/wp-json\/wp\/v2\/product_tag?post=4151"}],"curies":[{"name":"wp","href":"https:\/\/api.w.org\/{rel}","templated":true}]}}