{"id":4139,"date":"2026-01-18T09:48:40","date_gmt":"2026-01-18T08:48:40","guid":{"rendered":"https:\/\/www.futbalovedresysk.com\/?post_type=product&#038;p=4139"},"modified":"2026-01-18T09:48:41","modified_gmt":"2026-01-18T08:48:41","slug":"lacne-detsky-dres-komplet-tottenham-hotspur-2025-26-prec","status":"publish","type":"product","link":"https:\/\/www.drespredeti.com\/de\/lacne-detsky-dres-komplet-tottenham-hotspur-2025-26-prec\/","title":{"rendered":"G\u00fcnstiges Kindertrikot Komplett Tottenham Hotspur 2025-26 Weiter"},"content":{"rendered":"<h3>Kindertrikot-Set Tottenham Hotspur 2025\/26 \u2013 Billiges Kinder-Fu\u00dfballset mit eigenem Namen und Nummer<\/h3>\n<p>Dieses Kindertrikot-Set Tottenham Hotspur 2025\/26 ist f\u00fcr Kinder konzipiert, die Fu\u00dfball lieben und w\u00e4hrend Training und Freizeit modernen Klubstil tragen m\u00f6chten. Es ist ein praktisches und preiswertes Fu\u00dfballset, das Komfort, Funktionalit\u00e4t und attraktives Design verbindet.<\/p>\n<p>Das Set besteht aus einem Kindertrikot und kurzen Hosen aus leichtem, atmungsaktivem Material. Der Stoff leitet Feuchtigkeit effektiv ab, trocknet schnell und ist angenehm zu ber\u00fchren, wodurch das Kindertrikot-Set geeignet ist, den ganzen Tag \u00fcber aktiv getragen zu werden.<\/p>\n<p><strong>Hauptmerkmale des Produkts<\/strong><\/p>\n<ul>\n<li>Kindertrikot-Set \u2013 Trikot und Shorts in einer Packung<\/li>\n<li>Saison 2025\/26 mit modernem Tottenham Hotspur-Design<\/li>\n<li>Bequeme Passform, an die kindliche Bewegung angepasst<\/li>\n<li>Qualitatives und leichtes Material, geeignet f\u00fcr Sport und Freizeit<\/li>\n<li>Personalisierungsoption: eigener Name und Nummer auf dem Trikot<\/li>\n<li>G\u00fcnstige und zuverl\u00e4ssige Wahl f\u00fcr Eltern<\/li>\n<\/ul>\n<p>Dank der M\u00f6glichkeit zur individuellen Bedruckung kann das Kind ein einzigartiges Kindertrikot-Set mit eigenem Namen und Nummer erstellen, das sein Interesse am Fu\u00dfball und Teamgeist unterst\u00fctzt.<\/p>\n<p>Ideal als Geschenk f\u00fcr junge Tottenham Hotspur-Fans, die ein bequemes, stilvolles und personalisiertes Kinder-Fu\u00dfballoutfit suchen.<\/p>","protected":false},"excerpt":{"rendered":"<p>Detsk\u00fd dres Komplet Tottenham Hotspur 2025\/26 \u2013 Lacn\u00fd Detsk\u00fd Futbalov\u00fd Set s Vlastn\u00fdm Menom a \u010c\u00edslom Tento Detsk\u00fd dres Komplet Tottenham Hotspur 2025\/26 je navrhnut\u00fd pre deti, ktor\u00e9 miluj\u00fa futbal a chc\u00fa nosi\u0165 modern\u00fd klubov\u00fd \u0161t\u00fdl po\u010das tr\u00e9ningu aj vo\u013en\u00e9ho \u010dasu. Ide o praktick\u00fd a cenovo dostupn\u00fd futbalov\u00fd set, ktor\u00fd sp\u00e1ja pohodlie, funk\u010dnos\u0165 a atrakt\u00edvny [&hellip;]<\/p>","protected":false},"featured_media":4141,"comment_status":"open","ping_status":"closed","template":"","meta":{"site-sidebar-layout":"default","site-content-layout":"","ast-site-content-layout":"default","site-content-style":"default","site-sidebar-style":"default","ast-global-header-display":"","ast-banner-title-visibility":"","ast-main-header-display":"","ast-hfb-above-header-display":"","ast-hfb-below-header-display":"","ast-hfb-mobile-header-display":"","site-post-title":"","ast-breadcrumbs-content":"","ast-featured-img":"","footer-sml-layout":"","theme-transparent-header-meta":"default","adv-header-id-meta":"","stick-header-meta":"","header-above-stick-meta":"","header-main-stick-meta":"","header-below-stick-meta":"","astra-migrate-meta-layouts":"set","ast-page-background-enabled":"default","ast-page-background-meta":{"desktop":{"background-color":"var(--ast-global-color-4)","background-image":"","background-repeat":"repeat","background-position":"center center","background-size":"auto","background-attachment":"scroll","background-type":"","background-media":"","overlay-type":"","overlay-color":"","overlay-opacity":"","overlay-gradient":""},"tablet":{"background-color":"","background-image":"","background-repeat":"repeat","background-position":"center center","background-size":"auto","background-attachment":"scroll","background-type":"","background-media":"","overlay-type":"","overlay-color":"","overlay-opacity":"","overlay-gradient":""},"mobile":{"background-color":"","background-image":"","background-repeat":"repeat","background-position":"center center","background-size":"auto","background-attachment":"scroll","background-type":"","background-media":"","overlay-type":"","overlay-color":"","overlay-opacity":"","overlay-gradient":""}},"ast-content-background-meta":{"desktop":{"background-color":"var(--ast-global-color-5)","background-image":"","background-repeat":"repeat","background-position":"center center","background-size":"auto","background-attachment":"scroll","background-type":"","background-media":"","overlay-type":"","overlay-color":"","overlay-opacity":"","overlay-gradient":""},"tablet":{"background-color":"var(--ast-global-color-5)","background-image":"","background-repeat":"repeat","background-position":"center center","background-size":"auto","background-attachment":"scroll","background-type":"","background-media":"","overlay-type":"","overlay-color":"","overlay-opacity":"","overlay-gradient":""},"mobile":{"background-color":"var(--ast-global-color-5)","background-image":"","background-repeat":"repeat","background-position":"center center","background-size":"auto","background-attachment":"scroll","background-type":"","background-media":"","overlay-type":"","overlay-color":"","overlay-opacity":"","overlay-gradient":""}}},"product_brand":[],"product_cat":[78],"product_tag":[130,191,170,232,237],"class_list":{"0":"post-4139","1":"product","2":"type-product","3":"status-publish","4":"has-post-thumbnail","6":"product_cat-detske-dres-tottenham-hotspur","7":"product_tag-detske-futbalove-dresy","8":"product_tag-detsky-dres-s-vlastnym-menom-a-cislom","9":"product_tag-detsky-futbalovy-komplet","10":"product_tag-futbalovy-set-pre-deti","11":"product_tag-tottenham-hotspur-detsky-dres","12":"desktop-align-left","13":"tablet-align-left","14":"mobile-align-left","16":"first","17":"instock","18":"shipping-taxable","19":"purchasable","20":"product-type-variable"},"_links":{"self":[{"href":"https:\/\/www.drespredeti.com\/de\/wp-json\/wp\/v2\/product\/4139","targetHints":{"allow":["GET"]}}],"collection":[{"href":"https:\/\/www.drespredeti.com\/de\/wp-json\/wp\/v2\/product"}],"about":[{"href":"https:\/\/www.drespredeti.com\/de\/wp-json\/wp\/v2\/types\/product"}],"replies":[{"embeddable":true,"href":"https:\/\/www.drespredeti.com\/de\/wp-json\/wp\/v2\/comments?post=4139"}],"wp:featuredmedia":[{"embeddable":true,"href":"https:\/\/www.drespredeti.com\/de\/wp-json\/wp\/v2\/media\/4141"}],"wp:attachment":[{"href":"https:\/\/www.drespredeti.com\/de\/wp-json\/wp\/v2\/media?parent=4139"}],"wp:term":[{"taxonomy":"product_brand","embeddable":true,"href":"https:\/\/www.drespredeti.com\/de\/wp-json\/wp\/v2\/product_brand?post=4139"},{"taxonomy":"product_cat","embeddable":true,"href":"https:\/\/www.drespredeti.com\/de\/wp-json\/wp\/v2\/product_cat?post=4139"},{"taxonomy":"product_tag","embeddable":true,"href":"https:\/\/www.drespredeti.com\/de\/wp-json\/wp\/v2\/product_tag?post=4139"}],"curies":[{"name":"wp","href":"https:\/\/api.w.org\/{rel}","templated":true}]}}