{"id":394,"date":"2026-01-12T07:31:06","date_gmt":"2026-01-12T06:31:06","guid":{"rendered":"https:\/\/www.futbalovedresysk.com\/?post_type=product&#038;p=394"},"modified":"2026-01-12T07:52:39","modified_gmt":"2026-01-12T06:52:39","slug":"detsky-barcelona-marcus-rashford-14-domaci-2025-26-futbalove-dres-sortky","status":"publish","type":"product","link":"https:\/\/www.drespredeti.com\/de\/detsky-barcelona-marcus-rashford-14-domaci-2025-26-futbalove-dres-sortky\/","title":{"rendered":"Kinder Barcelona Marcus Rashford #14 Heim 2025-26 Fu\u00dfballtrikot + Shorts"},"content":{"rendered":"<h3>Kinder Barcelona Marcus Rashford #14 Heim 2025-26 \u2013 mit eigenem Namen und Nummer<\/h3>\n<p>Kleiden Sie Ihr Kind in das offizielle Kinder-Fu\u00dfballtrikot Barcelona Marcus Rashford #14 Heim 2025-26! Dieses Set enth\u00e4lt ein Kurzarmshirt und Shorts, entworfen nach dem aktuellen Design des Clubs \u2013 ideal f\u00fcr Spiele, Training und Freizeit.<\/p>\n<ul>\n<li><strong>Authentischer Vereinsstil<\/strong>: Klare Farben und Details, die von professionellen Spielern Barcelonas getragen werden, vermitteln das Gef\u00fchl eines echten Spiels.<\/li>\n<li><strong>Bequemer Stoff<\/strong>: Leicht und atmungsaktiv, passt sich jeder Bewegung eines jungen Fu\u00dfballspielers an.<\/li>\n<li><strong>Haltbarkeit<\/strong>: Das Trikot und die Shorts sind so gestaltet, dass sie h\u00e4ufiges Waschen und intensiven Gebrauch aushalten, Farben und Form bewahren.<\/li>\n<li><strong>Personalisierung<\/strong>: M\u00f6glichkeit, den eigenen Namen und die Nummer auf die R\u00fcckseite zu drucken, damit sich Ihr Kind wie ein Profi f\u00fchlt.<\/li>\n<li><strong>Motivation und Spa\u00df<\/strong>: Die Nummer Marcus Rashford #14 inspiriert junge Spieler zu Leistung und Freude am Fu\u00dfball.<\/li>\n<\/ul>\n<p>Dieses Kinder-Fu\u00dfballtrikot Barcelona Marcus Rashford #14 Heim verbindet Stil, Komfort und die einzigartige M\u00f6glichkeit der Personalisierung. Perfekte Wahl f\u00fcr alle jungen Fans, die die Atmosph\u00e4re des Profifu\u00dfballs direkt auf dem Spielfeld erleben m\u00f6chten.<\/p>","protected":false},"excerpt":{"rendered":"<p>Detsk\u00fd Barcelona Marcus Rashford #14 Dom\u00e1ci 2025-26 \u2013 s vlastn\u00fdm menom a \u010d\u00edslom Oble\u010dte svoje die\u0165a do ofici\u00e1lneho detsk\u00e9ho dresu Barcelona Marcus Rashford #14 Dom\u00e1ci 2025-26! Tento komplet obsahuje tri\u010dko s kr\u00e1tkym ruk\u00e1vom a \u0161ortky, navrhnut\u00e9 pod\u013ea aktu\u00e1lneho dizajnu klubu \u2013 ide\u00e1lne na z\u00e1pasy, tr\u00e9ningy aj vo\u013en\u00fd \u010das. Autentick\u00fd klubov\u00fd \u0161t\u00fdl: Jasn\u00e9 farby a detaily, [\u2026]<\/p>","protected":false},"featured_media":396,"comment_status":"open","ping_status":"closed","template":"","meta":{"site-sidebar-layout":"default","site-content-layout":"","ast-site-content-layout":"default","site-content-style":"default","site-sidebar-style":"default","ast-global-header-display":"","ast-banner-title-visibility":"","ast-main-header-display":"","ast-hfb-above-header-display":"","ast-hfb-below-header-display":"","ast-hfb-mobile-header-display":"","site-post-title":"","ast-breadcrumbs-content":"","ast-featured-img":"","footer-sml-layout":"","theme-transparent-header-meta":"default","adv-header-id-meta":"","stick-header-meta":"","header-above-stick-meta":"","header-main-stick-meta":"","header-below-stick-meta":"","astra-migrate-meta-layouts":"set","ast-page-background-enabled":"default","ast-page-background-meta":{"desktop":{"background-color":"var(--ast-global-color-4)","background-image":"","background-repeat":"repeat","background-position":"center center","background-size":"auto","background-attachment":"scroll","background-type":"","background-media":"","overlay-type":"","overlay-color":"","overlay-opacity":"","overlay-gradient":""},"tablet":{"background-color":"","background-image":"","background-repeat":"repeat","background-position":"center center","background-size":"auto","background-attachment":"scroll","background-type":"","background-media":"","overlay-type":"","overlay-color":"","overlay-opacity":"","overlay-gradient":""},"mobile":{"background-color":"","background-image":"","background-repeat":"repeat","background-position":"center center","background-size":"auto","background-attachment":"scroll","background-type":"","background-media":"","overlay-type":"","overlay-color":"","overlay-opacity":"","overlay-gradient":""}},"ast-content-background-meta":{"desktop":{"background-color":"var(--ast-global-color-5)","background-image":"","background-repeat":"repeat","background-position":"center center","background-size":"auto","background-attachment":"scroll","background-type":"","background-media":"","overlay-type":"","overlay-color":"","overlay-opacity":"","overlay-gradient":""},"tablet":{"background-color":"var(--ast-global-color-5)","background-image":"","background-repeat":"repeat","background-position":"center center","background-size":"auto","background-attachment":"scroll","background-type":"","background-media":"","overlay-type":"","overlay-color":"","overlay-opacity":"","overlay-gradient":""},"mobile":{"background-color":"var(--ast-global-color-5)","background-image":"","background-repeat":"repeat","background-position":"center center","background-size":"auto","background-attachment":"scroll","background-type":"","background-media":"","overlay-type":"","overlay-color":"","overlay-opacity":"","overlay-gradient":""}}},"product_brand":[],"product_cat":[70],"product_tag":[141,137,133,139,140,148,138],"class_list":{"0":"post-394","1":"product","2":"type-product","3":"status-publish","4":"has-post-thumbnail","6":"product_cat-detske-dres-barcelona","7":"product_tag-barcelona-dres-2025-26","8":"product_tag-detsky-barcelona","9":"product_tag-detsky-futbalovy-dres","10":"product_tag-dres-s-vlastnym-menom","11":"product_tag-futbalovy-dres-pre-deti","12":"product_tag-marcus-rashford-dres","13":"product_tag-personalizovany-dres","14":"desktop-align-left","15":"tablet-align-left","16":"mobile-align-left","18":"first","19":"instock","20":"shipping-taxable","21":"purchasable","22":"product-type-variable"},"_links":{"self":[{"href":"https:\/\/www.drespredeti.com\/de\/wp-json\/wp\/v2\/product\/394","targetHints":{"allow":["GET"]}}],"collection":[{"href":"https:\/\/www.drespredeti.com\/de\/wp-json\/wp\/v2\/product"}],"about":[{"href":"https:\/\/www.drespredeti.com\/de\/wp-json\/wp\/v2\/types\/product"}],"replies":[{"embeddable":true,"href":"https:\/\/www.drespredeti.com\/de\/wp-json\/wp\/v2\/comments?post=394"}],"wp:featuredmedia":[{"embeddable":true,"href":"https:\/\/www.drespredeti.com\/de\/wp-json\/wp\/v2\/media\/396"}],"wp:attachment":[{"href":"https:\/\/www.drespredeti.com\/de\/wp-json\/wp\/v2\/media?parent=394"}],"wp:term":[{"taxonomy":"product_brand","embeddable":true,"href":"https:\/\/www.drespredeti.com\/de\/wp-json\/wp\/v2\/product_brand?post=394"},{"taxonomy":"product_cat","embeddable":true,"href":"https:\/\/www.drespredeti.com\/de\/wp-json\/wp\/v2\/product_cat?post=394"},{"taxonomy":"product_tag","embeddable":true,"href":"https:\/\/www.drespredeti.com\/de\/wp-json\/wp\/v2\/product_tag?post=394"}],"curies":[{"name":"wp","href":"https:\/\/api.w.org\/{rel}","templated":true}]}}