{"id":3911,"date":"2026-01-20T11:27:19","date_gmt":"2026-01-20T10:27:19","guid":{"rendered":"https:\/\/www.futbalovedresysk.com\/?post_type=product&#038;p=3911"},"modified":"2026-01-20T11:27:20","modified_gmt":"2026-01-20T10:27:20","slug":"detsky-futbalovy-dres-manchester-city-2025-26-prec-komplet","status":"publish","type":"product","link":"https:\/\/www.drespredeti.com\/de\/detsky-futbalovy-dres-manchester-city-2025-26-prec-komplet\/","title":{"rendered":"Kinder Fu\u00dfballtrikot Manchester City 2025-26 Vor Ort Komplett"},"content":{"rendered":"<h3>Kinder-Fu\u00dfballtrikot Manchester City 2025\/26 Vorw\u00e4rts Komplett Trikot + Shorts<\/h3>\n<p>Kinder-Fu\u00dfballtrikot Manchester City 2025\/26 Vorw\u00e4rts Komplett ist f\u00fcr junge Fans entworfen, die modernen Fu\u00dfball und dynamisches Spiel m\u00f6gen. Die Au\u00dfenversion (Vorw\u00e4rts) der Saison 2025\/26 pr\u00e4sentiert ein mutigeres Design, das sich vom Heimtrikot unterscheidet und dem Kinderoutfit einen einzigartigen Charakter verleiht.<\/p>\n<p>Kinder Fu\u00dfballtrikot Manchester City ist aus leichtem und atmungsaktivem Material gefertigt, das auch bei aktivem Bewegungen Komfort bietet. Das Komplett beinhaltet ein kurz\u00e4rmliges Trikot und Shorts, wobei der Kinder schnitt nat\u00fcrliche Bewegungsfreiheit beim Laufen, Training oder Spielen mit Freunden gew\u00e4hrleistet.<\/p>\n<p>Ein gro\u00dfer Vorteil ist die M\u00f6glichkeit zur Personalisierung. Dieses Kinder-Fu\u00dfballtrikot Manchester City k\u00f6nnen Sie durch die Wahl Ihres eigenen Namens und Ihrer Nummer anpassen, was es zu einem besonderen St\u00fcck oder einem idealen Geschenk f\u00fcr ein Kind macht, das die Farben seines Lieblingsteams mit eigener Identit\u00e4t tragen m\u00f6chte.<\/p>\n<p><strong>Hauptmerkmale:<\/strong><\/p>\n<ul>\n<li>Funktionelles, atmungsaktives und leichtes Material<\/li>\n<li>Set: Trikot + Shorts<\/li>\n<li>M\u00f6glichkeit f\u00fcr eigenen Namen und Nummer<\/li>\n<li>Geeignet f\u00fcr Training, Sport und Freizeit<\/li>\n<\/ul>","protected":false},"excerpt":{"rendered":"<p>Detsk\u00fd Futbalov\u00fd dres Manchester City 2025\/26 Pre\u010d Komplet dres + tren\u00edrky Detsk\u00fd Futbalov\u00fd dres Manchester City 2025\/26 Pre\u010d Komplet je navrhnut\u00fd pre mlad\u00fdch fan\u00fa\u0161ikov, ktor\u00ed ob\u013eubuj\u00fa modern\u00fd futbal a dynamick\u00fa hru. Vonkaj\u0161ia (Pre\u010d) verzia sez\u00f3ny 2025\/26 prin\u00e1\u0161a odv\u00e1\u017enej\u0161\u00ed dizajn, ktor\u00fd sa odli\u0161uje od dom\u00e1ceho dresu a dod\u00e1va detsk\u00e9mu outfitu jedine\u010dn\u00fd charakter. Detsk\u00fd Futbalov\u00fd dres Manchester [&hellip;]<\/p>","protected":false},"featured_media":3913,"comment_status":"open","ping_status":"closed","template":"","meta":{"site-sidebar-layout":"default","site-content-layout":"","ast-site-content-layout":"default","site-content-style":"default","site-sidebar-style":"default","ast-global-header-display":"","ast-banner-title-visibility":"","ast-main-header-display":"","ast-hfb-above-header-display":"","ast-hfb-below-header-display":"","ast-hfb-mobile-header-display":"","site-post-title":"","ast-breadcrumbs-content":"","ast-featured-img":"","footer-sml-layout":"","theme-transparent-header-meta":"default","adv-header-id-meta":"","stick-header-meta":"","header-above-stick-meta":"","header-main-stick-meta":"","header-below-stick-meta":"","astra-migrate-meta-layouts":"set","ast-page-background-enabled":"default","ast-page-background-meta":{"desktop":{"background-color":"var(--ast-global-color-4)","background-image":"","background-repeat":"repeat","background-position":"center center","background-size":"auto","background-attachment":"scroll","background-type":"","background-media":"","overlay-type":"","overlay-color":"","overlay-opacity":"","overlay-gradient":""},"tablet":{"background-color":"","background-image":"","background-repeat":"repeat","background-position":"center center","background-size":"auto","background-attachment":"scroll","background-type":"","background-media":"","overlay-type":"","overlay-color":"","overlay-opacity":"","overlay-gradient":""},"mobile":{"background-color":"","background-image":"","background-repeat":"repeat","background-position":"center center","background-size":"auto","background-attachment":"scroll","background-type":"","background-media":"","overlay-type":"","overlay-color":"","overlay-opacity":"","overlay-gradient":""}},"ast-content-background-meta":{"desktop":{"background-color":"var(--ast-global-color-5)","background-image":"","background-repeat":"repeat","background-position":"center center","background-size":"auto","background-attachment":"scroll","background-type":"","background-media":"","overlay-type":"","overlay-color":"","overlay-opacity":"","overlay-gradient":""},"tablet":{"background-color":"var(--ast-global-color-5)","background-image":"","background-repeat":"repeat","background-position":"center center","background-size":"auto","background-attachment":"scroll","background-type":"","background-media":"","overlay-type":"","overlay-color":"","overlay-opacity":"","overlay-gradient":""},"mobile":{"background-color":"var(--ast-global-color-5)","background-image":"","background-repeat":"repeat","background-position":"center center","background-size":"auto","background-attachment":"scroll","background-type":"","background-media":"","overlay-type":"","overlay-color":"","overlay-opacity":"","overlay-gradient":""}}},"product_brand":[],"product_cat":[79],"product_tag":[269,270,272,249,271,273],"class_list":{"0":"post-3911","1":"product","2":"type-product","3":"status-publish","4":"has-post-thumbnail","6":"product_cat-detske-dres-manchester-city","7":"product_tag-detsky-futbalovy-dres-manchester-city","8":"product_tag-detsky-futbalovy-komplet-city","9":"product_tag-detsky-futbalovy-set-dres-a-sortky","10":"product_tag-futbalovy-dres-pre-deti-2025-26","11":"product_tag-manchester-city-detsky-komplet","12":"product_tag-personalizovany-detsky-futbalovy-dres","13":"desktop-align-left","14":"tablet-align-left","15":"mobile-align-left","17":"first","18":"instock","19":"shipping-taxable","20":"purchasable","21":"product-type-variable"},"_links":{"self":[{"href":"https:\/\/www.drespredeti.com\/de\/wp-json\/wp\/v2\/product\/3911","targetHints":{"allow":["GET"]}}],"collection":[{"href":"https:\/\/www.drespredeti.com\/de\/wp-json\/wp\/v2\/product"}],"about":[{"href":"https:\/\/www.drespredeti.com\/de\/wp-json\/wp\/v2\/types\/product"}],"replies":[{"embeddable":true,"href":"https:\/\/www.drespredeti.com\/de\/wp-json\/wp\/v2\/comments?post=3911"}],"wp:featuredmedia":[{"embeddable":true,"href":"https:\/\/www.drespredeti.com\/de\/wp-json\/wp\/v2\/media\/3913"}],"wp:attachment":[{"href":"https:\/\/www.drespredeti.com\/de\/wp-json\/wp\/v2\/media?parent=3911"}],"wp:term":[{"taxonomy":"product_brand","embeddable":true,"href":"https:\/\/www.drespredeti.com\/de\/wp-json\/wp\/v2\/product_brand?post=3911"},{"taxonomy":"product_cat","embeddable":true,"href":"https:\/\/www.drespredeti.com\/de\/wp-json\/wp\/v2\/product_cat?post=3911"},{"taxonomy":"product_tag","embeddable":true,"href":"https:\/\/www.drespredeti.com\/de\/wp-json\/wp\/v2\/product_tag?post=3911"}],"curies":[{"name":"wp","href":"https:\/\/api.w.org\/{rel}","templated":true}]}}