{"id":390,"date":"2026-01-12T07:31:13","date_gmt":"2026-01-12T06:31:13","guid":{"rendered":"https:\/\/www.futbalovedresysk.com\/?post_type=product&#038;p=390"},"modified":"2026-01-12T07:52:24","modified_gmt":"2026-01-12T06:52:24","slug":"detsky-barcelona-raphinha-belloli-11-tretina-2025-26-futbalove-dres-sortky","status":"publish","type":"product","link":"https:\/\/www.drespredeti.com\/de\/detsky-barcelona-raphinha-belloli-11-tretina-2025-26-futbalove-dres-sortky\/","title":{"rendered":"Kinder Barcelona Raphinha Belloli #11 Drittel 2025-26 Fu\u00dfballtrikot + Shorts"},"content":{"rendered":"<h3>Kinder Barcelona Raphinha Belloli #11 Tretina 2025-26 \u2013 mit eigenem Namen und Nummer<\/h3>\n<p>G\u00f6nnen Sie Ihrem kleinen Fan ein authentisches Kinder-Fu\u00dfballtrikot Barcelona Raphinha Belloli #11 Tretina 2025-26! Dieses Set enth\u00e4lt ein Kurzarmtrikot und Shorts, genau im offiziellen Design des Clubs \u2013 ideal f\u00fcr Training, Spiel und Freizeit.<\/p>\n<ul>\n<li><strong>Offizielles Design und Qualit\u00e4t<\/strong>: Leichtes und atmungsaktives Material sorgt f\u00fcr Komfort und Bewegungsfreiheit.<\/li>\n<li><strong>Haltbarkeit<\/strong>: Trikot und Shorts sind widerstandsf\u00e4hig gegen h\u00e4ufiges Waschen und intensiven Gebrauch, Farben und Form bleiben erhalten.<\/li>\n<li><strong>Personalisierungsoption<\/strong>: F\u00fcgen Sie Ihren eigenen Namen und Ihre Nummer auf die R\u00fcckseite des Trikots hinzu \u2013 perfekt f\u00fcr jeden kleinen Spieler.<\/li>\n<li><strong>Authentische Details<\/strong>: Wie die Profis von Barcelona tragen, inklusive der Nummer Raphinha Belloli #11, motiviert junge Fans zu gro\u00dfartigen Leistungen.<\/li>\n<\/ul>\n<p>Dieses Kinder-Fu\u00dfballtrikot Barcelona Raphinha Belloli #11 Tretina ist perfekt f\u00fcr Fans, die Stil, Komfort und Personalisierung kombinieren m\u00f6chten. Bestellen Sie ein Trikot, das die Leidenschaft f\u00fcr Fu\u00dfball unterst\u00fctzt und unvergessliche Momente auf dem Spielfeld bringt!<\/p>","protected":false},"excerpt":{"rendered":"<p>Detsk\u00fd Barcelona Raphinha Belloli #11 Tretina 2025-26 \u2013 s vlastn\u00fdm menom a \u010d\u00edslom Doprajte svojmu mal\u00e9mu fan\u00fa\u0161ikovi autentick\u00fd detsk\u00fd dres Barcelona Raphinha Belloli #11 Tretina 2025-26! Tento komplet obsahuje tri\u010dko s kr\u00e1tkym ruk\u00e1vom a \u0161ortky, presne pod\u013ea ofici\u00e1lneho dizajnu klubu \u2013 ide\u00e1lne na tr\u00e9ning, z\u00e1pas aj vo\u013en\u00fd \u010das. Ofici\u00e1lny dizajn a kvalita: \u013dahk\u00fd a priedu\u0161n\u00fd [&hellip;]<\/p>","protected":false},"featured_media":392,"comment_status":"open","ping_status":"closed","template":"","meta":{"site-sidebar-layout":"default","site-content-layout":"","ast-site-content-layout":"default","site-content-style":"default","site-sidebar-style":"default","ast-global-header-display":"","ast-banner-title-visibility":"","ast-main-header-display":"","ast-hfb-above-header-display":"","ast-hfb-below-header-display":"","ast-hfb-mobile-header-display":"","site-post-title":"","ast-breadcrumbs-content":"","ast-featured-img":"","footer-sml-layout":"","theme-transparent-header-meta":"default","adv-header-id-meta":"","stick-header-meta":"","header-above-stick-meta":"","header-main-stick-meta":"","header-below-stick-meta":"","astra-migrate-meta-layouts":"set","ast-page-background-enabled":"default","ast-page-background-meta":{"desktop":{"background-color":"var(--ast-global-color-4)","background-image":"","background-repeat":"repeat","background-position":"center center","background-size":"auto","background-attachment":"scroll","background-type":"","background-media":"","overlay-type":"","overlay-color":"","overlay-opacity":"","overlay-gradient":""},"tablet":{"background-color":"","background-image":"","background-repeat":"repeat","background-position":"center center","background-size":"auto","background-attachment":"scroll","background-type":"","background-media":"","overlay-type":"","overlay-color":"","overlay-opacity":"","overlay-gradient":""},"mobile":{"background-color":"","background-image":"","background-repeat":"repeat","background-position":"center center","background-size":"auto","background-attachment":"scroll","background-type":"","background-media":"","overlay-type":"","overlay-color":"","overlay-opacity":"","overlay-gradient":""}},"ast-content-background-meta":{"desktop":{"background-color":"var(--ast-global-color-5)","background-image":"","background-repeat":"repeat","background-position":"center center","background-size":"auto","background-attachment":"scroll","background-type":"","background-media":"","overlay-type":"","overlay-color":"","overlay-opacity":"","overlay-gradient":""},"tablet":{"background-color":"var(--ast-global-color-5)","background-image":"","background-repeat":"repeat","background-position":"center center","background-size":"auto","background-attachment":"scroll","background-type":"","background-media":"","overlay-type":"","overlay-color":"","overlay-opacity":"","overlay-gradient":""},"mobile":{"background-color":"var(--ast-global-color-5)","background-image":"","background-repeat":"repeat","background-position":"center center","background-size":"auto","background-attachment":"scroll","background-type":"","background-media":"","overlay-type":"","overlay-color":"","overlay-opacity":"","overlay-gradient":""}}},"product_brand":[],"product_cat":[70],"product_tag":[141,137,133,139,140,138,147],"class_list":{"0":"post-390","1":"product","2":"type-product","3":"status-publish","4":"has-post-thumbnail","6":"product_cat-detske-dres-barcelona","7":"product_tag-barcelona-dres-2025-26","8":"product_tag-detsky-barcelona","9":"product_tag-detsky-futbalovy-dres","10":"product_tag-dres-s-vlastnym-menom","11":"product_tag-futbalovy-dres-pre-deti","12":"product_tag-personalizovany-dres","13":"product_tag-raphinha-belloli-dres","14":"desktop-align-left","15":"tablet-align-left","16":"mobile-align-left","18":"first","19":"instock","20":"shipping-taxable","21":"purchasable","22":"product-type-variable"},"_links":{"self":[{"href":"https:\/\/www.drespredeti.com\/de\/wp-json\/wp\/v2\/product\/390","targetHints":{"allow":["GET"]}}],"collection":[{"href":"https:\/\/www.drespredeti.com\/de\/wp-json\/wp\/v2\/product"}],"about":[{"href":"https:\/\/www.drespredeti.com\/de\/wp-json\/wp\/v2\/types\/product"}],"replies":[{"embeddable":true,"href":"https:\/\/www.drespredeti.com\/de\/wp-json\/wp\/v2\/comments?post=390"}],"wp:featuredmedia":[{"embeddable":true,"href":"https:\/\/www.drespredeti.com\/de\/wp-json\/wp\/v2\/media\/392"}],"wp:attachment":[{"href":"https:\/\/www.drespredeti.com\/de\/wp-json\/wp\/v2\/media?parent=390"}],"wp:term":[{"taxonomy":"product_brand","embeddable":true,"href":"https:\/\/www.drespredeti.com\/de\/wp-json\/wp\/v2\/product_brand?post=390"},{"taxonomy":"product_cat","embeddable":true,"href":"https:\/\/www.drespredeti.com\/de\/wp-json\/wp\/v2\/product_cat?post=390"},{"taxonomy":"product_tag","embeddable":true,"href":"https:\/\/www.drespredeti.com\/de\/wp-json\/wp\/v2\/product_tag?post=390"}],"curies":[{"name":"wp","href":"https:\/\/api.w.org\/{rel}","templated":true}]}}