{"id":3844,"date":"2026-01-15T09:22:41","date_gmt":"2026-01-15T08:22:41","guid":{"rendered":"https:\/\/www.futbalovedresysk.com\/?post_type=product&#038;p=3844"},"modified":"2026-01-15T09:22:42","modified_gmt":"2026-01-15T08:22:42","slug":"detske-futbalove-dresy-chelsea-benoit-badiashile-5-2025-26-prec-komplety","status":"publish","type":"product","link":"https:\/\/www.drespredeti.com\/de\/detske-futbalove-dresy-chelsea-benoit-badiashile-5-2025-26-prec-komplety\/","title":{"rendered":"Kinder-Fu\u00dfballtrikots Chelsea Benoit Badiashile #5 2025-26 Ausw\u00e4rts Sets"},"content":{"rendered":"<h3>Kinder-Fu\u00dfballtrikot Chelsea Benoit Badiashile #5 2025-26 Vorne Trikot + Shorts<\/h3>\n<p>Wir pr\u00e4sentieren Ihnen hochwertig <strong>Kinder-Fu\u00dfballtrikot Chelsea Benoit Badiashile #5 2025-26 Vorne<\/strong>, das authentisches Vereinsdesign mit maximalem Komfort f\u00fcr Ihr Kind verbindet. Dieses komplette Set, bestehend aus Trikot und funktionellen Shorts, ist f\u00fcr echte kleine Fans konzipiert, die ihre Unterst\u00fctzung f\u00fcr die Blauen sowohl auf dem Platz als auch im Stadion zeigen m\u00f6chten.<\/p>\n<p><strong>PERSONALISIERTER DRUCK NACH WUNSCH<\/strong><\/p>\n<ul>\n<li>M\u00f6glichkeit, beliebigen Namen und Nummer zu w\u00e4hlen<\/li>\n<li>Hochwertiger, langlebiger Druck, der waschbest\u00e4ndig ist<\/li>\n<li>Professionelle Anwendung mit modernster Technologie<\/li>\n<\/ul>\n<p><strong>PFLEGE UND WARTUNG<\/strong><\/p>\n<ul>\n<li>Bei maximal 30\u00b0C mit mildem Waschmittel waschen<\/li>\n<li>Kein Weichsp\u00fcler oder Bleichmittel verwenden<\/li>\n<li>Nat\u00fcrlich an der Luft trocknen, Trockner vermeiden<\/li>\n<li>Nicht direkt auf den bedruckten Fl\u00e4chen b\u00fcgeln<\/li>\n<\/ul>\n<p><strong>IDEALER GESCHENK F\u00dcR JEDEN ANLASS<\/strong><\/p>\n<p>Ob Sie suchen:<\/p>\n<ul>\n<li>Geburtstagsgeschenk f\u00fcr einen kleinen Fan<\/li>\n<li>Weihnachts\u00fcberraschung f\u00fcr einen Fu\u00dfballbegeisterten<\/li>\n<li>Belohnung f\u00fcr sportliche Erfolge<\/li>\n<li>Erinnerung an das erste Spiel im Stadion<\/li>\n<\/ul>\n<p>Dieses personalisierte <strong>Kinder-Fu\u00dfballtrikot von Chelsea<\/strong> wird immer die beste Wahl sein.<\/p>","protected":false},"excerpt":{"rendered":"<p>Kinder-Fu\u00dfballtrikots Chelsea Benoit Badiashile #5 2025-26 Vorbei Trikot + Shorts Wir pr\u00e4sentieren Ihnen das Premium-Kinder-Fu\u00dfballtrikot Chelsea Benoit Badiashile #5 2025-26 Vorbei, das authentisches Vereinsdesign mit maximalem Komfort f\u00fcr Ihr Kind verbindet. Dieses vollst\u00e4ndige Set, bestehend aus Trikot und funktionellen Shorts, ist f\u00fcr echte kleine Fans konzipiert, die ihre Unterst\u00fctzung f\u00fcr die Blauen ausdr\u00fccken m\u00f6chten.<\/p>","protected":false},"featured_media":3846,"comment_status":"open","ping_status":"closed","template":"","meta":{"site-sidebar-layout":"default","site-content-layout":"","ast-site-content-layout":"default","site-content-style":"default","site-sidebar-style":"default","ast-global-header-display":"","ast-banner-title-visibility":"","ast-main-header-display":"","ast-hfb-above-header-display":"","ast-hfb-below-header-display":"","ast-hfb-mobile-header-display":"","site-post-title":"","ast-breadcrumbs-content":"","ast-featured-img":"","footer-sml-layout":"","theme-transparent-header-meta":"default","adv-header-id-meta":"","stick-header-meta":"","header-above-stick-meta":"","header-main-stick-meta":"","header-below-stick-meta":"","astra-migrate-meta-layouts":"set","ast-page-background-enabled":"default","ast-page-background-meta":{"desktop":{"background-color":"var(--ast-global-color-4)","background-image":"","background-repeat":"repeat","background-position":"center center","background-size":"auto","background-attachment":"scroll","background-type":"","background-media":"","overlay-type":"","overlay-color":"","overlay-opacity":"","overlay-gradient":""},"tablet":{"background-color":"","background-image":"","background-repeat":"repeat","background-position":"center center","background-size":"auto","background-attachment":"scroll","background-type":"","background-media":"","overlay-type":"","overlay-color":"","overlay-opacity":"","overlay-gradient":""},"mobile":{"background-color":"","background-image":"","background-repeat":"repeat","background-position":"center center","background-size":"auto","background-attachment":"scroll","background-type":"","background-media":"","overlay-type":"","overlay-color":"","overlay-opacity":"","overlay-gradient":""}},"ast-content-background-meta":{"desktop":{"background-color":"var(--ast-global-color-5)","background-image":"","background-repeat":"repeat","background-position":"center center","background-size":"auto","background-attachment":"scroll","background-type":"","background-media":"","overlay-type":"","overlay-color":"","overlay-opacity":"","overlay-gradient":""},"tablet":{"background-color":"var(--ast-global-color-5)","background-image":"","background-repeat":"repeat","background-position":"center center","background-size":"auto","background-attachment":"scroll","background-type":"","background-media":"","overlay-type":"","overlay-color":"","overlay-opacity":"","overlay-gradient":""},"mobile":{"background-color":"var(--ast-global-color-5)","background-image":"","background-repeat":"repeat","background-position":"center center","background-size":"auto","background-attachment":"scroll","background-type":"","background-media":"","overlay-type":"","overlay-color":"","overlay-opacity":"","overlay-gradient":""}}},"product_brand":[],"product_cat":[77],"product_tag":[226,210,130,191,170,211],"class_list":{"0":"post-3844","1":"product","2":"type-product","3":"status-publish","4":"has-post-thumbnail","6":"product_cat-detske-dres-chelsea","7":"product_tag-benoit-badiashile-dres","8":"product_tag-chelsea-dres-pre-deti","9":"product_tag-detske-futbalove-dresy","10":"product_tag-detsky-dres-s-vlastnym-menom-a-cislom","11":"product_tag-detsky-futbalovy-komplet","12":"product_tag-futbalove-dresy-detske-chelsea","13":"desktop-align-left","14":"tablet-align-left","15":"mobile-align-left","17":"first","18":"instock","19":"shipping-taxable","20":"purchasable","21":"product-type-variable"},"_links":{"self":[{"href":"https:\/\/www.drespredeti.com\/de\/wp-json\/wp\/v2\/product\/3844","targetHints":{"allow":["GET"]}}],"collection":[{"href":"https:\/\/www.drespredeti.com\/de\/wp-json\/wp\/v2\/product"}],"about":[{"href":"https:\/\/www.drespredeti.com\/de\/wp-json\/wp\/v2\/types\/product"}],"replies":[{"embeddable":true,"href":"https:\/\/www.drespredeti.com\/de\/wp-json\/wp\/v2\/comments?post=3844"}],"wp:featuredmedia":[{"embeddable":true,"href":"https:\/\/www.drespredeti.com\/de\/wp-json\/wp\/v2\/media\/3846"}],"wp:attachment":[{"href":"https:\/\/www.drespredeti.com\/de\/wp-json\/wp\/v2\/media?parent=3844"}],"wp:term":[{"taxonomy":"product_brand","embeddable":true,"href":"https:\/\/www.drespredeti.com\/de\/wp-json\/wp\/v2\/product_brand?post=3844"},{"taxonomy":"product_cat","embeddable":true,"href":"https:\/\/www.drespredeti.com\/de\/wp-json\/wp\/v2\/product_cat?post=3844"},{"taxonomy":"product_tag","embeddable":true,"href":"https:\/\/www.drespredeti.com\/de\/wp-json\/wp\/v2\/product_tag?post=3844"}],"curies":[{"name":"wp","href":"https:\/\/api.w.org\/{rel}","templated":true}]}}