{"id":3836,"date":"2026-01-15T09:22:09","date_gmt":"2026-01-15T08:22:09","guid":{"rendered":"https:\/\/www.futbalovedresysk.com\/?post_type=product&#038;p=3836"},"modified":"2026-01-15T09:22:11","modified_gmt":"2026-01-15T08:22:11","slug":"detske-futbalove-dresy-chelsea-wesley-fofana-29-2025-26-tretina-komplety","status":"publish","type":"product","link":"https:\/\/www.drespredeti.com\/de\/detske-futbalove-dresy-chelsea-wesley-fofana-29-2025-26-tretina-komplety\/","title":{"rendered":"Kinder-Fu\u00dfballtrikots Chelsea Wesley Fofana #29 2025-26 Tretina Sets"},"content":{"rendered":"<h3>Kinder-Fu\u00dfballtrikots Chelsea Wesley Fofana #29 2025-26 Drittel Fu\u00dfballset<\/h3>\n<p>Lass dein Kind die Atmosph\u00e4re des Stamford Bridge Stadions erleben in <strong>Kinder-Fu\u00dfballtrikots Chelsea Wesley Fofana #29 2025-26 Drittel<\/strong>. Dieses <strong>Trikotset<\/strong>, bestehend aus Trikot und hochwertigen Shorts, reproduziert treu die Vereinsfarben und den Stil, den Fans auf der ganzen Welt kennen. Ideal f\u00fcr den t\u00e4glichen Gebrauch, Training oder um dein Lieblingsteam beim Zuschauen der Spiele zu unterst\u00fctzen.<\/p>\n<p><strong>Option f\u00fcr pers\u00f6nliche Bedruckung<\/strong><\/p>\n<p>Wir bieten einen Anpassungsservice an <strong>Kinder-Fu\u00dfballtrikots Chelsea<\/strong> nach deinen Vorstellungen. Auf Wunsch k\u00f6nnen wir beliebigen Namen und Nummer auf das Trikot aufbringen, um ein einzigartiges St\u00fcck zu schaffen, das nur deinem Kind geh\u00f6rt.<\/p>\n<p><strong>Warum uns w\u00e4hlen:<\/strong><\/p>\n<ul>\n<li>Fachwissen im Fanartikelbereich: Wir spezialisieren uns auf Ausr\u00fcstung von Fu\u00dfballvereinen und verstehen die Bed\u00fcrfnisse unserer Kunden.<\/li>\n<li>Unterst\u00fctzung bei der Auswahl: Wir helfen dir bei der Wahl der richtigen Gr\u00f6\u00dfe und beraten bei Personalisierungsoptionen.<\/li>\n<li>Fokus auf Qualit\u00e4t: Wir w\u00e4hlen Materialien und Druckverfahren, die sicherstellen, dass das Produkt so lange wie m\u00f6glich wie neu aussieht.<\/li>\n<\/ul>\n<p><strong>Praktische Informationen:<\/strong><\/p>\n<ul>\n<li>Zusammensetzung: Atmungsaktives Polyester-Material<\/li>\n<li>Verf\u00fcgbare Gr\u00f6\u00dfen: F\u00fcr Altersgruppen von 4 bis 14 Jahren<\/li>\n<li>Pflege: Wir empfehlen, bei einem Feinwaschgang bis 30\u00b0C zu waschen, chemische Reinigung zu vermeiden, nicht direkt auf den Druck zu b\u00fcgeln<\/li>\n<\/ul>","protected":false},"excerpt":{"rendered":"<p>Kinder-Fu\u00dfballtrikots Chelsea Wesley Fofana #29 2025-26 Drittel Fu\u00dfballset Lassen Sie Ihr Kind die Atmosph\u00e4re des Stamford Bridge Stadions erleben mit Kinder-Fu\u00dfballtrikots Chelsea Wesley Fofana #29 2025-26 Drittel. Dieses Trikot-Set, bestehend aus Trikot und hochwertigen Shorts, reproduziert treu die Vereinsfarben und den Stil, den Fans weltweit kennen. Perfekt f\u00fcr den t\u00e4glichen Gebrauch, Training [\u2026]<\/p>","protected":false},"featured_media":3838,"comment_status":"open","ping_status":"closed","template":"","meta":{"site-sidebar-layout":"default","site-content-layout":"","ast-site-content-layout":"default","site-content-style":"default","site-sidebar-style":"default","ast-global-header-display":"","ast-banner-title-visibility":"","ast-main-header-display":"","ast-hfb-above-header-display":"","ast-hfb-below-header-display":"","ast-hfb-mobile-header-display":"","site-post-title":"","ast-breadcrumbs-content":"","ast-featured-img":"","footer-sml-layout":"","theme-transparent-header-meta":"default","adv-header-id-meta":"","stick-header-meta":"","header-above-stick-meta":"","header-main-stick-meta":"","header-below-stick-meta":"","astra-migrate-meta-layouts":"set","ast-page-background-enabled":"default","ast-page-background-meta":{"desktop":{"background-color":"var(--ast-global-color-4)","background-image":"","background-repeat":"repeat","background-position":"center center","background-size":"auto","background-attachment":"scroll","background-type":"","background-media":"","overlay-type":"","overlay-color":"","overlay-opacity":"","overlay-gradient":""},"tablet":{"background-color":"","background-image":"","background-repeat":"repeat","background-position":"center center","background-size":"auto","background-attachment":"scroll","background-type":"","background-media":"","overlay-type":"","overlay-color":"","overlay-opacity":"","overlay-gradient":""},"mobile":{"background-color":"","background-image":"","background-repeat":"repeat","background-position":"center center","background-size":"auto","background-attachment":"scroll","background-type":"","background-media":"","overlay-type":"","overlay-color":"","overlay-opacity":"","overlay-gradient":""}},"ast-content-background-meta":{"desktop":{"background-color":"var(--ast-global-color-5)","background-image":"","background-repeat":"repeat","background-position":"center center","background-size":"auto","background-attachment":"scroll","background-type":"","background-media":"","overlay-type":"","overlay-color":"","overlay-opacity":"","overlay-gradient":""},"tablet":{"background-color":"var(--ast-global-color-5)","background-image":"","background-repeat":"repeat","background-position":"center center","background-size":"auto","background-attachment":"scroll","background-type":"","background-media":"","overlay-type":"","overlay-color":"","overlay-opacity":"","overlay-gradient":""},"mobile":{"background-color":"var(--ast-global-color-5)","background-image":"","background-repeat":"repeat","background-position":"center center","background-size":"auto","background-attachment":"scroll","background-type":"","background-media":"","overlay-type":"","overlay-color":"","overlay-opacity":"","overlay-gradient":""}}},"product_brand":[],"product_cat":[77],"product_tag":[210,130,191,170,211,225],"class_list":{"0":"post-3836","1":"product","2":"type-product","3":"status-publish","4":"has-post-thumbnail","6":"product_cat-detske-dres-chelsea","7":"product_tag-chelsea-dres-pre-deti","8":"product_tag-detske-futbalove-dresy","9":"product_tag-detsky-dres-s-vlastnym-menom-a-cislom","10":"product_tag-detsky-futbalovy-komplet","11":"product_tag-futbalove-dresy-detske-chelsea","12":"product_tag-wesley-fofana-dres","13":"desktop-align-left","14":"tablet-align-left","15":"mobile-align-left","17":"first","18":"instock","19":"shipping-taxable","20":"purchasable","21":"product-type-variable"},"_links":{"self":[{"href":"https:\/\/www.drespredeti.com\/de\/wp-json\/wp\/v2\/product\/3836","targetHints":{"allow":["GET"]}}],"collection":[{"href":"https:\/\/www.drespredeti.com\/de\/wp-json\/wp\/v2\/product"}],"about":[{"href":"https:\/\/www.drespredeti.com\/de\/wp-json\/wp\/v2\/types\/product"}],"replies":[{"embeddable":true,"href":"https:\/\/www.drespredeti.com\/de\/wp-json\/wp\/v2\/comments?post=3836"}],"wp:featuredmedia":[{"embeddable":true,"href":"https:\/\/www.drespredeti.com\/de\/wp-json\/wp\/v2\/media\/3838"}],"wp:attachment":[{"href":"https:\/\/www.drespredeti.com\/de\/wp-json\/wp\/v2\/media?parent=3836"}],"wp:term":[{"taxonomy":"product_brand","embeddable":true,"href":"https:\/\/www.drespredeti.com\/de\/wp-json\/wp\/v2\/product_brand?post=3836"},{"taxonomy":"product_cat","embeddable":true,"href":"https:\/\/www.drespredeti.com\/de\/wp-json\/wp\/v2\/product_cat?post=3836"},{"taxonomy":"product_tag","embeddable":true,"href":"https:\/\/www.drespredeti.com\/de\/wp-json\/wp\/v2\/product_tag?post=3836"}],"curies":[{"name":"wp","href":"https:\/\/api.w.org\/{rel}","templated":true}]}}