{"id":3809,"date":"2026-01-15T09:21:22","date_gmt":"2026-01-15T08:21:22","guid":{"rendered":"https:\/\/www.futbalovedresysk.com\/?post_type=product&#038;p=3809"},"modified":"2026-01-15T09:21:23","modified_gmt":"2026-01-15T08:21:23","slug":"detsky-futbalovy-dres-chelsea-estevao-willian-41-2025-26-tretina-komplety","status":"publish","type":"product","link":"https:\/\/www.drespredeti.com\/de\/detsky-futbalovy-dres-chelsea-estevao-willian-41-2025-26-tretina-komplety\/","title":{"rendered":"Kinder-Fu\u00dfballtrikot Chelsea Estevao Willian #41 2025-26 Drittel Sets"},"content":{"rendered":"<h3>Kinder-Fu\u00dfballtrikot Chelsea Estevao Willian #41 \u2013 Vollst\u00e4ndiges Drittes 2025-26<\/h3>\n<p>Wir stellen eine limitierte Edition vor <strong>Kinder-Fu\u00dfballtrikot Chelsea<\/strong> \u2013 Heimausr\u00fcstung f\u00fcr die Saison 2025-26 mit der Nummer 41, die der talentierte St\u00fcrmer Estevao Willian tr\u00e4gt. Dieses vollst\u00e4ndige Set ist f\u00fcr ehrgeizige junge Spieler gedacht, die ihren Stil auch au\u00dferhalb des Spielfelds ausdr\u00fccken m\u00f6chten.<\/p>\n<p><strong>Leistungsstoffe<\/strong><\/p>\n<ul>\n<li>Leichter Polyester mit Feuchtigkeitsmanagement-Technologie<\/li>\n<li>Spezielle Bel\u00fcftung in kritischen Zonen<\/li>\n<li>Elastische Eins\u00e4tze f\u00fcr maximale Bewegungsfreiheit<\/li>\n<\/ul>\n<p><strong>Personalisierungsoption<\/strong><\/p>\n<ul>\n<li>M\u00f6glichkeit, Name und Nummer nach Wunsch zu \u00e4ndern<\/li>\n<li>Hochwertiger Druck, der verschlei\u00dffest ist<\/li>\n<li>Schnelle Umsetzung innerhalb von 48 Stunden<\/li>\n<\/ul>\n<p><strong>Empfohlene Pflege:<\/strong><\/p>\n<ul>\n<li>Waschen bei 30\u00b0C, Schonwaschgang<\/li>\n<li>Bei Raumtemperatur trocknen<\/li>\n<li>Nicht direkt auf den Druck b\u00fcgeln<\/li>\n<\/ul>","protected":false},"excerpt":{"rendered":"<p>Kinder-Fu\u00dfballtrikot Chelsea Estevao Willian #41 \u2013 Komplettes Drittes Trikot 2025-26 Wir pr\u00e4sentieren eine limitierte Auflage des Kinder-Fu\u00dfballtrikots Chelsea \u2013 das dritte Trikot f\u00fcr die Saison 2025-26 mit der Nummer 41, getragen vom talentierten St\u00fcrmer Estevao Willian. Dieses vollst\u00e4ndige Set richtet sich an ehrgeizige junge Spieler, die ihren Stil auch au\u00dferhalb des Spielfelds ausdr\u00fccken m\u00f6chten. Leistungsstarke Materialien Leichter Polyester mit [\u2026]<\/p>","protected":false},"featured_media":3811,"comment_status":"open","ping_status":"closed","template":"","meta":{"site-sidebar-layout":"default","site-content-layout":"","ast-site-content-layout":"default","site-content-style":"default","site-sidebar-style":"default","ast-global-header-display":"","ast-banner-title-visibility":"","ast-main-header-display":"","ast-hfb-above-header-display":"","ast-hfb-below-header-display":"","ast-hfb-mobile-header-display":"","site-post-title":"","ast-breadcrumbs-content":"","ast-featured-img":"","footer-sml-layout":"","theme-transparent-header-meta":"default","adv-header-id-meta":"","stick-header-meta":"","header-above-stick-meta":"","header-main-stick-meta":"","header-below-stick-meta":"","astra-migrate-meta-layouts":"set","ast-page-background-enabled":"default","ast-page-background-meta":{"desktop":{"background-color":"var(--ast-global-color-4)","background-image":"","background-repeat":"repeat","background-position":"center center","background-size":"auto","background-attachment":"scroll","background-type":"","background-media":"","overlay-type":"","overlay-color":"","overlay-opacity":"","overlay-gradient":""},"tablet":{"background-color":"","background-image":"","background-repeat":"repeat","background-position":"center center","background-size":"auto","background-attachment":"scroll","background-type":"","background-media":"","overlay-type":"","overlay-color":"","overlay-opacity":"","overlay-gradient":""},"mobile":{"background-color":"","background-image":"","background-repeat":"repeat","background-position":"center center","background-size":"auto","background-attachment":"scroll","background-type":"","background-media":"","overlay-type":"","overlay-color":"","overlay-opacity":"","overlay-gradient":""}},"ast-content-background-meta":{"desktop":{"background-color":"var(--ast-global-color-5)","background-image":"","background-repeat":"repeat","background-position":"center center","background-size":"auto","background-attachment":"scroll","background-type":"","background-media":"","overlay-type":"","overlay-color":"","overlay-opacity":"","overlay-gradient":""},"tablet":{"background-color":"var(--ast-global-color-5)","background-image":"","background-repeat":"repeat","background-position":"center center","background-size":"auto","background-attachment":"scroll","background-type":"","background-media":"","overlay-type":"","overlay-color":"","overlay-opacity":"","overlay-gradient":""},"mobile":{"background-color":"var(--ast-global-color-5)","background-image":"","background-repeat":"repeat","background-position":"center center","background-size":"auto","background-attachment":"scroll","background-type":"","background-media":"","overlay-type":"","overlay-color":"","overlay-opacity":"","overlay-gradient":""}}},"product_brand":[],"product_cat":[77],"product_tag":[210,130,191,170,224,211],"class_list":{"0":"post-3809","1":"product","2":"type-product","3":"status-publish","4":"has-post-thumbnail","6":"product_cat-detske-dres-chelsea","7":"product_tag-chelsea-dres-pre-deti","8":"product_tag-detske-futbalove-dresy","9":"product_tag-detsky-dres-s-vlastnym-menom-a-cislom","10":"product_tag-detsky-futbalovy-komplet","11":"product_tag-estevao-willian-dres","12":"product_tag-futbalove-dresy-detske-chelsea","13":"desktop-align-left","14":"tablet-align-left","15":"mobile-align-left","17":"first","18":"instock","19":"shipping-taxable","20":"purchasable","21":"product-type-variable"},"_links":{"self":[{"href":"https:\/\/www.drespredeti.com\/de\/wp-json\/wp\/v2\/product\/3809","targetHints":{"allow":["GET"]}}],"collection":[{"href":"https:\/\/www.drespredeti.com\/de\/wp-json\/wp\/v2\/product"}],"about":[{"href":"https:\/\/www.drespredeti.com\/de\/wp-json\/wp\/v2\/types\/product"}],"replies":[{"embeddable":true,"href":"https:\/\/www.drespredeti.com\/de\/wp-json\/wp\/v2\/comments?post=3809"}],"wp:featuredmedia":[{"embeddable":true,"href":"https:\/\/www.drespredeti.com\/de\/wp-json\/wp\/v2\/media\/3811"}],"wp:attachment":[{"href":"https:\/\/www.drespredeti.com\/de\/wp-json\/wp\/v2\/media?parent=3809"}],"wp:term":[{"taxonomy":"product_brand","embeddable":true,"href":"https:\/\/www.drespredeti.com\/de\/wp-json\/wp\/v2\/product_brand?post=3809"},{"taxonomy":"product_cat","embeddable":true,"href":"https:\/\/www.drespredeti.com\/de\/wp-json\/wp\/v2\/product_cat?post=3809"},{"taxonomy":"product_tag","embeddable":true,"href":"https:\/\/www.drespredeti.com\/de\/wp-json\/wp\/v2\/product_tag?post=3809"}],"curies":[{"name":"wp","href":"https:\/\/api.w.org\/{rel}","templated":true}]}}