{"id":3731,"date":"2026-01-15T09:06:49","date_gmt":"2026-01-15T08:06:49","guid":{"rendered":"https:\/\/www.futbalovedresysk.com\/?post_type=product&#038;p=3731"},"modified":"2026-01-15T09:06:50","modified_gmt":"2026-01-15T08:06:50","slug":"detsky-futbalovy-dres-chelsea-reece-james-24-2025-26-prec-komplety","status":"publish","type":"product","link":"https:\/\/www.drespredeti.com\/de\/detsky-futbalovy-dres-chelsea-reece-james-24-2025-26-prec-komplety\/","title":{"rendered":"Kinder-Fu\u00dfballtrikot Chelsea Reece James #24 2025-26 Ausw\u00e4rts Komplettsets"},"content":{"rendered":"<h3>Kinder-Fu\u00dfballtrikot Chelsea Reece James #24 \u2013 Komplettset 2025-26 Vorbei<\/h3>\n<p>Wir stellen eine limitierte Edition vor <strong>Kinder-Fu\u00dfballtrikot Chelsea<\/strong> \u2013 Vorbei Ausr\u00fcstung f\u00fcr die Saison 2025-26 mit der Nummer 24, die der talentierte St\u00fcrmer Reece James tr\u00e4gt. Dieses vollst\u00e4ndige Set ist f\u00fcr ehrgeizige junge Spieler gedacht, die ihren Stil auch au\u00dferhalb des Spielfelds ausdr\u00fccken m\u00f6chten.<\/p>\n<p><strong>Leistungsstoffe<\/strong><\/p>\n<ul>\n<li>Leichter Polyester mit Feuchtigkeitsmanagement-Technologie<\/li>\n<li>Spezielle Bel\u00fcftung in kritischen Zonen<\/li>\n<li>Elastische Eins\u00e4tze f\u00fcr maximale Bewegungsfreiheit<\/li>\n<\/ul>\n<p><strong>Personalisierungsoption<\/strong><\/p>\n<ul>\n<li>M\u00f6glichkeit, Name und Nummer nach Wunsch zu \u00e4ndern<\/li>\n<li>Hochwertiger Druck, der verschlei\u00dffest ist<\/li>\n<li>Schnelle Umsetzung innerhalb von 48 Stunden<\/li>\n<\/ul>\n<p><strong>Empfohlene Pflege:<\/strong><\/p>\n<ul>\n<li>Waschen bei 30\u00b0C, Schonwaschgang<\/li>\n<li>Bei Raumtemperatur trocknen<\/li>\n<li>Nicht direkt auf den Druck b\u00fcgeln<\/li>\n<\/ul>","protected":false},"excerpt":{"rendered":"<p>Kinder-Fu\u00dfballtrikot Chelsea Reece James #24 \u2013 Komplettset Heim 2025-26 Wir pr\u00e4sentieren eine limitierte Auflage des Kinder-Fu\u00dfballtrikots Chelsea \u2013 Heim-Ausr\u00fcstung f\u00fcr die Saison 2025-26 mit der Nummer 24, die der talentierte St\u00fcrmer Reece James tr\u00e4gt. Dieses vollst\u00e4ndige Set ist f\u00fcr ehrgeizige junge Spieler gedacht, die ihren Stil auch au\u00dferhalb des Spielfelds ausdr\u00fccken m\u00f6chten. Leistungsstarke Materialien Leichter Polyester [\u2026]<\/p>","protected":false},"featured_media":3733,"comment_status":"open","ping_status":"closed","template":"","meta":{"site-sidebar-layout":"default","site-content-layout":"","ast-site-content-layout":"default","site-content-style":"default","site-sidebar-style":"default","ast-global-header-display":"","ast-banner-title-visibility":"","ast-main-header-display":"","ast-hfb-above-header-display":"","ast-hfb-below-header-display":"","ast-hfb-mobile-header-display":"","site-post-title":"","ast-breadcrumbs-content":"","ast-featured-img":"","footer-sml-layout":"","theme-transparent-header-meta":"default","adv-header-id-meta":"","stick-header-meta":"","header-above-stick-meta":"","header-main-stick-meta":"","header-below-stick-meta":"","astra-migrate-meta-layouts":"set","ast-page-background-enabled":"default","ast-page-background-meta":{"desktop":{"background-color":"var(--ast-global-color-4)","background-image":"","background-repeat":"repeat","background-position":"center center","background-size":"auto","background-attachment":"scroll","background-type":"","background-media":"","overlay-type":"","overlay-color":"","overlay-opacity":"","overlay-gradient":""},"tablet":{"background-color":"","background-image":"","background-repeat":"repeat","background-position":"center center","background-size":"auto","background-attachment":"scroll","background-type":"","background-media":"","overlay-type":"","overlay-color":"","overlay-opacity":"","overlay-gradient":""},"mobile":{"background-color":"","background-image":"","background-repeat":"repeat","background-position":"center center","background-size":"auto","background-attachment":"scroll","background-type":"","background-media":"","overlay-type":"","overlay-color":"","overlay-opacity":"","overlay-gradient":""}},"ast-content-background-meta":{"desktop":{"background-color":"var(--ast-global-color-5)","background-image":"","background-repeat":"repeat","background-position":"center center","background-size":"auto","background-attachment":"scroll","background-type":"","background-media":"","overlay-type":"","overlay-color":"","overlay-opacity":"","overlay-gradient":""},"tablet":{"background-color":"var(--ast-global-color-5)","background-image":"","background-repeat":"repeat","background-position":"center center","background-size":"auto","background-attachment":"scroll","background-type":"","background-media":"","overlay-type":"","overlay-color":"","overlay-opacity":"","overlay-gradient":""},"mobile":{"background-color":"var(--ast-global-color-5)","background-image":"","background-repeat":"repeat","background-position":"center center","background-size":"auto","background-attachment":"scroll","background-type":"","background-media":"","overlay-type":"","overlay-color":"","overlay-opacity":"","overlay-gradient":""}}},"product_brand":[],"product_cat":[77],"product_tag":[210,130,191,170,211,218],"class_list":{"0":"post-3731","1":"product","2":"type-product","3":"status-publish","4":"has-post-thumbnail","6":"product_cat-detske-dres-chelsea","7":"product_tag-chelsea-dres-pre-deti","8":"product_tag-detske-futbalove-dresy","9":"product_tag-detsky-dres-s-vlastnym-menom-a-cislom","10":"product_tag-detsky-futbalovy-komplet","11":"product_tag-futbalove-dresy-detske-chelsea","12":"product_tag-reece-james-dres","13":"desktop-align-left","14":"tablet-align-left","15":"mobile-align-left","17":"first","18":"instock","19":"shipping-taxable","20":"purchasable","21":"product-type-variable"},"_links":{"self":[{"href":"https:\/\/www.drespredeti.com\/de\/wp-json\/wp\/v2\/product\/3731","targetHints":{"allow":["GET"]}}],"collection":[{"href":"https:\/\/www.drespredeti.com\/de\/wp-json\/wp\/v2\/product"}],"about":[{"href":"https:\/\/www.drespredeti.com\/de\/wp-json\/wp\/v2\/types\/product"}],"replies":[{"embeddable":true,"href":"https:\/\/www.drespredeti.com\/de\/wp-json\/wp\/v2\/comments?post=3731"}],"wp:featuredmedia":[{"embeddable":true,"href":"https:\/\/www.drespredeti.com\/de\/wp-json\/wp\/v2\/media\/3733"}],"wp:attachment":[{"href":"https:\/\/www.drespredeti.com\/de\/wp-json\/wp\/v2\/media?parent=3731"}],"wp:term":[{"taxonomy":"product_brand","embeddable":true,"href":"https:\/\/www.drespredeti.com\/de\/wp-json\/wp\/v2\/product_brand?post=3731"},{"taxonomy":"product_cat","embeddable":true,"href":"https:\/\/www.drespredeti.com\/de\/wp-json\/wp\/v2\/product_cat?post=3731"},{"taxonomy":"product_tag","embeddable":true,"href":"https:\/\/www.drespredeti.com\/de\/wp-json\/wp\/v2\/product_tag?post=3731"}],"curies":[{"name":"wp","href":"https:\/\/api.w.org\/{rel}","templated":true}]}}