{"id":3714,"date":"2026-01-15T09:05:30","date_gmt":"2026-01-15T08:05:30","guid":{"rendered":"https:\/\/www.futbalovedresysk.com\/?post_type=product&#038;p=3714"},"modified":"2026-01-15T09:05:31","modified_gmt":"2026-01-15T08:05:31","slug":"futbalove-dresy-pre-deti-chelsea-levi-colwill-6-2025-26-domaci-komplety","status":"publish","type":"product","link":"https:\/\/www.drespredeti.com\/de\/futbalove-dresy-pre-deti-chelsea-levi-colwill-6-2025-26-domaci-komplety\/","title":{"rendered":"Fu\u00dfballtrikots f\u00fcr Kinder Chelsea Levi Colwill #6 2025-26 Heim-Set"},"content":{"rendered":"<h3>Fu\u00dfballtrikots f\u00fcr Kinder Chelsea FC \u2013 Levi Colwill #6 Heimset 2025-26<\/h3>\n<p>Entdecken Sie Fu\u00dfballtrikots f\u00fcr Kinder Chelsea FC Vorbei 2025-26, speziell f\u00fcr die kleinsten Fans entwickelt. Dieses vollst\u00e4ndige Set, inspiriert vom Stil des talentierten Verteidigers Levi Colwill mit der Nummer 6, bietet die perfekte Kombination aus authentischem Design und Kinderkomfort. Ideal f\u00fcr zuk\u00fcnftige Fu\u00dfballstars, die die blaue Farbe im Stil repr\u00e4sentieren m\u00f6chten.<\/p>\n<p><strong>Vorteile<\/strong><\/p>\n<ul>\n<li>Sicheres Material \u2013 zertifiziert f\u00fcr Kinderhaut<br \/>\nEinfache Pflege \u2013 waschen bei 30\u00b0C, schnelltrocknend<br \/>\nVielseitige Verwendung \u2013 f\u00fcr Training, Spiele und den t\u00e4glichen Gebrauch<br \/>\nErschwinglich \u2013 Premium-Qualit\u00e4t zu fairem Preis<\/li>\n<\/ul>\n<p><strong>Personalisierungsservice<\/strong><\/p>\n<p>Wir bieten die M\u00f6glichkeit, ein einzigartiges Trikot zu erstellen:<\/p>\n<ul>\n<li>\u00c4nderung der Nummer nach Wahl (1-99)<\/li>\n<li>Eigenen Namen auf die R\u00fcckseite des Trikots<\/li>\n<li>Express-Bearbeitung innerhalb von 24 Stunden<\/li>\n<li>Kostenlose Beratung vor der Bestellung<\/li>\n<\/ul>","protected":false},"excerpt":{"rendered":"<p>Fu\u00dfballtrikots f\u00fcr Kinder Chelsea FC \u2013 Levi Colwill #6 Drittes Komplettset 2025-26 Entdecken Sie Fu\u00dfballtrikots f\u00fcr Kinder Chelsea FC Drittes 2025-26, speziell f\u00fcr die kleinsten Fans entwickelt. Dieses vollst\u00e4ndige Set, inspiriert vom Stil des talentierten Verteidigers Levi Colwill mit der Nummer 6, bietet die perfekte Kombination aus authentischem Design und kindlichem Komfort. Ideal f\u00fcr zuk\u00fcnftige Fu\u00dfballstars, die vertreten m\u00f6chten [\u2026]<\/p>","protected":false},"featured_media":3716,"comment_status":"open","ping_status":"closed","template":"","meta":{"site-sidebar-layout":"default","site-content-layout":"","ast-site-content-layout":"default","site-content-style":"default","site-sidebar-style":"default","ast-global-header-display":"","ast-banner-title-visibility":"","ast-main-header-display":"","ast-hfb-above-header-display":"","ast-hfb-below-header-display":"","ast-hfb-mobile-header-display":"","site-post-title":"","ast-breadcrumbs-content":"","ast-featured-img":"","footer-sml-layout":"","theme-transparent-header-meta":"default","adv-header-id-meta":"","stick-header-meta":"","header-above-stick-meta":"","header-main-stick-meta":"","header-below-stick-meta":"","astra-migrate-meta-layouts":"set","ast-page-background-enabled":"default","ast-page-background-meta":{"desktop":{"background-color":"var(--ast-global-color-4)","background-image":"","background-repeat":"repeat","background-position":"center center","background-size":"auto","background-attachment":"scroll","background-type":"","background-media":"","overlay-type":"","overlay-color":"","overlay-opacity":"","overlay-gradient":""},"tablet":{"background-color":"","background-image":"","background-repeat":"repeat","background-position":"center center","background-size":"auto","background-attachment":"scroll","background-type":"","background-media":"","overlay-type":"","overlay-color":"","overlay-opacity":"","overlay-gradient":""},"mobile":{"background-color":"","background-image":"","background-repeat":"repeat","background-position":"center center","background-size":"auto","background-attachment":"scroll","background-type":"","background-media":"","overlay-type":"","overlay-color":"","overlay-opacity":"","overlay-gradient":""}},"ast-content-background-meta":{"desktop":{"background-color":"var(--ast-global-color-5)","background-image":"","background-repeat":"repeat","background-position":"center center","background-size":"auto","background-attachment":"scroll","background-type":"","background-media":"","overlay-type":"","overlay-color":"","overlay-opacity":"","overlay-gradient":""},"tablet":{"background-color":"var(--ast-global-color-5)","background-image":"","background-repeat":"repeat","background-position":"center center","background-size":"auto","background-attachment":"scroll","background-type":"","background-media":"","overlay-type":"","overlay-color":"","overlay-opacity":"","overlay-gradient":""},"mobile":{"background-color":"var(--ast-global-color-5)","background-image":"","background-repeat":"repeat","background-position":"center center","background-size":"auto","background-attachment":"scroll","background-type":"","background-media":"","overlay-type":"","overlay-color":"","overlay-opacity":"","overlay-gradient":""}}},"product_brand":[],"product_cat":[77],"product_tag":[210,130,191,170,211,214],"class_list":{"0":"post-3714","1":"product","2":"type-product","3":"status-publish","4":"has-post-thumbnail","6":"product_cat-detske-dres-chelsea","7":"product_tag-chelsea-dres-pre-deti","8":"product_tag-detske-futbalove-dresy","9":"product_tag-detsky-dres-s-vlastnym-menom-a-cislom","10":"product_tag-detsky-futbalovy-komplet","11":"product_tag-futbalove-dresy-detske-chelsea","12":"product_tag-levi-colwill-dres","13":"desktop-align-left","14":"tablet-align-left","15":"mobile-align-left","17":"first","18":"instock","19":"shipping-taxable","20":"purchasable","21":"product-type-variable"},"_links":{"self":[{"href":"https:\/\/www.drespredeti.com\/de\/wp-json\/wp\/v2\/product\/3714","targetHints":{"allow":["GET"]}}],"collection":[{"href":"https:\/\/www.drespredeti.com\/de\/wp-json\/wp\/v2\/product"}],"about":[{"href":"https:\/\/www.drespredeti.com\/de\/wp-json\/wp\/v2\/types\/product"}],"replies":[{"embeddable":true,"href":"https:\/\/www.drespredeti.com\/de\/wp-json\/wp\/v2\/comments?post=3714"}],"wp:featuredmedia":[{"embeddable":true,"href":"https:\/\/www.drespredeti.com\/de\/wp-json\/wp\/v2\/media\/3716"}],"wp:attachment":[{"href":"https:\/\/www.drespredeti.com\/de\/wp-json\/wp\/v2\/media?parent=3714"}],"wp:term":[{"taxonomy":"product_brand","embeddable":true,"href":"https:\/\/www.drespredeti.com\/de\/wp-json\/wp\/v2\/product_brand?post=3714"},{"taxonomy":"product_cat","embeddable":true,"href":"https:\/\/www.drespredeti.com\/de\/wp-json\/wp\/v2\/product_cat?post=3714"},{"taxonomy":"product_tag","embeddable":true,"href":"https:\/\/www.drespredeti.com\/de\/wp-json\/wp\/v2\/product_tag?post=3714"}],"curies":[{"name":"wp","href":"https:\/\/api.w.org\/{rel}","templated":true}]}}