{"id":3688,"date":"2026-01-15T09:05:48","date_gmt":"2026-01-15T08:05:48","guid":{"rendered":"https:\/\/www.futbalovedresysk.com\/?post_type=product&#038;p=3688"},"modified":"2026-01-15T09:05:49","modified_gmt":"2026-01-15T08:05:49","slug":"futbalove-dresy-pre-deti-chelsea-jamie-gittens-11-2025-26-prec-komplety","status":"publish","type":"product","link":"https:\/\/www.drespredeti.com\/de\/futbalove-dresy-pre-deti-chelsea-jamie-gittens-11-2025-26-prec-komplety\/","title":{"rendered":"Fu\u00dfballtrikots f\u00fcr Kinder Chelsea Jamie Gittens #11 2025-26 Vorne Komplettsets"},"content":{"rendered":"<h3>Fu\u00dfballtrikots f\u00fcr Kinder Chelsea FC \u2013 Jamie Gittens #11 Vorbei Komplett 2025-26<\/h3>\n<p>Entdecken Sie Fu\u00dfballtrikots f\u00fcr Kinder Chelsea FC Vorbei 2025-26, speziell f\u00fcr die kleinsten Fans entwickelt. Dieses vollst\u00e4ndige Set, inspiriert vom Stil des talentierten Verteidigers Moises Caicedo mit der Nummer 25, bietet die perfekte Kombination aus authentischem Design und Kinderkomfort. Ideal f\u00fcr zuk\u00fcnftige Fu\u00dfballstars, die die blaue Farbe im Stil vertreten m\u00f6chten.<\/p>\n<p><strong>Vorteile<\/strong><\/p>\n<ul>\n<li>Sicheres Material \u2013 zertifiziert f\u00fcr Kinderhaut<br \/>\nEinfache Pflege \u2013 waschen bei 30\u00b0C, schnelltrocknend<br \/>\nVielseitige Verwendung \u2013 f\u00fcr Training, Spiele und den t\u00e4glichen Gebrauch<br \/>\nErschwinglich \u2013 Premium-Qualit\u00e4t zu fairem Preis<\/li>\n<\/ul>\n<p><strong>Personalisierungsservice<\/strong><\/p>\n<p>Wir bieten die M\u00f6glichkeit, ein einzigartiges Trikot zu erstellen:<\/p>\n<ul>\n<li>\u00c4nderung der Nummer nach Wahl (1-99)<\/li>\n<li>Eigenen Namen auf die R\u00fcckseite des Trikots<\/li>\n<li>Express-Bearbeitung innerhalb von 24 Stunden<\/li>\n<li>Kostenlose Beratung vor der Bestellung<\/li>\n<\/ul>","protected":false},"excerpt":{"rendered":"<p>Futbalov\u00e9 Dresy pre deti Chelsea FC \u2013 Jamie Gittens #11 Pre\u010d Komplet 2025-26 Objavte Futbalov\u00e9 Dresy pre deti Chelsea FC Pre\u010d 2025-26, vytvoren\u00fa \u0161peci\u00e1lne pre najmen\u0161\u00edch fan\u00fa\u0161ikov. Tento kompletn\u00fd set, in\u0161pirovan\u00fd \u0161t\u00fdlom talentovan\u00e9ho obrancu Jamie Gittens s \u010d\u00edslom 11, pon\u00faka dokonal\u00fa kombin\u00e1ciu autentick\u00e9ho dizajnu a detsk\u00e9ho komfortu. Ide\u00e1lny pre bud\u00face futbalov\u00e9 hviezdy, ktor\u00ed chc\u00fa reprezentova\u0165 [&hellip;]<\/p>","protected":false},"featured_media":3690,"comment_status":"open","ping_status":"closed","template":"","meta":{"site-sidebar-layout":"default","site-content-layout":"","ast-site-content-layout":"default","site-content-style":"default","site-sidebar-style":"default","ast-global-header-display":"","ast-banner-title-visibility":"","ast-main-header-display":"","ast-hfb-above-header-display":"","ast-hfb-below-header-display":"","ast-hfb-mobile-header-display":"","site-post-title":"","ast-breadcrumbs-content":"","ast-featured-img":"","footer-sml-layout":"","theme-transparent-header-meta":"default","adv-header-id-meta":"","stick-header-meta":"","header-above-stick-meta":"","header-main-stick-meta":"","header-below-stick-meta":"","astra-migrate-meta-layouts":"set","ast-page-background-enabled":"default","ast-page-background-meta":{"desktop":{"background-color":"var(--ast-global-color-4)","background-image":"","background-repeat":"repeat","background-position":"center center","background-size":"auto","background-attachment":"scroll","background-type":"","background-media":"","overlay-type":"","overlay-color":"","overlay-opacity":"","overlay-gradient":""},"tablet":{"background-color":"","background-image":"","background-repeat":"repeat","background-position":"center center","background-size":"auto","background-attachment":"scroll","background-type":"","background-media":"","overlay-type":"","overlay-color":"","overlay-opacity":"","overlay-gradient":""},"mobile":{"background-color":"","background-image":"","background-repeat":"repeat","background-position":"center center","background-size":"auto","background-attachment":"scroll","background-type":"","background-media":"","overlay-type":"","overlay-color":"","overlay-opacity":"","overlay-gradient":""}},"ast-content-background-meta":{"desktop":{"background-color":"var(--ast-global-color-5)","background-image":"","background-repeat":"repeat","background-position":"center center","background-size":"auto","background-attachment":"scroll","background-type":"","background-media":"","overlay-type":"","overlay-color":"","overlay-opacity":"","overlay-gradient":""},"tablet":{"background-color":"var(--ast-global-color-5)","background-image":"","background-repeat":"repeat","background-position":"center center","background-size":"auto","background-attachment":"scroll","background-type":"","background-media":"","overlay-type":"","overlay-color":"","overlay-opacity":"","overlay-gradient":""},"mobile":{"background-color":"var(--ast-global-color-5)","background-image":"","background-repeat":"repeat","background-position":"center center","background-size":"auto","background-attachment":"scroll","background-type":"","background-media":"","overlay-type":"","overlay-color":"","overlay-opacity":"","overlay-gradient":""}}},"product_brand":[],"product_cat":[77],"product_tag":[210,130,191,170,211,216],"class_list":{"0":"post-3688","1":"product","2":"type-product","3":"status-publish","4":"has-post-thumbnail","6":"product_cat-detske-dres-chelsea","7":"product_tag-chelsea-dres-pre-deti","8":"product_tag-detske-futbalove-dresy","9":"product_tag-detsky-dres-s-vlastnym-menom-a-cislom","10":"product_tag-detsky-futbalovy-komplet","11":"product_tag-futbalove-dresy-detske-chelsea","12":"product_tag-jamie-gittens-dres","13":"desktop-align-left","14":"tablet-align-left","15":"mobile-align-left","17":"first","18":"instock","19":"shipping-taxable","20":"purchasable","21":"product-type-variable"},"_links":{"self":[{"href":"https:\/\/www.drespredeti.com\/de\/wp-json\/wp\/v2\/product\/3688","targetHints":{"allow":["GET"]}}],"collection":[{"href":"https:\/\/www.drespredeti.com\/de\/wp-json\/wp\/v2\/product"}],"about":[{"href":"https:\/\/www.drespredeti.com\/de\/wp-json\/wp\/v2\/types\/product"}],"replies":[{"embeddable":true,"href":"https:\/\/www.drespredeti.com\/de\/wp-json\/wp\/v2\/comments?post=3688"}],"wp:featuredmedia":[{"embeddable":true,"href":"https:\/\/www.drespredeti.com\/de\/wp-json\/wp\/v2\/media\/3690"}],"wp:attachment":[{"href":"https:\/\/www.drespredeti.com\/de\/wp-json\/wp\/v2\/media?parent=3688"}],"wp:term":[{"taxonomy":"product_brand","embeddable":true,"href":"https:\/\/www.drespredeti.com\/de\/wp-json\/wp\/v2\/product_brand?post=3688"},{"taxonomy":"product_cat","embeddable":true,"href":"https:\/\/www.drespredeti.com\/de\/wp-json\/wp\/v2\/product_cat?post=3688"},{"taxonomy":"product_tag","embeddable":true,"href":"https:\/\/www.drespredeti.com\/de\/wp-json\/wp\/v2\/product_tag?post=3688"}],"curies":[{"name":"wp","href":"https:\/\/api.w.org\/{rel}","templated":true}]}}