{"id":3652,"date":"2026-01-15T09:04:39","date_gmt":"2026-01-15T08:04:39","guid":{"rendered":"https:\/\/www.futbalovedresysk.com\/?post_type=product&#038;p=3652"},"modified":"2026-01-15T09:04:41","modified_gmt":"2026-01-15T08:04:41","slug":"futbalove-dresy-pre-deti-chelsea-2025-26-tretina-komplety","status":"publish","type":"product","link":"https:\/\/www.drespredeti.com\/de\/futbalove-dresy-pre-deti-chelsea-2025-26-tretina-komplety\/","title":{"rendered":"Fu\u00dfballtrikots f\u00fcr Kinder Chelsea 2025-26 Dreiviertel-Set"},"content":{"rendered":"<h3>Fu\u00dfballtrikots f\u00fcr Kinder Chelsea FC 2025-26 \u2013 Dreiviertel-Set<\/h3>\n<p>Lassen Sie Ihr Kind die Atmosph\u00e4re von Stamford Bridge erleben mit Fu\u00dfballtrikots f\u00fcr Kinder Chelsea FC 2025-26 2025-26. Dieses vollst\u00e4ndig gestaltete Set, speziell auf die Bed\u00fcrfnisse von Kindern abgestimmt, bietet eine authentische Nachbildung des Trikots, das die Spieler bei den Dreiviertel-Spielen tragen. Ideal f\u00fcr jeden jungen Fan, der seine Unterst\u00fctzung im Stil zeigen m\u00f6chte.<\/p>\n<p><strong>Funktionale Eigenschaften<\/strong><\/p>\n<ul>\n<li>Feuchtigkeitsableitende Technologie<\/li>\n<li>Elastische Eins\u00e4tze in Bewegungsbereichen<\/li>\n<li>Robustes Material, geeignet f\u00fcr aktive Nutzung<\/li>\n<\/ul>\n<p><strong>Personalisierungsoption<\/strong><\/p>\n<ul>\n<li>Eigener Name und Nummer w\u00e4hlen<\/li>\n<li>Professionelle Druckanwendung<\/li>\n<li>M\u00f6glichkeit, die Standard-Spieler-Nummer auszuw\u00e4hlen<\/li>\n<\/ul>\n<p><strong>Pflege und Wartung<\/strong><\/p>\n<ul>\n<li>Waschen bei 30\u00b0C empfohlen<\/li>\n<li>Bei Raumtemperatur trocknen<\/li>\n<li>Nicht bleichen<\/li>\n<li>Bei niedriger Temperatur b\u00fcgeln (am besten auf der R\u00fcckseite)<\/li>\n<\/ul>","protected":false},"excerpt":{"rendered":"<p>Futbalov\u00e9 Dresy pre Deti Chelsea FC 2025-26 \u2013 Tretina Komplet Nechajte svoje die\u0165a za\u017ei\u0165 atmosf\u00e9ru Stamford Bridge s Futbalov\u00e9 Dresy pre Deti Chelsea FC 2025-26 2025-26. Tento kompletne navrhnut\u00fd set, \u0161peci\u00e1lne prisp\u00f4soben\u00fd detsk\u00fdm potreb\u00e1m, pon\u00faka vern\u00fa repliku dresu, ktor\u00fd nosia hr\u00e1\u010di pri Tretina z\u00e1pasoch. Ide\u00e1lny pre ka\u017ed\u00e9ho mlad\u00e9ho fan\u00fa\u0161ika, ktor\u00fd chce vyjadri\u0165 svoju podporu v [&hellip;]<\/p>","protected":false},"featured_media":3654,"comment_status":"open","ping_status":"closed","template":"","meta":{"site-sidebar-layout":"default","site-content-layout":"","ast-site-content-layout":"default","site-content-style":"default","site-sidebar-style":"default","ast-global-header-display":"","ast-banner-title-visibility":"","ast-main-header-display":"","ast-hfb-above-header-display":"","ast-hfb-below-header-display":"","ast-hfb-mobile-header-display":"","site-post-title":"","ast-breadcrumbs-content":"","ast-featured-img":"","footer-sml-layout":"","theme-transparent-header-meta":"default","adv-header-id-meta":"","stick-header-meta":"","header-above-stick-meta":"","header-main-stick-meta":"","header-below-stick-meta":"","astra-migrate-meta-layouts":"set","ast-page-background-enabled":"default","ast-page-background-meta":{"desktop":{"background-color":"var(--ast-global-color-4)","background-image":"","background-repeat":"repeat","background-position":"center center","background-size":"auto","background-attachment":"scroll","background-type":"","background-media":"","overlay-type":"","overlay-color":"","overlay-opacity":"","overlay-gradient":""},"tablet":{"background-color":"","background-image":"","background-repeat":"repeat","background-position":"center center","background-size":"auto","background-attachment":"scroll","background-type":"","background-media":"","overlay-type":"","overlay-color":"","overlay-opacity":"","overlay-gradient":""},"mobile":{"background-color":"","background-image":"","background-repeat":"repeat","background-position":"center center","background-size":"auto","background-attachment":"scroll","background-type":"","background-media":"","overlay-type":"","overlay-color":"","overlay-opacity":"","overlay-gradient":""}},"ast-content-background-meta":{"desktop":{"background-color":"var(--ast-global-color-5)","background-image":"","background-repeat":"repeat","background-position":"center center","background-size":"auto","background-attachment":"scroll","background-type":"","background-media":"","overlay-type":"","overlay-color":"","overlay-opacity":"","overlay-gradient":""},"tablet":{"background-color":"var(--ast-global-color-5)","background-image":"","background-repeat":"repeat","background-position":"center center","background-size":"auto","background-attachment":"scroll","background-type":"","background-media":"","overlay-type":"","overlay-color":"","overlay-opacity":"","overlay-gradient":""},"mobile":{"background-color":"var(--ast-global-color-5)","background-image":"","background-repeat":"repeat","background-position":"center center","background-size":"auto","background-attachment":"scroll","background-type":"","background-media":"","overlay-type":"","overlay-color":"","overlay-opacity":"","overlay-gradient":""}}},"product_brand":[],"product_cat":[77],"product_tag":[210,130,191,170,211],"class_list":{"0":"post-3652","1":"product","2":"type-product","3":"status-publish","4":"has-post-thumbnail","6":"product_cat-detske-dres-chelsea","7":"product_tag-chelsea-dres-pre-deti","8":"product_tag-detske-futbalove-dresy","9":"product_tag-detsky-dres-s-vlastnym-menom-a-cislom","10":"product_tag-detsky-futbalovy-komplet","11":"product_tag-futbalove-dresy-detske-chelsea","12":"desktop-align-left","13":"tablet-align-left","14":"mobile-align-left","16":"first","17":"instock","18":"shipping-taxable","19":"purchasable","20":"product-type-variable"},"_links":{"self":[{"href":"https:\/\/www.drespredeti.com\/de\/wp-json\/wp\/v2\/product\/3652","targetHints":{"allow":["GET"]}}],"collection":[{"href":"https:\/\/www.drespredeti.com\/de\/wp-json\/wp\/v2\/product"}],"about":[{"href":"https:\/\/www.drespredeti.com\/de\/wp-json\/wp\/v2\/types\/product"}],"replies":[{"embeddable":true,"href":"https:\/\/www.drespredeti.com\/de\/wp-json\/wp\/v2\/comments?post=3652"}],"wp:featuredmedia":[{"embeddable":true,"href":"https:\/\/www.drespredeti.com\/de\/wp-json\/wp\/v2\/media\/3654"}],"wp:attachment":[{"href":"https:\/\/www.drespredeti.com\/de\/wp-json\/wp\/v2\/media?parent=3652"}],"wp:term":[{"taxonomy":"product_brand","embeddable":true,"href":"https:\/\/www.drespredeti.com\/de\/wp-json\/wp\/v2\/product_brand?post=3652"},{"taxonomy":"product_cat","embeddable":true,"href":"https:\/\/www.drespredeti.com\/de\/wp-json\/wp\/v2\/product_cat?post=3652"},{"taxonomy":"product_tag","embeddable":true,"href":"https:\/\/www.drespredeti.com\/de\/wp-json\/wp\/v2\/product_tag?post=3652"}],"curies":[{"name":"wp","href":"https:\/\/api.w.org\/{rel}","templated":true}]}}