{"id":3619,"date":"2026-01-31T06:57:47","date_gmt":"2026-01-31T05:57:47","guid":{"rendered":"https:\/\/www.futbalovedresysk.com\/?post_type=product&#038;p=3619"},"modified":"2026-01-31T06:57:48","modified_gmt":"2026-01-31T05:57:48","slug":"detsky-futbalovy-komplet-borussia-dortmund-marcel-sabitzer-20-2025-26-domaci","status":"publish","type":"product","link":"https:\/\/www.drespredeti.com\/de\/detsky-futbalovy-komplet-borussia-dortmund-marcel-sabitzer-20-2025-26-domaci\/","title":{"rendered":"Kinderfu\u00dfballset Borussia Dortmund Marcel Sabitzer #20 2025-26 Heim"},"content":{"rendered":"<h3>Kinds Fu\u00dfballset Borussia Dortmund Marcel Sabitzer #20 2025\/26 Zuhause \u2013 Trikot + Shorts<\/h3>\n<p>Kinds Fu\u00dfballset Borussia Dortmund Marcel Sabitzer #20 2025\/26 Zuhause stellt das klassische Heimlook von BVB in kindgerechter Ausf\u00fchrung dar, entworfen f\u00fcr junge Fans, die die Vereinsfarben mit Stolz tragen m\u00f6chten. Dieses Kindersport-Set Borussia Dortmund basiert auf dem Heimdesign der Saison 2025\/26 und betont die ikonische Identit\u00e4t des Vereins aus dem Signal Iduna Park.<\/p>\n<p>Zum Set geh\u00f6rt ein kurz\u00e4rmeliges Trikot und passende Shorts, gefertigt aus modernem Funktionsmaterial, das Schwei\u00df effektiv ableitet und ein angenehmes Trockenheitsgef\u00fchl bewahrt. Das feine, aber strapazierf\u00e4hige Gewebe eignet sich f\u00fcr den regelm\u00e4\u00dfigen Gebrauch, Fu\u00dfballtraining und Freizeitrunden. Der durchdachte Schnitt unterst\u00fctzt die nat\u00fcrliche Bewegungsfreiheit des Kindes ohne Einschr\u00e4nkungen.<\/p>\n<p>Auf dem R\u00fccken steht der Name Marcel Sabitzer und die Nummer 20, was dem Trikot authentischen spielerischen Charakter verleiht. Selbstverst\u00e4ndlich gibt es auch die M\u00f6glichkeit der Personalisierung \u2013 eigener Name und Nummer, wodurch das Kindersport-Set Borussia Dortmund zu einem pers\u00f6nlichen St\u00fcck wird, ganz nach dem Wunsch des Kindes.<\/p>\n<p>Tento Detsk\u00fd futbalov\u00fd komplet Borussia Dortmund je ide\u00e1lny ako dar\u010dek pre mlad\u00fdch fan\u00fa\u0161ikov Bundesligy, ktor\u00ed oce\u0148uj\u00fa kvalitu, pohodlie a vzh\u013ead dom\u00e1ceho dresu Borussia Dortmund.<\/p>","protected":false},"excerpt":{"rendered":"<p>Detsk\u00fd futbalov\u00fd komplet Borussia Dortmund Marcel Sabitzer #20 2025\/26 Dom\u00e1ci \u2013 Dres + \u0160ortky Detsk\u00fd futbalov\u00fd komplet Borussia Dortmund Marcel Sabitzer #20 2025\/26 Dom\u00e1ci predstavuje klasick\u00fd dom\u00e1ci vzh\u013ead BVB v detskom preveden\u00ed, navrhnut\u00fd pre mlad\u00fdch fan\u00fa\u0161ikov, ktor\u00ed chc\u00fa nosi\u0165 klubov\u00e9 farby s hrdos\u0165ou. Tento Detsk\u00fd futbalov\u00fd komplet Borussia Dortmund vych\u00e1dza z dom\u00e1ceho dizajnu sez\u00f3ny 2025\/26 [&hellip;]<\/p>","protected":false},"featured_media":3621,"comment_status":"open","ping_status":"closed","template":"","meta":{"site-sidebar-layout":"default","site-content-layout":"","ast-site-content-layout":"default","site-content-style":"default","site-sidebar-style":"default","ast-global-header-display":"","ast-banner-title-visibility":"","ast-main-header-display":"","ast-hfb-above-header-display":"","ast-hfb-below-header-display":"","ast-hfb-mobile-header-display":"","site-post-title":"","ast-breadcrumbs-content":"","ast-featured-img":"","footer-sml-layout":"","theme-transparent-header-meta":"default","adv-header-id-meta":"","stick-header-meta":"","header-above-stick-meta":"","header-main-stick-meta":"","header-below-stick-meta":"","astra-migrate-meta-layouts":"set","ast-page-background-enabled":"default","ast-page-background-meta":{"desktop":{"background-color":"var(--ast-global-color-4)","background-image":"","background-repeat":"repeat","background-position":"center center","background-size":"auto","background-attachment":"scroll","background-type":"","background-media":"","overlay-type":"","overlay-color":"","overlay-opacity":"","overlay-gradient":""},"tablet":{"background-color":"","background-image":"","background-repeat":"repeat","background-position":"center center","background-size":"auto","background-attachment":"scroll","background-type":"","background-media":"","overlay-type":"","overlay-color":"","overlay-opacity":"","overlay-gradient":""},"mobile":{"background-color":"","background-image":"","background-repeat":"repeat","background-position":"center center","background-size":"auto","background-attachment":"scroll","background-type":"","background-media":"","overlay-type":"","overlay-color":"","overlay-opacity":"","overlay-gradient":""}},"ast-content-background-meta":{"desktop":{"background-color":"var(--ast-global-color-5)","background-image":"","background-repeat":"repeat","background-position":"center center","background-size":"auto","background-attachment":"scroll","background-type":"","background-media":"","overlay-type":"","overlay-color":"","overlay-opacity":"","overlay-gradient":""},"tablet":{"background-color":"var(--ast-global-color-5)","background-image":"","background-repeat":"repeat","background-position":"center center","background-size":"auto","background-attachment":"scroll","background-type":"","background-media":"","overlay-type":"","overlay-color":"","overlay-opacity":"","overlay-gradient":""},"mobile":{"background-color":"var(--ast-global-color-5)","background-image":"","background-repeat":"repeat","background-position":"center center","background-size":"auto","background-attachment":"scroll","background-type":"","background-media":"","overlay-type":"","overlay-color":"","overlay-opacity":"","overlay-gradient":""}}},"product_brand":[],"product_cat":[80],"product_tag":[426,191,294,425,428,427,441],"class_list":{"0":"post-3619","1":"product","2":"type-product","3":"status-publish","4":"has-post-thumbnail","6":"product_cat-detske-dres-dortmund","7":"product_tag-detsky-dres-borussia-dortmund-2025-26","8":"product_tag-detsky-dres-s-vlastnym-menom-a-cislom","9":"product_tag-detsky-futbalovy-dres-2025-26","10":"product_tag-detsky-futbalovy-komplet-borussia-dortmund","11":"product_tag-detsky-futbalovy-komplet-bundesliga","12":"product_tag-futbalovy-dres-pre-deti-bvb","13":"product_tag-marcel-sabitzer-dres","14":"desktop-align-left","15":"tablet-align-left","16":"mobile-align-left","18":"first","19":"instock","20":"shipping-taxable","21":"purchasable","22":"product-type-variable"},"_links":{"self":[{"href":"https:\/\/www.drespredeti.com\/de\/wp-json\/wp\/v2\/product\/3619","targetHints":{"allow":["GET"]}}],"collection":[{"href":"https:\/\/www.drespredeti.com\/de\/wp-json\/wp\/v2\/product"}],"about":[{"href":"https:\/\/www.drespredeti.com\/de\/wp-json\/wp\/v2\/types\/product"}],"replies":[{"embeddable":true,"href":"https:\/\/www.drespredeti.com\/de\/wp-json\/wp\/v2\/comments?post=3619"}],"wp:featuredmedia":[{"embeddable":true,"href":"https:\/\/www.drespredeti.com\/de\/wp-json\/wp\/v2\/media\/3621"}],"wp:attachment":[{"href":"https:\/\/www.drespredeti.com\/de\/wp-json\/wp\/v2\/media?parent=3619"}],"wp:term":[{"taxonomy":"product_brand","embeddable":true,"href":"https:\/\/www.drespredeti.com\/de\/wp-json\/wp\/v2\/product_brand?post=3619"},{"taxonomy":"product_cat","embeddable":true,"href":"https:\/\/www.drespredeti.com\/de\/wp-json\/wp\/v2\/product_cat?post=3619"},{"taxonomy":"product_tag","embeddable":true,"href":"https:\/\/www.drespredeti.com\/de\/wp-json\/wp\/v2\/product_tag?post=3619"}],"curies":[{"name":"wp","href":"https:\/\/api.w.org\/{rel}","templated":true}]}}