{"id":3599,"date":"2026-01-31T06:59:15","date_gmt":"2026-01-31T05:59:15","guid":{"rendered":"https:\/\/www.futbalovedresysk.com\/?post_type=product&#038;p=3599"},"modified":"2026-01-31T06:59:16","modified_gmt":"2026-01-31T05:59:16","slug":"detsky-futbalovy-komplet-borussia-dortmund-pascal-gross-13-2025-26-prec","status":"publish","type":"product","link":"https:\/\/www.drespredeti.com\/de\/detsky-futbalovy-komplet-borussia-dortmund-pascal-gross-13-2025-26-prec\/","title":{"rendered":"Kinder-Fu\u00dfballset Borussia Dortmund Pascal Gross #13 2025-26 Vorbei"},"content":{"rendered":"<h3>Kindersportausr\u00fcstung Borussia Dortmund Pascal Gross #13 2025\/26 Vor- \u2013 Trikot + Hose<\/h3>\n<p>Kindersportausr\u00fcstung Borussia Dortmund Pascal Gross #13 2025\/26 Vor- ist die ideale Wahl f\u00fcr junge Fans von BVB, die ihren Lieblingclub im stilvollen Au\u00dfendrei tragen m\u00f6chten. Dieses Kindersportausr\u00fcstung Borussia Dortmund ist inspiriert vom offiziellen Away-Design der Saison 2025\/26 und bietet authentischen Look des Spielers Pascal Gross mit der Nummer 13.<\/p>\n<p>Das Set enth\u00e4lt ein Fu\u00dfballtrikot und eine Shorts aus hochwertigem, leichtem und atmungsaktivem Polyester, der Komfort w\u00e4hrend Training, Spiel und normalem Tragen garantiert. Das Material ist schnell trocknend, robust und geeignet f\u00fcr aktive Kinder. Der ergonomische Schnitt erm\u00f6glicht Bewegungsfreiheit und Tragekomfort \u00fcber den ganzen Tag.<\/p>\n<p>Ein gro\u00dfer Vorteil ist diePersonalisierung \u2013 eigener Name und Nummer, wodurch aus dem Kindertrikot ein einzigartiges St\u00fcck wird. Ob als Geschenk oder zum t\u00e4glichen Tragen, die Kinder-Fu\u00dfballtrikots-Komplett Borussia Dortmund erf\u00fcllt hohe Anspr\u00fcche an Qualit\u00e4t, Design und Funktionalit\u00e4t.<\/p>\n<p>Dieses Kinder-Fu\u00dfball-Komplett Borussia Dortmund ist f\u00fcr Kinder gedacht, die Fu\u00dfball, die Bundesliga lieben und sich wie echte Profis auf dem Platz und au\u00dferhalb f\u00fchlen m\u00f6chten.<\/p>","protected":false},"excerpt":{"rendered":"<p>Kindersportdress Borussia Dortmund Pascal Gross #13 2025\/26 Away \u2013 Trikot + Shorts Kindersportdress Borussia Dortmund Pascal Gross #13 2025\/26 Away ist die ideale Wahl f\u00fcr junge BVB-Fans, die ihren Lieblingsverein stilvoll im Ausw\u00e4rtstrikot unterst\u00fctzen m\u00f6chten. Dieses Kindersportdress Borussia Dortmund ist inspiriert vom offiziellen Away-Design der Saison 2025\/26 [\u2026]<\/p>","protected":false},"featured_media":3601,"comment_status":"open","ping_status":"closed","template":"","meta":{"site-sidebar-layout":"default","site-content-layout":"","ast-site-content-layout":"default","site-content-style":"default","site-sidebar-style":"default","ast-global-header-display":"","ast-banner-title-visibility":"","ast-main-header-display":"","ast-hfb-above-header-display":"","ast-hfb-below-header-display":"","ast-hfb-mobile-header-display":"","site-post-title":"","ast-breadcrumbs-content":"","ast-featured-img":"","footer-sml-layout":"","theme-transparent-header-meta":"default","adv-header-id-meta":"","stick-header-meta":"","header-above-stick-meta":"","header-main-stick-meta":"","header-below-stick-meta":"","astra-migrate-meta-layouts":"set","ast-page-background-enabled":"default","ast-page-background-meta":{"desktop":{"background-color":"var(--ast-global-color-4)","background-image":"","background-repeat":"repeat","background-position":"center center","background-size":"auto","background-attachment":"scroll","background-type":"","background-media":"","overlay-type":"","overlay-color":"","overlay-opacity":"","overlay-gradient":""},"tablet":{"background-color":"","background-image":"","background-repeat":"repeat","background-position":"center center","background-size":"auto","background-attachment":"scroll","background-type":"","background-media":"","overlay-type":"","overlay-color":"","overlay-opacity":"","overlay-gradient":""},"mobile":{"background-color":"","background-image":"","background-repeat":"repeat","background-position":"center center","background-size":"auto","background-attachment":"scroll","background-type":"","background-media":"","overlay-type":"","overlay-color":"","overlay-opacity":"","overlay-gradient":""}},"ast-content-background-meta":{"desktop":{"background-color":"var(--ast-global-color-5)","background-image":"","background-repeat":"repeat","background-position":"center center","background-size":"auto","background-attachment":"scroll","background-type":"","background-media":"","overlay-type":"","overlay-color":"","overlay-opacity":"","overlay-gradient":""},"tablet":{"background-color":"var(--ast-global-color-5)","background-image":"","background-repeat":"repeat","background-position":"center center","background-size":"auto","background-attachment":"scroll","background-type":"","background-media":"","overlay-type":"","overlay-color":"","overlay-opacity":"","overlay-gradient":""},"mobile":{"background-color":"var(--ast-global-color-5)","background-image":"","background-repeat":"repeat","background-position":"center center","background-size":"auto","background-attachment":"scroll","background-type":"","background-media":"","overlay-type":"","overlay-color":"","overlay-opacity":"","overlay-gradient":""}}},"product_brand":[],"product_cat":[80],"product_tag":[426,191,294,425,428,427,437],"class_list":{"0":"post-3599","1":"product","2":"type-product","3":"status-publish","4":"has-post-thumbnail","6":"product_cat-detske-dres-dortmund","7":"product_tag-detsky-dres-borussia-dortmund-2025-26","8":"product_tag-detsky-dres-s-vlastnym-menom-a-cislom","9":"product_tag-detsky-futbalovy-dres-2025-26","10":"product_tag-detsky-futbalovy-komplet-borussia-dortmund","11":"product_tag-detsky-futbalovy-komplet-bundesliga","12":"product_tag-futbalovy-dres-pre-deti-bvb","13":"product_tag-pascal-gross-dres","14":"desktop-align-left","15":"tablet-align-left","16":"mobile-align-left","18":"first","19":"instock","20":"shipping-taxable","21":"purchasable","22":"product-type-variable"},"_links":{"self":[{"href":"https:\/\/www.drespredeti.com\/de\/wp-json\/wp\/v2\/product\/3599","targetHints":{"allow":["GET"]}}],"collection":[{"href":"https:\/\/www.drespredeti.com\/de\/wp-json\/wp\/v2\/product"}],"about":[{"href":"https:\/\/www.drespredeti.com\/de\/wp-json\/wp\/v2\/types\/product"}],"replies":[{"embeddable":true,"href":"https:\/\/www.drespredeti.com\/de\/wp-json\/wp\/v2\/comments?post=3599"}],"wp:featuredmedia":[{"embeddable":true,"href":"https:\/\/www.drespredeti.com\/de\/wp-json\/wp\/v2\/media\/3601"}],"wp:attachment":[{"href":"https:\/\/www.drespredeti.com\/de\/wp-json\/wp\/v2\/media?parent=3599"}],"wp:term":[{"taxonomy":"product_brand","embeddable":true,"href":"https:\/\/www.drespredeti.com\/de\/wp-json\/wp\/v2\/product_brand?post=3599"},{"taxonomy":"product_cat","embeddable":true,"href":"https:\/\/www.drespredeti.com\/de\/wp-json\/wp\/v2\/product_cat?post=3599"},{"taxonomy":"product_tag","embeddable":true,"href":"https:\/\/www.drespredeti.com\/de\/wp-json\/wp\/v2\/product_tag?post=3599"}],"curies":[{"name":"wp","href":"https:\/\/api.w.org\/{rel}","templated":true}]}}