{"id":3444,"date":"2026-01-21T10:31:15","date_gmt":"2026-01-21T09:31:15","guid":{"rendered":"https:\/\/www.futbalovedresysk.com\/?post_type=product&#038;p=3444"},"modified":"2026-01-21T10:31:16","modified_gmt":"2026-01-21T09:31:16","slug":"detsky-futbalovy-dres-bayern-munich-konrad-laimer-27-2025-26-domaci-komplety","status":"publish","type":"product","link":"https:\/\/www.drespredeti.com\/de\/detsky-futbalovy-dres-bayern-munich-konrad-laimer-27-2025-26-domaci-komplety\/","title":{"rendered":"Kindersporttrikot Bayern M\u00fcnchen Konrad Laimer #27 2025-26 Heim-Teams"},"content":{"rendered":"<h3>Kinder-Fu\u00dfball-Trikot Bayern M\u00fcnchen 2025\/26 Heim-Set Konrad Laimer #27<\/h3>\n<p>Detsk\u00e9 Futbalov\u00e9 dresy Bayern Munich Harry Kane #9 2025-26 Dom\u00e1ci Komplety je ur\u010den\u00fd pre deti, Navrhnut\u00e9 \u0161peci\u00e1lne pre deti, ktor\u00e9 fandia Bayernu Mn\u00edchov.. Dom\u00e1ci dizajn sez\u00f3ny 2025\/26 nadv\u00e4zuje na tradi\u010dn\u00e9 klubov\u00e9 farby a modern\u00e9 prvky, v\u010faka \u010domu p\u00f4sob\u00ed autenticky a \u0161portovo. Tento Detsk\u00fd Futbalov\u00fd dres Bayern Munich je vhodn\u00fd na tr\u00e9ning, hru na ihrisku aj be\u017en\u00e9 nosenie.<\/p>\n<p><strong>Kinder-Fu\u00dfballtrikot Bayern Munich besteht aus hochwertigem, leichtem Polyester, der:<\/strong><\/p>\n<ul>\n<li>effektiv Feuchtigkeit ableitend<\/li>\n<li>l\u00e4sst sich auch nach intensiver Bewegung schnell trocknen<\/li>\n<li>ist angenehm zu ber\u00fchren und geeignet f\u00fcr empfindliche Kinderhaut<\/li>\n<\/ul>\n<p>Das Set enth\u00e4lt Trikot und Shorts, die bei sportlicher Bet\u00e4tigung freie Beweglichkeit erm\u00f6glichen. Strapazierf\u00e4hige N\u00e4hte und hochwertiger Druck gew\u00e4hrleisten eine lange Lebensdauer auch bei h\u00e4ufigem Waschen.<\/p>\n<p><strong>Name und Nummer \u2013 Personalisierung<\/strong><\/p>\n<p>Neben der Version Konrad Laimer #27 ist es m\u00f6glich, die Kinder-Fu\u00dfballtrikots Bayern M\u00fcnchen nach Wunsch anzupassen. Wir bieten die M\u00f6glichkeit der eigenen Druckname und -nummer, wodurch das Trikot zu einem pers\u00f6nlichen und einzigartigen St\u00fcck f\u00fcr jedes Kind wird.<\/p>\n<p><strong>Warum dieses Heim-Set w\u00e4hlen?<\/strong><\/p>\n<ul>\n<li>atmungsaktives und komfortables Material<\/li>\n<li>Geeignet f\u00fcr Sport, Training und Freizeit<\/li>\n<li>M\u00f6glichkeit f\u00fcr eigenen Namen und Nummer<\/li>\n<\/ul>\n<p><strong>Perfektes Geschenk f\u00fcr junge Fans<\/strong><\/p>\n<p>Wenn Sie nach einem zuverl\u00e4ssigen und stilvollen Kinder-Fussballtrikot von Bayern M\u00fcnchen suchen, bietet das Heimset Harry Kane #9 2025\/26 die ideale Kombination aus Vereinsidentit\u00e4t, Tragekomfort und Qualit\u00e4t. Dieses Kinder-Fu\u00dfballtrikot von Bayern M\u00fcnchen wird die Freude am Fu\u00dfball unterst\u00fctzen und den Kindern das Gef\u00fchl geben, Teil des Teams zu sein.<\/p>","protected":false},"excerpt":{"rendered":"<p>Kindershirt Bayern M\u00fcnchen Fu\u00dfball 2025\/26 Heim-Set Konrad Laimer #27 Kindershirt Bayern M\u00fcnchen Konrad Laimer #27 2025-26 Heim-Set ist f\u00fcr Kinder bestimmt, Speziell entworfen f\u00fcr Kinder, die Bayern M\u00fcnchen unterst\u00fctzen.. Das Heimdesign der Saison 2025\/26 kn\u00fcpft an die traditionellen Clubfarben und moderne Elemente an, wodurch es authentisch und sportlich wirkt. Dieses Kindersportshirt [\u2026]<\/p>","protected":false},"featured_media":3446,"comment_status":"open","ping_status":"closed","template":"","meta":{"site-sidebar-layout":"default","site-content-layout":"","ast-site-content-layout":"default","site-content-style":"default","site-sidebar-style":"default","ast-global-header-display":"","ast-banner-title-visibility":"","ast-main-header-display":"","ast-hfb-above-header-display":"","ast-hfb-below-header-display":"","ast-hfb-mobile-header-display":"","site-post-title":"","ast-breadcrumbs-content":"","ast-featured-img":"","footer-sml-layout":"","theme-transparent-header-meta":"default","adv-header-id-meta":"","stick-header-meta":"","header-above-stick-meta":"","header-main-stick-meta":"","header-below-stick-meta":"","astra-migrate-meta-layouts":"set","ast-page-background-enabled":"default","ast-page-background-meta":{"desktop":{"background-color":"var(--ast-global-color-4)","background-image":"","background-repeat":"repeat","background-position":"center center","background-size":"auto","background-attachment":"scroll","background-type":"","background-media":"","overlay-type":"","overlay-color":"","overlay-opacity":"","overlay-gradient":""},"tablet":{"background-color":"","background-image":"","background-repeat":"repeat","background-position":"center center","background-size":"auto","background-attachment":"scroll","background-type":"","background-media":"","overlay-type":"","overlay-color":"","overlay-opacity":"","overlay-gradient":""},"mobile":{"background-color":"","background-image":"","background-repeat":"repeat","background-position":"center center","background-size":"auto","background-attachment":"scroll","background-type":"","background-media":"","overlay-type":"","overlay-color":"","overlay-opacity":"","overlay-gradient":""}},"ast-content-background-meta":{"desktop":{"background-color":"var(--ast-global-color-5)","background-image":"","background-repeat":"repeat","background-position":"center center","background-size":"auto","background-attachment":"scroll","background-type":"","background-media":"","overlay-type":"","overlay-color":"","overlay-opacity":"","overlay-gradient":""},"tablet":{"background-color":"var(--ast-global-color-5)","background-image":"","background-repeat":"repeat","background-position":"center center","background-size":"auto","background-attachment":"scroll","background-type":"","background-media":"","overlay-type":"","overlay-color":"","overlay-opacity":"","overlay-gradient":""},"mobile":{"background-color":"var(--ast-global-color-5)","background-image":"","background-repeat":"repeat","background-position":"center center","background-size":"auto","background-attachment":"scroll","background-type":"","background-media":"","overlay-type":"","overlay-color":"","overlay-opacity":"","overlay-gradient":""}}},"product_brand":[],"product_cat":[75],"product_tag":[295,296,294,292,170,293,308],"class_list":{"0":"post-3444","1":"product","2":"type-product","3":"status-publish","4":"has-post-thumbnail","6":"product_cat-detske-dres-bayern-munich","7":"product_tag-bayern-munich-detsky-dres","8":"product_tag-bayern-munich-dres-s-menom-a-cislom","9":"product_tag-detsky-futbalovy-dres-2025-26","10":"product_tag-detsky-futbalovy-dres-bayern-munich","11":"product_tag-detsky-futbalovy-komplet","12":"product_tag-detsky-futbalovy-komplet-bayern-munich","13":"product_tag-konrad-laimer-dres","14":"desktop-align-left","15":"tablet-align-left","16":"mobile-align-left","18":"first","19":"instock","20":"shipping-taxable","21":"purchasable","22":"product-type-variable"},"_links":{"self":[{"href":"https:\/\/www.drespredeti.com\/de\/wp-json\/wp\/v2\/product\/3444","targetHints":{"allow":["GET"]}}],"collection":[{"href":"https:\/\/www.drespredeti.com\/de\/wp-json\/wp\/v2\/product"}],"about":[{"href":"https:\/\/www.drespredeti.com\/de\/wp-json\/wp\/v2\/types\/product"}],"replies":[{"embeddable":true,"href":"https:\/\/www.drespredeti.com\/de\/wp-json\/wp\/v2\/comments?post=3444"}],"wp:featuredmedia":[{"embeddable":true,"href":"https:\/\/www.drespredeti.com\/de\/wp-json\/wp\/v2\/media\/3446"}],"wp:attachment":[{"href":"https:\/\/www.drespredeti.com\/de\/wp-json\/wp\/v2\/media?parent=3444"}],"wp:term":[{"taxonomy":"product_brand","embeddable":true,"href":"https:\/\/www.drespredeti.com\/de\/wp-json\/wp\/v2\/product_brand?post=3444"},{"taxonomy":"product_cat","embeddable":true,"href":"https:\/\/www.drespredeti.com\/de\/wp-json\/wp\/v2\/product_cat?post=3444"},{"taxonomy":"product_tag","embeddable":true,"href":"https:\/\/www.drespredeti.com\/de\/wp-json\/wp\/v2\/product_tag?post=3444"}],"curies":[{"name":"wp","href":"https:\/\/api.w.org\/{rel}","templated":true}]}}