{"id":3007,"date":"2026-01-13T02:53:25","date_gmt":"2026-01-13T01:53:25","guid":{"rendered":"https:\/\/www.futbalovedresysk.com\/?post_type=product&#038;p=3007"},"modified":"2026-01-13T02:53:25","modified_gmt":"2026-01-13T01:53:25","slug":"detske-futbalove-dresy-liverpool-jeremie-frimpong-30-2025-26-tretina-komplety","status":"publish","type":"product","link":"https:\/\/www.drespredeti.com\/de\/detske-futbalove-dresy-liverpool-jeremie-frimpong-30-2025-26-tretina-komplety\/","title":{"rendered":"Kinder-Fu\u00dfballtrikots Liverpool Jeremie Frimpong #30 2025-26 Drittelsets"},"content":{"rendered":"<h3>Kinder-Fu\u00dfballtrikots Liverpool Jeremie Frimpong #30 2025\/26 \u2013 drittes Set<\/h3>\n<p>Diese Kinder-Fu\u00dfballtrikots Liverpool in der dritten Version f\u00fcr die Saison 2025\/26 bringen ein modernes Vereinsdesign in Kindergr\u00f6\u00dfe. Inspiriert vom offiziellen dritten Trikot von Liverpool FC, sind sie f\u00fcr junge Fans gedacht, die den dynamischen Spielstil von Jeremie Frimpong #30 bewundern.<\/p>\n<p>Das Kinder-Fu\u00dfballset ist auf Funktionalit\u00e4t und Komfort ausgelegt. Das leichte Sportmaterial sorgt f\u00fcr gute Luftzirkulation und angenehmes Tragen w\u00e4hrend des Spiels und in der Freizeit. Das Set enth\u00e4lt ein Trikot und passende Shorts, ideal f\u00fcr Training, Spiele oder Freizeitaktivit\u00e4ten.<\/p>\n<p><strong>Produkteigenschaften<\/strong><\/p>\n<ul>\n<li>Kinder-Fu\u00dfballtrikots Liverpool \u2013 drittes Set 2025\/26<\/li>\n<li>Replik mit dem Namen Jeremie Frimpong und der Nummer 30<\/li>\n<li>Komplettes Kinder-Fu\u00dfballset (Trikot + Shorts)<\/li>\n<li>Atmungsaktives und schnell trocknendes Material<\/li>\n<li>Geeignet f\u00fcr Sport und Alltag<\/li>\n<li>Gro\u00dfe Wahl f\u00fcr junge Liverpool FC Fans<\/li>\n<li><strong>M\u00f6glichkeit f\u00fcr eigenen Namen und Nummer<\/strong><\/li>\n<\/ul>","protected":false},"excerpt":{"rendered":"<p>Detsk\u00e9 futbalov\u00e9 dresy Liverpool Jeremie Frimpong #30 2025\/26 \u2013 tret\u00ed komplet Tieto Detsk\u00e9 futbalov\u00e9 dresy Liverpool v tretej verzii pre sez\u00f3nu 2025\/26 prin\u00e1\u0161aj\u00fa modern\u00fd klubov\u00fd vzh\u013ead v detskom vyhotoven\u00ed. In\u0161pirovan\u00e9 ofici\u00e1lnym tret\u00edm dresom Liverpool FC, s\u00fa ur\u010den\u00e9 pre mlad\u00fdch fan\u00fa\u0161ikov, ktor\u00ed obdivuj\u00fa dynamick\u00fd \u0161t\u00fdl hry Jeremie Frimpong #30. Detsk\u00fd futbalov\u00fd komplet je navrhnut\u00fd s d\u00f4razom [&hellip;]<\/p>","protected":false},"featured_media":3009,"comment_status":"open","ping_status":"closed","template":"","meta":{"site-sidebar-layout":"default","site-content-layout":"","ast-site-content-layout":"default","site-content-style":"default","site-sidebar-style":"default","ast-global-header-display":"","ast-banner-title-visibility":"","ast-main-header-display":"","ast-hfb-above-header-display":"","ast-hfb-below-header-display":"","ast-hfb-mobile-header-display":"","site-post-title":"","ast-breadcrumbs-content":"","ast-featured-img":"","footer-sml-layout":"","theme-transparent-header-meta":"default","adv-header-id-meta":"","stick-header-meta":"","header-above-stick-meta":"","header-main-stick-meta":"","header-below-stick-meta":"","astra-migrate-meta-layouts":"set","ast-page-background-enabled":"default","ast-page-background-meta":{"desktop":{"background-color":"var(--ast-global-color-4)","background-image":"","background-repeat":"repeat","background-position":"center center","background-size":"auto","background-attachment":"scroll","background-type":"","background-media":"","overlay-type":"","overlay-color":"","overlay-opacity":"","overlay-gradient":""},"tablet":{"background-color":"","background-image":"","background-repeat":"repeat","background-position":"center center","background-size":"auto","background-attachment":"scroll","background-type":"","background-media":"","overlay-type":"","overlay-color":"","overlay-opacity":"","overlay-gradient":""},"mobile":{"background-color":"","background-image":"","background-repeat":"repeat","background-position":"center center","background-size":"auto","background-attachment":"scroll","background-type":"","background-media":"","overlay-type":"","overlay-color":"","overlay-opacity":"","overlay-gradient":""}},"ast-content-background-meta":{"desktop":{"background-color":"var(--ast-global-color-5)","background-image":"","background-repeat":"repeat","background-position":"center center","background-size":"auto","background-attachment":"scroll","background-type":"","background-media":"","overlay-type":"","overlay-color":"","overlay-opacity":"","overlay-gradient":""},"tablet":{"background-color":"var(--ast-global-color-5)","background-image":"","background-repeat":"repeat","background-position":"center center","background-size":"auto","background-attachment":"scroll","background-type":"","background-media":"","overlay-type":"","overlay-color":"","overlay-opacity":"","overlay-gradient":""},"mobile":{"background-color":"var(--ast-global-color-5)","background-image":"","background-repeat":"repeat","background-position":"center center","background-size":"auto","background-attachment":"scroll","background-type":"","background-media":"","overlay-type":"","overlay-color":"","overlay-opacity":"","overlay-gradient":""}}},"product_brand":[],"product_cat":[74],"product_tag":[130,168,170,175,169,138],"class_list":{"0":"post-3007","1":"product","2":"type-product","3":"status-publish","4":"has-post-thumbnail","6":"product_cat-detske-dres-liverpool","7":"product_tag-detske-futbalove-dresy","8":"product_tag-detske-futbalove-dresy-liverpool","9":"product_tag-detsky-futbalovy-komplet","10":"product_tag-jeremie-frimpong-dres","11":"product_tag-liverpool-dres-pre-deti","12":"product_tag-personalizovany-dres","13":"desktop-align-left","14":"tablet-align-left","15":"mobile-align-left","17":"first","18":"instock","19":"shipping-taxable","20":"purchasable","21":"product-type-variable"},"_links":{"self":[{"href":"https:\/\/www.drespredeti.com\/de\/wp-json\/wp\/v2\/product\/3007","targetHints":{"allow":["GET"]}}],"collection":[{"href":"https:\/\/www.drespredeti.com\/de\/wp-json\/wp\/v2\/product"}],"about":[{"href":"https:\/\/www.drespredeti.com\/de\/wp-json\/wp\/v2\/types\/product"}],"replies":[{"embeddable":true,"href":"https:\/\/www.drespredeti.com\/de\/wp-json\/wp\/v2\/comments?post=3007"}],"wp:featuredmedia":[{"embeddable":true,"href":"https:\/\/www.drespredeti.com\/de\/wp-json\/wp\/v2\/media\/3009"}],"wp:attachment":[{"href":"https:\/\/www.drespredeti.com\/de\/wp-json\/wp\/v2\/media?parent=3007"}],"wp:term":[{"taxonomy":"product_brand","embeddable":true,"href":"https:\/\/www.drespredeti.com\/de\/wp-json\/wp\/v2\/product_brand?post=3007"},{"taxonomy":"product_cat","embeddable":true,"href":"https:\/\/www.drespredeti.com\/de\/wp-json\/wp\/v2\/product_cat?post=3007"},{"taxonomy":"product_tag","embeddable":true,"href":"https:\/\/www.drespredeti.com\/de\/wp-json\/wp\/v2\/product_tag?post=3007"}],"curies":[{"name":"wp","href":"https:\/\/api.w.org\/{rel}","templated":true}]}}