{"id":2987,"date":"2026-01-13T02:52:54","date_gmt":"2026-01-13T01:52:54","guid":{"rendered":"https:\/\/www.futbalovedresysk.com\/?post_type=product&#038;p=2987"},"modified":"2026-01-13T02:52:54","modified_gmt":"2026-01-13T01:52:54","slug":"detske-futbalove-dresy-liverpool-andrew-robertson-26-2025-26-domaci-komplety","status":"publish","type":"product","link":"https:\/\/www.drespredeti.com\/de\/detske-futbalove-dresy-liverpool-andrew-robertson-26-2025-26-domaci-komplety\/","title":{"rendered":"Kinder-Fu\u00dfballtrikots Liverpool Andrew Robertson #26 2025-26 Heimsets"},"content":{"rendered":"<h3>Kinder-Fu\u00dfballtrikots Liverpool Heim 2025\/26 Andrew Robertson #26 | Komplettset f\u00fcr Kinder<\/h3>\n<p>Diese Kinder-Fu\u00dfballtrikots Liverpool in der Heimversion f\u00fcr die Saison 2025\/26 bringen einen ikonischen Vereinslook im Kinderdesign. Das Design basiert auf dem offiziellen Heimtrikot des Liverpool FC und ist f\u00fcr junge Fans gedacht, die ihre Lieblingsvereinsfarben beim Spielen und in der Freizeit tragen m\u00f6chten. Das Trikot ist vom Spieler Ryan Gravenberch #38 inspiriert.<\/p>\n<p>Das Set ist aus hochwertigem Sportmaterial gefertigt, das weich, leicht und f\u00fcr den ganzt\u00e4gigen Gebrauch geeignet ist. Der Schnitt ist auf Kinder angepasst und erm\u00f6glicht nat\u00fcrliche Bewegungsfreiheit ohne Einschr\u00e4nkung. Im Paket sind Shorts enthalten, die ein abgestimmtes Fu\u00dfballset bilden, bereit f\u00fcr Training oder Spiel.<\/p>\n<p>Diese Kinder-Fu\u00dfballtrikots Liverpool bieten die M\u00f6glichkeit, den eigenen Namen und die Nummer zu w\u00e4hlen. Statt des Spielernamens k\u00f6nnen Sie den Namen des Kindes oder eine andere Nummer w\u00e4hlen, wodurch ein einzigartiges und pers\u00f6nliches Trikot entsteht.<\/p>","protected":false},"excerpt":{"rendered":"<p>Kinderfu\u00dfballtrikots Liverpool Heim 2025\/26 Federico Chiesa #14 | Komplettset f\u00fcr Kinder Diese Kinderfu\u00dfballtrikots Liverpool in der Heimversion f\u00fcr die Saison 2025\/26 bringen ein ikonisches Vereinsdesign in kindgerechter Ausf\u00fchrung. Das Design basiert auf dem offiziellen Heimtrikot des Liverpool FC und ist f\u00fcr junge Fans gedacht, die die Farben ihres Lieblingsvereins beim Spielen tragen m\u00f6chten [\u2026]<\/p>","protected":false},"featured_media":2989,"comment_status":"open","ping_status":"closed","template":"","meta":{"site-sidebar-layout":"default","site-content-layout":"","ast-site-content-layout":"default","site-content-style":"default","site-sidebar-style":"default","ast-global-header-display":"","ast-banner-title-visibility":"","ast-main-header-display":"","ast-hfb-above-header-display":"","ast-hfb-below-header-display":"","ast-hfb-mobile-header-display":"","site-post-title":"","ast-breadcrumbs-content":"","ast-featured-img":"","footer-sml-layout":"","theme-transparent-header-meta":"default","adv-header-id-meta":"","stick-header-meta":"","header-above-stick-meta":"","header-main-stick-meta":"","header-below-stick-meta":"","astra-migrate-meta-layouts":"set","ast-page-background-enabled":"default","ast-page-background-meta":{"desktop":{"background-color":"var(--ast-global-color-4)","background-image":"","background-repeat":"repeat","background-position":"center center","background-size":"auto","background-attachment":"scroll","background-type":"","background-media":"","overlay-type":"","overlay-color":"","overlay-opacity":"","overlay-gradient":""},"tablet":{"background-color":"","background-image":"","background-repeat":"repeat","background-position":"center center","background-size":"auto","background-attachment":"scroll","background-type":"","background-media":"","overlay-type":"","overlay-color":"","overlay-opacity":"","overlay-gradient":""},"mobile":{"background-color":"","background-image":"","background-repeat":"repeat","background-position":"center center","background-size":"auto","background-attachment":"scroll","background-type":"","background-media":"","overlay-type":"","overlay-color":"","overlay-opacity":"","overlay-gradient":""}},"ast-content-background-meta":{"desktop":{"background-color":"var(--ast-global-color-5)","background-image":"","background-repeat":"repeat","background-position":"center center","background-size":"auto","background-attachment":"scroll","background-type":"","background-media":"","overlay-type":"","overlay-color":"","overlay-opacity":"","overlay-gradient":""},"tablet":{"background-color":"var(--ast-global-color-5)","background-image":"","background-repeat":"repeat","background-position":"center center","background-size":"auto","background-attachment":"scroll","background-type":"","background-media":"","overlay-type":"","overlay-color":"","overlay-opacity":"","overlay-gradient":""},"mobile":{"background-color":"var(--ast-global-color-5)","background-image":"","background-repeat":"repeat","background-position":"center center","background-size":"auto","background-attachment":"scroll","background-type":"","background-media":"","overlay-type":"","overlay-color":"","overlay-opacity":"","overlay-gradient":""}}},"product_brand":[],"product_cat":[74],"product_tag":[176,130,168,170,169,138],"class_list":{"0":"post-2987","1":"product","2":"type-product","3":"status-publish","4":"has-post-thumbnail","6":"product_cat-detske-dres-liverpool","7":"product_tag-andrew-robertson-dres","8":"product_tag-detske-futbalove-dresy","9":"product_tag-detske-futbalove-dresy-liverpool","10":"product_tag-detsky-futbalovy-komplet","11":"product_tag-liverpool-dres-pre-deti","12":"product_tag-personalizovany-dres","13":"desktop-align-left","14":"tablet-align-left","15":"mobile-align-left","17":"first","18":"instock","19":"shipping-taxable","20":"purchasable","21":"product-type-variable"},"_links":{"self":[{"href":"https:\/\/www.drespredeti.com\/de\/wp-json\/wp\/v2\/product\/2987","targetHints":{"allow":["GET"]}}],"collection":[{"href":"https:\/\/www.drespredeti.com\/de\/wp-json\/wp\/v2\/product"}],"about":[{"href":"https:\/\/www.drespredeti.com\/de\/wp-json\/wp\/v2\/types\/product"}],"replies":[{"embeddable":true,"href":"https:\/\/www.drespredeti.com\/de\/wp-json\/wp\/v2\/comments?post=2987"}],"wp:featuredmedia":[{"embeddable":true,"href":"https:\/\/www.drespredeti.com\/de\/wp-json\/wp\/v2\/media\/2989"}],"wp:attachment":[{"href":"https:\/\/www.drespredeti.com\/de\/wp-json\/wp\/v2\/media?parent=2987"}],"wp:term":[{"taxonomy":"product_brand","embeddable":true,"href":"https:\/\/www.drespredeti.com\/de\/wp-json\/wp\/v2\/product_brand?post=2987"},{"taxonomy":"product_cat","embeddable":true,"href":"https:\/\/www.drespredeti.com\/de\/wp-json\/wp\/v2\/product_cat?post=2987"},{"taxonomy":"product_tag","embeddable":true,"href":"https:\/\/www.drespredeti.com\/de\/wp-json\/wp\/v2\/product_tag?post=2987"}],"curies":[{"name":"wp","href":"https:\/\/api.w.org\/{rel}","templated":true}]}}