{"id":2983,"date":"2026-01-13T02:53:03","date_gmt":"2026-01-13T01:53:03","guid":{"rendered":"https:\/\/www.futbalovedresysk.com\/?post_type=product&#038;p=2983"},"modified":"2026-01-13T02:53:04","modified_gmt":"2026-01-13T01:53:04","slug":"detske-futbalove-dresy-liverpool-curtis-jones-17-2025-26-tretina-komplety","status":"publish","type":"product","link":"https:\/\/www.drespredeti.com\/de\/detske-futbalove-dresy-liverpool-curtis-jones-17-2025-26-tretina-komplety\/","title":{"rendered":"Kinder-Fu\u00dfballtrikots Liverpool Curtis Jones #17 2025-26 Drittelsets"},"content":{"rendered":"<h3>Kinder-Fu\u00dfballtrikots Liverpool Curtis Jones #17 2025\/26 \u2013 drittes Set<\/h3>\n<p>Diese Kinder-Fu\u00dfballtrikots Liverpool in der dritten Version f\u00fcr die Saison 2025\/26 bringen ein modernes Vereinsdesign in Kindergr\u00f6\u00dfe. Inspiriert vom offiziellen dritten Trikot von Liverpool FC, sind sie f\u00fcr junge Fans gedacht, die den dynamischen Spielstil von Curtis Jones #17 bewundern.<\/p>\n<p>Das Kinder-Fu\u00dfballset ist auf Funktionalit\u00e4t und Komfort ausgelegt. Das leichte Sportmaterial sorgt f\u00fcr gute Luftzirkulation und angenehmes Tragen w\u00e4hrend des Spiels und in der Freizeit. Das Set enth\u00e4lt ein Trikot und passende Shorts, ideal f\u00fcr Training, Spiele oder Freizeitaktivit\u00e4ten.<\/p>\n<p><strong>Produkteigenschaften<\/strong><\/p>\n<ul>\n<li>Kinder-Fu\u00dfballtrikots Liverpool \u2013 drittes Set 2025\/26<\/li>\n<li>Replik mit Namen Curtis Jones und Nummer 17<\/li>\n<li>Komplettes Kinder-Fu\u00dfballset (Trikot + Shorts)<\/li>\n<li>Atmungsaktives und schnell trocknendes Material<\/li>\n<li>Geeignet f\u00fcr Sport und Alltag<\/li>\n<li>Gro\u00dfe Wahl f\u00fcr junge Liverpool FC Fans<\/li>\n<li><strong>M\u00f6glichkeit f\u00fcr eigenen Namen und Nummer<\/strong><\/li>\n<\/ul>","protected":false},"excerpt":{"rendered":"<p>Kindersporttrikots Liverpool Curtis Jones #17 2025\/26 \u2013 Drittes Set Diese Kinderfu\u00dfballtrikots Liverpool in der dritten Version f\u00fcr die Saison 2025\/26 bringen ein modernes Vereinsdesign in kindgerechter Ausf\u00fchrung. Inspiriert vom offiziellen dritten Trikot des Liverpool FC, sind sie f\u00fcr junge Fans gedacht, die den dynamischen Spielstil von Curtis Jones #17 bewundern. Das Kinderfu\u00dfballset ist mit Augenmerk auf [\u2026]<\/p>","protected":false},"featured_media":2985,"comment_status":"open","ping_status":"closed","template":"","meta":{"site-sidebar-layout":"default","site-content-layout":"","ast-site-content-layout":"default","site-content-style":"default","site-sidebar-style":"default","ast-global-header-display":"","ast-banner-title-visibility":"","ast-main-header-display":"","ast-hfb-above-header-display":"","ast-hfb-below-header-display":"","ast-hfb-mobile-header-display":"","site-post-title":"","ast-breadcrumbs-content":"","ast-featured-img":"","footer-sml-layout":"","theme-transparent-header-meta":"default","adv-header-id-meta":"","stick-header-meta":"","header-above-stick-meta":"","header-main-stick-meta":"","header-below-stick-meta":"","astra-migrate-meta-layouts":"set","ast-page-background-enabled":"default","ast-page-background-meta":{"desktop":{"background-color":"var(--ast-global-color-4)","background-image":"","background-repeat":"repeat","background-position":"center center","background-size":"auto","background-attachment":"scroll","background-type":"","background-media":"","overlay-type":"","overlay-color":"","overlay-opacity":"","overlay-gradient":""},"tablet":{"background-color":"","background-image":"","background-repeat":"repeat","background-position":"center center","background-size":"auto","background-attachment":"scroll","background-type":"","background-media":"","overlay-type":"","overlay-color":"","overlay-opacity":"","overlay-gradient":""},"mobile":{"background-color":"","background-image":"","background-repeat":"repeat","background-position":"center center","background-size":"auto","background-attachment":"scroll","background-type":"","background-media":"","overlay-type":"","overlay-color":"","overlay-opacity":"","overlay-gradient":""}},"ast-content-background-meta":{"desktop":{"background-color":"var(--ast-global-color-5)","background-image":"","background-repeat":"repeat","background-position":"center center","background-size":"auto","background-attachment":"scroll","background-type":"","background-media":"","overlay-type":"","overlay-color":"","overlay-opacity":"","overlay-gradient":""},"tablet":{"background-color":"var(--ast-global-color-5)","background-image":"","background-repeat":"repeat","background-position":"center center","background-size":"auto","background-attachment":"scroll","background-type":"","background-media":"","overlay-type":"","overlay-color":"","overlay-opacity":"","overlay-gradient":""},"mobile":{"background-color":"var(--ast-global-color-5)","background-image":"","background-repeat":"repeat","background-position":"center center","background-size":"auto","background-attachment":"scroll","background-type":"","background-media":"","overlay-type":"","overlay-color":"","overlay-opacity":"","overlay-gradient":""}}},"product_brand":[],"product_cat":[74],"product_tag":[174,130,168,170,169,138],"class_list":{"0":"post-2983","1":"product","2":"type-product","3":"status-publish","4":"has-post-thumbnail","6":"product_cat-detske-dres-liverpool","7":"product_tag-curtis-jones-dres","8":"product_tag-detske-futbalove-dresy","9":"product_tag-detske-futbalove-dresy-liverpool","10":"product_tag-detsky-futbalovy-komplet","11":"product_tag-liverpool-dres-pre-deti","12":"product_tag-personalizovany-dres","13":"desktop-align-left","14":"tablet-align-left","15":"mobile-align-left","17":"first","18":"instock","19":"shipping-taxable","20":"purchasable","21":"product-type-variable"},"_links":{"self":[{"href":"https:\/\/www.drespredeti.com\/de\/wp-json\/wp\/v2\/product\/2983","targetHints":{"allow":["GET"]}}],"collection":[{"href":"https:\/\/www.drespredeti.com\/de\/wp-json\/wp\/v2\/product"}],"about":[{"href":"https:\/\/www.drespredeti.com\/de\/wp-json\/wp\/v2\/types\/product"}],"replies":[{"embeddable":true,"href":"https:\/\/www.drespredeti.com\/de\/wp-json\/wp\/v2\/comments?post=2983"}],"wp:featuredmedia":[{"embeddable":true,"href":"https:\/\/www.drespredeti.com\/de\/wp-json\/wp\/v2\/media\/2985"}],"wp:attachment":[{"href":"https:\/\/www.drespredeti.com\/de\/wp-json\/wp\/v2\/media?parent=2983"}],"wp:term":[{"taxonomy":"product_brand","embeddable":true,"href":"https:\/\/www.drespredeti.com\/de\/wp-json\/wp\/v2\/product_brand?post=2983"},{"taxonomy":"product_cat","embeddable":true,"href":"https:\/\/www.drespredeti.com\/de\/wp-json\/wp\/v2\/product_cat?post=2983"},{"taxonomy":"product_tag","embeddable":true,"href":"https:\/\/www.drespredeti.com\/de\/wp-json\/wp\/v2\/product_tag?post=2983"}],"curies":[{"name":"wp","href":"https:\/\/api.w.org\/{rel}","templated":true}]}}