{"id":298,"date":"2026-01-12T07:26:42","date_gmt":"2026-01-12T06:26:42","guid":{"rendered":"https:\/\/www.futbalovedresysk.com\/?post_type=product&#038;p=298"},"modified":"2026-01-12T07:58:34","modified_gmt":"2026-01-12T06:58:34","slug":"detsky-barcelona-tretina-2025-26-futbalovy-komplet","status":"publish","type":"product","link":"https:\/\/www.drespredeti.com\/de\/detsky-barcelona-tretina-2025-26-futbalovy-komplet\/","title":{"rendered":"Kinder Barcelona Tretina 2025-26 Fu\u00dfballset"},"content":{"rendered":"<h3>Kinder Barcelona Tretina 2025-26 \u2013 Kinderfu\u00dfballset mit Namen<\/h3>\n<p>Wir pr\u00e4sentieren das Kinderfu\u00dfballset Barcelona Tretina 2025-26, entworfen f\u00fcr junge Fans, die die n\u00e4chste Generation von Fu\u00dfballtalenten verfolgen. Das Set enth\u00e4lt ein Trikot mit kurzen \u00c4rmeln und Shorts im dritten Design des Clubs f\u00fcr die aktuelle Saison.<\/p>\n<ul>\n<li>Drittes Vereinsdesign 2025-26: Andersartiges, modernes Aussehen f\u00fcr Fans, die etwas Besonderes wollen.<\/li>\n<li>Tragekomfort: Das Material ist leicht, atmungsaktiv und geeignet f\u00fcr aktive Bewegungen sowie den t\u00e4glichen Gebrauch.<\/li>\n<li>Verarbeitungsqualit\u00e4t: F\u00fcr Kinder \u2013 feste N\u00e4hte und Farben, die auch nach wiederholtem Waschen ihren Look behalten.<\/li>\n<li><strong>\u00c4nderungsm\u00f6glichkeit auf Wunsch<\/strong>: Erg\u00e4nzbar mit eigenem Namen und Nummer, wodurch jedes Set eine pers\u00f6nliche Note erh\u00e4lt.<\/li>\n<\/ul>\n<p>Dieses Kinderfu\u00dfballset Barcelona Tretina 2025-26 ist die ideale Wahl f\u00fcr Kinder, die ihren Stil ausdr\u00fccken, ihren Lieblingsspieler unterst\u00fctzen und sich bei jedem Spiel wohl f\u00fchlen m\u00f6chten.<\/p>","protected":false},"excerpt":{"rendered":"<p>Detsk\u00fd Barcelona Tretina 2025-26 \u2013 detsk\u00fd futbalov\u00fd komplet s menom Predstavujeme detsk\u00fd futbalov\u00fd komplet Barcelona Tretina 2025-26, navrhnut\u00fd pre mlad\u00fdch fan\u00fa\u0161ikov, ktor\u00ed sleduj\u00fa nov\u00fa gener\u00e1ciu futbalov\u00fdch talentov. S\u00faprava obsahuje dres s kr\u00e1tkym ruk\u00e1vom a \u0161ortky v tre\u0165om dizajne klubu pre aktu\u00e1lnu sez\u00f3nu. Tret\u00ed klubov\u00fd dizajn 2025-26: Odli\u0161n\u00fd, modern\u00fd vzh\u013ead pre fan\u00fa\u0161ikov, ktor\u00ed chc\u00fa nie\u010do v\u00fdnimo\u010dn\u00e9. [&hellip;]<\/p>","protected":false},"featured_media":300,"comment_status":"open","ping_status":"closed","template":"","meta":{"site-sidebar-layout":"default","site-content-layout":"","ast-site-content-layout":"default","site-content-style":"default","site-sidebar-style":"default","ast-global-header-display":"","ast-banner-title-visibility":"","ast-main-header-display":"","ast-hfb-above-header-display":"","ast-hfb-below-header-display":"","ast-hfb-mobile-header-display":"","site-post-title":"","ast-breadcrumbs-content":"","ast-featured-img":"","footer-sml-layout":"","theme-transparent-header-meta":"default","adv-header-id-meta":"","stick-header-meta":"","header-above-stick-meta":"","header-main-stick-meta":"","header-below-stick-meta":"","astra-migrate-meta-layouts":"set","ast-page-background-enabled":"default","ast-page-background-meta":{"desktop":{"background-color":"var(--ast-global-color-4)","background-image":"","background-repeat":"repeat","background-position":"center center","background-size":"auto","background-attachment":"scroll","background-type":"","background-media":"","overlay-type":"","overlay-color":"","overlay-opacity":"","overlay-gradient":""},"tablet":{"background-color":"","background-image":"","background-repeat":"repeat","background-position":"center center","background-size":"auto","background-attachment":"scroll","background-type":"","background-media":"","overlay-type":"","overlay-color":"","overlay-opacity":"","overlay-gradient":""},"mobile":{"background-color":"","background-image":"","background-repeat":"repeat","background-position":"center center","background-size":"auto","background-attachment":"scroll","background-type":"","background-media":"","overlay-type":"","overlay-color":"","overlay-opacity":"","overlay-gradient":""}},"ast-content-background-meta":{"desktop":{"background-color":"var(--ast-global-color-5)","background-image":"","background-repeat":"repeat","background-position":"center center","background-size":"auto","background-attachment":"scroll","background-type":"","background-media":"","overlay-type":"","overlay-color":"","overlay-opacity":"","overlay-gradient":""},"tablet":{"background-color":"var(--ast-global-color-5)","background-image":"","background-repeat":"repeat","background-position":"center center","background-size":"auto","background-attachment":"scroll","background-type":"","background-media":"","overlay-type":"","overlay-color":"","overlay-opacity":"","overlay-gradient":""},"mobile":{"background-color":"var(--ast-global-color-5)","background-image":"","background-repeat":"repeat","background-position":"center center","background-size":"auto","background-attachment":"scroll","background-type":"","background-media":"","overlay-type":"","overlay-color":"","overlay-opacity":"","overlay-gradient":""}}},"product_brand":[],"product_cat":[70],"product_tag":[141,137,133,139,140,138],"class_list":{"0":"post-298","1":"product","2":"type-product","3":"status-publish","4":"has-post-thumbnail","6":"product_cat-detske-dres-barcelona","7":"product_tag-barcelona-dres-2025-26","8":"product_tag-detsky-barcelona","9":"product_tag-detsky-futbalovy-dres","10":"product_tag-dres-s-vlastnym-menom","11":"product_tag-futbalovy-dres-pre-deti","12":"product_tag-personalizovany-dres","13":"desktop-align-left","14":"tablet-align-left","15":"mobile-align-left","17":"first","18":"instock","19":"shipping-taxable","20":"purchasable","21":"product-type-variable"},"_links":{"self":[{"href":"https:\/\/www.drespredeti.com\/de\/wp-json\/wp\/v2\/product\/298","targetHints":{"allow":["GET"]}}],"collection":[{"href":"https:\/\/www.drespredeti.com\/de\/wp-json\/wp\/v2\/product"}],"about":[{"href":"https:\/\/www.drespredeti.com\/de\/wp-json\/wp\/v2\/types\/product"}],"replies":[{"embeddable":true,"href":"https:\/\/www.drespredeti.com\/de\/wp-json\/wp\/v2\/comments?post=298"}],"wp:featuredmedia":[{"embeddable":true,"href":"https:\/\/www.drespredeti.com\/de\/wp-json\/wp\/v2\/media\/300"}],"wp:attachment":[{"href":"https:\/\/www.drespredeti.com\/de\/wp-json\/wp\/v2\/media?parent=298"}],"wp:term":[{"taxonomy":"product_brand","embeddable":true,"href":"https:\/\/www.drespredeti.com\/de\/wp-json\/wp\/v2\/product_brand?post=298"},{"taxonomy":"product_cat","embeddable":true,"href":"https:\/\/www.drespredeti.com\/de\/wp-json\/wp\/v2\/product_cat?post=298"},{"taxonomy":"product_tag","embeddable":true,"href":"https:\/\/www.drespredeti.com\/de\/wp-json\/wp\/v2\/product_tag?post=298"}],"curies":[{"name":"wp","href":"https:\/\/api.w.org\/{rel}","templated":true}]}}