{"id":2979,"date":"2026-01-13T02:52:05","date_gmt":"2026-01-13T01:52:05","guid":{"rendered":"https:\/\/www.futbalovedresysk.com\/?post_type=product&#038;p=2979"},"modified":"2026-01-13T02:52:10","modified_gmt":"2026-01-13T01:52:10","slug":"detske-futbalove-dresy-liverpool-curtis-jones-17-2025-26-prec-komplety","status":"publish","type":"product","link":"https:\/\/www.drespredeti.com\/de\/detske-futbalove-dresy-liverpool-curtis-jones-17-2025-26-prec-komplety\/","title":{"rendered":"Kinder-Fu\u00dfballtrikots Liverpool Curtis Jones #17 2025-26 Ausw\u00e4rtssets"},"content":{"rendered":"<h3>Kinder-Fu\u00dfballtrikots Liverpool Curtis Jones #17 2025\/26 \u2013 Ausw\u00e4rtstrikot<\/h3>\n<p>Diese Kinder-Fu\u00dfballtrikots Liverpool in der Ausw\u00e4rtsversion (Vorbei) f\u00fcr die Saison 2025\/26 sind f\u00fcr junge Fu\u00dfballspieler und Liverpool FC-Fans konzipiert, die modern und sportlich auftreten m\u00f6chten. Das Design basiert auf dem offiziellen Ausw\u00e4rtstrikot des Vereins und bietet ein frisches Aussehen, das auf Kinder zugeschnitten ist. Das Trikot ist vom Spieler Ryan Gravenberch #38 inspiriert.<\/p>\n<p>Das verwendete Funktionsmaterial ist leicht, angenehm zu tragen und geeignet f\u00fcr aktive Bewegungen. Der Schnitt erm\u00f6glicht Bewegungsfreiheit beim Spiel, w\u00e4hrend das atmungsaktive Gewebe hilft, den Komfort auch bei intensivem Training zu erhalten. Im Set sind passende Shorts enthalten, sodass es sich um ein komplettes Kinder-Fu\u00dfballset handelt.<\/p>\n<p>Diese Kinder-Fu\u00dfballtrikots Liverpool k\u00f6nnen mit eigenem Namen und Nummer personalisiert werden. Sie k\u00f6nnen den Namen des Kindes oder eine andere bevorzugte Nummer w\u00e4hlen und so ein einzigartiges Trikot erstellen, das den pers\u00f6nlichen Stil widerspiegelt.<\/p>","protected":false},"excerpt":{"rendered":"<p>Detsk\u00e9 futbalov\u00e9 dresy Liverpool Curtis Jones #17 2025\/26 \u2013 vonkaj\u0161\u00ed komplet Tieto Detsk\u00e9 futbalov\u00e9 dresy Liverpool v vonkaj\u0161ej verzii (Pre\u010d) pre sez\u00f3nu 2025\/26 s\u00fa navrhnut\u00e9 pre mlad\u00fdch futbalistov a fan\u00fa\u0161ikov Liverpool FC, ktor\u00ed chc\u00fa vynikn\u00fa\u0165 modern\u00fdm a \u0161portov\u00fdm \u0161t\u00fdlom. Dizajn vych\u00e1dza z ofici\u00e1lneho vonkaj\u0161ieho dresu klubu a prin\u00e1\u0161a svie\u017ei vzh\u013ead prisp\u00f4soben\u00fd de\u0165om. Dres je in\u0161pirovan\u00fd [&hellip;]<\/p>","protected":false},"featured_media":2981,"comment_status":"open","ping_status":"closed","template":"","meta":{"site-sidebar-layout":"default","site-content-layout":"","ast-site-content-layout":"default","site-content-style":"default","site-sidebar-style":"default","ast-global-header-display":"","ast-banner-title-visibility":"","ast-main-header-display":"","ast-hfb-above-header-display":"","ast-hfb-below-header-display":"","ast-hfb-mobile-header-display":"","site-post-title":"","ast-breadcrumbs-content":"","ast-featured-img":"","footer-sml-layout":"","theme-transparent-header-meta":"default","adv-header-id-meta":"","stick-header-meta":"","header-above-stick-meta":"","header-main-stick-meta":"","header-below-stick-meta":"","astra-migrate-meta-layouts":"set","ast-page-background-enabled":"default","ast-page-background-meta":{"desktop":{"background-color":"var(--ast-global-color-4)","background-image":"","background-repeat":"repeat","background-position":"center center","background-size":"auto","background-attachment":"scroll","background-type":"","background-media":"","overlay-type":"","overlay-color":"","overlay-opacity":"","overlay-gradient":""},"tablet":{"background-color":"","background-image":"","background-repeat":"repeat","background-position":"center center","background-size":"auto","background-attachment":"scroll","background-type":"","background-media":"","overlay-type":"","overlay-color":"","overlay-opacity":"","overlay-gradient":""},"mobile":{"background-color":"","background-image":"","background-repeat":"repeat","background-position":"center center","background-size":"auto","background-attachment":"scroll","background-type":"","background-media":"","overlay-type":"","overlay-color":"","overlay-opacity":"","overlay-gradient":""}},"ast-content-background-meta":{"desktop":{"background-color":"var(--ast-global-color-5)","background-image":"","background-repeat":"repeat","background-position":"center center","background-size":"auto","background-attachment":"scroll","background-type":"","background-media":"","overlay-type":"","overlay-color":"","overlay-opacity":"","overlay-gradient":""},"tablet":{"background-color":"var(--ast-global-color-5)","background-image":"","background-repeat":"repeat","background-position":"center center","background-size":"auto","background-attachment":"scroll","background-type":"","background-media":"","overlay-type":"","overlay-color":"","overlay-opacity":"","overlay-gradient":""},"mobile":{"background-color":"var(--ast-global-color-5)","background-image":"","background-repeat":"repeat","background-position":"center center","background-size":"auto","background-attachment":"scroll","background-type":"","background-media":"","overlay-type":"","overlay-color":"","overlay-opacity":"","overlay-gradient":""}}},"product_brand":[],"product_cat":[74],"product_tag":[174,130,168,170,169,138],"class_list":{"0":"post-2979","1":"product","2":"type-product","3":"status-publish","4":"has-post-thumbnail","6":"product_cat-detske-dres-liverpool","7":"product_tag-curtis-jones-dres","8":"product_tag-detske-futbalove-dresy","9":"product_tag-detske-futbalove-dresy-liverpool","10":"product_tag-detsky-futbalovy-komplet","11":"product_tag-liverpool-dres-pre-deti","12":"product_tag-personalizovany-dres","13":"desktop-align-left","14":"tablet-align-left","15":"mobile-align-left","17":"first","18":"instock","19":"shipping-taxable","20":"purchasable","21":"product-type-variable"},"_links":{"self":[{"href":"https:\/\/www.drespredeti.com\/de\/wp-json\/wp\/v2\/product\/2979","targetHints":{"allow":["GET"]}}],"collection":[{"href":"https:\/\/www.drespredeti.com\/de\/wp-json\/wp\/v2\/product"}],"about":[{"href":"https:\/\/www.drespredeti.com\/de\/wp-json\/wp\/v2\/types\/product"}],"replies":[{"embeddable":true,"href":"https:\/\/www.drespredeti.com\/de\/wp-json\/wp\/v2\/comments?post=2979"}],"wp:featuredmedia":[{"embeddable":true,"href":"https:\/\/www.drespredeti.com\/de\/wp-json\/wp\/v2\/media\/2981"}],"wp:attachment":[{"href":"https:\/\/www.drespredeti.com\/de\/wp-json\/wp\/v2\/media?parent=2979"}],"wp:term":[{"taxonomy":"product_brand","embeddable":true,"href":"https:\/\/www.drespredeti.com\/de\/wp-json\/wp\/v2\/product_brand?post=2979"},{"taxonomy":"product_cat","embeddable":true,"href":"https:\/\/www.drespredeti.com\/de\/wp-json\/wp\/v2\/product_cat?post=2979"},{"taxonomy":"product_tag","embeddable":true,"href":"https:\/\/www.drespredeti.com\/de\/wp-json\/wp\/v2\/product_tag?post=2979"}],"curies":[{"name":"wp","href":"https:\/\/api.w.org\/{rel}","templated":true}]}}