{"id":2943,"date":"2026-01-13T02:51:34","date_gmt":"2026-01-13T01:51:34","guid":{"rendered":"https:\/\/www.futbalovedresysk.com\/?post_type=product&#038;p=2943"},"modified":"2026-01-13T02:51:35","modified_gmt":"2026-01-13T01:51:35","slug":"detske-futbalove-dresy-liverpool-ibrahima-konate-5-2025-26-prec-komplety","status":"publish","type":"product","link":"https:\/\/www.drespredeti.com\/de\/detske-futbalove-dresy-liverpool-ibrahima-konate-5-2025-26-prec-komplety\/","title":{"rendered":"Kinder-Fu\u00dfballtrikots Liverpool Ibrahima Konate #5 2025-26 Ausw\u00e4rtssets"},"content":{"rendered":"<h3>Kinder-Fu\u00dfballtrikots Liverpool Ibrahima Konate #5 2025\/26 \u2013 Ausw\u00e4rtstrikot<\/h3>\n<p>Diese Kinder-Fu\u00dfballtrikots Liverpool in der Ausw\u00e4rtsversion (Vorbei) f\u00fcr die Saison 2025\/26 sind f\u00fcr junge Fu\u00dfballspieler und Liverpool FC-Fans konzipiert, die modern und sportlich auftreten m\u00f6chten. Das Design basiert auf dem offiziellen Ausw\u00e4rtstrikot des Vereins und bietet ein frisches Aussehen, das auf Kinder zugeschnitten ist. Das Trikot ist vom Spieler Ryan Gravenberch #38 inspiriert.<\/p>\n<p>Das verwendete Funktionsmaterial ist leicht, angenehm zu tragen und geeignet f\u00fcr aktive Bewegungen. Der Schnitt erm\u00f6glicht Bewegungsfreiheit beim Spiel, w\u00e4hrend das atmungsaktive Gewebe hilft, den Komfort auch bei intensivem Training zu erhalten. Im Set sind passende Shorts enthalten, sodass es sich um ein komplettes Kinder-Fu\u00dfballset handelt.<\/p>\n<p>Diese Kinder-Fu\u00dfballtrikots Liverpool k\u00f6nnen mit eigenem Namen und Nummer personalisiert werden. Sie k\u00f6nnen den Namen des Kindes oder eine andere bevorzugte Nummer w\u00e4hlen und so ein einzigartiges Trikot erstellen, das den pers\u00f6nlichen Stil widerspiegelt.<\/p>","protected":false},"excerpt":{"rendered":"<p>Kindersporttrikots Liverpool Ibrahima Konate #5 2025\/26 \u2013 Ausw\u00e4rtssatz Diese Kinderfu\u00dfballtrikots Liverpool in der Ausf\u00fchrung f\u00fcr Ausw\u00e4rtsspiele (Vorbei) f\u00fcr die Saison 2025\/26 sind f\u00fcr junge Fu\u00dfballspieler und Fans des Liverpool FC entworfen, die modernem und sportlichem Stil hervorstechen m\u00f6chten. Das Design basiert auf dem offiziellen Ausw\u00e4rtstrikot des Vereins und bietet ein frisches Aussehen, das auf Kinder zugeschnitten ist. Das Trikot ist inspiriert von [\u2026]<\/p>","protected":false},"featured_media":2945,"comment_status":"open","ping_status":"closed","template":"","meta":{"site-sidebar-layout":"default","site-content-layout":"","ast-site-content-layout":"default","site-content-style":"default","site-sidebar-style":"default","ast-global-header-display":"","ast-banner-title-visibility":"","ast-main-header-display":"","ast-hfb-above-header-display":"","ast-hfb-below-header-display":"","ast-hfb-mobile-header-display":"","site-post-title":"","ast-breadcrumbs-content":"","ast-featured-img":"","footer-sml-layout":"","theme-transparent-header-meta":"default","adv-header-id-meta":"","stick-header-meta":"","header-above-stick-meta":"","header-main-stick-meta":"","header-below-stick-meta":"","astra-migrate-meta-layouts":"set","ast-page-background-enabled":"default","ast-page-background-meta":{"desktop":{"background-color":"var(--ast-global-color-4)","background-image":"","background-repeat":"repeat","background-position":"center center","background-size":"auto","background-attachment":"scroll","background-type":"","background-media":"","overlay-type":"","overlay-color":"","overlay-opacity":"","overlay-gradient":""},"tablet":{"background-color":"","background-image":"","background-repeat":"repeat","background-position":"center center","background-size":"auto","background-attachment":"scroll","background-type":"","background-media":"","overlay-type":"","overlay-color":"","overlay-opacity":"","overlay-gradient":""},"mobile":{"background-color":"","background-image":"","background-repeat":"repeat","background-position":"center center","background-size":"auto","background-attachment":"scroll","background-type":"","background-media":"","overlay-type":"","overlay-color":"","overlay-opacity":"","overlay-gradient":""}},"ast-content-background-meta":{"desktop":{"background-color":"var(--ast-global-color-5)","background-image":"","background-repeat":"repeat","background-position":"center center","background-size":"auto","background-attachment":"scroll","background-type":"","background-media":"","overlay-type":"","overlay-color":"","overlay-opacity":"","overlay-gradient":""},"tablet":{"background-color":"var(--ast-global-color-5)","background-image":"","background-repeat":"repeat","background-position":"center center","background-size":"auto","background-attachment":"scroll","background-type":"","background-media":"","overlay-type":"","overlay-color":"","overlay-opacity":"","overlay-gradient":""},"mobile":{"background-color":"var(--ast-global-color-5)","background-image":"","background-repeat":"repeat","background-position":"center center","background-size":"auto","background-attachment":"scroll","background-type":"","background-media":"","overlay-type":"","overlay-color":"","overlay-opacity":"","overlay-gradient":""}}},"product_brand":[],"product_cat":[74],"product_tag":[130,168,170,171,169,138],"class_list":{"0":"post-2943","1":"product","2":"type-product","3":"status-publish","4":"has-post-thumbnail","6":"product_cat-detske-dres-liverpool","7":"product_tag-detske-futbalove-dresy","8":"product_tag-detske-futbalove-dresy-liverpool","9":"product_tag-detsky-futbalovy-komplet","10":"product_tag-ibrahima-konate-dres","11":"product_tag-liverpool-dres-pre-deti","12":"product_tag-personalizovany-dres","13":"desktop-align-left","14":"tablet-align-left","15":"mobile-align-left","17":"first","18":"instock","19":"shipping-taxable","20":"purchasable","21":"product-type-variable"},"_links":{"self":[{"href":"https:\/\/www.drespredeti.com\/de\/wp-json\/wp\/v2\/product\/2943","targetHints":{"allow":["GET"]}}],"collection":[{"href":"https:\/\/www.drespredeti.com\/de\/wp-json\/wp\/v2\/product"}],"about":[{"href":"https:\/\/www.drespredeti.com\/de\/wp-json\/wp\/v2\/types\/product"}],"replies":[{"embeddable":true,"href":"https:\/\/www.drespredeti.com\/de\/wp-json\/wp\/v2\/comments?post=2943"}],"wp:featuredmedia":[{"embeddable":true,"href":"https:\/\/www.drespredeti.com\/de\/wp-json\/wp\/v2\/media\/2945"}],"wp:attachment":[{"href":"https:\/\/www.drespredeti.com\/de\/wp-json\/wp\/v2\/media?parent=2943"}],"wp:term":[{"taxonomy":"product_brand","embeddable":true,"href":"https:\/\/www.drespredeti.com\/de\/wp-json\/wp\/v2\/product_brand?post=2943"},{"taxonomy":"product_cat","embeddable":true,"href":"https:\/\/www.drespredeti.com\/de\/wp-json\/wp\/v2\/product_cat?post=2943"},{"taxonomy":"product_tag","embeddable":true,"href":"https:\/\/www.drespredeti.com\/de\/wp-json\/wp\/v2\/product_tag?post=2943"}],"curies":[{"name":"wp","href":"https:\/\/api.w.org\/{rel}","templated":true}]}}