{"id":2881,"date":"2026-01-14T03:57:44","date_gmt":"2026-01-14T02:57:44","guid":{"rendered":"https:\/\/www.futbalovedresysk.com\/?post_type=product&#038;p=2881"},"modified":"2026-01-14T04:09:14","modified_gmt":"2026-01-14T03:09:14","slug":"futbalove-dresy-pre-deti-liverpool-mohamed-salah-11-2025-26-prec-komplety","status":"publish","type":"product","link":"https:\/\/www.drespredeti.com\/de\/futbalove-dresy-pre-deti-liverpool-mohamed-salah-11-2025-26-prec-komplety\/","title":{"rendered":"Fu\u00dfballtrikots f\u00fcr Kinder Liverpool Mohamed Salah #11 2025-26 Komplettsets"},"content":{"rendered":"<h3>Fu\u00dfballtrikots f\u00fcr Kinder Liverpool 2025\/26 Away \u2013 Mohamed Salah #11 Sets<\/h3>\n<p>Die Fu\u00dfballtrikots f\u00fcr Kinder Liverpool im Vorbei-Design (Ausw\u00e4rts) f\u00fcr die Saison 2025\/26 sind die ideale Wahl f\u00fcr junge Fans, die die Farben ihres Lieblingsvereins auch au\u00dferhalb des Heimstadions tragen m\u00f6chten. Dieses Kinder-Fu\u00dfballset mit dem Namen Alexander Isak #9 verbindet modernes Design, sportlichen Komfort und hochwertige Verarbeitung, geeignet f\u00fcr Training und Alltag.<\/p>\n<p>Das Trikot ist aus leichtem und atmungsaktivem Polyester gefertigt, das Feuchtigkeit effektiv ableitet und hilft, das Kind auch bei intensiver Bewegung trocken zu halten. Pr\u00e4ziser Druck des Namens und der Nummer, strapazierf\u00e4hige N\u00e4hte und Vereinsdetails gew\u00e4hrleisten eine lange Lebensdauer und ein professionelles Aussehen, das jeder junge Fu\u00dfballspieler sch\u00e4tzt.<\/p>\n<p><strong>Eigener Name und Nummer<\/strong><\/p>\n<p>Neben der offiziellen Version von Alexander Isak bieten wir auch Personalisierungsoptionen an. Auf das Trikot k\u00f6nnen Sie Ihren eigenen Namen und Ihre Nummer nach Wunsch hinzuf\u00fcgen, wodurch die Fu\u00dfballtrikots f\u00fcr Kinder Liverpool zu einem einzigartigen und pers\u00f6nlichen St\u00fcck f\u00fcr jedes Kind werden.<\/p>\n<p><strong>Perfektes Geschenk f\u00fcr junge Fans<\/strong><\/p>\n<p>Dieses Liverpool-Kinder-Fu\u00dfballset Vorbei 2025\/26 ist ein tolles Geschenk f\u00fcr kleine Premier-League-Fans. Es verbindet Vereinsidentit\u00e4t, Komfort und die Freude am Fu\u00dfball \u2013 ideal f\u00fcr Sport und Alltag.<\/p>","protected":false},"excerpt":{"rendered":"<p>Fu\u00dfballtrikots f\u00fcr Kinder Liverpool 2025\/26 Ausw\u00e4rts \u2013 Mohamed Salah #11 Sets Fu\u00dfballtrikots f\u00fcr Kinder Liverpool in der Ausw\u00e4rtsversion f\u00fcr die Saison 2025\/26 sind die ideale Wahl f\u00fcr junge Fans, die die Farben ihres Lieblingsvereins auch au\u00dferhalb des Heimstadions tragen m\u00f6chten. Dieses Kinder-Fu\u00dfballset mit dem Namen Mohamed Salah #11 verbindet modernes Design, sportlichen Komfort [\u2026]<\/p>","protected":false},"featured_media":2883,"comment_status":"open","ping_status":"closed","template":"","meta":{"site-sidebar-layout":"default","site-content-layout":"","ast-site-content-layout":"default","site-content-style":"default","site-sidebar-style":"default","ast-global-header-display":"","ast-banner-title-visibility":"","ast-main-header-display":"","ast-hfb-above-header-display":"","ast-hfb-below-header-display":"","ast-hfb-mobile-header-display":"","site-post-title":"","ast-breadcrumbs-content":"","ast-featured-img":"","footer-sml-layout":"","theme-transparent-header-meta":"default","adv-header-id-meta":"","stick-header-meta":"","header-above-stick-meta":"","header-main-stick-meta":"","header-below-stick-meta":"","astra-migrate-meta-layouts":"set","ast-page-background-enabled":"default","ast-page-background-meta":{"desktop":{"background-color":"var(--ast-global-color-4)","background-image":"","background-repeat":"repeat","background-position":"center center","background-size":"auto","background-attachment":"scroll","background-type":"","background-media":"","overlay-type":"","overlay-color":"","overlay-opacity":"","overlay-gradient":""},"tablet":{"background-color":"","background-image":"","background-repeat":"repeat","background-position":"center center","background-size":"auto","background-attachment":"scroll","background-type":"","background-media":"","overlay-type":"","overlay-color":"","overlay-opacity":"","overlay-gradient":""},"mobile":{"background-color":"","background-image":"","background-repeat":"repeat","background-position":"center center","background-size":"auto","background-attachment":"scroll","background-type":"","background-media":"","overlay-type":"","overlay-color":"","overlay-opacity":"","overlay-gradient":""}},"ast-content-background-meta":{"desktop":{"background-color":"var(--ast-global-color-5)","background-image":"","background-repeat":"repeat","background-position":"center center","background-size":"auto","background-attachment":"scroll","background-type":"","background-media":"","overlay-type":"","overlay-color":"","overlay-opacity":"","overlay-gradient":""},"tablet":{"background-color":"var(--ast-global-color-5)","background-image":"","background-repeat":"repeat","background-position":"center center","background-size":"auto","background-attachment":"scroll","background-type":"","background-media":"","overlay-type":"","overlay-color":"","overlay-opacity":"","overlay-gradient":""},"mobile":{"background-color":"var(--ast-global-color-5)","background-image":"","background-repeat":"repeat","background-position":"center center","background-size":"auto","background-attachment":"scroll","background-type":"","background-media":"","overlay-type":"","overlay-color":"","overlay-opacity":"","overlay-gradient":""}}},"product_brand":[],"product_cat":[74],"product_tag":[130,170,178,180,179,185],"class_list":{"0":"post-2881","1":"product","2":"type-product","3":"status-publish","4":"has-post-thumbnail","6":"product_cat-detske-dres-liverpool","7":"product_tag-detske-futbalove-dresy","8":"product_tag-detsky-futbalovy-komplet","9":"product_tag-futbalove-dresy-pre-deti-liverpool","10":"product_tag-futbalovy-dres-pre-deti-s-menom-a-cislom","11":"product_tag-liverpool-detsky-futbalovy-dres","12":"product_tag-mohamed-salah-dres","13":"desktop-align-left","14":"tablet-align-left","15":"mobile-align-left","17":"first","18":"instock","19":"shipping-taxable","20":"purchasable","21":"product-type-variable"},"_links":{"self":[{"href":"https:\/\/www.drespredeti.com\/de\/wp-json\/wp\/v2\/product\/2881","targetHints":{"allow":["GET"]}}],"collection":[{"href":"https:\/\/www.drespredeti.com\/de\/wp-json\/wp\/v2\/product"}],"about":[{"href":"https:\/\/www.drespredeti.com\/de\/wp-json\/wp\/v2\/types\/product"}],"replies":[{"embeddable":true,"href":"https:\/\/www.drespredeti.com\/de\/wp-json\/wp\/v2\/comments?post=2881"}],"wp:featuredmedia":[{"embeddable":true,"href":"https:\/\/www.drespredeti.com\/de\/wp-json\/wp\/v2\/media\/2883"}],"wp:attachment":[{"href":"https:\/\/www.drespredeti.com\/de\/wp-json\/wp\/v2\/media?parent=2881"}],"wp:term":[{"taxonomy":"product_brand","embeddable":true,"href":"https:\/\/www.drespredeti.com\/de\/wp-json\/wp\/v2\/product_brand?post=2881"},{"taxonomy":"product_cat","embeddable":true,"href":"https:\/\/www.drespredeti.com\/de\/wp-json\/wp\/v2\/product_cat?post=2881"},{"taxonomy":"product_tag","embeddable":true,"href":"https:\/\/www.drespredeti.com\/de\/wp-json\/wp\/v2\/product_tag?post=2881"}],"curies":[{"name":"wp","href":"https:\/\/api.w.org\/{rel}","templated":true}]}}