{"id":2858,"date":"2026-01-14T03:56:45","date_gmt":"2026-01-14T02:56:45","guid":{"rendered":"https:\/\/www.futbalovedresysk.com\/?post_type=product&#038;p=2858"},"modified":"2026-01-14T04:09:14","modified_gmt":"2026-01-14T03:09:14","slug":"futbalove-dresy-pre-deti-liverpool-florian-wirtz-7-2025-26-tretina-komplety","status":"publish","type":"product","link":"https:\/\/www.drespredeti.com\/de\/futbalove-dresy-pre-deti-liverpool-florian-wirtz-7-2025-26-tretina-komplety\/","title":{"rendered":"Fu\u00dfballtrikots f\u00fcr Kinder Liverpool Florian Wirtz #7 2025-26 Drittel Sets"},"content":{"rendered":"<h3>Fu\u00dfballtrikots f\u00fcr Kinder Liverpool Drittel 2025\/26 Florian Wirtz #7<\/h3>\n<p>Fu\u00dfballtrikots f\u00fcr Kinder Liverpool Drittel-Set f\u00fcr die Saison 2025\/26 ist die ideale Wahl f\u00fcr junge Fans des legend\u00e4ren englischen Clubs. Dieses Kinder-Fu\u00dfballset mit dem Namen Florian Wirtz #7 bietet modernes Design, hohen Komfort und Verarbeitung, geeignet f\u00fcr Training, Spiele und den Alltag.<\/p>\n<p>Das Trikot ist aus hochwertigem, leichtem und atmungsaktivem Polyester gefertigt, das Schwei\u00df effektiv ableitet und w\u00e4hrend des Spiels Komfort gew\u00e4hrleistet. Pr\u00e4zise Verarbeitung, langlebige Drucke und Vereinsdetails machen dieses Set zu einem zuverl\u00e4ssigen und stilvollen Fu\u00dfballtrikot f\u00fcr Kinder.<\/p>\n<p><strong>Eigener Name und Nummer<\/strong><\/p>\n<p>Neben dem Namen Florian Wirtz bieten wir auch Personalisierungsoptionen an \u2013 Sie k\u00f6nnen den Namen und die Nummer nach Wunsch des Kindes w\u00e4hlen. Dadurch werden die Fu\u00dfballtrikots f\u00fcr Kinder Liverpool noch pers\u00f6nlicher und besonderer.<\/p>\n<p><strong>Perfektes Geschenk f\u00fcr junge Fans<\/strong><\/p>\n<p>Dieses Liverpool-Fu\u00dfballtrikot f\u00fcr Kinder ist ein gro\u00dfartiges Geschenk f\u00fcr jeden kleinen Fu\u00dfballspieler und Fan der Premier League. Es verbindet professionelles Aussehen, Komfort und Freude am Spiel in den Farben des Lieblingsclubs.<\/p>","protected":false},"excerpt":{"rendered":"<p>Fu\u00dfballtrikots f\u00fcr Kinder Liverpool Drittel 2025\/26 Florian Wirtz #7 Fu\u00dfballtrikots f\u00fcr Kinder Liverpool im Drittel-Set f\u00fcr die Saison 2025\/26 sind die ideale Wahl f\u00fcr junge Fans des legend\u00e4ren englischen Vereins. Dieses Kinder-Fu\u00dfballset mit dem Namen Florian Wirtz #7 bietet modernes Design, hohen Komfort und Verarbeitung, geeignet f\u00fcr Training, Spiele und den Alltag. Das Trikot ist [\u2026]<\/p>","protected":false},"featured_media":2860,"comment_status":"open","ping_status":"closed","template":"","meta":{"site-sidebar-layout":"default","site-content-layout":"","ast-site-content-layout":"default","site-content-style":"default","site-sidebar-style":"default","ast-global-header-display":"","ast-banner-title-visibility":"","ast-main-header-display":"","ast-hfb-above-header-display":"","ast-hfb-below-header-display":"","ast-hfb-mobile-header-display":"","site-post-title":"","ast-breadcrumbs-content":"","ast-featured-img":"","footer-sml-layout":"","theme-transparent-header-meta":"default","adv-header-id-meta":"","stick-header-meta":"","header-above-stick-meta":"","header-main-stick-meta":"","header-below-stick-meta":"","astra-migrate-meta-layouts":"set","ast-page-background-enabled":"default","ast-page-background-meta":{"desktop":{"background-color":"var(--ast-global-color-4)","background-image":"","background-repeat":"repeat","background-position":"center center","background-size":"auto","background-attachment":"scroll","background-type":"","background-media":"","overlay-type":"","overlay-color":"","overlay-opacity":"","overlay-gradient":""},"tablet":{"background-color":"","background-image":"","background-repeat":"repeat","background-position":"center center","background-size":"auto","background-attachment":"scroll","background-type":"","background-media":"","overlay-type":"","overlay-color":"","overlay-opacity":"","overlay-gradient":""},"mobile":{"background-color":"","background-image":"","background-repeat":"repeat","background-position":"center center","background-size":"auto","background-attachment":"scroll","background-type":"","background-media":"","overlay-type":"","overlay-color":"","overlay-opacity":"","overlay-gradient":""}},"ast-content-background-meta":{"desktop":{"background-color":"var(--ast-global-color-5)","background-image":"","background-repeat":"repeat","background-position":"center center","background-size":"auto","background-attachment":"scroll","background-type":"","background-media":"","overlay-type":"","overlay-color":"","overlay-opacity":"","overlay-gradient":""},"tablet":{"background-color":"var(--ast-global-color-5)","background-image":"","background-repeat":"repeat","background-position":"center center","background-size":"auto","background-attachment":"scroll","background-type":"","background-media":"","overlay-type":"","overlay-color":"","overlay-opacity":"","overlay-gradient":""},"mobile":{"background-color":"var(--ast-global-color-5)","background-image":"","background-repeat":"repeat","background-position":"center center","background-size":"auto","background-attachment":"scroll","background-type":"","background-media":"","overlay-type":"","overlay-color":"","overlay-opacity":"","overlay-gradient":""}}},"product_brand":[],"product_cat":[74],"product_tag":[130,170,183,178,180,179],"class_list":{"0":"post-2858","1":"product","2":"type-product","3":"status-publish","4":"has-post-thumbnail","6":"product_cat-detske-dres-liverpool","7":"product_tag-detske-futbalove-dresy","8":"product_tag-detsky-futbalovy-komplet","9":"product_tag-florian-wirtz-dres","10":"product_tag-futbalove-dresy-pre-deti-liverpool","11":"product_tag-futbalovy-dres-pre-deti-s-menom-a-cislom","12":"product_tag-liverpool-detsky-futbalovy-dres","13":"desktop-align-left","14":"tablet-align-left","15":"mobile-align-left","17":"first","18":"instock","19":"shipping-taxable","20":"purchasable","21":"product-type-variable"},"_links":{"self":[{"href":"https:\/\/www.drespredeti.com\/de\/wp-json\/wp\/v2\/product\/2858","targetHints":{"allow":["GET"]}}],"collection":[{"href":"https:\/\/www.drespredeti.com\/de\/wp-json\/wp\/v2\/product"}],"about":[{"href":"https:\/\/www.drespredeti.com\/de\/wp-json\/wp\/v2\/types\/product"}],"replies":[{"embeddable":true,"href":"https:\/\/www.drespredeti.com\/de\/wp-json\/wp\/v2\/comments?post=2858"}],"wp:featuredmedia":[{"embeddable":true,"href":"https:\/\/www.drespredeti.com\/de\/wp-json\/wp\/v2\/media\/2860"}],"wp:attachment":[{"href":"https:\/\/www.drespredeti.com\/de\/wp-json\/wp\/v2\/media?parent=2858"}],"wp:term":[{"taxonomy":"product_brand","embeddable":true,"href":"https:\/\/www.drespredeti.com\/de\/wp-json\/wp\/v2\/product_brand?post=2858"},{"taxonomy":"product_cat","embeddable":true,"href":"https:\/\/www.drespredeti.com\/de\/wp-json\/wp\/v2\/product_cat?post=2858"},{"taxonomy":"product_tag","embeddable":true,"href":"https:\/\/www.drespredeti.com\/de\/wp-json\/wp\/v2\/product_tag?post=2858"}],"curies":[{"name":"wp","href":"https:\/\/api.w.org\/{rel}","templated":true}]}}