{"id":2850,"date":"2026-01-14T03:56:51","date_gmt":"2026-01-14T02:56:51","guid":{"rendered":"https:\/\/www.futbalovedresysk.com\/?post_type=product&#038;p=2850"},"modified":"2026-01-14T04:09:14","modified_gmt":"2026-01-14T03:09:14","slug":"futbalove-dresy-pre-deti-liverpool-florian-wirtz-7-2025-26-domaci-komplety","status":"publish","type":"product","link":"https:\/\/www.drespredeti.com\/de\/futbalove-dresy-pre-deti-liverpool-florian-wirtz-7-2025-26-domaci-komplety\/","title":{"rendered":"Fu\u00dfballtrikots f\u00fcr Kinder Liverpool Florian Wirtz #7 2025-26 Heimsets"},"content":{"rendered":"<h3>Fu\u00dfballtrikots f\u00fcr Kinder Liverpool Florian Wirtz #7 2025-26 Heimsets<\/h3>\n<p>Fu\u00dfballtrikots f\u00fcr Kinder Liverpool in Heimversion f\u00fcr die Saison 2025\/26 sind f\u00fcr junge Fans entworfen, die die traditionellen Farben des Vereins mit Stolz tragen m\u00f6chten. Dieses Kinder-Fu\u00dfballset mit der Nummer 7 \u2013 Florian Wirtz bietet ein klassisches Vereinsdesign in modernem Look, geeignet f\u00fcr aktive Bewegung und den t\u00e4glichen Gebrauch.<\/p>\n<p>Das verwendete funktionale Material ist leicht, weich im Griff und gut atmungsaktiv, was Komfort w\u00e4hrend des Trainings, Spiels oder beim Anfeuern gew\u00e4hrleistet. Hochwertiger Druck des Namens und der Nummer, feste N\u00e4hte und pr\u00e4zise Details sorgen daf\u00fcr, dass das Trikot auch nach wiederholtem Waschen sein Aussehen beh\u00e4lt.<\/p>\n<p><strong>Personalisierung \u2013 eigener Name und Nummer<\/strong><\/p>\n<p>Diese Fu\u00dfballtrikots f\u00fcr Kinder Liverpool k\u00f6nnen nach Wunsch angepasst werden. Neben der Version mit Florian Wirtz k\u00f6nnen Sie Ihren eigenen Namen und Ihre Nummer w\u00e4hlen, sodass ein einzigartiges Trikot speziell f\u00fcr Ihr Kind entsteht.<\/p>\n<p><strong>Tolles Geschenk f\u00fcr junge Liverpool-Fans<\/strong><\/p>\n<p>Das Kinder-Heim-Fu\u00dfballset Liverpool 2025\/26 ist ein ideales Geschenk f\u00fcr kleine Fu\u00dfballspieler und Premier-League-Fans. Es verbindet Vereinsgeschichte, Komfort und modernes Design in einem Produkt.<\/p>","protected":false},"excerpt":{"rendered":"<p>Futbalov\u00e9 dresy pre deti Liverpool 2025\/26 Dom\u00e1ci Florian Wirtz #7 Komplety Futbalov\u00e9 dresy pre deti Liverpool v dom\u00e1com preveden\u00ed pre sez\u00f3nu 2025\/26 s\u00fa navrhnut\u00e9 pre mlad\u00fdch fan\u00fa\u0161ikov, ktor\u00ed chc\u00fa nosi\u0165 tradi\u010dn\u00e9 farby klubu s hrdos\u0165ou. Tento detsk\u00fd futbalov\u00fd komplet s \u010d\u00edslom 7 \u2013 Florian Wirtz prin\u00e1\u0161a klasick\u00fd klubov\u00fd vzh\u013ead v modernom spracovan\u00ed, vhodnom na akt\u00edvny [&hellip;]<\/p>","protected":false},"featured_media":2852,"comment_status":"open","ping_status":"closed","template":"","meta":{"site-sidebar-layout":"default","site-content-layout":"","ast-site-content-layout":"default","site-content-style":"default","site-sidebar-style":"default","ast-global-header-display":"","ast-banner-title-visibility":"","ast-main-header-display":"","ast-hfb-above-header-display":"","ast-hfb-below-header-display":"","ast-hfb-mobile-header-display":"","site-post-title":"","ast-breadcrumbs-content":"","ast-featured-img":"","footer-sml-layout":"","theme-transparent-header-meta":"default","adv-header-id-meta":"","stick-header-meta":"","header-above-stick-meta":"","header-main-stick-meta":"","header-below-stick-meta":"","astra-migrate-meta-layouts":"set","ast-page-background-enabled":"default","ast-page-background-meta":{"desktop":{"background-color":"var(--ast-global-color-4)","background-image":"","background-repeat":"repeat","background-position":"center center","background-size":"auto","background-attachment":"scroll","background-type":"","background-media":"","overlay-type":"","overlay-color":"","overlay-opacity":"","overlay-gradient":""},"tablet":{"background-color":"","background-image":"","background-repeat":"repeat","background-position":"center center","background-size":"auto","background-attachment":"scroll","background-type":"","background-media":"","overlay-type":"","overlay-color":"","overlay-opacity":"","overlay-gradient":""},"mobile":{"background-color":"","background-image":"","background-repeat":"repeat","background-position":"center center","background-size":"auto","background-attachment":"scroll","background-type":"","background-media":"","overlay-type":"","overlay-color":"","overlay-opacity":"","overlay-gradient":""}},"ast-content-background-meta":{"desktop":{"background-color":"var(--ast-global-color-5)","background-image":"","background-repeat":"repeat","background-position":"center center","background-size":"auto","background-attachment":"scroll","background-type":"","background-media":"","overlay-type":"","overlay-color":"","overlay-opacity":"","overlay-gradient":""},"tablet":{"background-color":"var(--ast-global-color-5)","background-image":"","background-repeat":"repeat","background-position":"center center","background-size":"auto","background-attachment":"scroll","background-type":"","background-media":"","overlay-type":"","overlay-color":"","overlay-opacity":"","overlay-gradient":""},"mobile":{"background-color":"var(--ast-global-color-5)","background-image":"","background-repeat":"repeat","background-position":"center center","background-size":"auto","background-attachment":"scroll","background-type":"","background-media":"","overlay-type":"","overlay-color":"","overlay-opacity":"","overlay-gradient":""}}},"product_brand":[],"product_cat":[74],"product_tag":[130,170,183,178,180,179],"class_list":{"0":"post-2850","1":"product","2":"type-product","3":"status-publish","4":"has-post-thumbnail","6":"product_cat-detske-dres-liverpool","7":"product_tag-detske-futbalove-dresy","8":"product_tag-detsky-futbalovy-komplet","9":"product_tag-florian-wirtz-dres","10":"product_tag-futbalove-dresy-pre-deti-liverpool","11":"product_tag-futbalovy-dres-pre-deti-s-menom-a-cislom","12":"product_tag-liverpool-detsky-futbalovy-dres","13":"desktop-align-left","14":"tablet-align-left","15":"mobile-align-left","17":"first","18":"instock","19":"shipping-taxable","20":"purchasable","21":"product-type-variable"},"_links":{"self":[{"href":"https:\/\/www.drespredeti.com\/de\/wp-json\/wp\/v2\/product\/2850","targetHints":{"allow":["GET"]}}],"collection":[{"href":"https:\/\/www.drespredeti.com\/de\/wp-json\/wp\/v2\/product"}],"about":[{"href":"https:\/\/www.drespredeti.com\/de\/wp-json\/wp\/v2\/types\/product"}],"replies":[{"embeddable":true,"href":"https:\/\/www.drespredeti.com\/de\/wp-json\/wp\/v2\/comments?post=2850"}],"wp:featuredmedia":[{"embeddable":true,"href":"https:\/\/www.drespredeti.com\/de\/wp-json\/wp\/v2\/media\/2852"}],"wp:attachment":[{"href":"https:\/\/www.drespredeti.com\/de\/wp-json\/wp\/v2\/media?parent=2850"}],"wp:term":[{"taxonomy":"product_brand","embeddable":true,"href":"https:\/\/www.drespredeti.com\/de\/wp-json\/wp\/v2\/product_brand?post=2850"},{"taxonomy":"product_cat","embeddable":true,"href":"https:\/\/www.drespredeti.com\/de\/wp-json\/wp\/v2\/product_cat?post=2850"},{"taxonomy":"product_tag","embeddable":true,"href":"https:\/\/www.drespredeti.com\/de\/wp-json\/wp\/v2\/product_tag?post=2850"}],"curies":[{"name":"wp","href":"https:\/\/api.w.org\/{rel}","templated":true}]}}