{"id":2825,"date":"2026-01-14T03:56:07","date_gmt":"2026-01-14T02:56:07","guid":{"rendered":"https:\/\/www.futbalovedresysk.com\/?post_type=product&#038;p=2825"},"modified":"2026-01-14T04:09:15","modified_gmt":"2026-01-14T03:09:15","slug":"futbalove-dresy-pre-deti-liverpool-alexander-isak-9-2025-26-domaci-komplety","status":"publish","type":"product","link":"https:\/\/www.drespredeti.com\/de\/futbalove-dresy-pre-deti-liverpool-alexander-isak-9-2025-26-domaci-komplety\/","title":{"rendered":"Fu\u00dfballtrikots f\u00fcr Kinder Liverpool Alexander Isak #9 2025-26 Heimsets"},"content":{"rendered":"<h3>Fu\u00dfballtrikots f\u00fcr Kinder Liverpool Alexander Isak #9 2025-26 Heimsets<\/h3>\n<p>Fu\u00dfballtrikots f\u00fcr Kinder Liverpool in Heimversion f\u00fcr die Saison 2025\/26 sind f\u00fcr junge Fans entworfen, die die traditionellen Farben des Vereins mit Stolz tragen m\u00f6chten. Dieses Kinder-Fu\u00dfballset mit der Nummer 7 \u2013 Florian Wirtz bietet ein klassisches Vereinsdesign in modernem Look, geeignet f\u00fcr aktive Bewegung und den t\u00e4glichen Gebrauch.<\/p>\n<p>Das verwendete funktionale Material ist leicht, weich im Griff und gut atmungsaktiv, was Komfort w\u00e4hrend des Trainings, Spiels oder beim Anfeuern gew\u00e4hrleistet. Hochwertiger Druck des Namens und der Nummer, feste N\u00e4hte und pr\u00e4zise Details sorgen daf\u00fcr, dass das Trikot auch nach wiederholtem Waschen sein Aussehen beh\u00e4lt.<\/p>\n<p><strong>Personalisierung \u2013 eigener Name und Nummer<\/strong><\/p>\n<p>Diese Fu\u00dfballtrikots f\u00fcr Kinder Liverpool k\u00f6nnen nach Wunsch angepasst werden. Neben der Version mit Alexander Isak k\u00f6nnen Sie Ihren eigenen Namen und Ihre Nummer w\u00e4hlen, wodurch ein einzigartiges Trikot genau f\u00fcr Ihr Kind entsteht.<\/p>\n<p><strong>Tolles Geschenk f\u00fcr junge Liverpool-Fans<\/strong><\/p>\n<p>Das Kinder-Heim-Fu\u00dfballset Liverpool 2025\/26 ist ein ideales Geschenk f\u00fcr kleine Fu\u00dfballspieler und Premier-League-Fans. Es verbindet Vereinsgeschichte, Komfort und modernes Design in einem Produkt.<\/p>","protected":false},"excerpt":{"rendered":"<p>Fu\u00dfballtrikots f\u00fcr Kinder Liverpool 2025\/26 Heim Alexander Isak #9 Sets Fu\u00dfballtrikots f\u00fcr Kinder Liverpool in Heimversion f\u00fcr die Saison 2025\/26 sind f\u00fcr junge Fans entworfen, die die traditionellen Farben des Vereins mit Stolz tragen m\u00f6chten. Dieses Kinder-Fu\u00dfballset mit der Nummer 9 \u2013 Alexander Isak bringt ein klassisches Vereinsdesign in moderner Verarbeitung, geeignet f\u00fcr aktive [\u2026]<\/p>","protected":false},"featured_media":2827,"comment_status":"open","ping_status":"closed","template":"","meta":{"site-sidebar-layout":"default","site-content-layout":"","ast-site-content-layout":"default","site-content-style":"default","site-sidebar-style":"default","ast-global-header-display":"","ast-banner-title-visibility":"","ast-main-header-display":"","ast-hfb-above-header-display":"","ast-hfb-below-header-display":"","ast-hfb-mobile-header-display":"","site-post-title":"","ast-breadcrumbs-content":"","ast-featured-img":"","footer-sml-layout":"","theme-transparent-header-meta":"default","adv-header-id-meta":"","stick-header-meta":"","header-above-stick-meta":"","header-main-stick-meta":"","header-below-stick-meta":"","astra-migrate-meta-layouts":"set","ast-page-background-enabled":"default","ast-page-background-meta":{"desktop":{"background-color":"var(--ast-global-color-4)","background-image":"","background-repeat":"repeat","background-position":"center center","background-size":"auto","background-attachment":"scroll","background-type":"","background-media":"","overlay-type":"","overlay-color":"","overlay-opacity":"","overlay-gradient":""},"tablet":{"background-color":"","background-image":"","background-repeat":"repeat","background-position":"center center","background-size":"auto","background-attachment":"scroll","background-type":"","background-media":"","overlay-type":"","overlay-color":"","overlay-opacity":"","overlay-gradient":""},"mobile":{"background-color":"","background-image":"","background-repeat":"repeat","background-position":"center center","background-size":"auto","background-attachment":"scroll","background-type":"","background-media":"","overlay-type":"","overlay-color":"","overlay-opacity":"","overlay-gradient":""}},"ast-content-background-meta":{"desktop":{"background-color":"var(--ast-global-color-5)","background-image":"","background-repeat":"repeat","background-position":"center center","background-size":"auto","background-attachment":"scroll","background-type":"","background-media":"","overlay-type":"","overlay-color":"","overlay-opacity":"","overlay-gradient":""},"tablet":{"background-color":"var(--ast-global-color-5)","background-image":"","background-repeat":"repeat","background-position":"center center","background-size":"auto","background-attachment":"scroll","background-type":"","background-media":"","overlay-type":"","overlay-color":"","overlay-opacity":"","overlay-gradient":""},"mobile":{"background-color":"var(--ast-global-color-5)","background-image":"","background-repeat":"repeat","background-position":"center center","background-size":"auto","background-attachment":"scroll","background-type":"","background-media":"","overlay-type":"","overlay-color":"","overlay-opacity":"","overlay-gradient":""}}},"product_brand":[],"product_cat":[74],"product_tag":[181,130,170,178,180,179],"class_list":{"0":"post-2825","1":"product","2":"type-product","3":"status-publish","4":"has-post-thumbnail","6":"product_cat-detske-dres-liverpool","7":"product_tag-alexander-isak-dres","8":"product_tag-detske-futbalove-dresy","9":"product_tag-detsky-futbalovy-komplet","10":"product_tag-futbalove-dresy-pre-deti-liverpool","11":"product_tag-futbalovy-dres-pre-deti-s-menom-a-cislom","12":"product_tag-liverpool-detsky-futbalovy-dres","13":"desktop-align-left","14":"tablet-align-left","15":"mobile-align-left","17":"first","18":"instock","19":"shipping-taxable","20":"purchasable","21":"product-type-variable"},"_links":{"self":[{"href":"https:\/\/www.drespredeti.com\/de\/wp-json\/wp\/v2\/product\/2825","targetHints":{"allow":["GET"]}}],"collection":[{"href":"https:\/\/www.drespredeti.com\/de\/wp-json\/wp\/v2\/product"}],"about":[{"href":"https:\/\/www.drespredeti.com\/de\/wp-json\/wp\/v2\/types\/product"}],"replies":[{"embeddable":true,"href":"https:\/\/www.drespredeti.com\/de\/wp-json\/wp\/v2\/comments?post=2825"}],"wp:featuredmedia":[{"embeddable":true,"href":"https:\/\/www.drespredeti.com\/de\/wp-json\/wp\/v2\/media\/2827"}],"wp:attachment":[{"href":"https:\/\/www.drespredeti.com\/de\/wp-json\/wp\/v2\/media?parent=2825"}],"wp:term":[{"taxonomy":"product_brand","embeddable":true,"href":"https:\/\/www.drespredeti.com\/de\/wp-json\/wp\/v2\/product_brand?post=2825"},{"taxonomy":"product_cat","embeddable":true,"href":"https:\/\/www.drespredeti.com\/de\/wp-json\/wp\/v2\/product_cat?post=2825"},{"taxonomy":"product_tag","embeddable":true,"href":"https:\/\/www.drespredeti.com\/de\/wp-json\/wp\/v2\/product_tag?post=2825"}],"curies":[{"name":"wp","href":"https:\/\/api.w.org\/{rel}","templated":true}]}}