{"id":2821,"date":"2026-01-14T03:56:20","date_gmt":"2026-01-14T02:56:20","guid":{"rendered":"https:\/\/www.futbalovedresysk.com\/?post_type=product&#038;p=2821"},"modified":"2026-01-27T13:39:12","modified_gmt":"2026-01-27T12:39:12","slug":"futbalove-dresy-pre-deti-liverpool-2025-26-tretina-komplety","status":"publish","type":"product","link":"https:\/\/www.drespredeti.com\/de\/futbalove-dresy-pre-deti-liverpool-2025-26-tretina-komplety\/","title":{"rendered":"Fu\u00dfballtrikots f\u00fcr Kinder Liverpool 2025-26 Drittel Sets"},"content":{"rendered":"<h3>Fu\u00dfballtrikots f\u00fcr Kinder Liverpool 2025\/26 \u2013 Drittel Fu\u00dfball Sets<\/h3>\n<p>Fu\u00dfballtrikots f\u00fcr Kinder Liverpool im Drittel-Set f\u00fcr die Saison 2025\/26 sind f\u00fcr junge Fans entworfen, die ihren Lieblingverein in modernem und stylischem Design unterst\u00fctzen m\u00f6chten. Dieses Kinder-Fu\u00dfballset bietet die ideale Kombination aus Komfort, Qualit\u00e4t und sportlichem Design, geeignet f\u00fcr den t\u00e4glichen Gebrauch und das Training.<\/p>\n<p>Das Trikot ist aus leichtem und atmungsaktivem Polyester gefertigt, das hilft, Feuchtigkeit abzuleiten und Komfort auch bei aktiver Bewegung zu gew\u00e4hrleisten. Pr\u00e4zise Verarbeitung, langlebiger Druck und detaillierte Vereinsmerkmale garantieren eine lange Lebensdauer und ein professionelles Erscheinungsbild.<\/p>\n<p><strong>Eigener Name und Nummer<\/strong><\/p>\n<p>Diese Fu\u00dfballtrikots f\u00fcr Kinder Liverpool k\u00f6nnen vollst\u00e4ndig personalisiert werden. Sie k\u00f6nnen beliebigen Namen und Nummer w\u00e4hlen, wodurch das Trikot zu einem einzigartigen St\u00fcck wird, genau nach den Vorstellungen des Kindes \u2013 ideal f\u00fcr junge Spieler und Fans.<\/p>\n<p><strong>Perfektes Geschenk f\u00fcr Kinder<\/strong><\/p>\n<p>Liverpool Kinder-Fu\u00dfballset 2025\/26 ist eine gro\u00dfartige Geschenkidee zu Geburtstag, Weihnachten oder f\u00fcr die Fu\u00dfballsaison. Es verbindet Vereinsidentit\u00e4t, Komfort und Freude am Fu\u00dfball in einem Produkt.<\/p>","protected":false},"excerpt":{"rendered":"<p>Futbalov\u00e9 dresy pre deti Liverpool 2025\/26 \u2013Tretina Futbalov\u00e9 Komplety Futbalov\u00e9 dresy pre deti Liverpool v tretina sade pre sez\u00f3nu 2025\/26 s\u00fa navrhnut\u00e9 pre mlad\u00fdch fan\u00fa\u0161ikov, ktor\u00ed chc\u00fa podporova\u0165 svoj ob\u013e\u00faben\u00fd klub v modernom a \u0161t\u00fdlovom preveden\u00ed. Tento detsk\u00fd futbalov\u00fd komplet pon\u00faka ide\u00e1lnu kombin\u00e1ciu pohodlia, kvality a \u0161portov\u00e9ho dizajnu vhodn\u00e9ho na ka\u017edodenn\u00e9 nosenie aj tr\u00e9ning. Dres [&hellip;]<\/p>","protected":false},"featured_media":2823,"comment_status":"open","ping_status":"closed","template":"","meta":{"site-sidebar-layout":"default","site-content-layout":"","ast-site-content-layout":"default","site-content-style":"default","site-sidebar-style":"default","ast-global-header-display":"","ast-banner-title-visibility":"","ast-main-header-display":"","ast-hfb-above-header-display":"","ast-hfb-below-header-display":"","ast-hfb-mobile-header-display":"","site-post-title":"","ast-breadcrumbs-content":"","ast-featured-img":"","footer-sml-layout":"","theme-transparent-header-meta":"default","adv-header-id-meta":"","stick-header-meta":"","header-above-stick-meta":"","header-main-stick-meta":"","header-below-stick-meta":"","astra-migrate-meta-layouts":"set","ast-page-background-enabled":"default","ast-page-background-meta":{"desktop":{"background-color":"var(--ast-global-color-4)","background-image":"","background-repeat":"repeat","background-position":"center center","background-size":"auto","background-attachment":"scroll","background-type":"","background-media":"","overlay-type":"","overlay-color":"","overlay-opacity":"","overlay-gradient":""},"tablet":{"background-color":"","background-image":"","background-repeat":"repeat","background-position":"center center","background-size":"auto","background-attachment":"scroll","background-type":"","background-media":"","overlay-type":"","overlay-color":"","overlay-opacity":"","overlay-gradient":""},"mobile":{"background-color":"","background-image":"","background-repeat":"repeat","background-position":"center center","background-size":"auto","background-attachment":"scroll","background-type":"","background-media":"","overlay-type":"","overlay-color":"","overlay-opacity":"","overlay-gradient":""}},"ast-content-background-meta":{"desktop":{"background-color":"var(--ast-global-color-5)","background-image":"","background-repeat":"repeat","background-position":"center center","background-size":"auto","background-attachment":"scroll","background-type":"","background-media":"","overlay-type":"","overlay-color":"","overlay-opacity":"","overlay-gradient":""},"tablet":{"background-color":"var(--ast-global-color-5)","background-image":"","background-repeat":"repeat","background-position":"center center","background-size":"auto","background-attachment":"scroll","background-type":"","background-media":"","overlay-type":"","overlay-color":"","overlay-opacity":"","overlay-gradient":""},"mobile":{"background-color":"var(--ast-global-color-5)","background-image":"","background-repeat":"repeat","background-position":"center center","background-size":"auto","background-attachment":"scroll","background-type":"","background-media":"","overlay-type":"","overlay-color":"","overlay-opacity":"","overlay-gradient":""}}},"product_brand":[],"product_cat":[74],"product_tag":[130,170,178,180,179],"class_list":{"0":"post-2821","1":"product","2":"type-product","3":"status-publish","4":"has-post-thumbnail","6":"product_cat-detske-dres-liverpool","7":"product_tag-detske-futbalove-dresy","8":"product_tag-detsky-futbalovy-komplet","9":"product_tag-futbalove-dresy-pre-deti-liverpool","10":"product_tag-futbalovy-dres-pre-deti-s-menom-a-cislom","11":"product_tag-liverpool-detsky-futbalovy-dres","12":"desktop-align-left","13":"tablet-align-left","14":"mobile-align-left","16":"first","17":"instock","18":"featured","19":"shipping-taxable","20":"purchasable","21":"product-type-variable"},"_links":{"self":[{"href":"https:\/\/www.drespredeti.com\/de\/wp-json\/wp\/v2\/product\/2821","targetHints":{"allow":["GET"]}}],"collection":[{"href":"https:\/\/www.drespredeti.com\/de\/wp-json\/wp\/v2\/product"}],"about":[{"href":"https:\/\/www.drespredeti.com\/de\/wp-json\/wp\/v2\/types\/product"}],"replies":[{"embeddable":true,"href":"https:\/\/www.drespredeti.com\/de\/wp-json\/wp\/v2\/comments?post=2821"}],"wp:featuredmedia":[{"embeddable":true,"href":"https:\/\/www.drespredeti.com\/de\/wp-json\/wp\/v2\/media\/2823"}],"wp:attachment":[{"href":"https:\/\/www.drespredeti.com\/de\/wp-json\/wp\/v2\/media?parent=2821"}],"wp:term":[{"taxonomy":"product_brand","embeddable":true,"href":"https:\/\/www.drespredeti.com\/de\/wp-json\/wp\/v2\/product_brand?post=2821"},{"taxonomy":"product_cat","embeddable":true,"href":"https:\/\/www.drespredeti.com\/de\/wp-json\/wp\/v2\/product_cat?post=2821"},{"taxonomy":"product_tag","embeddable":true,"href":"https:\/\/www.drespredeti.com\/de\/wp-json\/wp\/v2\/product_tag?post=2821"}],"curies":[{"name":"wp","href":"https:\/\/api.w.org\/{rel}","templated":true}]}}