{"id":2812,"date":"2026-01-14T03:55:53","date_gmt":"2026-01-14T02:55:53","guid":{"rendered":"https:\/\/www.futbalovedresysk.com\/?post_type=product&#038;p=2812"},"modified":"2026-01-14T04:09:15","modified_gmt":"2026-01-14T03:09:15","slug":"futbalove-dresy-pre-deti-liverpool-2025-26-domaci-komplety","status":"publish","type":"product","link":"https:\/\/www.drespredeti.com\/de\/futbalove-dresy-pre-deti-liverpool-2025-26-domaci-komplety\/","title":{"rendered":"Fu\u00dfballtrikots f\u00fcr Kinder Liverpool 2025-26 Heimsets"},"content":{"rendered":"<h3>Fu\u00dfballtrikots f\u00fcr Kinder Liverpool 2025\/26 Heim \u2013 Kinderfu\u00dfballsets<\/h3>\n<p>Fu\u00dfballtrikots f\u00fcr Kinder Liverpool im Heimdesign f\u00fcr die Saison 2025\/26 sind f\u00fcr junge Fans gedacht, die die ikonischen Vereinsfarben bequem und modern tragen m\u00f6chten. Dieses Kinderfu\u00dfballset kombiniert den klassischen Look von Liverpool mit funktionellen Materialien, die f\u00fcr Sport und den Alltag geeignet sind.<\/p>\n<p>Das Trikot ist aus hochwertigem, leichtem und atmungsaktivem Stoff gefertigt, der die Feuchtigkeitsableitung f\u00f6rdert und den Komfort bei Bewegung erh\u00f6ht. Pr\u00e4zise Verarbeitung, feste N\u00e4hte und langlebiger Druck sorgen f\u00fcr eine lange Lebensdauer auch bei h\u00e4ufigem Gebrauch und Waschen.<\/p>\n<p><strong>Eigener Name und Nummer<\/strong><\/p>\n<p>Diese Fu\u00dfballtrikots f\u00fcr Kinder Liverpool bieten vollst\u00e4ndige Personalisierung. Es ist m\u00f6glich, beliebigen Namen und Nummern auf das Trikot zu drucken, wodurch ein originelles und pers\u00f6nliches Fu\u00dfballset ganz nach den W\u00fcnschen des Kindes entsteht.<\/p>\n<p><strong>Perfektes Geschenk f\u00fcr Kinder<\/strong><\/p>\n<p>Das Kinder-Heimfu\u00dfballset Liverpool 2025\/26 ist eine gro\u00dfartige Wahl als Geschenk f\u00fcr junge Fu\u00dfballbegeisterte. Es verbindet Komfort, Qualit\u00e4t und Stolz auf den Lieblingsverein in einem Produkt.<\/p>","protected":false},"excerpt":{"rendered":"<p>Futbalov\u00e9 dresy pre deti Liverpool 2025\/26 Dom\u00e1ci \u2013 Detsk\u00e9 Futbalov\u00e9 Komplety Futbalov\u00e9 dresy pre deti Liverpool v dom\u00e1com dizajne pre sez\u00f3nu 2025\/26 s\u00fa ur\u010den\u00e9 pre mlad\u00fdch fan\u00fa\u0161ikov, ktor\u00ed chc\u00fa nosi\u0165 ikonick\u00e9 klubov\u00e9 farby v pohodlnom a modernom preveden\u00ed. Tento detsk\u00fd futbalov\u00fd komplet kombinuje klasick\u00fd vzh\u013ead Liverpoolu s funk\u010dn\u00fdmi materi\u00e1lmi vhodn\u00fdmi na \u0161port aj ka\u017edodenn\u00e9 nosenie. [&hellip;]<\/p>","protected":false},"featured_media":2814,"comment_status":"open","ping_status":"closed","template":"","meta":{"site-sidebar-layout":"default","site-content-layout":"","ast-site-content-layout":"default","site-content-style":"default","site-sidebar-style":"default","ast-global-header-display":"","ast-banner-title-visibility":"","ast-main-header-display":"","ast-hfb-above-header-display":"","ast-hfb-below-header-display":"","ast-hfb-mobile-header-display":"","site-post-title":"","ast-breadcrumbs-content":"","ast-featured-img":"","footer-sml-layout":"","theme-transparent-header-meta":"default","adv-header-id-meta":"","stick-header-meta":"","header-above-stick-meta":"","header-main-stick-meta":"","header-below-stick-meta":"","astra-migrate-meta-layouts":"set","ast-page-background-enabled":"default","ast-page-background-meta":{"desktop":{"background-color":"var(--ast-global-color-4)","background-image":"","background-repeat":"repeat","background-position":"center center","background-size":"auto","background-attachment":"scroll","background-type":"","background-media":"","overlay-type":"","overlay-color":"","overlay-opacity":"","overlay-gradient":""},"tablet":{"background-color":"","background-image":"","background-repeat":"repeat","background-position":"center center","background-size":"auto","background-attachment":"scroll","background-type":"","background-media":"","overlay-type":"","overlay-color":"","overlay-opacity":"","overlay-gradient":""},"mobile":{"background-color":"","background-image":"","background-repeat":"repeat","background-position":"center center","background-size":"auto","background-attachment":"scroll","background-type":"","background-media":"","overlay-type":"","overlay-color":"","overlay-opacity":"","overlay-gradient":""}},"ast-content-background-meta":{"desktop":{"background-color":"var(--ast-global-color-5)","background-image":"","background-repeat":"repeat","background-position":"center center","background-size":"auto","background-attachment":"scroll","background-type":"","background-media":"","overlay-type":"","overlay-color":"","overlay-opacity":"","overlay-gradient":""},"tablet":{"background-color":"var(--ast-global-color-5)","background-image":"","background-repeat":"repeat","background-position":"center center","background-size":"auto","background-attachment":"scroll","background-type":"","background-media":"","overlay-type":"","overlay-color":"","overlay-opacity":"","overlay-gradient":""},"mobile":{"background-color":"var(--ast-global-color-5)","background-image":"","background-repeat":"repeat","background-position":"center center","background-size":"auto","background-attachment":"scroll","background-type":"","background-media":"","overlay-type":"","overlay-color":"","overlay-opacity":"","overlay-gradient":""}}},"product_brand":[],"product_cat":[74],"product_tag":[130,170,178,180,179],"class_list":{"0":"post-2812","1":"product","2":"type-product","3":"status-publish","4":"has-post-thumbnail","6":"product_cat-detske-dres-liverpool","7":"product_tag-detske-futbalove-dresy","8":"product_tag-detsky-futbalovy-komplet","9":"product_tag-futbalove-dresy-pre-deti-liverpool","10":"product_tag-futbalovy-dres-pre-deti-s-menom-a-cislom","11":"product_tag-liverpool-detsky-futbalovy-dres","12":"desktop-align-left","13":"tablet-align-left","14":"mobile-align-left","16":"first","17":"instock","18":"shipping-taxable","19":"purchasable","20":"product-type-variable"},"_links":{"self":[{"href":"https:\/\/www.drespredeti.com\/de\/wp-json\/wp\/v2\/product\/2812","targetHints":{"allow":["GET"]}}],"collection":[{"href":"https:\/\/www.drespredeti.com\/de\/wp-json\/wp\/v2\/product"}],"about":[{"href":"https:\/\/www.drespredeti.com\/de\/wp-json\/wp\/v2\/types\/product"}],"replies":[{"embeddable":true,"href":"https:\/\/www.drespredeti.com\/de\/wp-json\/wp\/v2\/comments?post=2812"}],"wp:featuredmedia":[{"embeddable":true,"href":"https:\/\/www.drespredeti.com\/de\/wp-json\/wp\/v2\/media\/2814"}],"wp:attachment":[{"href":"https:\/\/www.drespredeti.com\/de\/wp-json\/wp\/v2\/media?parent=2812"}],"wp:term":[{"taxonomy":"product_brand","embeddable":true,"href":"https:\/\/www.drespredeti.com\/de\/wp-json\/wp\/v2\/product_brand?post=2812"},{"taxonomy":"product_cat","embeddable":true,"href":"https:\/\/www.drespredeti.com\/de\/wp-json\/wp\/v2\/product_cat?post=2812"},{"taxonomy":"product_tag","embeddable":true,"href":"https:\/\/www.drespredeti.com\/de\/wp-json\/wp\/v2\/product_tag?post=2812"}],"curies":[{"name":"wp","href":"https:\/\/api.w.org\/{rel}","templated":true}]}}