{"id":2792,"date":"2026-01-14T08:11:23","date_gmt":"2026-01-14T07:11:23","guid":{"rendered":"https:\/\/www.futbalovedresysk.com\/?post_type=product&#038;p=2792"},"modified":"2026-01-14T08:11:27","modified_gmt":"2026-01-14T07:11:27","slug":"detsky-futbalovy-dres-arsenal-piero-hincapie-5-2025-26-prec-komplety","status":"publish","type":"product","link":"https:\/\/www.drespredeti.com\/de\/detsky-futbalovy-dres-arsenal-piero-hincapie-5-2025-26-prec-komplety\/","title":{"rendered":"Kinder-Fu\u00dfballtrikot Arsenal Piero Hincapie #5 2025-26 Ausw\u00e4rtssets"},"content":{"rendered":"<h3>Kinder-Fu\u00dfballtrikot Arsenal Piero Hincapie #5 2025\/26 Ausw\u00e4rts \u2013 Komplettes Set mit Personalisierung<\/h3>\n<p>Das Kinder-Fu\u00dfballtrikot Arsenal Piero Hincapie #5 in Ausw\u00e4rts-Design f\u00fcr die Saison 2025\/26 ist die ideale Wahl f\u00fcr alle jungen Fans, die ihren Lieblingsverein auch au\u00dferhalb des Heimstadions unterst\u00fctzen m\u00f6chten. Dieses vollst\u00e4ndige Fu\u00dfballset verbindet modernes Design, hohen Komfort und langlebiges Material, ideal f\u00fcr Training, Spiele oder den t\u00e4glichen Gebrauch.<\/p>\n<p>Das Trikot ist aus leichtem, atmungsaktivem und strapazierf\u00e4higem Polyester gefertigt, das Feuchtigkeit effektiv ableitet, das Kind trocken und bequem h\u00e4lt w\u00e4hrend der Bewegung und Bewegungsfreiheit auf dem Spielfeld garantiert. Pr\u00e4zise N\u00e4hte, hochwertiger Druck und authentische Vereinsdetails sorgen f\u00fcr eine lange Lebensdauer und ein professionelles Erscheinungsbild.<\/p>\n<p><strong>Personalisierung nach Wunsch<\/strong><\/p>\n<p>Neben der offiziellen Version mit Piero Hincapie erm\u00f6glicht dieses Trikot, den eigenen Namen und die Nummer hinzuzuf\u00fcgen, wodurch das Kinder-Fu\u00dfballtrikot Arsenal zu einem einzigartigen und pers\u00f6nlichen St\u00fcck f\u00fcr jeden jungen Spieler wird.<\/p>\n<p><strong>Perfektes Geschenk f\u00fcr junge Arsenal-Fans<\/strong><\/p>\n<p>Das Ausw\u00e4rts-Set Arsenal 2025\/26 ist ideal als Geburtstags-, Weihnachtsgeschenk oder zum Beginn der neuen Saison. Es vereint stilvolles Design, Komfort und Vereinsstolz in einem hochwertigen Produkt, das das Kind lieben wird.<\/p>","protected":false},"excerpt":{"rendered":"<p>Kinder-Fu\u00dfballtrikot Arsenal Piero Hincapie #5 2025\/26 Ausw\u00e4rts \u2013 Komplettes Set mit Personalisierung Kinder-Fu\u00dfballtrikot Arsenal Piero Hincapie #5 in Ausw\u00e4rts-Design f\u00fcr die Saison 2025\/26 ist die ideale Wahl f\u00fcr alle jungen Fans, die ihren Lieblingsverein auch au\u00dferhalb des Heimstadions unterst\u00fctzen m\u00f6chten. Dieses vollst\u00e4ndige Fu\u00dfballset verbindet modernes Design, hohen Komfort und [\u2026]<\/p>","protected":false},"featured_media":2794,"comment_status":"open","ping_status":"closed","template":"","meta":{"site-sidebar-layout":"default","site-content-layout":"","ast-site-content-layout":"default","site-content-style":"default","site-sidebar-style":"default","ast-global-header-display":"","ast-banner-title-visibility":"","ast-main-header-display":"","ast-hfb-above-header-display":"","ast-hfb-below-header-display":"","ast-hfb-mobile-header-display":"","site-post-title":"","ast-breadcrumbs-content":"","ast-featured-img":"","footer-sml-layout":"","theme-transparent-header-meta":"default","adv-header-id-meta":"","stick-header-meta":"","header-above-stick-meta":"","header-main-stick-meta":"","header-below-stick-meta":"","astra-migrate-meta-layouts":"set","ast-page-background-enabled":"default","ast-page-background-meta":{"desktop":{"background-color":"var(--ast-global-color-4)","background-image":"","background-repeat":"repeat","background-position":"center center","background-size":"auto","background-attachment":"scroll","background-type":"","background-media":"","overlay-type":"","overlay-color":"","overlay-opacity":"","overlay-gradient":""},"tablet":{"background-color":"","background-image":"","background-repeat":"repeat","background-position":"center center","background-size":"auto","background-attachment":"scroll","background-type":"","background-media":"","overlay-type":"","overlay-color":"","overlay-opacity":"","overlay-gradient":""},"mobile":{"background-color":"","background-image":"","background-repeat":"repeat","background-position":"center center","background-size":"auto","background-attachment":"scroll","background-type":"","background-media":"","overlay-type":"","overlay-color":"","overlay-opacity":"","overlay-gradient":""}},"ast-content-background-meta":{"desktop":{"background-color":"var(--ast-global-color-5)","background-image":"","background-repeat":"repeat","background-position":"center center","background-size":"auto","background-attachment":"scroll","background-type":"","background-media":"","overlay-type":"","overlay-color":"","overlay-opacity":"","overlay-gradient":""},"tablet":{"background-color":"var(--ast-global-color-5)","background-image":"","background-repeat":"repeat","background-position":"center center","background-size":"auto","background-attachment":"scroll","background-type":"","background-media":"","overlay-type":"","overlay-color":"","overlay-opacity":"","overlay-gradient":""},"mobile":{"background-color":"var(--ast-global-color-5)","background-image":"","background-repeat":"repeat","background-position":"center center","background-size":"auto","background-attachment":"scroll","background-type":"","background-media":"","overlay-type":"","overlay-color":"","overlay-opacity":"","overlay-gradient":""}}},"product_brand":[],"product_cat":[73],"product_tag":[190,130,191,170,189,208],"class_list":{"0":"post-2792","1":"product","2":"type-product","3":"status-publish","4":"has-post-thumbnail","6":"product_cat-detske-dres-arsenal","7":"product_tag-arsenal-detsky-futbalovy-dres","8":"product_tag-detske-futbalove-dresy","9":"product_tag-detsky-dres-s-vlastnym-menom-a-cislom","10":"product_tag-detsky-futbalovy-komplet","11":"product_tag-futbalove-dresy-detske-arsenal","12":"product_tag-piero-hincapie-dres","13":"desktop-align-left","14":"tablet-align-left","15":"mobile-align-left","17":"first","18":"instock","19":"shipping-taxable","20":"purchasable","21":"product-type-variable"},"_links":{"self":[{"href":"https:\/\/www.drespredeti.com\/de\/wp-json\/wp\/v2\/product\/2792","targetHints":{"allow":["GET"]}}],"collection":[{"href":"https:\/\/www.drespredeti.com\/de\/wp-json\/wp\/v2\/product"}],"about":[{"href":"https:\/\/www.drespredeti.com\/de\/wp-json\/wp\/v2\/types\/product"}],"replies":[{"embeddable":true,"href":"https:\/\/www.drespredeti.com\/de\/wp-json\/wp\/v2\/comments?post=2792"}],"wp:featuredmedia":[{"embeddable":true,"href":"https:\/\/www.drespredeti.com\/de\/wp-json\/wp\/v2\/media\/2794"}],"wp:attachment":[{"href":"https:\/\/www.drespredeti.com\/de\/wp-json\/wp\/v2\/media?parent=2792"}],"wp:term":[{"taxonomy":"product_brand","embeddable":true,"href":"https:\/\/www.drespredeti.com\/de\/wp-json\/wp\/v2\/product_brand?post=2792"},{"taxonomy":"product_cat","embeddable":true,"href":"https:\/\/www.drespredeti.com\/de\/wp-json\/wp\/v2\/product_cat?post=2792"},{"taxonomy":"product_tag","embeddable":true,"href":"https:\/\/www.drespredeti.com\/de\/wp-json\/wp\/v2\/product_tag?post=2792"}],"curies":[{"name":"wp","href":"https:\/\/api.w.org\/{rel}","templated":true}]}}