{"id":2756,"date":"2026-01-14T08:10:21","date_gmt":"2026-01-14T07:10:21","guid":{"rendered":"https:\/\/www.futbalovedresysk.com\/?post_type=product&#038;p=2756"},"modified":"2026-01-14T08:10:22","modified_gmt":"2026-01-14T07:10:22","slug":"detsky-futbalovy-dres-arsenal-riccardo-calafiori-33-2025-26-prec-komplety","status":"publish","type":"product","link":"https:\/\/www.drespredeti.com\/de\/detsky-futbalovy-dres-arsenal-riccardo-calafiori-33-2025-26-prec-komplety\/","title":{"rendered":"Kinder-Fu\u00dfballtrikot Arsenal Riccardo Calafiori #33 2025-26 Ausw\u00e4rtssets"},"content":{"rendered":"<h3>Kinder-Fu\u00dfballtrikot Arsenal Riccardo Calafiori #33 2025\/26 Vorne \u2013 Komplettes Set mit Personalisierung<\/h3>\n<p>Das Kinder-Fu\u00dfballtrikot Arsenal Piero Hincapie #5 in Ausw\u00e4rts-Design f\u00fcr die Saison 2025\/26 ist die ideale Wahl f\u00fcr alle jungen Fans, die ihren Lieblingsverein auch au\u00dferhalb des Heimstadions unterst\u00fctzen m\u00f6chten. Dieses vollst\u00e4ndige Fu\u00dfballset verbindet modernes Design, hohen Komfort und langlebiges Material, ideal f\u00fcr Training, Spiele oder den t\u00e4glichen Gebrauch.<\/p>\n<p>Das Trikot ist aus leichtem, atmungsaktivem und strapazierf\u00e4higem Polyester gefertigt, das Feuchtigkeit effektiv ableitet, das Kind trocken und bequem h\u00e4lt w\u00e4hrend der Bewegung und Bewegungsfreiheit auf dem Spielfeld garantiert. Pr\u00e4zise N\u00e4hte, hochwertiger Druck und authentische Vereinsdetails sorgen f\u00fcr eine lange Lebensdauer und ein professionelles Erscheinungsbild.<\/p>\n<p><strong>Personalisierung nach Wunsch<\/strong><\/p>\n<p>Neben der offiziellen Version mit Riccardo Calafiori erm\u00f6glicht dieses Trikot das Hinzuf\u00fcgen eines eigenen Namens und einer Nummer, wodurch das Kinder-Fu\u00dfballtrikot Arsenal zu einem einzigartigen und pers\u00f6nlichen St\u00fcck f\u00fcr jeden jungen Spieler wird.<\/p>\n<p><strong>Perfektes Geschenk f\u00fcr junge Arsenal-Fans<\/strong><\/p>\n<p>Das Ausw\u00e4rts-Set Arsenal 2025\/26 ist ideal als Geburtstags-, Weihnachtsgeschenk oder zum Beginn der neuen Saison. Es vereint stilvolles Design, Komfort und Vereinsstolz in einem hochwertigen Produkt, das das Kind lieben wird.<\/p>","protected":false},"excerpt":{"rendered":"<p>Detsk\u00fd futbalov\u00fd dres Arsenal Riccardo Calafiori #33 2025\/26 Pre\u010d \u2013 Kompletn\u00fd set s personaliz\u00e1ciou Detsk\u00fd futbalov\u00fd dres Arsenal Riccardo Calafiori #33 v pre\u010d (away) preveden\u00ed pre sez\u00f3nu 2025\/26 je ide\u00e1lnou vo\u013ebou pre v\u0161etk\u00fdch mlad\u00fdch fan\u00fa\u0161ikov, ktor\u00ed chc\u00fa podporova\u0165 svoj ob\u013e\u00faben\u00fd klub aj mimo dom\u00e1ceho \u0161tadi\u00f3na. Tento kompletn\u00fd futbalov\u00fd set sp\u00e1ja modern\u00fd dizajn, vysok\u00fd komfort a [&hellip;]<\/p>","protected":false},"featured_media":2758,"comment_status":"open","ping_status":"closed","template":"","meta":{"site-sidebar-layout":"default","site-content-layout":"","ast-site-content-layout":"default","site-content-style":"default","site-sidebar-style":"default","ast-global-header-display":"","ast-banner-title-visibility":"","ast-main-header-display":"","ast-hfb-above-header-display":"","ast-hfb-below-header-display":"","ast-hfb-mobile-header-display":"","site-post-title":"","ast-breadcrumbs-content":"","ast-featured-img":"","footer-sml-layout":"","theme-transparent-header-meta":"default","adv-header-id-meta":"","stick-header-meta":"","header-above-stick-meta":"","header-main-stick-meta":"","header-below-stick-meta":"","astra-migrate-meta-layouts":"set","ast-page-background-enabled":"default","ast-page-background-meta":{"desktop":{"background-color":"var(--ast-global-color-4)","background-image":"","background-repeat":"repeat","background-position":"center center","background-size":"auto","background-attachment":"scroll","background-type":"","background-media":"","overlay-type":"","overlay-color":"","overlay-opacity":"","overlay-gradient":""},"tablet":{"background-color":"","background-image":"","background-repeat":"repeat","background-position":"center center","background-size":"auto","background-attachment":"scroll","background-type":"","background-media":"","overlay-type":"","overlay-color":"","overlay-opacity":"","overlay-gradient":""},"mobile":{"background-color":"","background-image":"","background-repeat":"repeat","background-position":"center center","background-size":"auto","background-attachment":"scroll","background-type":"","background-media":"","overlay-type":"","overlay-color":"","overlay-opacity":"","overlay-gradient":""}},"ast-content-background-meta":{"desktop":{"background-color":"var(--ast-global-color-5)","background-image":"","background-repeat":"repeat","background-position":"center center","background-size":"auto","background-attachment":"scroll","background-type":"","background-media":"","overlay-type":"","overlay-color":"","overlay-opacity":"","overlay-gradient":""},"tablet":{"background-color":"var(--ast-global-color-5)","background-image":"","background-repeat":"repeat","background-position":"center center","background-size":"auto","background-attachment":"scroll","background-type":"","background-media":"","overlay-type":"","overlay-color":"","overlay-opacity":"","overlay-gradient":""},"mobile":{"background-color":"var(--ast-global-color-5)","background-image":"","background-repeat":"repeat","background-position":"center center","background-size":"auto","background-attachment":"scroll","background-type":"","background-media":"","overlay-type":"","overlay-color":"","overlay-opacity":"","overlay-gradient":""}}},"product_brand":[],"product_cat":[73],"product_tag":[190,130,191,170,189,205],"class_list":{"0":"post-2756","1":"product","2":"type-product","3":"status-publish","4":"has-post-thumbnail","6":"product_cat-detske-dres-arsenal","7":"product_tag-arsenal-detsky-futbalovy-dres","8":"product_tag-detske-futbalove-dresy","9":"product_tag-detsky-dres-s-vlastnym-menom-a-cislom","10":"product_tag-detsky-futbalovy-komplet","11":"product_tag-futbalove-dresy-detske-arsenal","12":"product_tag-riccardo-calafiori-dres","13":"desktop-align-left","14":"tablet-align-left","15":"mobile-align-left","17":"first","18":"instock","19":"shipping-taxable","20":"purchasable","21":"product-type-variable"},"_links":{"self":[{"href":"https:\/\/www.drespredeti.com\/de\/wp-json\/wp\/v2\/product\/2756","targetHints":{"allow":["GET"]}}],"collection":[{"href":"https:\/\/www.drespredeti.com\/de\/wp-json\/wp\/v2\/product"}],"about":[{"href":"https:\/\/www.drespredeti.com\/de\/wp-json\/wp\/v2\/types\/product"}],"replies":[{"embeddable":true,"href":"https:\/\/www.drespredeti.com\/de\/wp-json\/wp\/v2\/comments?post=2756"}],"wp:featuredmedia":[{"embeddable":true,"href":"https:\/\/www.drespredeti.com\/de\/wp-json\/wp\/v2\/media\/2758"}],"wp:attachment":[{"href":"https:\/\/www.drespredeti.com\/de\/wp-json\/wp\/v2\/media?parent=2756"}],"wp:term":[{"taxonomy":"product_brand","embeddable":true,"href":"https:\/\/www.drespredeti.com\/de\/wp-json\/wp\/v2\/product_brand?post=2756"},{"taxonomy":"product_cat","embeddable":true,"href":"https:\/\/www.drespredeti.com\/de\/wp-json\/wp\/v2\/product_cat?post=2756"},{"taxonomy":"product_tag","embeddable":true,"href":"https:\/\/www.drespredeti.com\/de\/wp-json\/wp\/v2\/product_tag?post=2756"}],"curies":[{"name":"wp","href":"https:\/\/api.w.org\/{rel}","templated":true}]}}