{"id":2722,"date":"2026-01-14T08:09:51","date_gmt":"2026-01-14T07:09:51","guid":{"rendered":"https:\/\/www.futbalovedresysk.com\/?post_type=product&#038;p=2722"},"modified":"2026-01-14T08:09:55","modified_gmt":"2026-01-14T07:09:55","slug":"detsky-futbalovy-dres-arsenal-noni-madueke-20-2025-26-domaci-komplety","status":"publish","type":"product","link":"https:\/\/www.drespredeti.com\/de\/detsky-futbalovy-dres-arsenal-noni-madueke-20-2025-26-domaci-komplety\/","title":{"rendered":"Kinder-Fu\u00dfballtrikot Arsenal Noni Madueke #20 2025-26 Heimsets"},"content":{"rendered":"<h3>Kinder-Fu\u00dfballtrikot Arsenal Noni Madueke #20 2025\/26 Heim \u2013 Komplettset<\/h3>\n<p>Das Kinder-Fu\u00dfballtrikot Arsenal Piero Hincapie #5 in Heimversion f\u00fcr die Saison 2025\/26 ist ideal f\u00fcr kleine Fans, die ihre Lieblingsmannschaft im authentischen Stil direkt auf dem Spielfeld und au\u00dferhalb unterst\u00fctzen m\u00f6chten. Dieses vollst\u00e4ndige Fu\u00dfballset verbindet modernes Design, Komfort und hochwertige Materialien, geeignet f\u00fcr Training, Spiele und den Alltag.<\/p>\n<p>Das Trikot ist aus leichtem, atmungsaktivem Polyester gefertigt, das Feuchtigkeit effektiv ableitet und daf\u00fcr sorgt, dass Ihr Kind w\u00e4hrend intensiven Spiels angenehm trocken bleibt. Pr\u00e4zise N\u00e4hte, hochwertiger Druck und authentische Vereinsdetails gew\u00e4hrleisten eine lange Lebensdauer und ein professionelles Erscheinungsbild.<\/p>\n<p><strong>Personalisieren Sie das Trikot nach Wunsch<\/strong><\/p>\n<p>Neben der offiziellen Version mit Noni Madueke ist es m\u00f6glich, den eigenen Namen und die Nummer hinzuzuf\u00fcgen, wodurch das Kinder-Fu\u00dfballtrikot Arsenal zu einem einzigartigen und pers\u00f6nlichen St\u00fcck f\u00fcr jeden jungen Spieler wird.<\/p>\n<p><strong>Perfektes Geschenk f\u00fcr junge Fans<\/strong><\/p>\n<p>Heim-Fu\u00dfballset Arsenal 2025\/26 ist ein tolles Geschenk zum Geburtstag, Weihnachten oder zum Start in die neue Saison. Es vereint Komfort, Qualit\u00e4t und Vereinsstolz in einem stilvollen Produkt, das Ihr Kind lieben wird.<\/p>","protected":false},"excerpt":{"rendered":"<p>Detsk\u00fd futbalov\u00fd dres Arsenal Noni Madueke #20 2025\/26 Dom\u00e1ci \u2013 Kompletn\u00fd set Detsk\u00fd futbalov\u00fd dres Arsenal Noni Madueke #20 v dom\u00e1com preveden\u00ed pre sez\u00f3nu 2025\/26 je ide\u00e1lny pre mal\u00fdch fan\u00fa\u0161ikov, ktor\u00ed chc\u00fa podporova\u0165 svoj ob\u013e\u00faben\u00fd klub v autentickom \u0161t\u00fdle priamo na ihrisku aj mimo neho. Tento kompletn\u00fd futbalov\u00fd set sp\u00e1ja modern\u00fd dizajn, pohodlie a kvalitn\u00e9 [&hellip;]<\/p>","protected":false},"featured_media":2724,"comment_status":"open","ping_status":"closed","template":"","meta":{"site-sidebar-layout":"default","site-content-layout":"","ast-site-content-layout":"default","site-content-style":"default","site-sidebar-style":"default","ast-global-header-display":"","ast-banner-title-visibility":"","ast-main-header-display":"","ast-hfb-above-header-display":"","ast-hfb-below-header-display":"","ast-hfb-mobile-header-display":"","site-post-title":"","ast-breadcrumbs-content":"","ast-featured-img":"","footer-sml-layout":"","theme-transparent-header-meta":"default","adv-header-id-meta":"","stick-header-meta":"","header-above-stick-meta":"","header-main-stick-meta":"","header-below-stick-meta":"","astra-migrate-meta-layouts":"set","ast-page-background-enabled":"default","ast-page-background-meta":{"desktop":{"background-color":"var(--ast-global-color-4)","background-image":"","background-repeat":"repeat","background-position":"center center","background-size":"auto","background-attachment":"scroll","background-type":"","background-media":"","overlay-type":"","overlay-color":"","overlay-opacity":"","overlay-gradient":""},"tablet":{"background-color":"","background-image":"","background-repeat":"repeat","background-position":"center center","background-size":"auto","background-attachment":"scroll","background-type":"","background-media":"","overlay-type":"","overlay-color":"","overlay-opacity":"","overlay-gradient":""},"mobile":{"background-color":"","background-image":"","background-repeat":"repeat","background-position":"center center","background-size":"auto","background-attachment":"scroll","background-type":"","background-media":"","overlay-type":"","overlay-color":"","overlay-opacity":"","overlay-gradient":""}},"ast-content-background-meta":{"desktop":{"background-color":"var(--ast-global-color-5)","background-image":"","background-repeat":"repeat","background-position":"center center","background-size":"auto","background-attachment":"scroll","background-type":"","background-media":"","overlay-type":"","overlay-color":"","overlay-opacity":"","overlay-gradient":""},"tablet":{"background-color":"var(--ast-global-color-5)","background-image":"","background-repeat":"repeat","background-position":"center center","background-size":"auto","background-attachment":"scroll","background-type":"","background-media":"","overlay-type":"","overlay-color":"","overlay-opacity":"","overlay-gradient":""},"mobile":{"background-color":"var(--ast-global-color-5)","background-image":"","background-repeat":"repeat","background-position":"center center","background-size":"auto","background-attachment":"scroll","background-type":"","background-media":"","overlay-type":"","overlay-color":"","overlay-opacity":"","overlay-gradient":""}}},"product_brand":[],"product_cat":[73],"product_tag":[190,130,191,170,189,203],"class_list":{"0":"post-2722","1":"product","2":"type-product","3":"status-publish","4":"has-post-thumbnail","6":"product_cat-detske-dres-arsenal","7":"product_tag-arsenal-detsky-futbalovy-dres","8":"product_tag-detske-futbalove-dresy","9":"product_tag-detsky-dres-s-vlastnym-menom-a-cislom","10":"product_tag-detsky-futbalovy-komplet","11":"product_tag-futbalove-dresy-detske-arsenal","12":"product_tag-noni-madueke-dres","13":"desktop-align-left","14":"tablet-align-left","15":"mobile-align-left","17":"first","18":"instock","19":"shipping-taxable","20":"purchasable","21":"product-type-variable"},"_links":{"self":[{"href":"https:\/\/www.drespredeti.com\/de\/wp-json\/wp\/v2\/product\/2722","targetHints":{"allow":["GET"]}}],"collection":[{"href":"https:\/\/www.drespredeti.com\/de\/wp-json\/wp\/v2\/product"}],"about":[{"href":"https:\/\/www.drespredeti.com\/de\/wp-json\/wp\/v2\/types\/product"}],"replies":[{"embeddable":true,"href":"https:\/\/www.drespredeti.com\/de\/wp-json\/wp\/v2\/comments?post=2722"}],"wp:featuredmedia":[{"embeddable":true,"href":"https:\/\/www.drespredeti.com\/de\/wp-json\/wp\/v2\/media\/2724"}],"wp:attachment":[{"href":"https:\/\/www.drespredeti.com\/de\/wp-json\/wp\/v2\/media?parent=2722"}],"wp:term":[{"taxonomy":"product_brand","embeddable":true,"href":"https:\/\/www.drespredeti.com\/de\/wp-json\/wp\/v2\/product_brand?post=2722"},{"taxonomy":"product_cat","embeddable":true,"href":"https:\/\/www.drespredeti.com\/de\/wp-json\/wp\/v2\/product_cat?post=2722"},{"taxonomy":"product_tag","embeddable":true,"href":"https:\/\/www.drespredeti.com\/de\/wp-json\/wp\/v2\/product_tag?post=2722"}],"curies":[{"name":"wp","href":"https:\/\/api.w.org\/{rel}","templated":true}]}}