{"id":2666,"date":"2026-01-14T07:50:24","date_gmt":"2026-01-14T06:50:24","guid":{"rendered":"https:\/\/www.futbalovedresysk.com\/?post_type=product&#038;p=2666"},"modified":"2026-01-14T07:50:33","modified_gmt":"2026-01-14T06:50:33","slug":"futbalove-dresy-detske-arsenal-kai-havertz-29-2025-26-tretina-komplety","status":"publish","type":"product","link":"https:\/\/www.drespredeti.com\/de\/futbalove-dresy-detske-arsenal-kai-havertz-29-2025-26-tretina-komplety\/","title":{"rendered":"Fu\u00dfballtrikots Kinder Arsenal Kai Havertz #29 2025-26 Halbe Sets"},"content":{"rendered":"<h3>Fu\u00dfballtrikots Kinder Arsenal Kai Havertz #29 2025\/26 Viertel \u2013Hochwertiges Set<\/h3>\n<p>Fu\u00dfballtrikots Kinder Arsenal in der Drittel-Edition f\u00fcr die Saison 2025\/26 sind sorgf\u00e4ltig f\u00fcr junge Fans entworfen, die die Vereinsfarben professionell und bequem tragen m\u00f6chten. Dieses Bukayo Saka #7 Set verbindet authentisches Vereinsdesign, hochwertige Materialien und einen ergonomischen Schnitt, der f\u00fcr Kinder w\u00e4hrend Training, Spiel und Freizeit geeignet ist.<\/p>\n<p>Das Trikot ist aus leichtem und atmungsaktivem Polyester gefertigt, das Feuchtigkeit effektiv ableitet, \u00dcberhitzung reduziert und Bewegungsfreiheit erm\u00f6glicht. Pr\u00e4zise Verarbeitung, langlebiger Druck und Details nach offiziellen Vereinsvorgaben gew\u00e4hrleisten eine lange Lebensdauer und ein professionelles Erscheinungsbild.<\/p>\n<p><strong>Warum dieses Trikot w\u00e4hlen<\/strong><\/p>\n<ul>\n<li>Komplettes Set: Trikot + Shorts \u2013 bereit f\u00fcr Training und Spiel<\/li>\n<li>Material: leicht, atmungsaktiv, bequem und langlebig<\/li>\n<li>Geeignet f\u00fcr alle sportlichen Aktivit\u00e4ten und den t\u00e4glichen Gebrauch<\/li>\n<li>Erh\u00e4ltlich in mehreren Kindergr\u00f6\u00dfen<\/li>\n<li>Personalisierung: eigener Name und Nummer \u2013 einzigartiges Trikot f\u00fcr jedes Kind<\/li>\n<\/ul>","protected":false},"excerpt":{"rendered":"<p>Futbalove Dresy Detske Arsenal Kai Havertz #29 2025\/26 Tretina \u2013Kvalitn\u00fd Set Futbalove Dresy Detske Arsenal v tretinovej ed\u00edcii pre sez\u00f3nu 2025\/26 s\u00fa starostlivo navrhnut\u00e9 pre mlad\u00fdch fan\u00fa\u0161ikov, ktor\u00ed chc\u00fa nosi\u0165 klubov\u00e9 farby profesion\u00e1lne a pohodlne. Tento komplet Kai Havertz #29 sp\u00e1ja autentick\u00fd klubov\u00fd dizajn, vysokokvalitn\u00e9 materi\u00e1ly a ergonomick\u00fd strih vhodn\u00fd pre deti po\u010das tr\u00e9ningov, z\u00e1pasov [&hellip;]<\/p>","protected":false},"featured_media":2668,"comment_status":"open","ping_status":"closed","template":"","meta":{"site-sidebar-layout":"default","site-content-layout":"","ast-site-content-layout":"default","site-content-style":"default","site-sidebar-style":"default","ast-global-header-display":"","ast-banner-title-visibility":"","ast-main-header-display":"","ast-hfb-above-header-display":"","ast-hfb-below-header-display":"","ast-hfb-mobile-header-display":"","site-post-title":"","ast-breadcrumbs-content":"","ast-featured-img":"","footer-sml-layout":"","theme-transparent-header-meta":"default","adv-header-id-meta":"","stick-header-meta":"","header-above-stick-meta":"","header-main-stick-meta":"","header-below-stick-meta":"","astra-migrate-meta-layouts":"set","ast-page-background-enabled":"default","ast-page-background-meta":{"desktop":{"background-color":"var(--ast-global-color-4)","background-image":"","background-repeat":"repeat","background-position":"center center","background-size":"auto","background-attachment":"scroll","background-type":"","background-media":"","overlay-type":"","overlay-color":"","overlay-opacity":"","overlay-gradient":""},"tablet":{"background-color":"","background-image":"","background-repeat":"repeat","background-position":"center center","background-size":"auto","background-attachment":"scroll","background-type":"","background-media":"","overlay-type":"","overlay-color":"","overlay-opacity":"","overlay-gradient":""},"mobile":{"background-color":"","background-image":"","background-repeat":"repeat","background-position":"center center","background-size":"auto","background-attachment":"scroll","background-type":"","background-media":"","overlay-type":"","overlay-color":"","overlay-opacity":"","overlay-gradient":""}},"ast-content-background-meta":{"desktop":{"background-color":"var(--ast-global-color-5)","background-image":"","background-repeat":"repeat","background-position":"center center","background-size":"auto","background-attachment":"scroll","background-type":"","background-media":"","overlay-type":"","overlay-color":"","overlay-opacity":"","overlay-gradient":""},"tablet":{"background-color":"var(--ast-global-color-5)","background-image":"","background-repeat":"repeat","background-position":"center center","background-size":"auto","background-attachment":"scroll","background-type":"","background-media":"","overlay-type":"","overlay-color":"","overlay-opacity":"","overlay-gradient":""},"mobile":{"background-color":"var(--ast-global-color-5)","background-image":"","background-repeat":"repeat","background-position":"center center","background-size":"auto","background-attachment":"scroll","background-type":"","background-media":"","overlay-type":"","overlay-color":"","overlay-opacity":"","overlay-gradient":""}}},"product_brand":[],"product_cat":[73],"product_tag":[190,130,191,170,189,198],"class_list":{"0":"post-2666","1":"product","2":"type-product","3":"status-publish","4":"has-post-thumbnail","6":"product_cat-detske-dres-arsenal","7":"product_tag-arsenal-detsky-futbalovy-dres","8":"product_tag-detske-futbalove-dresy","9":"product_tag-detsky-dres-s-vlastnym-menom-a-cislom","10":"product_tag-detsky-futbalovy-komplet","11":"product_tag-futbalove-dresy-detske-arsenal","12":"product_tag-kai-havertz-dres","13":"desktop-align-left","14":"tablet-align-left","15":"mobile-align-left","17":"first","18":"instock","19":"shipping-taxable","20":"purchasable","21":"product-type-variable"},"_links":{"self":[{"href":"https:\/\/www.drespredeti.com\/de\/wp-json\/wp\/v2\/product\/2666","targetHints":{"allow":["GET"]}}],"collection":[{"href":"https:\/\/www.drespredeti.com\/de\/wp-json\/wp\/v2\/product"}],"about":[{"href":"https:\/\/www.drespredeti.com\/de\/wp-json\/wp\/v2\/types\/product"}],"replies":[{"embeddable":true,"href":"https:\/\/www.drespredeti.com\/de\/wp-json\/wp\/v2\/comments?post=2666"}],"wp:featuredmedia":[{"embeddable":true,"href":"https:\/\/www.drespredeti.com\/de\/wp-json\/wp\/v2\/media\/2668"}],"wp:attachment":[{"href":"https:\/\/www.drespredeti.com\/de\/wp-json\/wp\/v2\/media?parent=2666"}],"wp:term":[{"taxonomy":"product_brand","embeddable":true,"href":"https:\/\/www.drespredeti.com\/de\/wp-json\/wp\/v2\/product_brand?post=2666"},{"taxonomy":"product_cat","embeddable":true,"href":"https:\/\/www.drespredeti.com\/de\/wp-json\/wp\/v2\/product_cat?post=2666"},{"taxonomy":"product_tag","embeddable":true,"href":"https:\/\/www.drespredeti.com\/de\/wp-json\/wp\/v2\/product_tag?post=2666"}],"curies":[{"name":"wp","href":"https:\/\/api.w.org\/{rel}","templated":true}]}}