{"id":2628,"date":"2026-01-14T07:50:04","date_gmt":"2026-01-14T06:50:04","guid":{"rendered":"https:\/\/www.futbalovedresysk.com\/?post_type=product&#038;p=2628"},"modified":"2026-01-14T07:50:14","modified_gmt":"2026-01-14T06:50:14","slug":"futbalove-dresy-detske-arsenal-declan-rice-41-2025-26-prec-komplety","status":"publish","type":"product","link":"https:\/\/www.drespredeti.com\/de\/futbalove-dresy-detske-arsenal-declan-rice-41-2025-26-prec-komplety\/","title":{"rendered":"Kinder-Fu\u00dfballtrikot Arsenal Declan Rice #41 2025-26 Ausw\u00e4rtssets"},"content":{"rendered":"<h3>Fu\u00dfballtrikots Kinder Arsenal Declan Rice #41 2025\/26 Vorne \u2013 Stilvolles Set mit Personalisierung<\/h3>\n<p>Fu\u00dfballtrikots Kinder Arsenal in Vorne-Ausf\u00fchrung f\u00fcr die Saison 2025\/26 mit Spieler Bukayo Saka #7 bringen jungen Fans authentischen Vereinsstil und professionelles Design. Dieses komplette Fu\u00dfballset kombiniert hochwertiges Material, Komfort und modernes Aussehen, ideal f\u00fcr Training, Spiele und Freizeit.<\/p>\n<p>Das Trikot ist aus leichtem, atmungsaktivem Polyester gefertigt, das Feuchtigkeit effektiv ableitet und Bewegungsfreiheit erm\u00f6glicht. Pr\u00e4zise N\u00e4hte und authentische Vereinsdetails sorgen f\u00fcr Langlebigkeit und professionelles Erscheinungsbild, das jeder junge Fu\u00dfballspieler sch\u00e4tzt.<\/p>\n<p><strong>Warum dieses Trikot w\u00e4hlen<\/strong><\/p>\n<ul>\n<li>Komplettset: Trikot + Shorts \u2013 bereit f\u00fcr Spiele und Training<\/li>\n<li>Bequemer, leichter und atmungsaktiver Stoff<\/li>\n<li>Modernes Ausw\u00e4rts-Design von Arsenal<\/li>\n<li>Geeignet f\u00fcr alle sportlichen Aktivit\u00e4ten und den t\u00e4glichen Gebrauch<\/li>\n<li>Erh\u00e4ltlich in mehreren Kindergr\u00f6\u00dfen<\/li>\n<li><strong>Personalisierungsoption<\/strong>: eigener Name und Nummer<\/li>\n<\/ul>","protected":false},"excerpt":{"rendered":"<p>Futbalove Dresy Detske Arsenal Declan Rice #41 2025\/26 Pre\u010d \u2013 \u0160t\u00fdlov\u00fd Set s Personaliz\u00e1ciou Futbalove Dresy Detske Arsenal v pre\u010d (away) preveden\u00ed pre sez\u00f3nu 2025\/26 s hr\u00e1\u010dom Declan Rice #41 prin\u00e1\u0161aj\u00fa mlad\u00fdm fan\u00fa\u0161ikom autentick\u00fd klubov\u00fd \u0161t\u00fdl a profesion\u00e1lny dizajn. Tento kompletn\u00fd fotbalov\u00fd set kombinuje kvalitn\u00fd materi\u00e1l, pohodlie a modern\u00fd vzh\u013ead, ide\u00e1lny pre tr\u00e9ningy, z\u00e1pasy aj [&hellip;]<\/p>","protected":false},"featured_media":2630,"comment_status":"open","ping_status":"closed","template":"","meta":{"site-sidebar-layout":"default","site-content-layout":"","ast-site-content-layout":"default","site-content-style":"default","site-sidebar-style":"default","ast-global-header-display":"","ast-banner-title-visibility":"","ast-main-header-display":"","ast-hfb-above-header-display":"","ast-hfb-below-header-display":"","ast-hfb-mobile-header-display":"","site-post-title":"","ast-breadcrumbs-content":"","ast-featured-img":"","footer-sml-layout":"","theme-transparent-header-meta":"default","adv-header-id-meta":"","stick-header-meta":"","header-above-stick-meta":"","header-main-stick-meta":"","header-below-stick-meta":"","astra-migrate-meta-layouts":"set","ast-page-background-enabled":"default","ast-page-background-meta":{"desktop":{"background-color":"var(--ast-global-color-4)","background-image":"","background-repeat":"repeat","background-position":"center center","background-size":"auto","background-attachment":"scroll","background-type":"","background-media":"","overlay-type":"","overlay-color":"","overlay-opacity":"","overlay-gradient":""},"tablet":{"background-color":"","background-image":"","background-repeat":"repeat","background-position":"center center","background-size":"auto","background-attachment":"scroll","background-type":"","background-media":"","overlay-type":"","overlay-color":"","overlay-opacity":"","overlay-gradient":""},"mobile":{"background-color":"","background-image":"","background-repeat":"repeat","background-position":"center center","background-size":"auto","background-attachment":"scroll","background-type":"","background-media":"","overlay-type":"","overlay-color":"","overlay-opacity":"","overlay-gradient":""}},"ast-content-background-meta":{"desktop":{"background-color":"var(--ast-global-color-5)","background-image":"","background-repeat":"repeat","background-position":"center center","background-size":"auto","background-attachment":"scroll","background-type":"","background-media":"","overlay-type":"","overlay-color":"","overlay-opacity":"","overlay-gradient":""},"tablet":{"background-color":"var(--ast-global-color-5)","background-image":"","background-repeat":"repeat","background-position":"center center","background-size":"auto","background-attachment":"scroll","background-type":"","background-media":"","overlay-type":"","overlay-color":"","overlay-opacity":"","overlay-gradient":""},"mobile":{"background-color":"var(--ast-global-color-5)","background-image":"","background-repeat":"repeat","background-position":"center center","background-size":"auto","background-attachment":"scroll","background-type":"","background-media":"","overlay-type":"","overlay-color":"","overlay-opacity":"","overlay-gradient":""}}},"product_brand":[],"product_cat":[73],"product_tag":[190,194,130,191,170,189],"class_list":{"0":"post-2628","1":"product","2":"type-product","3":"status-publish","4":"has-post-thumbnail","6":"product_cat-detske-dres-arsenal","7":"product_tag-arsenal-detsky-futbalovy-dres","8":"product_tag-declan-rice-dres","9":"product_tag-detske-futbalove-dresy","10":"product_tag-detsky-dres-s-vlastnym-menom-a-cislom","11":"product_tag-detsky-futbalovy-komplet","12":"product_tag-futbalove-dresy-detske-arsenal","13":"desktop-align-left","14":"tablet-align-left","15":"mobile-align-left","17":"first","18":"instock","19":"shipping-taxable","20":"purchasable","21":"product-type-variable"},"_links":{"self":[{"href":"https:\/\/www.drespredeti.com\/de\/wp-json\/wp\/v2\/product\/2628","targetHints":{"allow":["GET"]}}],"collection":[{"href":"https:\/\/www.drespredeti.com\/de\/wp-json\/wp\/v2\/product"}],"about":[{"href":"https:\/\/www.drespredeti.com\/de\/wp-json\/wp\/v2\/types\/product"}],"replies":[{"embeddable":true,"href":"https:\/\/www.drespredeti.com\/de\/wp-json\/wp\/v2\/comments?post=2628"}],"wp:featuredmedia":[{"embeddable":true,"href":"https:\/\/www.drespredeti.com\/de\/wp-json\/wp\/v2\/media\/2630"}],"wp:attachment":[{"href":"https:\/\/www.drespredeti.com\/de\/wp-json\/wp\/v2\/media?parent=2628"}],"wp:term":[{"taxonomy":"product_brand","embeddable":true,"href":"https:\/\/www.drespredeti.com\/de\/wp-json\/wp\/v2\/product_brand?post=2628"},{"taxonomy":"product_cat","embeddable":true,"href":"https:\/\/www.drespredeti.com\/de\/wp-json\/wp\/v2\/product_cat?post=2628"},{"taxonomy":"product_tag","embeddable":true,"href":"https:\/\/www.drespredeti.com\/de\/wp-json\/wp\/v2\/product_tag?post=2628"}],"curies":[{"name":"wp","href":"https:\/\/api.w.org\/{rel}","templated":true}]}}