{"id":2604,"date":"2026-01-14T07:49:01","date_gmt":"2026-01-14T06:49:01","guid":{"rendered":"https:\/\/www.futbalovedresysk.com\/?post_type=product&#038;p=2604"},"modified":"2026-01-14T07:49:02","modified_gmt":"2026-01-14T06:49:02","slug":"futbalove-dresy-detske-arsenal-bukayo-saka-7-2025-26-prec-komplety","status":"publish","type":"product","link":"https:\/\/www.drespredeti.com\/de\/futbalove-dresy-detske-arsenal-bukayo-saka-7-2025-26-prec-komplety\/","title":{"rendered":"Fu\u00dfballtrikots Kinder Arsenal Bukayo Saka #7 2025-26 Komplettsets"},"content":{"rendered":"<h3>Fu\u00dfballtrikots Kinder Arsenal Bukayo Saka #7 2025\/26 Vorne \u2013 Stilvolles Set mit Personalisierung<\/h3>\n<p>Fu\u00dfballtrikots Kinder Arsenal in Vorne-Ausf\u00fchrung f\u00fcr die Saison 2025\/26 mit Spieler Bukayo Saka #7 bringen jungen Fans authentischen Vereinsstil und professionelles Design. Dieses komplette Fu\u00dfballset kombiniert hochwertiges Material, Komfort und modernes Aussehen, ideal f\u00fcr Training, Spiele und Freizeit.<\/p>\n<p>Das Trikot ist aus leichtem, atmungsaktivem Polyester gefertigt, das Feuchtigkeit effektiv ableitet und Bewegungsfreiheit erm\u00f6glicht. Pr\u00e4zise N\u00e4hte und authentische Vereinsdetails sorgen f\u00fcr Langlebigkeit und professionelles Erscheinungsbild, das jeder junge Fu\u00dfballspieler sch\u00e4tzt.<\/p>\n<p><strong>Warum dieses Trikot w\u00e4hlen<\/strong><\/p>\n<ul>\n<li>Komplettset: Trikot + Shorts \u2013 bereit f\u00fcr Spiele und Training<\/li>\n<li>Bequemer, leichter und atmungsaktiver Stoff<\/li>\n<li>Modernes Ausw\u00e4rts-Design von Arsenal<\/li>\n<li>Geeignet f\u00fcr alle sportlichen Aktivit\u00e4ten und den t\u00e4glichen Gebrauch<\/li>\n<li>Erh\u00e4ltlich in mehreren Kindergr\u00f6\u00dfen<\/li>\n<li><strong>Personalisierungsoption<\/strong>: eigener Name und Nummer<\/li>\n<\/ul>","protected":false},"excerpt":{"rendered":"<p>Fu\u00dfballtrikots Kinder Arsenal Bukayo Saka #7 2025\/26 Ausw\u00e4rts \u2013 Stylisches Set mit Personalisierung Fu\u00dfballtrikots Kinder Arsenal in Ausw\u00e4rtsversion f\u00fcr die Saison 2025\/26 mit Spieler Bukayo Saka #7 bringen jungen Fans authentischen Vereinsstil und professionelles Design. Dieses komplette Fu\u00dfballset kombiniert hochwertiges Material, Komfort und modernes Aussehen, ideal f\u00fcr Training, Spiele und [\u2026]<\/p>","protected":false},"featured_media":2606,"comment_status":"open","ping_status":"closed","template":"","meta":{"site-sidebar-layout":"default","site-content-layout":"","ast-site-content-layout":"default","site-content-style":"default","site-sidebar-style":"default","ast-global-header-display":"","ast-banner-title-visibility":"","ast-main-header-display":"","ast-hfb-above-header-display":"","ast-hfb-below-header-display":"","ast-hfb-mobile-header-display":"","site-post-title":"","ast-breadcrumbs-content":"","ast-featured-img":"","footer-sml-layout":"","theme-transparent-header-meta":"default","adv-header-id-meta":"","stick-header-meta":"","header-above-stick-meta":"","header-main-stick-meta":"","header-below-stick-meta":"","astra-migrate-meta-layouts":"set","ast-page-background-enabled":"default","ast-page-background-meta":{"desktop":{"background-color":"var(--ast-global-color-4)","background-image":"","background-repeat":"repeat","background-position":"center center","background-size":"auto","background-attachment":"scroll","background-type":"","background-media":"","overlay-type":"","overlay-color":"","overlay-opacity":"","overlay-gradient":""},"tablet":{"background-color":"","background-image":"","background-repeat":"repeat","background-position":"center center","background-size":"auto","background-attachment":"scroll","background-type":"","background-media":"","overlay-type":"","overlay-color":"","overlay-opacity":"","overlay-gradient":""},"mobile":{"background-color":"","background-image":"","background-repeat":"repeat","background-position":"center center","background-size":"auto","background-attachment":"scroll","background-type":"","background-media":"","overlay-type":"","overlay-color":"","overlay-opacity":"","overlay-gradient":""}},"ast-content-background-meta":{"desktop":{"background-color":"var(--ast-global-color-5)","background-image":"","background-repeat":"repeat","background-position":"center center","background-size":"auto","background-attachment":"scroll","background-type":"","background-media":"","overlay-type":"","overlay-color":"","overlay-opacity":"","overlay-gradient":""},"tablet":{"background-color":"var(--ast-global-color-5)","background-image":"","background-repeat":"repeat","background-position":"center center","background-size":"auto","background-attachment":"scroll","background-type":"","background-media":"","overlay-type":"","overlay-color":"","overlay-opacity":"","overlay-gradient":""},"mobile":{"background-color":"var(--ast-global-color-5)","background-image":"","background-repeat":"repeat","background-position":"center center","background-size":"auto","background-attachment":"scroll","background-type":"","background-media":"","overlay-type":"","overlay-color":"","overlay-opacity":"","overlay-gradient":""}}},"product_brand":[],"product_cat":[73],"product_tag":[190,192,130,191,170,189],"class_list":{"0":"post-2604","1":"product","2":"type-product","3":"status-publish","4":"has-post-thumbnail","6":"product_cat-detske-dres-arsenal","7":"product_tag-arsenal-detsky-futbalovy-dres","8":"product_tag-bukayo-saka-dres","9":"product_tag-detske-futbalove-dresy","10":"product_tag-detsky-dres-s-vlastnym-menom-a-cislom","11":"product_tag-detsky-futbalovy-komplet","12":"product_tag-futbalove-dresy-detske-arsenal","13":"desktop-align-left","14":"tablet-align-left","15":"mobile-align-left","17":"first","18":"instock","19":"shipping-taxable","20":"purchasable","21":"product-type-variable"},"_links":{"self":[{"href":"https:\/\/www.drespredeti.com\/de\/wp-json\/wp\/v2\/product\/2604","targetHints":{"allow":["GET"]}}],"collection":[{"href":"https:\/\/www.drespredeti.com\/de\/wp-json\/wp\/v2\/product"}],"about":[{"href":"https:\/\/www.drespredeti.com\/de\/wp-json\/wp\/v2\/types\/product"}],"replies":[{"embeddable":true,"href":"https:\/\/www.drespredeti.com\/de\/wp-json\/wp\/v2\/comments?post=2604"}],"wp:featuredmedia":[{"embeddable":true,"href":"https:\/\/www.drespredeti.com\/de\/wp-json\/wp\/v2\/media\/2606"}],"wp:attachment":[{"href":"https:\/\/www.drespredeti.com\/de\/wp-json\/wp\/v2\/media?parent=2604"}],"wp:term":[{"taxonomy":"product_brand","embeddable":true,"href":"https:\/\/www.drespredeti.com\/de\/wp-json\/wp\/v2\/product_brand?post=2604"},{"taxonomy":"product_cat","embeddable":true,"href":"https:\/\/www.drespredeti.com\/de\/wp-json\/wp\/v2\/product_cat?post=2604"},{"taxonomy":"product_tag","embeddable":true,"href":"https:\/\/www.drespredeti.com\/de\/wp-json\/wp\/v2\/product_tag?post=2604"}],"curies":[{"name":"wp","href":"https:\/\/api.w.org\/{rel}","templated":true}]}}