{"id":2599,"date":"2026-01-14T08:15:53","date_gmt":"2026-01-14T07:15:53","guid":{"rendered":"https:\/\/www.futbalovedresysk.com\/?post_type=product&#038;p=2599"},"modified":"2026-01-14T08:16:00","modified_gmt":"2026-01-14T07:16:00","slug":"futbalove-dresy-detske-arsenal-bukayo-saka-7-2025-26-domaci-komplety","status":"publish","type":"product","link":"https:\/\/www.drespredeti.com\/de\/futbalove-dresy-detske-arsenal-bukayo-saka-7-2025-26-domaci-komplety\/","title":{"rendered":"Kinder-Fu\u00dfballtrikot Arsenal Bukayo Saka #7 2025-26 Heimsets"},"content":{"rendered":"<h3>Fu\u00dfballtrikots Kinder Arsenal Bukayo Saka #7 2025\/26 Heim \u2013 Komplettes Set mit Personalisierung<\/h3>\n<p>Fu\u00dfballtrikots Kinder Arsenal in Heimversion f\u00fcr die Saison 2025\/26 mit Spieler Bukayo Saka #7 sind die ideale Wahl f\u00fcr junge Fans, die die Vereinsfarben mit Stolz tragen m\u00f6chten. Dieses Kinder-Fu\u00dfballset ist auf Komfort, Funktionalit\u00e4t und authentisches Vereinsdesign ausgelegt.<\/p>\n<p>Das Trikot ist aus leichtem und atmungsaktivem Polyester gefertigt, das die Luftzirkulation f\u00f6rdert und den Komfort auch bei aktiver Bewegung aufrechterh\u00e4lt. Hochwertige Verarbeitung, langlebiger Druck und detaillierte Vereinsmerkmale gew\u00e4hrleisten eine lange Lebensdauer und ein professionelles Erscheinungsbild, geeignet f\u00fcr Training, Spiele und den Alltag.<\/p>\n<p><strong>Ma\u00dfgeschneiderte Personalisierung<\/strong><\/p>\n<p>Neben der offiziellen Version ist es m\u00f6glich, den eigenen Namen und die Nummer zu w\u00e4hlen, wodurch die Fu\u00dfballtrikots Kinder Arsenal zu einem einzigartigen und pers\u00f6nlichen St\u00fcck f\u00fcr jedes Kind werden.<\/p>\n<p><strong>Tolle Geschenkidee f\u00fcr kleine Fans<\/strong><\/p>\n<p>Heimset Arsenal 2025\/26 mit Bukayo Saka #7 ist eine ausgezeichnete Wahl als Geburtstags-, Weihnachts- oder Saison-Geschenk. Es verbindet Qualit\u00e4t, Stil und Vereinsidentit\u00e4t, die sowohl Kinder als auch Eltern sch\u00e4tzen.<\/p>","protected":false},"excerpt":{"rendered":"<p>Futbalove Dresy Detske Arsenal Bukayo Saka #7 2025\/26 Dom\u00e1ci \u2013 Kompletn\u00fd Set s Personaliz\u00e1ciou Futbalove Dresy Detske Arsenal v dom\u00e1com preveden\u00ed pre sez\u00f3nu 2025\/26 s hr\u00e1\u010dom Bukayo Saka #7 s\u00fa ide\u00e1lnou vo\u013ebou pre mlad\u00fdch fan\u00fa\u0161ikov, ktor\u00ed chc\u00fa nosi\u0165 klubov\u00e9 farby s hrdos\u0165ou. Tento detsk\u00fd futbalov\u00fd komplet je navrhnut\u00fd s d\u00f4razom na pohodlie, funk\u010dnos\u0165 a autentick\u00fd [&hellip;]<\/p>","protected":false},"featured_media":2601,"comment_status":"open","ping_status":"closed","template":"","meta":{"site-sidebar-layout":"default","site-content-layout":"","ast-site-content-layout":"default","site-content-style":"default","site-sidebar-style":"default","ast-global-header-display":"","ast-banner-title-visibility":"","ast-main-header-display":"","ast-hfb-above-header-display":"","ast-hfb-below-header-display":"","ast-hfb-mobile-header-display":"","site-post-title":"","ast-breadcrumbs-content":"","ast-featured-img":"","footer-sml-layout":"","theme-transparent-header-meta":"default","adv-header-id-meta":"","stick-header-meta":"","header-above-stick-meta":"","header-main-stick-meta":"","header-below-stick-meta":"","astra-migrate-meta-layouts":"set","ast-page-background-enabled":"default","ast-page-background-meta":{"desktop":{"background-color":"var(--ast-global-color-4)","background-image":"","background-repeat":"repeat","background-position":"center center","background-size":"auto","background-attachment":"scroll","background-type":"","background-media":"","overlay-type":"","overlay-color":"","overlay-opacity":"","overlay-gradient":""},"tablet":{"background-color":"","background-image":"","background-repeat":"repeat","background-position":"center center","background-size":"auto","background-attachment":"scroll","background-type":"","background-media":"","overlay-type":"","overlay-color":"","overlay-opacity":"","overlay-gradient":""},"mobile":{"background-color":"","background-image":"","background-repeat":"repeat","background-position":"center center","background-size":"auto","background-attachment":"scroll","background-type":"","background-media":"","overlay-type":"","overlay-color":"","overlay-opacity":"","overlay-gradient":""}},"ast-content-background-meta":{"desktop":{"background-color":"var(--ast-global-color-5)","background-image":"","background-repeat":"repeat","background-position":"center center","background-size":"auto","background-attachment":"scroll","background-type":"","background-media":"","overlay-type":"","overlay-color":"","overlay-opacity":"","overlay-gradient":""},"tablet":{"background-color":"var(--ast-global-color-5)","background-image":"","background-repeat":"repeat","background-position":"center center","background-size":"auto","background-attachment":"scroll","background-type":"","background-media":"","overlay-type":"","overlay-color":"","overlay-opacity":"","overlay-gradient":""},"mobile":{"background-color":"var(--ast-global-color-5)","background-image":"","background-repeat":"repeat","background-position":"center center","background-size":"auto","background-attachment":"scroll","background-type":"","background-media":"","overlay-type":"","overlay-color":"","overlay-opacity":"","overlay-gradient":""}}},"product_brand":[],"product_cat":[73],"product_tag":[190,192,130,191,170,189],"class_list":{"0":"post-2599","1":"product","2":"type-product","3":"status-publish","4":"has-post-thumbnail","6":"product_cat-detske-dres-arsenal","7":"product_tag-arsenal-detsky-futbalovy-dres","8":"product_tag-bukayo-saka-dres","9":"product_tag-detske-futbalove-dresy","10":"product_tag-detsky-dres-s-vlastnym-menom-a-cislom","11":"product_tag-detsky-futbalovy-komplet","12":"product_tag-futbalove-dresy-detske-arsenal","13":"desktop-align-left","14":"tablet-align-left","15":"mobile-align-left","17":"first","18":"instock","19":"shipping-taxable","20":"purchasable","21":"product-type-variable"},"_links":{"self":[{"href":"https:\/\/www.drespredeti.com\/de\/wp-json\/wp\/v2\/product\/2599","targetHints":{"allow":["GET"]}}],"collection":[{"href":"https:\/\/www.drespredeti.com\/de\/wp-json\/wp\/v2\/product"}],"about":[{"href":"https:\/\/www.drespredeti.com\/de\/wp-json\/wp\/v2\/types\/product"}],"replies":[{"embeddable":true,"href":"https:\/\/www.drespredeti.com\/de\/wp-json\/wp\/v2\/comments?post=2599"}],"wp:featuredmedia":[{"embeddable":true,"href":"https:\/\/www.drespredeti.com\/de\/wp-json\/wp\/v2\/media\/2601"}],"wp:attachment":[{"href":"https:\/\/www.drespredeti.com\/de\/wp-json\/wp\/v2\/media?parent=2599"}],"wp:term":[{"taxonomy":"product_brand","embeddable":true,"href":"https:\/\/www.drespredeti.com\/de\/wp-json\/wp\/v2\/product_brand?post=2599"},{"taxonomy":"product_cat","embeddable":true,"href":"https:\/\/www.drespredeti.com\/de\/wp-json\/wp\/v2\/product_cat?post=2599"},{"taxonomy":"product_tag","embeddable":true,"href":"https:\/\/www.drespredeti.com\/de\/wp-json\/wp\/v2\/product_tag?post=2599"}],"curies":[{"name":"wp","href":"https:\/\/api.w.org\/{rel}","templated":true}]}}