{"id":2595,"date":"2026-01-14T07:48:57","date_gmt":"2026-01-14T06:48:57","guid":{"rendered":"https:\/\/www.futbalovedresysk.com\/?post_type=product&#038;p=2595"},"modified":"2026-01-14T07:48:58","modified_gmt":"2026-01-14T06:48:58","slug":"futbalove-dresy-detske-arsenal-2025-26-tretina-komplety","status":"publish","type":"product","link":"https:\/\/www.drespredeti.com\/de\/futbalove-dresy-detske-arsenal-2025-26-tretina-komplety\/","title":{"rendered":"Fu\u00dfballtrikots Kinder Arsenal 2025-26 Drittel Sets"},"content":{"rendered":"<h3>Fu\u00dfballtrikots Kinder Arsenal 2025\/26 Drittel \u2013 Hochwertiges Set mit Personalisierung<\/h3>\n<p>Fu\u00dfballtrikots Kinder Arsenal in der Drittel-Edition f\u00fcr die Saison 2025\/26 sind auf Qualit\u00e4t und Komfort f\u00fcr junge Fu\u00dfballspieler ausgelegt. Dieses Set bietet ein authentisches Vereinsdesign, langlebige Materialien und einen ergonomischen Schnitt, geeignet f\u00fcr Training, Spiele und den t\u00e4glichen Gebrauch.<\/p>\n<p>Das Trikot ist aus leichtem und atmungsaktivem Polyester gefertigt, das Feuchtigkeit effektiv ableitet und das Kind auch bei aktivem Spiel bequem h\u00e4lt. Pr\u00e4zise N\u00e4hte, hochwertiger Druck und Vereinsdetails gew\u00e4hrleisten eine lange Lebensdauer und ein professionelles Erscheinungsbild.<\/p>\n<p><strong>Warum dieses Trikot w\u00e4hlen<\/strong><\/p>\n<ul>\n<li>Komplettes Set: Trikot + Shorts \u2013 bereit f\u00fcr Training und Spiel<\/li>\n<li>Material: leicht, atmungsaktiv, bequem und langlebig<\/li>\n<li>Modernes Arsenal-Drittel-Design<\/li>\n<li>Geeignet f\u00fcr alle sportlichen Aktivit\u00e4ten und den t\u00e4glichen Gebrauch<\/li>\n<li>Erh\u00e4ltlich in mehreren Kindergr\u00f6\u00dfen<\/li>\n<li><strong>Personalisierungsoption<\/strong>: eigener Name und Nummer<\/li>\n<\/ul>","protected":false},"excerpt":{"rendered":"<p>Futbalove Dresy Detske Arsenal 2025\/26 Tretina \u2013 Kvalitn\u00fd Set s Personaliz\u00e1ciou Futbalove Dresy Detske Arsenal v tretinovej ed\u00edcii pre sez\u00f3nu 2025\/26 s\u00fa navrhnut\u00e9 s d\u00f4razom na kvalitu a komfort pre mlad\u00fdch futbalistov. Tento komplet pon\u00faka autentick\u00fd klubov\u00fd dizajn, odoln\u00e9 materi\u00e1ly a ergonomick\u00fd strih vhodn\u00fd na tr\u00e9ningy, z\u00e1pasy aj ka\u017edodenn\u00e9 nosenie. Dres je vyroben\u00fd z \u013eahk\u00e9ho [&hellip;]<\/p>","protected":false},"featured_media":2597,"comment_status":"open","ping_status":"closed","template":"","meta":{"site-sidebar-layout":"default","site-content-layout":"","ast-site-content-layout":"default","site-content-style":"default","site-sidebar-style":"default","ast-global-header-display":"","ast-banner-title-visibility":"","ast-main-header-display":"","ast-hfb-above-header-display":"","ast-hfb-below-header-display":"","ast-hfb-mobile-header-display":"","site-post-title":"","ast-breadcrumbs-content":"","ast-featured-img":"","footer-sml-layout":"","theme-transparent-header-meta":"default","adv-header-id-meta":"","stick-header-meta":"","header-above-stick-meta":"","header-main-stick-meta":"","header-below-stick-meta":"","astra-migrate-meta-layouts":"set","ast-page-background-enabled":"default","ast-page-background-meta":{"desktop":{"background-color":"var(--ast-global-color-4)","background-image":"","background-repeat":"repeat","background-position":"center center","background-size":"auto","background-attachment":"scroll","background-type":"","background-media":"","overlay-type":"","overlay-color":"","overlay-opacity":"","overlay-gradient":""},"tablet":{"background-color":"","background-image":"","background-repeat":"repeat","background-position":"center center","background-size":"auto","background-attachment":"scroll","background-type":"","background-media":"","overlay-type":"","overlay-color":"","overlay-opacity":"","overlay-gradient":""},"mobile":{"background-color":"","background-image":"","background-repeat":"repeat","background-position":"center center","background-size":"auto","background-attachment":"scroll","background-type":"","background-media":"","overlay-type":"","overlay-color":"","overlay-opacity":"","overlay-gradient":""}},"ast-content-background-meta":{"desktop":{"background-color":"var(--ast-global-color-5)","background-image":"","background-repeat":"repeat","background-position":"center center","background-size":"auto","background-attachment":"scroll","background-type":"","background-media":"","overlay-type":"","overlay-color":"","overlay-opacity":"","overlay-gradient":""},"tablet":{"background-color":"var(--ast-global-color-5)","background-image":"","background-repeat":"repeat","background-position":"center center","background-size":"auto","background-attachment":"scroll","background-type":"","background-media":"","overlay-type":"","overlay-color":"","overlay-opacity":"","overlay-gradient":""},"mobile":{"background-color":"var(--ast-global-color-5)","background-image":"","background-repeat":"repeat","background-position":"center center","background-size":"auto","background-attachment":"scroll","background-type":"","background-media":"","overlay-type":"","overlay-color":"","overlay-opacity":"","overlay-gradient":""}}},"product_brand":[],"product_cat":[73],"product_tag":[190,130,191,170,189],"class_list":{"0":"post-2595","1":"product","2":"type-product","3":"status-publish","4":"has-post-thumbnail","6":"product_cat-detske-dres-arsenal","7":"product_tag-arsenal-detsky-futbalovy-dres","8":"product_tag-detske-futbalove-dresy","9":"product_tag-detsky-dres-s-vlastnym-menom-a-cislom","10":"product_tag-detsky-futbalovy-komplet","11":"product_tag-futbalove-dresy-detske-arsenal","12":"desktop-align-left","13":"tablet-align-left","14":"mobile-align-left","16":"first","17":"instock","18":"shipping-taxable","19":"purchasable","20":"product-type-variable"},"_links":{"self":[{"href":"https:\/\/www.drespredeti.com\/de\/wp-json\/wp\/v2\/product\/2595","targetHints":{"allow":["GET"]}}],"collection":[{"href":"https:\/\/www.drespredeti.com\/de\/wp-json\/wp\/v2\/product"}],"about":[{"href":"https:\/\/www.drespredeti.com\/de\/wp-json\/wp\/v2\/types\/product"}],"replies":[{"embeddable":true,"href":"https:\/\/www.drespredeti.com\/de\/wp-json\/wp\/v2\/comments?post=2595"}],"wp:featuredmedia":[{"embeddable":true,"href":"https:\/\/www.drespredeti.com\/de\/wp-json\/wp\/v2\/media\/2597"}],"wp:attachment":[{"href":"https:\/\/www.drespredeti.com\/de\/wp-json\/wp\/v2\/media?parent=2595"}],"wp:term":[{"taxonomy":"product_brand","embeddable":true,"href":"https:\/\/www.drespredeti.com\/de\/wp-json\/wp\/v2\/product_brand?post=2595"},{"taxonomy":"product_cat","embeddable":true,"href":"https:\/\/www.drespredeti.com\/de\/wp-json\/wp\/v2\/product_cat?post=2595"},{"taxonomy":"product_tag","embeddable":true,"href":"https:\/\/www.drespredeti.com\/de\/wp-json\/wp\/v2\/product_tag?post=2595"}],"curies":[{"name":"wp","href":"https:\/\/api.w.org\/{rel}","templated":true}]}}