{"id":2591,"date":"2026-01-14T07:48:41","date_gmt":"2026-01-14T06:48:41","guid":{"rendered":"https:\/\/www.futbalovedresysk.com\/?post_type=product&#038;p=2591"},"modified":"2026-01-14T07:48:42","modified_gmt":"2026-01-14T06:48:42","slug":"futbalove-dresy-detske-arsenal-2025-26-prec-komplety","status":"publish","type":"product","link":"https:\/\/www.drespredeti.com\/de\/futbalove-dresy-detske-arsenal-2025-26-prec-komplety\/","title":{"rendered":"Kinder-Fu\u00dfballtrikots Arsenal 2025-26 Komplettsets"},"content":{"rendered":"<h3>Fu\u00dfballtrikots Kinder Arsenal 2025\/26 Vorne \u2013 Stilvolles Komplettset mit Personalisierung<\/h3>\n<p>Fu\u00dfballtrikots Kinder Arsenal in vorne (away) Ausf\u00fchrung f\u00fcr die Saison 2025\/26 sind so gestaltet, dass junge Fu\u00dfballspieler im authentischen Stil ihres Lieblingclubs spielen und anfeuern k\u00f6nnen. Dieses Komplettset verbindet modernes Design, hochwertiges Material und Komfort, ideal f\u00fcr Training, Spiele und den t\u00e4glichen Gebrauch.<\/p>\n<p>Das Trikot ist aus leichtem und atmungsaktivem Polyester gefertigt, das Feuchtigkeit effektiv ableitet und Bewegungsfreiheit erm\u00f6glicht. Pr\u00e4zise N\u00e4hte und authentische Vereinsdetails sorgen f\u00fcr Langlebigkeit und ein professionelles Erscheinungsbild.<\/p>\n<p><strong>Warum dieses Trikot w\u00e4hlen<\/strong><\/p>\n<ul>\n<li>Komplettset: Trikot + Shorts \u2013 bereit f\u00fcr Spiele und Training<\/li>\n<li>Bequemer, leichter und atmungsaktiver Stoff<\/li>\n<li>Modernes Ausw\u00e4rts-Design von Arsenal<\/li>\n<li>Geeignet f\u00fcr alle sportlichen Aktivit\u00e4ten und den t\u00e4glichen Gebrauch<\/li>\n<li>Erh\u00e4ltlich in mehreren Kindergr\u00f6\u00dfen<\/li>\n<li><strong>Personalisierungsoption<\/strong>: eigener Name und Nummer<\/li>\n<\/ul>","protected":false},"excerpt":{"rendered":"<p>Futbalove Dresy Detske Arsenal 2025\/26 Pre\u010d \u2013 \u0160t\u00fdlov\u00fd Kompletn\u00fd Set s Personaliz\u00e1ciou Futbalove Dresy Detske Arsenal v pre\u010d (away) preveden\u00ed pre sez\u00f3nu 2025\/26 s\u00fa navrhnut\u00e9 tak, aby mlad\u00ed futbalisti mohli hra\u0165 a fandi\u0165 v autentickom \u0161t\u00fdle svojho ob\u013e\u00faben\u00e9ho klubu. Tento kompletn\u00fd set sp\u00e1ja modern\u00fd dizajn, kvalitn\u00fd materi\u00e1l a pohodlie, ide\u00e1lny pre tr\u00e9ningy, z\u00e1pasy aj ka\u017edodenn\u00e9 [&hellip;]<\/p>","protected":false},"featured_media":2593,"comment_status":"open","ping_status":"closed","template":"","meta":{"site-sidebar-layout":"default","site-content-layout":"","ast-site-content-layout":"default","site-content-style":"default","site-sidebar-style":"default","ast-global-header-display":"","ast-banner-title-visibility":"","ast-main-header-display":"","ast-hfb-above-header-display":"","ast-hfb-below-header-display":"","ast-hfb-mobile-header-display":"","site-post-title":"","ast-breadcrumbs-content":"","ast-featured-img":"","footer-sml-layout":"","theme-transparent-header-meta":"default","adv-header-id-meta":"","stick-header-meta":"","header-above-stick-meta":"","header-main-stick-meta":"","header-below-stick-meta":"","astra-migrate-meta-layouts":"set","ast-page-background-enabled":"default","ast-page-background-meta":{"desktop":{"background-color":"var(--ast-global-color-4)","background-image":"","background-repeat":"repeat","background-position":"center center","background-size":"auto","background-attachment":"scroll","background-type":"","background-media":"","overlay-type":"","overlay-color":"","overlay-opacity":"","overlay-gradient":""},"tablet":{"background-color":"","background-image":"","background-repeat":"repeat","background-position":"center center","background-size":"auto","background-attachment":"scroll","background-type":"","background-media":"","overlay-type":"","overlay-color":"","overlay-opacity":"","overlay-gradient":""},"mobile":{"background-color":"","background-image":"","background-repeat":"repeat","background-position":"center center","background-size":"auto","background-attachment":"scroll","background-type":"","background-media":"","overlay-type":"","overlay-color":"","overlay-opacity":"","overlay-gradient":""}},"ast-content-background-meta":{"desktop":{"background-color":"var(--ast-global-color-5)","background-image":"","background-repeat":"repeat","background-position":"center center","background-size":"auto","background-attachment":"scroll","background-type":"","background-media":"","overlay-type":"","overlay-color":"","overlay-opacity":"","overlay-gradient":""},"tablet":{"background-color":"var(--ast-global-color-5)","background-image":"","background-repeat":"repeat","background-position":"center center","background-size":"auto","background-attachment":"scroll","background-type":"","background-media":"","overlay-type":"","overlay-color":"","overlay-opacity":"","overlay-gradient":""},"mobile":{"background-color":"var(--ast-global-color-5)","background-image":"","background-repeat":"repeat","background-position":"center center","background-size":"auto","background-attachment":"scroll","background-type":"","background-media":"","overlay-type":"","overlay-color":"","overlay-opacity":"","overlay-gradient":""}}},"product_brand":[],"product_cat":[73],"product_tag":[190,130,191,170,189],"class_list":{"0":"post-2591","1":"product","2":"type-product","3":"status-publish","4":"has-post-thumbnail","6":"product_cat-detske-dres-arsenal","7":"product_tag-arsenal-detsky-futbalovy-dres","8":"product_tag-detske-futbalove-dresy","9":"product_tag-detsky-dres-s-vlastnym-menom-a-cislom","10":"product_tag-detsky-futbalovy-komplet","11":"product_tag-futbalove-dresy-detske-arsenal","12":"desktop-align-left","13":"tablet-align-left","14":"mobile-align-left","16":"first","17":"instock","18":"shipping-taxable","19":"purchasable","20":"product-type-variable"},"_links":{"self":[{"href":"https:\/\/www.drespredeti.com\/de\/wp-json\/wp\/v2\/product\/2591","targetHints":{"allow":["GET"]}}],"collection":[{"href":"https:\/\/www.drespredeti.com\/de\/wp-json\/wp\/v2\/product"}],"about":[{"href":"https:\/\/www.drespredeti.com\/de\/wp-json\/wp\/v2\/types\/product"}],"replies":[{"embeddable":true,"href":"https:\/\/www.drespredeti.com\/de\/wp-json\/wp\/v2\/comments?post=2591"}],"wp:featuredmedia":[{"embeddable":true,"href":"https:\/\/www.drespredeti.com\/de\/wp-json\/wp\/v2\/media\/2593"}],"wp:attachment":[{"href":"https:\/\/www.drespredeti.com\/de\/wp-json\/wp\/v2\/media?parent=2591"}],"wp:term":[{"taxonomy":"product_brand","embeddable":true,"href":"https:\/\/www.drespredeti.com\/de\/wp-json\/wp\/v2\/product_brand?post=2591"},{"taxonomy":"product_cat","embeddable":true,"href":"https:\/\/www.drespredeti.com\/de\/wp-json\/wp\/v2\/product_cat?post=2591"},{"taxonomy":"product_tag","embeddable":true,"href":"https:\/\/www.drespredeti.com\/de\/wp-json\/wp\/v2\/product_tag?post=2591"}],"curies":[{"name":"wp","href":"https:\/\/api.w.org\/{rel}","templated":true}]}}