{"id":2533,"date":"2026-01-19T10:09:19","date_gmt":"2026-01-19T09:09:19","guid":{"rendered":"https:\/\/www.futbalovedresysk.com\/?post_type=product&#038;p=2533"},"modified":"2026-01-19T10:09:34","modified_gmt":"2026-01-19T09:09:34","slug":"detsky-futbalovy-dres-komplet-paris-saint-germain-bradley-barcola-29-2025-26-tretina","status":"publish","type":"product","link":"https:\/\/www.drespredeti.com\/de\/detsky-futbalovy-dres-komplet-paris-saint-germain-bradley-barcola-29-2025-26-tretina\/","title":{"rendered":"Kinder-Fu\u00dfballtrikot Komplett Paris Saint-Germain Bradley Barcola #29 2025-26 Drittel"},"content":{"rendered":"<h3>Kinder-Fu\u00dfballtrikot-Set PSG 2025\/26 Viertel \u2013 Bradley Barcola #29<\/h3>\n<p>Dieses D- Kinder-Fu\u00dfballtrikot Komplett Paris Saint-Germain f\u00fcr die Saison 2025\/26 in der dritten Ausf\u00fchrung ist f\u00fcr junge Fans konzipiert, die den technischen Stil des Spielers Achraf Hakimi #2 bewundern. Die komplette Ausr\u00fcstung umfasst das Fu\u00dfballtrikot und passende Shorts, geeignet zum Training, f\u00fcr Spiele und auch im Alltag.<\/p>\n<p>Leichte und atmungsaktive Materialien sorgen f\u00fcr effektive Feuchtigkeitsableitung und ein angenehmes Tragegef\u00fchl w\u00e4hrend der Bewegung. Das Kinder-Schnittdesign ist an aktive Kinder angepasst und unterst\u00fctzt die nat\u00fcrliche Bewegungsfreiheit, was jedem jungen Fu\u00dfballspieler gefallen wird.<\/p>\n<p>Das dritte PSG-Design 2025\/26 wirkt modern und gewagt, wodurch dieses D- Kinder-Fu\u00dfballtrikot Komplett sich deutlich von Heim- und Ausw\u00e4rtsversionen unterscheidet.<\/p>\n<p><strong>Personalisierung \u2013 eigener Name und Nummer<\/strong><\/p>\n<p>Neben der Standardvariante Bradley Barcola #29 ist dieses Kinder-Fu\u00dfballtrikot-Set auch mit eigener Namens- und Nummernwahl erh\u00e4ltlich. Sie k\u00f6nnen den Namen des Kindes oder eine andere Nummer w\u00e4hlen und so ein einzigartiges und pers\u00f6nliches Fu\u00dfball-Set erstellen.<\/p>\n<p><strong>Hauptvorteile des Produkts:<\/strong><\/p>\n<ul>\n<li>Vollst\u00e4ndiges Set: Trikot + Shorts<\/li>\n<li>M\u00f6glichkeit f\u00fcr eigenen Namen und Nummer<\/li>\n<li>Leichtes, atmungsaktives und schnell trocknendes Material<\/li>\n<li>Bequemer Kinder-Schnitt f\u00fcr Sport und Freizeit<\/li>\n<\/ul>","protected":false},"excerpt":{"rendered":"<p>Detsk\u00fd Futbalov\u00fd dres Komplet PSG 2025\/26 Tretina \u2013 Bradley Barcola #29 Tento Detsk\u00fd Futbalov\u00fd dres Komplet Paris Saint-Germain pre sez\u00f3nu 2025\/26 v tre\u0165om preveden\u00ed je navrhnut\u00fd pre mlad\u00fdch fan\u00fa\u0161ikov, ktor\u00ed obdivuj\u00fa technick\u00fd \u0161t\u00fdl hr\u00e1\u010da Bradley Barcola #29. Kompletn\u00e1 s\u00faprava obsahuje futbalov\u00fd dres a zladen\u00e9 tren\u00edrky, vhodn\u00e9 na tr\u00e9ning, z\u00e1pasy aj ka\u017edodenn\u00e9 nosenie. \u013dahk\u00fd a priedu\u0161n\u00fd [&hellip;]<\/p>","protected":false},"featured_media":2535,"comment_status":"open","ping_status":"closed","template":"","meta":{"site-sidebar-layout":"default","site-content-layout":"","ast-site-content-layout":"default","site-content-style":"default","site-sidebar-style":"default","ast-global-header-display":"","ast-banner-title-visibility":"","ast-main-header-display":"","ast-hfb-above-header-display":"","ast-hfb-below-header-display":"","ast-hfb-mobile-header-display":"","site-post-title":"","ast-breadcrumbs-content":"","ast-featured-img":"","footer-sml-layout":"","theme-transparent-header-meta":"default","adv-header-id-meta":"","stick-header-meta":"","header-above-stick-meta":"","header-main-stick-meta":"","header-below-stick-meta":"","astra-migrate-meta-layouts":"set","ast-page-background-enabled":"default","ast-page-background-meta":{"desktop":{"background-color":"var(--ast-global-color-4)","background-image":"","background-repeat":"repeat","background-position":"center center","background-size":"auto","background-attachment":"scroll","background-type":"","background-media":"","overlay-type":"","overlay-color":"","overlay-opacity":"","overlay-gradient":""},"tablet":{"background-color":"","background-image":"","background-repeat":"repeat","background-position":"center center","background-size":"auto","background-attachment":"scroll","background-type":"","background-media":"","overlay-type":"","overlay-color":"","overlay-opacity":"","overlay-gradient":""},"mobile":{"background-color":"","background-image":"","background-repeat":"repeat","background-position":"center center","background-size":"auto","background-attachment":"scroll","background-type":"","background-media":"","overlay-type":"","overlay-color":"","overlay-opacity":"","overlay-gradient":""}},"ast-content-background-meta":{"desktop":{"background-color":"var(--ast-global-color-5)","background-image":"","background-repeat":"repeat","background-position":"center center","background-size":"auto","background-attachment":"scroll","background-type":"","background-media":"","overlay-type":"","overlay-color":"","overlay-opacity":"","overlay-gradient":""},"tablet":{"background-color":"var(--ast-global-color-5)","background-image":"","background-repeat":"repeat","background-position":"center center","background-size":"auto","background-attachment":"scroll","background-type":"","background-media":"","overlay-type":"","overlay-color":"","overlay-opacity":"","overlay-gradient":""},"mobile":{"background-color":"var(--ast-global-color-5)","background-image":"","background-repeat":"repeat","background-position":"center center","background-size":"auto","background-attachment":"scroll","background-type":"","background-media":"","overlay-type":"","overlay-color":"","overlay-opacity":"","overlay-gradient":""}}},"product_brand":[],"product_cat":[72],"product_tag":[264,251,232,252,253],"class_list":{"0":"post-2533","1":"product","2":"type-product","3":"status-publish","4":"has-post-thumbnail","6":"product_cat-detske-dres-psg","7":"product_tag-bradley-barcola-dres","8":"product_tag-detsky-futbalovy-dres-komplet-psg","9":"product_tag-futbalovy-set-pre-deti","10":"product_tag-paris-saint-germain-detsky-dres","11":"product_tag-psg-dres-deti","12":"desktop-align-left","13":"tablet-align-left","14":"mobile-align-left","16":"first","17":"instock","18":"shipping-taxable","19":"purchasable","20":"product-type-variable"},"_links":{"self":[{"href":"https:\/\/www.drespredeti.com\/de\/wp-json\/wp\/v2\/product\/2533","targetHints":{"allow":["GET"]}}],"collection":[{"href":"https:\/\/www.drespredeti.com\/de\/wp-json\/wp\/v2\/product"}],"about":[{"href":"https:\/\/www.drespredeti.com\/de\/wp-json\/wp\/v2\/types\/product"}],"replies":[{"embeddable":true,"href":"https:\/\/www.drespredeti.com\/de\/wp-json\/wp\/v2\/comments?post=2533"}],"wp:featuredmedia":[{"embeddable":true,"href":"https:\/\/www.drespredeti.com\/de\/wp-json\/wp\/v2\/media\/2535"}],"wp:attachment":[{"href":"https:\/\/www.drespredeti.com\/de\/wp-json\/wp\/v2\/media?parent=2533"}],"wp:term":[{"taxonomy":"product_brand","embeddable":true,"href":"https:\/\/www.drespredeti.com\/de\/wp-json\/wp\/v2\/product_brand?post=2533"},{"taxonomy":"product_cat","embeddable":true,"href":"https:\/\/www.drespredeti.com\/de\/wp-json\/wp\/v2\/product_cat?post=2533"},{"taxonomy":"product_tag","embeddable":true,"href":"https:\/\/www.drespredeti.com\/de\/wp-json\/wp\/v2\/product_tag?post=2533"}],"curies":[{"name":"wp","href":"https:\/\/api.w.org\/{rel}","templated":true}]}}