{"id":2511,"date":"2026-01-19T10:09:04","date_gmt":"2026-01-19T09:09:04","guid":{"rendered":"https:\/\/www.futbalovedresysk.com\/?post_type=product&#038;p=2511"},"modified":"2026-01-19T10:09:22","modified_gmt":"2026-01-19T09:09:22","slug":"detsky-futbalovy-dres-komplet-paris-saint-germain-vitinha-17-2025-26-prec","status":"publish","type":"product","link":"https:\/\/www.drespredeti.com\/de\/detsky-futbalovy-dres-komplet-paris-saint-germain-vitinha-17-2025-26-prec\/","title":{"rendered":"Kinder-Fu\u00dfballtrikot-Set Paris Saint-Germain Vitinha #17 2025-26 VorOrt"},"content":{"rendered":"<h3>PSG Vor- 2025\/26 Kindersporttrikot Komplett Vitinha #17<\/h3>\n<p>Dieses Kinders Fu\u00dfballtrikot Komplett Paris Saint-Germain f\u00fcr die Saison 2025\u201326 im Pre\u010d-Design ist die ideale Wahl f\u00fcr junge Fans des modernen Fu\u00dfballs. Das Set enth\u00e4lt Trikot und passende Shorts, speziell f\u00fcr Kinder entworfen, die auch im Stil ihres Lieblingsspielers Khvicha Kvaratskhelia spielen und anfeuern m\u00f6chten #7.<\/p>\n<p>Das Material ist leicht, atmungsaktiv und schnelltrocknend, wodurch es w\u00e4hrend Training, Spiel und allt\u00e4glichem Tragen f\u00fcr Komfort sorgt. Der Kinderschnitt unterst\u00fctzt nat\u00fcrliche Bewegungen und garantiert auch bei l\u00e4ngerer Tragezeit Komfort.<\/p>\n<p>Das Design von PSG Pre\u010d 2025\/26 wirkt modern und dynamisch, mit Details, die von der Vereinsidentit\u00e4t inspiriert sind. Das Kinders Fu\u00dfballtrikot Komplett eignet sich nicht nur f\u00fcr sportliche Aktivit\u00e4ten, sondern auch als Geschenk f\u00fcr junge Fans des Pariser Clubs.<\/p>\n<p><strong>Personalisierungsoption<\/strong><\/p>\n<p>Dieses Kindersporttrikot Komplett kann mit eigenem Namen und Nummer angepasst werden. Neben dem voreingestellten Spieler Vitinha #17 k\u00f6nnen Sie den Namen des Kindes oder eine andere beliebte Zahl w\u00e4hlen und so ein einzigartiges Fu\u00dfballset erstellen.<\/p>\n<p><strong>Hauptvorteile des Produkts:<\/strong><\/p>\n<ul>\n<li>Set: Fu\u00dfballtrikot + Shorts<\/li>\n<li>M\u00f6glichkeit f\u00fcr eigenen Namen und Nummer<\/li>\n<li>Atmungsaktives, leichtes und schnelltrocknendes Material<\/li>\n<li>Bequemer Kinderschnitt f\u00fcr maximale Bewegungsfreiheit<\/li>\n<li>Geeignet f\u00fcr Training, Spiele und Alltagsgebrauch<\/li>\n<\/ul>","protected":false},"excerpt":{"rendered":"<p>PSG Pre\u010d 2025\/26 Detsk\u00fd Futbalov\u00fd dres Komplet Vitinha #17 Tento Detsk\u00fd Futbalov\u00fd dres Komplet Paris Saint-Germain pre sez\u00f3nu 2025\u201326 v preveden\u00ed Pre\u010d je ide\u00e1lnou vo\u013ebou pre mlad\u00fdch fan\u00fa\u0161ikov modern\u00e9ho futbalu. Set obsahuje dres a zladen\u00e9 tren\u00edrky, navrhnut\u00e9 \u0161peci\u00e1lne pre deti, ktor\u00e9 chc\u00fa hra\u0165 aj fandi\u0165 v \u0161t\u00fdle svojho ob\u013e\u00faben\u00e9ho hr\u00e1\u010da Vitinha #17. Materi\u00e1l je \u013eahk\u00fd, [&hellip;]<\/p>","protected":false},"featured_media":2513,"comment_status":"open","ping_status":"closed","template":"","meta":{"site-sidebar-layout":"default","site-content-layout":"","ast-site-content-layout":"default","site-content-style":"default","site-sidebar-style":"default","ast-global-header-display":"","ast-banner-title-visibility":"","ast-main-header-display":"","ast-hfb-above-header-display":"","ast-hfb-below-header-display":"","ast-hfb-mobile-header-display":"","site-post-title":"","ast-breadcrumbs-content":"","ast-featured-img":"","footer-sml-layout":"","theme-transparent-header-meta":"default","adv-header-id-meta":"","stick-header-meta":"","header-above-stick-meta":"","header-main-stick-meta":"","header-below-stick-meta":"","astra-migrate-meta-layouts":"set","ast-page-background-enabled":"default","ast-page-background-meta":{"desktop":{"background-color":"var(--ast-global-color-4)","background-image":"","background-repeat":"repeat","background-position":"center center","background-size":"auto","background-attachment":"scroll","background-type":"","background-media":"","overlay-type":"","overlay-color":"","overlay-opacity":"","overlay-gradient":""},"tablet":{"background-color":"","background-image":"","background-repeat":"repeat","background-position":"center center","background-size":"auto","background-attachment":"scroll","background-type":"","background-media":"","overlay-type":"","overlay-color":"","overlay-opacity":"","overlay-gradient":""},"mobile":{"background-color":"","background-image":"","background-repeat":"repeat","background-position":"center center","background-size":"auto","background-attachment":"scroll","background-type":"","background-media":"","overlay-type":"","overlay-color":"","overlay-opacity":"","overlay-gradient":""}},"ast-content-background-meta":{"desktop":{"background-color":"var(--ast-global-color-5)","background-image":"","background-repeat":"repeat","background-position":"center center","background-size":"auto","background-attachment":"scroll","background-type":"","background-media":"","overlay-type":"","overlay-color":"","overlay-opacity":"","overlay-gradient":""},"tablet":{"background-color":"var(--ast-global-color-5)","background-image":"","background-repeat":"repeat","background-position":"center center","background-size":"auto","background-attachment":"scroll","background-type":"","background-media":"","overlay-type":"","overlay-color":"","overlay-opacity":"","overlay-gradient":""},"mobile":{"background-color":"var(--ast-global-color-5)","background-image":"","background-repeat":"repeat","background-position":"center center","background-size":"auto","background-attachment":"scroll","background-type":"","background-media":"","overlay-type":"","overlay-color":"","overlay-opacity":"","overlay-gradient":""}}},"product_brand":[],"product_cat":[72],"product_tag":[251,232,252,253,262],"class_list":{"0":"post-2511","1":"product","2":"type-product","3":"status-publish","4":"has-post-thumbnail","6":"product_cat-detske-dres-psg","7":"product_tag-detsky-futbalovy-dres-komplet-psg","8":"product_tag-futbalovy-set-pre-deti","9":"product_tag-paris-saint-germain-detsky-dres","10":"product_tag-psg-dres-deti","11":"product_tag-vitinha-dres","12":"desktop-align-left","13":"tablet-align-left","14":"mobile-align-left","16":"first","17":"instock","18":"shipping-taxable","19":"purchasable","20":"product-type-variable"},"_links":{"self":[{"href":"https:\/\/www.drespredeti.com\/de\/wp-json\/wp\/v2\/product\/2511","targetHints":{"allow":["GET"]}}],"collection":[{"href":"https:\/\/www.drespredeti.com\/de\/wp-json\/wp\/v2\/product"}],"about":[{"href":"https:\/\/www.drespredeti.com\/de\/wp-json\/wp\/v2\/types\/product"}],"replies":[{"embeddable":true,"href":"https:\/\/www.drespredeti.com\/de\/wp-json\/wp\/v2\/comments?post=2511"}],"wp:featuredmedia":[{"embeddable":true,"href":"https:\/\/www.drespredeti.com\/de\/wp-json\/wp\/v2\/media\/2513"}],"wp:attachment":[{"href":"https:\/\/www.drespredeti.com\/de\/wp-json\/wp\/v2\/media?parent=2511"}],"wp:term":[{"taxonomy":"product_brand","embeddable":true,"href":"https:\/\/www.drespredeti.com\/de\/wp-json\/wp\/v2\/product_brand?post=2511"},{"taxonomy":"product_cat","embeddable":true,"href":"https:\/\/www.drespredeti.com\/de\/wp-json\/wp\/v2\/product_cat?post=2511"},{"taxonomy":"product_tag","embeddable":true,"href":"https:\/\/www.drespredeti.com\/de\/wp-json\/wp\/v2\/product_tag?post=2511"}],"curies":[{"name":"wp","href":"https:\/\/api.w.org\/{rel}","templated":true}]}}