{"id":2473,"date":"2026-01-19T09:59:16","date_gmt":"2026-01-19T08:59:16","guid":{"rendered":"https:\/\/www.futbalovedresysk.com\/?post_type=product&#038;p=2473"},"modified":"2026-01-19T09:59:22","modified_gmt":"2026-01-19T08:59:22","slug":"detsky-futbalovy-dres-komplet-paris-saint-germain-ousmane-dembele-10-2025-26-domaci","status":"publish","type":"product","link":"https:\/\/www.drespredeti.com\/de\/detsky-futbalovy-dres-komplet-paris-saint-germain-ousmane-dembele-10-2025-26-domaci\/","title":{"rendered":"Dervsk\u00fd Fussballtrikot Komplet Paris Saint-Germain Ousmane Dembele #10 2025-26 Heim"},"content":{"rendered":"<h3>Kinder-Fu\u00dfballtrikot-Komplett Paris Saint-Germain 2025\/26 Heim \u2013 Ousmane Dembele #10<\/h3>\n<p>Wir pr\u00e4sentieren das Kinder-Fu\u00dfballtrikot Komplett Paris Saint-Germain in der Heimversion f\u00fcr die Saison 2025\/26, geschaffen f\u00fcr junge Fans, die der neuen Generation von Fu\u00dfballtalenten folgen. Dieses Set enth\u00e4lt das Trikot und passende Shorts, ideal zum Training, Schulturnieren und Alltagstragen.<\/p>\n<p>Das Material ist komfortabel f\u00fcr Kinder konzipiert \u2013 leicht, atmungsaktiv und sanft zur Haut. Durch gute Luftzirkulation bleibt der K\u00f6rper auch bei aktiver Bewegung trocken. Der Kinder-Schnitt unterst\u00fctzt nat\u00fcrliche Flexibilit\u00e4t und erm\u00f6glicht uneingeschr\u00e4nkte Bewegungsfreiheit.<\/p>\n<p>Das Heimdesign von PSG 2025\/26 basiert auf den traditionellen Vereinsfarben und wirkt sauber und sportlich. Auf dem R\u00fccken befindet sich der Name Ousmane Dembele und die Nummer 10, was diesem Kinder-Fu\u00dfballtrikot-Komplett einen authentischen Spielercharakter verleiht und es f\u00fcr junge Fans des Pariser Clubs attraktiv macht.<\/p>\n<p><strong>Hauptmerkmale des Produkts:<\/strong><\/p>\n<p>Vollst\u00e4ndiges Set: Trikot + Shorts<\/p>\n<p>Leichtes und atmungsaktives Material geeignet f\u00fcr Kinder<\/p>\n<p>Bequemer Kinder-Schnitt f\u00fcr Sport und Freizeit<\/p>\n<p>Geeignet f\u00fcr Training, Spiele und Fan-Tragen<\/p>","protected":false},"excerpt":{"rendered":"<p>Detsk\u00fd Futbalov\u00fd dres Komplet Paris Saint-Germain 2025\/26 Dom\u00e1ci \u2013 Lucas Beraldo #4 Predstavujeme Detsk\u00fd Futbalov\u00fd dres Komplet Paris Saint-Germain v dom\u00e1com preveden\u00ed pre sez\u00f3nu 2025\/26, vytvoren\u00fd pre mlad\u00fdch fan\u00fa\u0161ikov, ktor\u00ed sleduj\u00fa nov\u00fa gener\u00e1ciu futbalov\u00fdch talentov. Tento set obsahuje futbalov\u00fd dres a zladen\u00e9 tren\u00edrky, ide\u00e1lne na tr\u00e9ning, \u0161kolsk\u00e9 turnaje aj ka\u017edodenn\u00e9 nosenie. Materi\u00e1l je navrhnut\u00fd s [\u2026]<\/p>","protected":false},"featured_media":2475,"comment_status":"open","ping_status":"closed","template":"","meta":{"site-sidebar-layout":"default","site-content-layout":"","ast-site-content-layout":"default","site-content-style":"default","site-sidebar-style":"default","ast-global-header-display":"","ast-banner-title-visibility":"","ast-main-header-display":"","ast-hfb-above-header-display":"","ast-hfb-below-header-display":"","ast-hfb-mobile-header-display":"","site-post-title":"","ast-breadcrumbs-content":"","ast-featured-img":"","footer-sml-layout":"","theme-transparent-header-meta":"default","adv-header-id-meta":"","stick-header-meta":"","header-above-stick-meta":"","header-main-stick-meta":"","header-below-stick-meta":"","astra-migrate-meta-layouts":"set","ast-page-background-enabled":"default","ast-page-background-meta":{"desktop":{"background-color":"var(--ast-global-color-4)","background-image":"","background-repeat":"repeat","background-position":"center center","background-size":"auto","background-attachment":"scroll","background-type":"","background-media":"","overlay-type":"","overlay-color":"","overlay-opacity":"","overlay-gradient":""},"tablet":{"background-color":"","background-image":"","background-repeat":"repeat","background-position":"center center","background-size":"auto","background-attachment":"scroll","background-type":"","background-media":"","overlay-type":"","overlay-color":"","overlay-opacity":"","overlay-gradient":""},"mobile":{"background-color":"","background-image":"","background-repeat":"repeat","background-position":"center center","background-size":"auto","background-attachment":"scroll","background-type":"","background-media":"","overlay-type":"","overlay-color":"","overlay-opacity":"","overlay-gradient":""}},"ast-content-background-meta":{"desktop":{"background-color":"var(--ast-global-color-5)","background-image":"","background-repeat":"repeat","background-position":"center center","background-size":"auto","background-attachment":"scroll","background-type":"","background-media":"","overlay-type":"","overlay-color":"","overlay-opacity":"","overlay-gradient":""},"tablet":{"background-color":"var(--ast-global-color-5)","background-image":"","background-repeat":"repeat","background-position":"center center","background-size":"auto","background-attachment":"scroll","background-type":"","background-media":"","overlay-type":"","overlay-color":"","overlay-opacity":"","overlay-gradient":""},"mobile":{"background-color":"var(--ast-global-color-5)","background-image":"","background-repeat":"repeat","background-position":"center center","background-size":"auto","background-attachment":"scroll","background-type":"","background-media":"","overlay-type":"","overlay-color":"","overlay-opacity":"","overlay-gradient":""}}},"product_brand":[],"product_cat":[72],"product_tag":[251,232,259,252,253],"class_list":{"0":"post-2473","1":"product","2":"type-product","3":"status-publish","4":"has-post-thumbnail","6":"product_cat-detske-dres-psg","7":"product_tag-detsky-futbalovy-dres-komplet-psg","8":"product_tag-futbalovy-set-pre-deti","9":"product_tag-ousmane-dembele-dres","10":"product_tag-paris-saint-germain-detsky-dres","11":"product_tag-psg-dres-deti","12":"desktop-align-left","13":"tablet-align-left","14":"mobile-align-left","16":"first","17":"instock","18":"shipping-taxable","19":"purchasable","20":"product-type-variable"},"_links":{"self":[{"href":"https:\/\/www.drespredeti.com\/de\/wp-json\/wp\/v2\/product\/2473","targetHints":{"allow":["GET"]}}],"collection":[{"href":"https:\/\/www.drespredeti.com\/de\/wp-json\/wp\/v2\/product"}],"about":[{"href":"https:\/\/www.drespredeti.com\/de\/wp-json\/wp\/v2\/types\/product"}],"replies":[{"embeddable":true,"href":"https:\/\/www.drespredeti.com\/de\/wp-json\/wp\/v2\/comments?post=2473"}],"wp:featuredmedia":[{"embeddable":true,"href":"https:\/\/www.drespredeti.com\/de\/wp-json\/wp\/v2\/media\/2475"}],"wp:attachment":[{"href":"https:\/\/www.drespredeti.com\/de\/wp-json\/wp\/v2\/media?parent=2473"}],"wp:term":[{"taxonomy":"product_brand","embeddable":true,"href":"https:\/\/www.drespredeti.com\/de\/wp-json\/wp\/v2\/product_brand?post=2473"},{"taxonomy":"product_cat","embeddable":true,"href":"https:\/\/www.drespredeti.com\/de\/wp-json\/wp\/v2\/product_cat?post=2473"},{"taxonomy":"product_tag","embeddable":true,"href":"https:\/\/www.drespredeti.com\/de\/wp-json\/wp\/v2\/product_tag?post=2473"}],"curies":[{"name":"wp","href":"https:\/\/api.w.org\/{rel}","templated":true}]}}