{"id":245,"date":"2026-01-13T02:02:05","date_gmt":"2026-01-13T01:02:05","guid":{"rendered":"https:\/\/www.futbalovedresysk.com\/?post_type=product&#038;p=245"},"modified":"2026-01-13T02:02:05","modified_gmt":"2026-01-13T01:02:05","slug":"replika-detsky-dres-real-madrid-antonio-rudiger-22-2025-26-prec-trenirky","status":"publish","type":"product","link":"https:\/\/www.drespredeti.com\/de\/replika-detsky-dres-real-madrid-antonio-rudiger-22-2025-26-prec-trenirky\/","title":{"rendered":"Nachbildung Kindertrikot Real Madrid Antonio Rudiger #22 2025-26 Vorne (+ Shorts)"},"content":{"rendered":"<h3>Kindertrikot Real Madrid Antonio Rudiger #22 2025\/26 \u2013 Au\u00dfenset<\/h3>\n<p>Entdecken Sie das neue Kindertrikot Real Madrid in der Version Vorne (Au\u00dfen-Trikot) f\u00fcr die Saison 2025\/26, entwickelt f\u00fcr junge Fu\u00dfballfans und Anh\u00e4nger des talentierten Spielers Antonio Rudiger #22. Elegantes Design und moderne Farben spiegeln die Identit\u00e4t des Clubs wider und verleihen dem Trikot ein professionelles Aussehen.<\/p>\n<p>Dieses Kinderfu\u00dfballset ist auf Komfort und Bewegungsfreiheit ausgelegt. Das leichte, funktionale Material hilft, den K\u00f6rper auch bei intensivem Spiel trocken zu halten. Im Set sind auch Shorts enthalten, sodass das Kind ein komplettes Outfit f\u00fcr den Platz erh\u00e4lt.<\/p>\n<p>Dieses Kindertrikot von Real Madrid kann mit eigenem Namen und Nummer personalisiert werden. W\u00e4hlen Sie den Namen des Kindes oder eine andere Lieblingsnummer und erstellen Sie ein originelles Trikot mit pers\u00f6nlichem Wert. Personalisierung ist besonders als Geschenk beliebt.<\/p>","protected":false},"excerpt":{"rendered":"<p>Kindertrikot Real Madrid Antonio Rudiger #22 2025\/26 \u2013 Au\u00dfenset Entdecken Sie das neue Kindertrikot Real Madrid in der Version Ausw\u00e4rts (Au\u00dfen-Trikot) f\u00fcr die Saison 2025\/26, erstellt f\u00fcr junge Fu\u00dfballbegeisterte und Fans des talentierten Spielers Antonio Rudiger #22. Elegantes Design und moderne Farben spiegeln die Identit\u00e4t des Clubs wider und verleihen dem Trikot ein professionelles Aussehen. Dieses Kinderfu\u00dfballset ist [\u2026]<\/p>","protected":false},"featured_media":247,"comment_status":"open","ping_status":"closed","template":"","meta":{"site-sidebar-layout":"default","site-content-layout":"","ast-site-content-layout":"default","site-content-style":"default","site-sidebar-style":"default","ast-global-header-display":"","ast-banner-title-visibility":"","ast-main-header-display":"","ast-hfb-above-header-display":"","ast-hfb-below-header-display":"","ast-hfb-mobile-header-display":"","site-post-title":"","ast-breadcrumbs-content":"","ast-featured-img":"","footer-sml-layout":"","theme-transparent-header-meta":"default","adv-header-id-meta":"","stick-header-meta":"","header-above-stick-meta":"","header-main-stick-meta":"","header-below-stick-meta":"","astra-migrate-meta-layouts":"set","ast-page-background-enabled":"default","ast-page-background-meta":{"desktop":{"background-color":"var(--ast-global-color-4)","background-image":"","background-repeat":"repeat","background-position":"center center","background-size":"auto","background-attachment":"scroll","background-type":"","background-media":"","overlay-type":"","overlay-color":"","overlay-opacity":"","overlay-gradient":""},"tablet":{"background-color":"","background-image":"","background-repeat":"repeat","background-position":"center center","background-size":"auto","background-attachment":"scroll","background-type":"","background-media":"","overlay-type":"","overlay-color":"","overlay-opacity":"","overlay-gradient":""},"mobile":{"background-color":"","background-image":"","background-repeat":"repeat","background-position":"center center","background-size":"auto","background-attachment":"scroll","background-type":"","background-media":"","overlay-type":"","overlay-color":"","overlay-opacity":"","overlay-gradient":""}},"ast-content-background-meta":{"desktop":{"background-color":"var(--ast-global-color-5)","background-image":"","background-repeat":"repeat","background-position":"center center","background-size":"auto","background-attachment":"scroll","background-type":"","background-media":"","overlay-type":"","overlay-color":"","overlay-opacity":"","overlay-gradient":""},"tablet":{"background-color":"var(--ast-global-color-5)","background-image":"","background-repeat":"repeat","background-position":"center center","background-size":"auto","background-attachment":"scroll","background-type":"","background-media":"","overlay-type":"","overlay-color":"","overlay-opacity":"","overlay-gradient":""},"mobile":{"background-color":"var(--ast-global-color-5)","background-image":"","background-repeat":"repeat","background-position":"center center","background-size":"auto","background-attachment":"scroll","background-type":"","background-media":"","overlay-type":"","overlay-color":"","overlay-opacity":"","overlay-gradient":""}}},"product_brand":[],"product_cat":[68],"product_tag":[163,160,156,159,138,162,157],"class_list":{"0":"post-245","1":"product","2":"type-product","3":"status-publish","4":"has-post-thumbnail","6":"product_cat-detske-dres-real-madrid","7":"product_tag-antonio-rudiger-dres","8":"product_tag-detske-futbalove-dresy-2026","9":"product_tag-detsky-dres-real-madrid","10":"product_tag-detsky-futbalovy-set","11":"product_tag-personalizovany-dres","12":"product_tag-prec-dres-real-madrid","13":"product_tag-real-madrid-dres-pre-deti","14":"desktop-align-left","15":"tablet-align-left","16":"mobile-align-left","18":"first","19":"instock","20":"shipping-taxable","21":"purchasable","22":"product-type-variable"},"_links":{"self":[{"href":"https:\/\/www.drespredeti.com\/de\/wp-json\/wp\/v2\/product\/245","targetHints":{"allow":["GET"]}}],"collection":[{"href":"https:\/\/www.drespredeti.com\/de\/wp-json\/wp\/v2\/product"}],"about":[{"href":"https:\/\/www.drespredeti.com\/de\/wp-json\/wp\/v2\/types\/product"}],"replies":[{"embeddable":true,"href":"https:\/\/www.drespredeti.com\/de\/wp-json\/wp\/v2\/comments?post=245"}],"wp:featuredmedia":[{"embeddable":true,"href":"https:\/\/www.drespredeti.com\/de\/wp-json\/wp\/v2\/media\/247"}],"wp:attachment":[{"href":"https:\/\/www.drespredeti.com\/de\/wp-json\/wp\/v2\/media?parent=245"}],"wp:term":[{"taxonomy":"product_brand","embeddable":true,"href":"https:\/\/www.drespredeti.com\/de\/wp-json\/wp\/v2\/product_brand?post=245"},{"taxonomy":"product_cat","embeddable":true,"href":"https:\/\/www.drespredeti.com\/de\/wp-json\/wp\/v2\/product_cat?post=245"},{"taxonomy":"product_tag","embeddable":true,"href":"https:\/\/www.drespredeti.com\/de\/wp-json\/wp\/v2\/product_tag?post=245"}],"curies":[{"name":"wp","href":"https:\/\/api.w.org\/{rel}","templated":true}]}}