{"id":2420,"date":"2026-01-19T09:57:58","date_gmt":"2026-01-19T08:57:58","guid":{"rendered":"https:\/\/www.futbalovedresysk.com\/?post_type=product&#038;p=2420"},"modified":"2026-01-19T09:58:00","modified_gmt":"2026-01-19T08:58:00","slug":"detsky-futbalovy-dres-komplet-komplety-paris-saint-germain-2025-26-tretina","status":"publish","type":"product","link":"https:\/\/www.drespredeti.com\/de\/detsky-futbalovy-dres-komplet-komplety-paris-saint-germain-2025-26-tretina\/","title":{"rendered":"D- Kinder-Fu\u00dfballtrikot Komplett Paris Saint-Germain 2025-26 Drittel"},"content":{"rendered":"<h3>Kinders Fu\u00dfballtrikot Komplett Paris Saint-Germain 2025\/26 Drittel \u2013 mit eigenem Namen und Nummer<\/h3>\n<p>Dieses Kinders Fu\u00dfballtrikot Komplett f\u00fcr die Saison 2025\/26 in der Drittel-Variante ist die ideale Wahl f\u00fcr Kinder, die modernen Fu\u00dfballstil tragen und zugleich durch eine pers\u00f6nliche Identit\u00e4t auffallen m\u00f6chten. Das Set enth\u00e4lt ein Fu\u00dfballtrikot und passende Shorts, geeignet f\u00fcr Training, Spiele und Freizeit<\/p>\n<p>Das Material ist leicht, atmungsaktiv und schnell trocknend, was Komfort auch bei intensiver Bewegung gew\u00e4hrleistet. Das Kinder-Schnitt ist an aktive Spieler angepasst und erm\u00f6glicht nat\u00fcrliche Bewegungsfreiheit w\u00e4hrend des gesamten Spiels.<\/p>\n<p><strong>Ma\u00dfgeschneiderte Personalisierung<\/strong><\/p>\n<p>Dieses Kinders Fu\u00dfballtrikot Komplett bietet die M\u00f6glichkeit eines eigenen Namens und einer eigenen Nummer. Sie k\u00f6nnen den Namen des Kindes, einen Spitznamen oder eine andere Zahl w\u00e4hlen und so ein einzigartiges Fu\u00dfball-Set erstellen, das originell und pers\u00f6nlich ist.<\/p>\n<p><strong>Hauptvorteile des Produkts:<\/strong><\/p>\n<ul>\n<li>Komplettes Kinder-Set: Trikot + Shorts<\/li>\n<li>M\u00f6glichkeit f\u00fcr eigenen Namen und Nummer<\/li>\n<li>Leichtes, atmungsaktives und schnell trocknendes Material<\/li>\n<li>Bequemer Kinder-Schnitt f\u00fcr Sport und Freizeit<\/li>\n<\/ul>","protected":false},"excerpt":{"rendered":"<p>Detsk\u00fd Futbalov\u00fd dres Komplet Paris Saint-Germain 2025\/26 Tretina \u2013 s Vlastn\u00fdm Menom a \u010c\u00edslom Tento Detsk\u00fd Futbalov\u00fd dres Komplet Paris Saint-Germain pre sez\u00f3nu 2025\/26 v preveden\u00ed Tretina je ide\u00e1lnou vo\u013ebou pre deti, ktor\u00e9 chc\u00fa nosi\u0165 modern\u00fd futbalov\u00fd \u0161t\u00fdl a z\u00e1rove\u0148 vynikn\u00fa\u0165 osobnou identitou. S\u00faprava obsahuje futbalov\u00fd dres a zladen\u00e9 tren\u00edrky, vhodn\u00e9 na tr\u00e9ning, z\u00e1pasy aj [&hellip;]<\/p>","protected":false},"featured_media":2422,"comment_status":"open","ping_status":"closed","template":"","meta":{"site-sidebar-layout":"default","site-content-layout":"","ast-site-content-layout":"default","site-content-style":"default","site-sidebar-style":"default","ast-global-header-display":"","ast-banner-title-visibility":"","ast-main-header-display":"","ast-hfb-above-header-display":"","ast-hfb-below-header-display":"","ast-hfb-mobile-header-display":"","site-post-title":"","ast-breadcrumbs-content":"","ast-featured-img":"","footer-sml-layout":"","theme-transparent-header-meta":"default","adv-header-id-meta":"","stick-header-meta":"","header-above-stick-meta":"","header-main-stick-meta":"","header-below-stick-meta":"","astra-migrate-meta-layouts":"set","ast-page-background-enabled":"default","ast-page-background-meta":{"desktop":{"background-color":"var(--ast-global-color-4)","background-image":"","background-repeat":"repeat","background-position":"center center","background-size":"auto","background-attachment":"scroll","background-type":"","background-media":"","overlay-type":"","overlay-color":"","overlay-opacity":"","overlay-gradient":""},"tablet":{"background-color":"","background-image":"","background-repeat":"repeat","background-position":"center center","background-size":"auto","background-attachment":"scroll","background-type":"","background-media":"","overlay-type":"","overlay-color":"","overlay-opacity":"","overlay-gradient":""},"mobile":{"background-color":"","background-image":"","background-repeat":"repeat","background-position":"center center","background-size":"auto","background-attachment":"scroll","background-type":"","background-media":"","overlay-type":"","overlay-color":"","overlay-opacity":"","overlay-gradient":""}},"ast-content-background-meta":{"desktop":{"background-color":"var(--ast-global-color-5)","background-image":"","background-repeat":"repeat","background-position":"center center","background-size":"auto","background-attachment":"scroll","background-type":"","background-media":"","overlay-type":"","overlay-color":"","overlay-opacity":"","overlay-gradient":""},"tablet":{"background-color":"var(--ast-global-color-5)","background-image":"","background-repeat":"repeat","background-position":"center center","background-size":"auto","background-attachment":"scroll","background-type":"","background-media":"","overlay-type":"","overlay-color":"","overlay-opacity":"","overlay-gradient":""},"mobile":{"background-color":"var(--ast-global-color-5)","background-image":"","background-repeat":"repeat","background-position":"center center","background-size":"auto","background-attachment":"scroll","background-type":"","background-media":"","overlay-type":"","overlay-color":"","overlay-opacity":"","overlay-gradient":""}}},"product_brand":[],"product_cat":[72],"product_tag":[251,232,252,253],"class_list":{"0":"post-2420","1":"product","2":"type-product","3":"status-publish","4":"has-post-thumbnail","6":"product_cat-detske-dres-psg","7":"product_tag-detsky-futbalovy-dres-komplet-psg","8":"product_tag-futbalovy-set-pre-deti","9":"product_tag-paris-saint-germain-detsky-dres","10":"product_tag-psg-dres-deti","11":"desktop-align-left","12":"tablet-align-left","13":"mobile-align-left","15":"first","16":"instock","17":"shipping-taxable","18":"purchasable","19":"product-type-variable"},"_links":{"self":[{"href":"https:\/\/www.drespredeti.com\/de\/wp-json\/wp\/v2\/product\/2420","targetHints":{"allow":["GET"]}}],"collection":[{"href":"https:\/\/www.drespredeti.com\/de\/wp-json\/wp\/v2\/product"}],"about":[{"href":"https:\/\/www.drespredeti.com\/de\/wp-json\/wp\/v2\/types\/product"}],"replies":[{"embeddable":true,"href":"https:\/\/www.drespredeti.com\/de\/wp-json\/wp\/v2\/comments?post=2420"}],"wp:featuredmedia":[{"embeddable":true,"href":"https:\/\/www.drespredeti.com\/de\/wp-json\/wp\/v2\/media\/2422"}],"wp:attachment":[{"href":"https:\/\/www.drespredeti.com\/de\/wp-json\/wp\/v2\/media?parent=2420"}],"wp:term":[{"taxonomy":"product_brand","embeddable":true,"href":"https:\/\/www.drespredeti.com\/de\/wp-json\/wp\/v2\/product_brand?post=2420"},{"taxonomy":"product_cat","embeddable":true,"href":"https:\/\/www.drespredeti.com\/de\/wp-json\/wp\/v2\/product_cat?post=2420"},{"taxonomy":"product_tag","embeddable":true,"href":"https:\/\/www.drespredeti.com\/de\/wp-json\/wp\/v2\/product_tag?post=2420"}],"curies":[{"name":"wp","href":"https:\/\/api.w.org\/{rel}","templated":true}]}}