{"id":2307,"date":"2026-01-23T09:38:03","date_gmt":"2026-01-23T08:38:03","guid":{"rendered":"https:\/\/www.futbalovedresysk.com\/?post_type=product&#038;p=2307"},"modified":"2026-01-23T09:49:01","modified_gmt":"2026-01-23T08:49:01","slug":"detsky-futbalovy-dres-komplet-juventus-jonathan-david-30-2025-26-tretina","status":"publish","type":"product","link":"https:\/\/www.drespredeti.com\/de\/detsky-futbalovy-dres-komplet-juventus-jonathan-david-30-2025-26-tretina\/","title":{"rendered":"Kinder-Fu\u00dfballtrikot komplet Juventus Jonathan David #30 2025-26 Tretina"},"content":{"rendered":"<h3>Kinder-Fu\u00dfballtrikot-Set Juventus 2025-26 Drittel Jonathan David #30 \u2013 Kinder-Set mit eigenem Namen und Nummer<\/h3>\n<p>Detsk\u00fd Futbalov\u00fd dres komplet Juventus 2025-26 Tretina s menom Manuel Locatelli #5 je ide\u00e1lny pre mlad\u00fdch fan\u00fa\u0161ikov, ktor\u00ed obdivuj\u00fa jedn\u00e9ho z k\u013e\u00fa\u010dov\u00fdch hr\u00e1\u010dov t\u00edmu Juventus. Tret\u00ed dres sez\u00f3ny 2025\/26 vynik\u00e1 modern\u00fdm dizajnom a odv\u00e1\u017enym farebn\u00fdm rie\u0161en\u00edm, v\u010faka \u010domu sa tento detsk\u00fd komplet okam\u017eite odl\u00ed\u0161i od klasick\u00fdch dom\u00e1cich a vonkaj\u0161\u00edch dresov.<\/p>\n<p>Dieses Kinders Fu\u00dfballtrikot Juventus Komplettset 2025-26 Drittel enth\u00e4lt ein kurz\u00e4rmliges Trikot und Shorts, die mit Fokus auf kindlichen Komfort entworfen wurden. Leichtes und atmungsaktives Material aus hochwertigem Polyester tr\u00e4gt dazu bei, Schwei\u00df effektiv abzuleiten und die Haut auch w\u00e4hrend intensiven Spiels oder Trainings trocken zu halten.<\/p>\n<p>Ergonomick\u00fd strih umo\u017e\u0148uje prirodzen\u00fd pohyb bez obmedzen\u00ed, \u010do ocenia deti pri futbale aj vo vo\u013enom \u010dase. Prec\u00edzne spracovanie, kvalitn\u00e1 potla\u010d mena Manuel Locatelli #5 a klubov\u00e9ho znaku zaru\u010duj\u00fa dlh\u00fa \u017eivotnos\u0165 kompletu aj pri \u010dastom pou\u017e\u00edvan\u00ed. Detsk\u00fd Futbalov\u00fd dres komplet Juventus 2025-26 Tretina tak sp\u013a\u0148a vysok\u00e9 n\u00e1roky na kvalitu aj vizu\u00e1lny dojem.<\/p>\n<p>Ein gro\u00dfer Vorteil dieses Produkts ist die Personalisierung von Name und Nummer. Wenn Sie m\u00f6chten, k\u00f6nnen Sie statt des Spielernamens Ihren eigenen Namen und Ihre eigene Nummer w\u00e4hlen, wodurch das Kinders Fu\u00dfballtrikot Juventus Komplettset 2025-26 Drittel zu einem pers\u00f6nlichen und einzigartigen St\u00fcck wird. Diese M\u00f6glichkeit macht das Set zu einem idealen Geschenk zum Geburtstag, zu Festtagen oder als Motivation f\u00fcr junge Fu\u00dfballer.<\/p>\n<p>Wenn Sie ein stilvolles, bequemes und modernes Fu\u00dfballset f\u00fcr Kinder suchen, ist das Kinder-Fu\u00dfballtrikot-Set Juventus 2025-26 Drittel mit dem Namen Jonathan David #30 eine hervorragende Wahl f\u00fcr jeden kleinen Juventus-Fan.<\/p>","protected":false},"excerpt":{"rendered":"<p>Detsk\u00fd Futbalov\u00fd dres komplet Juventus 2025-26 Tretina Jonathan David #30 \u2013 Detsk\u00fd Set s Vlastn\u00fdm Menom a \u010c\u00edslom Detsk\u00fd Futbalov\u00fd dres komplet Juventus 2025-26 Tretina s menom Jonathan David #30 je ide\u00e1lny pre mlad\u00fdch fan\u00fa\u0161ikov, ktor\u00ed obdivuj\u00fa jedn\u00e9ho z k\u013e\u00fa\u010dov\u00fdch hr\u00e1\u010dov t\u00edmu Juventus. Tret\u00ed dres sez\u00f3ny 2025\/26 vynik\u00e1 modern\u00fdm dizajnom a odv\u00e1\u017enym farebn\u00fdm rie\u0161en\u00edm, v\u010faka [\u2026]<\/p>","protected":false},"featured_media":2309,"comment_status":"open","ping_status":"closed","template":"","meta":{"site-sidebar-layout":"default","site-content-layout":"","ast-site-content-layout":"default","site-content-style":"default","site-sidebar-style":"default","ast-global-header-display":"","ast-banner-title-visibility":"","ast-main-header-display":"","ast-hfb-above-header-display":"","ast-hfb-below-header-display":"","ast-hfb-mobile-header-display":"","site-post-title":"","ast-breadcrumbs-content":"","ast-featured-img":"","footer-sml-layout":"","theme-transparent-header-meta":"default","adv-header-id-meta":"","stick-header-meta":"","header-above-stick-meta":"","header-main-stick-meta":"","header-below-stick-meta":"","astra-migrate-meta-layouts":"set","ast-page-background-enabled":"default","ast-page-background-meta":{"desktop":{"background-color":"var(--ast-global-color-4)","background-image":"","background-repeat":"repeat","background-position":"center center","background-size":"auto","background-attachment":"scroll","background-type":"","background-media":"","overlay-type":"","overlay-color":"","overlay-opacity":"","overlay-gradient":""},"tablet":{"background-color":"","background-image":"","background-repeat":"repeat","background-position":"center center","background-size":"auto","background-attachment":"scroll","background-type":"","background-media":"","overlay-type":"","overlay-color":"","overlay-opacity":"","overlay-gradient":""},"mobile":{"background-color":"","background-image":"","background-repeat":"repeat","background-position":"center center","background-size":"auto","background-attachment":"scroll","background-type":"","background-media":"","overlay-type":"","overlay-color":"","overlay-opacity":"","overlay-gradient":""}},"ast-content-background-meta":{"desktop":{"background-color":"var(--ast-global-color-5)","background-image":"","background-repeat":"repeat","background-position":"center center","background-size":"auto","background-attachment":"scroll","background-type":"","background-media":"","overlay-type":"","overlay-color":"","overlay-opacity":"","overlay-gradient":""},"tablet":{"background-color":"var(--ast-global-color-5)","background-image":"","background-repeat":"repeat","background-position":"center center","background-size":"auto","background-attachment":"scroll","background-type":"","background-media":"","overlay-type":"","overlay-color":"","overlay-opacity":"","overlay-gradient":""},"mobile":{"background-color":"var(--ast-global-color-5)","background-image":"","background-repeat":"repeat","background-position":"center center","background-size":"auto","background-attachment":"scroll","background-type":"","background-media":"","overlay-type":"","overlay-color":"","overlay-opacity":"","overlay-gradient":""}}},"product_brand":[],"product_cat":[71],"product_tag":[294,333,334,337,343,338,335,336],"class_list":{"0":"post-2307","1":"product","2":"type-product","3":"status-publish","4":"has-post-thumbnail","6":"product_cat-detske-dres-juventus","7":"product_tag-detsky-futbalovy-dres-2025-26","8":"product_tag-detsky-futbalovy-dres-juventus","9":"product_tag-detsky-futbalovy-dres-komplet-juventus","10":"product_tag-futbalovy-komplet-juventus-pre-deti","11":"product_tag-jonathan-david-dres","12":"product_tag-juventus-2025-26-dres-pre-deti","13":"product_tag-juventus-dres-pre-deti-2025-26","14":"product_tag-juventus-dres-s-vlastnym-menom","15":"desktop-align-left","16":"tablet-align-left","17":"mobile-align-left","19":"first","20":"instock","21":"shipping-taxable","22":"purchasable","23":"product-type-variable"},"_links":{"self":[{"href":"https:\/\/www.drespredeti.com\/de\/wp-json\/wp\/v2\/product\/2307","targetHints":{"allow":["GET"]}}],"collection":[{"href":"https:\/\/www.drespredeti.com\/de\/wp-json\/wp\/v2\/product"}],"about":[{"href":"https:\/\/www.drespredeti.com\/de\/wp-json\/wp\/v2\/types\/product"}],"replies":[{"embeddable":true,"href":"https:\/\/www.drespredeti.com\/de\/wp-json\/wp\/v2\/comments?post=2307"}],"wp:featuredmedia":[{"embeddable":true,"href":"https:\/\/www.drespredeti.com\/de\/wp-json\/wp\/v2\/media\/2309"}],"wp:attachment":[{"href":"https:\/\/www.drespredeti.com\/de\/wp-json\/wp\/v2\/media?parent=2307"}],"wp:term":[{"taxonomy":"product_brand","embeddable":true,"href":"https:\/\/www.drespredeti.com\/de\/wp-json\/wp\/v2\/product_brand?post=2307"},{"taxonomy":"product_cat","embeddable":true,"href":"https:\/\/www.drespredeti.com\/de\/wp-json\/wp\/v2\/product_cat?post=2307"},{"taxonomy":"product_tag","embeddable":true,"href":"https:\/\/www.drespredeti.com\/de\/wp-json\/wp\/v2\/product_tag?post=2307"}],"curies":[{"name":"wp","href":"https:\/\/api.w.org\/{rel}","templated":true}]}}