{"id":209,"date":"2026-01-11T08:17:57","date_gmt":"2026-01-11T07:17:57","guid":{"rendered":"https:\/\/www.futbalovedresysk.com\/?post_type=product&#038;p=209"},"modified":"2026-01-12T01:20:27","modified_gmt":"2026-01-12T00:20:27","slug":"lacne-detsky-dres-pre-deti-real-madrid-arda-guler-15-2025-26-prec-trenirky","status":"publish","type":"product","link":"https:\/\/www.drespredeti.com\/de\/lacne-detsky-dres-pre-deti-real-madrid-arda-guler-15-2025-26-prec-trenirky\/","title":{"rendered":"Billiges Kindertrikot f\u00fcr Kinder Real Madrid Arda G\u00fcler #15 2025-26 Ausw\u00e4rts (+ Shorts)"},"content":{"rendered":"<h3>Real Madrid 2025-26: Au\u00dfenspieler-Set mit Name und Nummer nach Ihrer Wahl!<\/h3>\n<p>Bereiten Sie Ihren kleinen Champion auf die neue Saison vor! Wir bieten das Gast-Trikot Real Madrid 2025-26 f\u00fcr Kinder in einem praktischen Set mit Shorts an.<\/p>\n<p>\u2705 Personalisierter Druck: Geben Sie Name und Nummer ein, und wir erstellen Ihnen ein einzigartiges Trikot.<\/p>\n<p>\u2705 G\u00fcnstiger Preis: Billiges, aber hochwertiges Trikot- und Shorts-Set f\u00fcr den t\u00e4glichen Gebrauch.<\/p>\n<p>\u2705 Atmungsaktivit\u00e4t: Funktionelles Material, ideal f\u00fcr Fu\u00dfballtraining und Sportunterricht.<\/p>\n<p>\u2705 Stilvolles Design: Das neueste Gast-Farbdesign f\u00fcr die Saison 25\/26.<\/p>","protected":false},"excerpt":{"rendered":"<p>Real Madrid 2025-26: Au\u00dfenset f\u00fcr Kinder mit Namen und Nummer nach Ihrer Wahl! Bereiten Sie Ihren kleinen Champion auf die neue Saison vor! Wir bieten das Gastspieler-Trikot von Real Madrid 2025-26 f\u00fcr Kinder in einem praktischen Set mit Shorts an. \u2705 Personalisierter Druck: Geben Sie Name und Nummer ein, und wir erstellen Ihnen ein einzigartiges Trikot. \u2705 G\u00fcnstiger Preis: Billiges, aber hochwertiges Trikot-Set und [\u2026]<\/p>","protected":false},"featured_media":211,"comment_status":"open","ping_status":"closed","template":"","meta":{"site-sidebar-layout":"default","site-content-layout":"","ast-site-content-layout":"default","site-content-style":"default","site-sidebar-style":"default","ast-global-header-display":"","ast-banner-title-visibility":"","ast-main-header-display":"","ast-hfb-above-header-display":"","ast-hfb-below-header-display":"","ast-hfb-mobile-header-display":"","site-post-title":"","ast-breadcrumbs-content":"","ast-featured-img":"","footer-sml-layout":"","theme-transparent-header-meta":"default","adv-header-id-meta":"","stick-header-meta":"","header-above-stick-meta":"","header-main-stick-meta":"","header-below-stick-meta":"","astra-migrate-meta-layouts":"set","ast-page-background-enabled":"default","ast-page-background-meta":{"desktop":{"background-color":"var(--ast-global-color-4)","background-image":"","background-repeat":"repeat","background-position":"center center","background-size":"auto","background-attachment":"scroll","background-type":"","background-media":"","overlay-type":"","overlay-color":"","overlay-opacity":"","overlay-gradient":""},"tablet":{"background-color":"","background-image":"","background-repeat":"repeat","background-position":"center center","background-size":"auto","background-attachment":"scroll","background-type":"","background-media":"","overlay-type":"","overlay-color":"","overlay-opacity":"","overlay-gradient":""},"mobile":{"background-color":"","background-image":"","background-repeat":"repeat","background-position":"center center","background-size":"auto","background-attachment":"scroll","background-type":"","background-media":"","overlay-type":"","overlay-color":"","overlay-opacity":"","overlay-gradient":""}},"ast-content-background-meta":{"desktop":{"background-color":"var(--ast-global-color-5)","background-image":"","background-repeat":"repeat","background-position":"center center","background-size":"auto","background-attachment":"scroll","background-type":"","background-media":"","overlay-type":"","overlay-color":"","overlay-opacity":"","overlay-gradient":""},"tablet":{"background-color":"var(--ast-global-color-5)","background-image":"","background-repeat":"repeat","background-position":"center center","background-size":"auto","background-attachment":"scroll","background-type":"","background-media":"","overlay-type":"","overlay-color":"","overlay-opacity":"","overlay-gradient":""},"mobile":{"background-color":"var(--ast-global-color-5)","background-image":"","background-repeat":"repeat","background-position":"center center","background-size":"auto","background-attachment":"scroll","background-type":"","background-media":"","overlay-type":"","overlay-color":"","overlay-opacity":"","overlay-gradient":""}}},"product_brand":[],"product_cat":[68],"product_tag":[],"class_list":{"0":"post-209","1":"product","2":"type-product","3":"status-publish","4":"has-post-thumbnail","6":"product_cat-detske-dres-real-madrid","7":"desktop-align-left","8":"tablet-align-left","9":"mobile-align-left","11":"first","12":"instock","13":"shipping-taxable","14":"purchasable","15":"product-type-variable"},"_links":{"self":[{"href":"https:\/\/www.drespredeti.com\/de\/wp-json\/wp\/v2\/product\/209","targetHints":{"allow":["GET"]}}],"collection":[{"href":"https:\/\/www.drespredeti.com\/de\/wp-json\/wp\/v2\/product"}],"about":[{"href":"https:\/\/www.drespredeti.com\/de\/wp-json\/wp\/v2\/types\/product"}],"replies":[{"embeddable":true,"href":"https:\/\/www.drespredeti.com\/de\/wp-json\/wp\/v2\/comments?post=209"}],"wp:featuredmedia":[{"embeddable":true,"href":"https:\/\/www.drespredeti.com\/de\/wp-json\/wp\/v2\/media\/211"}],"wp:attachment":[{"href":"https:\/\/www.drespredeti.com\/de\/wp-json\/wp\/v2\/media?parent=209"}],"wp:term":[{"taxonomy":"product_brand","embeddable":true,"href":"https:\/\/www.drespredeti.com\/de\/wp-json\/wp\/v2\/product_brand?post=209"},{"taxonomy":"product_cat","embeddable":true,"href":"https:\/\/www.drespredeti.com\/de\/wp-json\/wp\/v2\/product_cat?post=209"},{"taxonomy":"product_tag","embeddable":true,"href":"https:\/\/www.drespredeti.com\/de\/wp-json\/wp\/v2\/product_tag?post=209"}],"curies":[{"name":"wp","href":"https:\/\/api.w.org\/{rel}","templated":true}]}}