{"id":164,"date":"2026-01-11T08:18:06","date_gmt":"2026-01-11T07:18:06","guid":{"rendered":"https:\/\/www.futbalovedresysk.com\/?post_type=product&#038;p=164"},"modified":"2026-01-12T01:18:05","modified_gmt":"2026-01-12T00:18:05","slug":"lacne-detsky-dres-pre-deti-real-madrid-aurelien-tchouameni-14-2025-26-tretina-trenirky","status":"publish","type":"product","link":"https:\/\/www.drespredeti.com\/de\/lacne-detsky-dres-pre-deti-real-madrid-aurelien-tchouameni-14-2025-26-tretina-trenirky\/","title":{"rendered":"Billiges Kindertrikot f\u00fcr Kinder Real Madrid Aur\u00e9lien Tchouam\u00e9ni #14 2025-26 \u2013 Drittel (+ Shorts)"},"content":{"rendered":"<h3>Drittes Kindertrikot Real Madrid 2025-26 mit eigenem Namen \u2013 Komplettset mit Unterhosen<\/h3>\n<p>Suchen Sie etwas Besonderes? Das dritte Set von Real Madrid Trikots f\u00fcr die Saison 2025-26 bietet ein mutiges und modernes Design, das auf jedem Spielfeld hervorsticht. Dieses g\u00fcnstige Kinder-Set ist die ideale Wahl f\u00fcr junge Fans, die ein einzigartiges St\u00fcck aus der Kollektion \u201eDas wei\u00dfe Ballett\u201c besitzen m\u00f6chten.<\/p>\n<p>Personalisierung auf Wunsch: M\u00f6chten Sie, dass Ihr Kind seinen Namen oder den Namen eines Stars wie Mbapp\u00e9 oder Vin\u00edcius Jr. auf dem R\u00fccken hat? Wir bieten professionelle Drucke von Name und Nummer, die dem Trikot ein authentisches Aussehen verleihen.<\/p>\n<p>Komplettes Fu\u00dfballset: Die Verpackung enth\u00e4lt ein stilvolles drittes Trikot und passende Shorts (Unterhosen).<\/p>\n<p>Bewegungskomfort: Hergestellt aus leichtem und atmungsaktivem Material, das Komfort beim Sport und im Alltag garantiert.<\/p>\n<p>Tolles Preis-Leistungs-Verh\u00e4ltnis: G\u00f6nnen Sie Ihrem Kind das Gef\u00fchl eines Profispielers zu einem erschwinglichen Preis.<\/p>","protected":false},"excerpt":{"rendered":"<p>Drittes Kindertrikot von Real Madrid 2025-26 mit eigenem Namen \u2013 Komplettes Set mit Shorts Suchen Sie etwas Besonderes? Das dritte Trikot-Set von Real Madrid f\u00fcr die Saison 2025-26 pr\u00e4sentiert ein mutiges und modernes Design, das auf jedem Spielfeld hervorsticht. Dieses g\u00fcnstige Kinder-Set ist die ideale Wahl f\u00fcr junge Fans, die ein einzigartiges St\u00fcck aus der \u201eWei\u00dfen Ballet\u201c-Kollektion besitzen m\u00f6chten. Personalisierung [\u2026]<\/p>","protected":false},"featured_media":166,"comment_status":"open","ping_status":"closed","template":"","meta":{"site-sidebar-layout":"default","site-content-layout":"","ast-site-content-layout":"default","site-content-style":"default","site-sidebar-style":"default","ast-global-header-display":"","ast-banner-title-visibility":"","ast-main-header-display":"","ast-hfb-above-header-display":"","ast-hfb-below-header-display":"","ast-hfb-mobile-header-display":"","site-post-title":"","ast-breadcrumbs-content":"","ast-featured-img":"","footer-sml-layout":"","theme-transparent-header-meta":"default","adv-header-id-meta":"","stick-header-meta":"","header-above-stick-meta":"","header-main-stick-meta":"","header-below-stick-meta":"","astra-migrate-meta-layouts":"set","ast-page-background-enabled":"default","ast-page-background-meta":{"desktop":{"background-color":"var(--ast-global-color-4)","background-image":"","background-repeat":"repeat","background-position":"center center","background-size":"auto","background-attachment":"scroll","background-type":"","background-media":"","overlay-type":"","overlay-color":"","overlay-opacity":"","overlay-gradient":""},"tablet":{"background-color":"","background-image":"","background-repeat":"repeat","background-position":"center center","background-size":"auto","background-attachment":"scroll","background-type":"","background-media":"","overlay-type":"","overlay-color":"","overlay-opacity":"","overlay-gradient":""},"mobile":{"background-color":"","background-image":"","background-repeat":"repeat","background-position":"center center","background-size":"auto","background-attachment":"scroll","background-type":"","background-media":"","overlay-type":"","overlay-color":"","overlay-opacity":"","overlay-gradient":""}},"ast-content-background-meta":{"desktop":{"background-color":"var(--ast-global-color-5)","background-image":"","background-repeat":"repeat","background-position":"center center","background-size":"auto","background-attachment":"scroll","background-type":"","background-media":"","overlay-type":"","overlay-color":"","overlay-opacity":"","overlay-gradient":""},"tablet":{"background-color":"var(--ast-global-color-5)","background-image":"","background-repeat":"repeat","background-position":"center center","background-size":"auto","background-attachment":"scroll","background-type":"","background-media":"","overlay-type":"","overlay-color":"","overlay-opacity":"","overlay-gradient":""},"mobile":{"background-color":"var(--ast-global-color-5)","background-image":"","background-repeat":"repeat","background-position":"center center","background-size":"auto","background-attachment":"scroll","background-type":"","background-media":"","overlay-type":"","overlay-color":"","overlay-opacity":"","overlay-gradient":""}}},"product_brand":[],"product_cat":[68],"product_tag":[],"class_list":{"0":"post-164","1":"product","2":"type-product","3":"status-publish","4":"has-post-thumbnail","6":"product_cat-detske-dres-real-madrid","7":"desktop-align-left","8":"tablet-align-left","9":"mobile-align-left","11":"first","12":"instock","13":"shipping-taxable","14":"purchasable","15":"product-type-variable"},"_links":{"self":[{"href":"https:\/\/www.drespredeti.com\/de\/wp-json\/wp\/v2\/product\/164","targetHints":{"allow":["GET"]}}],"collection":[{"href":"https:\/\/www.drespredeti.com\/de\/wp-json\/wp\/v2\/product"}],"about":[{"href":"https:\/\/www.drespredeti.com\/de\/wp-json\/wp\/v2\/types\/product"}],"replies":[{"embeddable":true,"href":"https:\/\/www.drespredeti.com\/de\/wp-json\/wp\/v2\/comments?post=164"}],"wp:featuredmedia":[{"embeddable":true,"href":"https:\/\/www.drespredeti.com\/de\/wp-json\/wp\/v2\/media\/166"}],"wp:attachment":[{"href":"https:\/\/www.drespredeti.com\/de\/wp-json\/wp\/v2\/media?parent=164"}],"wp:term":[{"taxonomy":"product_brand","embeddable":true,"href":"https:\/\/www.drespredeti.com\/de\/wp-json\/wp\/v2\/product_brand?post=164"},{"taxonomy":"product_cat","embeddable":true,"href":"https:\/\/www.drespredeti.com\/de\/wp-json\/wp\/v2\/product_cat?post=164"},{"taxonomy":"product_tag","embeddable":true,"href":"https:\/\/www.drespredeti.com\/de\/wp-json\/wp\/v2\/product_tag?post=164"}],"curies":[{"name":"wp","href":"https:\/\/api.w.org\/{rel}","templated":true}]}}