{"id":15404,"date":"2026-04-22T10:17:10","date_gmt":"2026-04-22T08:17:10","guid":{"rendered":"https:\/\/www.drespredeti.com\/?post_type=product&#038;p=15404"},"modified":"2026-04-22T15:53:26","modified_gmt":"2026-04-22T13:53:26","slug":"futbalovy-dresy-aston-villa-2025-26-brankarsky-zeleny-pansky-dlhy-rukav","status":"publish","type":"product","link":"https:\/\/www.drespredeti.com\/de\/futbalovy-dresy-aston-villa-2025-26-brankarsky-zeleny-pansky-dlhy-rukav\/","title":{"rendered":"Fussballtrikots von Aston Villa 2025\/26 Torwart Gr\u00fcn \u2013 Herren Lang\u00e4rmlig"},"content":{"rendered":"<h2>Futballtrikots Aston Villa 2025\/26 Torwartgr\u00fcn, Herren (Langarm)<\/h2>\n<section>\n<h2>Maximaler Schutz und professionelles Aussehen<\/h2>\n<p>R\u00fcsten Sie sich f\u00fcr die neue Saison mit dem Torwart-Set, das Synonym f\u00fcr Stabilit\u00e4t und Sicherheit im Strafraum ist. Dieses <strong>Fu\u00dfballtrikot Aston Villa 2025\/26 Torh\u00fcter<\/strong> in sattem Gr\u00fcn mit Langarm bietet Torh\u00fctern den n\u00f6tigen Schutz vor Absch\u00fcrfungen bei Eins\u00e4tzen auf dem Rasen. Sauberes Design ohne Druck des Spielers bietet ein zeitloses Aussehen, das die Ambitionen des Teams aus Birmingham perfekt repr\u00e4sentiert.<\/p>\n<\/section>\n<section>\n<h2>Funktionelle Materialien f\u00fcr anspruchsvolles Spiel<\/h2>\n<p>Die Langarmshirts wurden so konzipiert, dass sie bei hoher k\u00f6rperlicher Belastung den Bewegungsumfang nicht einschr\u00e4nken. Unser <strong>Fu\u00dfballtrikot Aston Villa 2025\/26 Torh\u00fcter<\/strong> verwendet ein spezielles Gewebe mit Pro-Cool-Technologie, die eine hervorragende Thermoregulation und eine sofortige Feuchtigkeitstransport von der Haut sicherstellt. Aufgrund der hohen Faser-Dichte ist das Trikot mechanisch belastbar, bleibt aber \u00fcberraschend leicht und atmungsaktiv.<\/p>\n<\/section>\n<section>\n<h2>Qualit\u00e4t, die der Zeit standh\u00e4lt<\/h2>\n<p>Der Fokus auf Details macht dieses Modell zur erstklassigen Wahl f\u00fcr jeden ehrgeizigen Torwart. <strong>Fu\u00dfballtrikot Aston Villa 2025\/26 Torh\u00fcter<\/strong> verf\u00fcgt \u00fcber ein pr\u00e4zise verarbeiteten Vereinswappen und verst\u00e4rkte N\u00e4hte an kritischen Stellen. Die verwendeten Farbstoffe sind au\u00dferordentlich farbecht, was bedeutet, dass das Set auch nach Monaten intensiver Nutzung und wiederholtem Waschen seine intensive gr\u00fcne Farbe beh\u00e4lt.<\/p>\n<\/section>\n<section>\n<h2>Produktspezifikationen:<\/h2>\n<ul>\n<li><strong>Verein:<\/strong> Aston Villa FC<\/li>\n<li><strong>Ausf\u00fchrung:<\/strong> Lang\u00e4rmlig (verbesserter Knieschutz) [Hinweis: w\u00f6rtlich \u00fcbersetzt; ggf. klargestellen als Ellbogen-Schutz]<\/li>\n<li><strong>Farbe:<\/strong> Professionelles Torwartgr\u00fcn<\/li>\n<li><strong>Material:<\/strong> 100% atmungsaktives recyceltes Polyester<\/li>\n<li><strong>Schnitt:<\/strong> Herren anatomischer Schnitt<\/li>\n<\/ul>\n<p><em>Hinweis: Dieses Modell ist ideale L\u00f6sung f\u00fcr k\u00e4ltere Trainingsbedingungen oder f\u00fcr Torh\u00fcter, die eine zus\u00e4tzliche Handabdeckung bevorzugen, ohne zus\u00e4tzliche \u00dcberz\u00fcge zu tragen.<\/em><\/p>\n<\/section>","protected":false},"excerpt":{"rendered":"<p>Fu\u00dfballtrikots Aston Villa 2025\/26 Torh\u00fcter \u2013 Gr\u00fcn, Herren (Langarm) Maximaler Schutz und professionelles Aussehen R\u00fcsten Sie sich f\u00fcr die neue Saison mit dem Torwart-Set aus, das Synonym f\u00fcr Stabilit\u00e4t und Sicherheit im Strafraum ist. Dieses Fu\u00dfballtrikot Aston Villa 2025\/26 Torh\u00fcter in sattem Gr\u00fcn mit langem Arm bietet dem Torh\u00fcter den n\u00f6tigen Schutz vor Absch\u00fcrfungen bei Eins\u00e4tzen auf [\u2026]<\/p>","protected":false},"featured_media":15423,"comment_status":"open","ping_status":"closed","template":"","meta":{"site-sidebar-layout":"default","site-content-layout":"","ast-site-content-layout":"default","site-content-style":"default","site-sidebar-style":"default","ast-global-header-display":"","ast-banner-title-visibility":"","ast-main-header-display":"","ast-hfb-above-header-display":"","ast-hfb-below-header-display":"","ast-hfb-mobile-header-display":"","site-post-title":"","ast-breadcrumbs-content":"","ast-featured-img":"","footer-sml-layout":"","theme-transparent-header-meta":"default","adv-header-id-meta":"","stick-header-meta":"","header-above-stick-meta":"","header-main-stick-meta":"","header-below-stick-meta":"","astra-migrate-meta-layouts":"set","ast-page-background-enabled":"default","ast-page-background-meta":{"desktop":{"background-color":"var(--ast-global-color-4)","background-image":"","background-repeat":"repeat","background-position":"center center","background-size":"auto","background-attachment":"scroll","background-type":"","background-media":"","overlay-type":"","overlay-color":"","overlay-opacity":"","overlay-gradient":""},"tablet":{"background-color":"","background-image":"","background-repeat":"repeat","background-position":"center center","background-size":"auto","background-attachment":"scroll","background-type":"","background-media":"","overlay-type":"","overlay-color":"","overlay-opacity":"","overlay-gradient":""},"mobile":{"background-color":"","background-image":"","background-repeat":"repeat","background-position":"center center","background-size":"auto","background-attachment":"scroll","background-type":"","background-media":"","overlay-type":"","overlay-color":"","overlay-opacity":"","overlay-gradient":""}},"ast-content-background-meta":{"desktop":{"background-color":"var(--ast-global-color-5)","background-image":"","background-repeat":"repeat","background-position":"center center","background-size":"auto","background-attachment":"scroll","background-type":"","background-media":"","overlay-type":"","overlay-color":"","overlay-opacity":"","overlay-gradient":""},"tablet":{"background-color":"var(--ast-global-color-5)","background-image":"","background-repeat":"repeat","background-position":"center center","background-size":"auto","background-attachment":"scroll","background-type":"","background-media":"","overlay-type":"","overlay-color":"","overlay-opacity":"","overlay-gradient":""},"mobile":{"background-color":"var(--ast-global-color-5)","background-image":"","background-repeat":"repeat","background-position":"center center","background-size":"auto","background-attachment":"scroll","background-type":"","background-media":"","overlay-type":"","overlay-color":"","overlay-opacity":"","overlay-gradient":""}}},"product_brand":[],"product_cat":[851],"product_tag":[1327,1328,1312,1313,1329],"class_list":{"0":"post-15404","1":"product","2":"type-product","3":"status-publish","4":"has-post-thumbnail","6":"product_cat-futbalove-dresy-aston-villa","7":"product_tag-dres-aston-villa-s-vlastnim-jmenem","8":"product_tag-fotbalovy-dres-aston-villa-2025-26","9":"product_tag-fotbalovy-dres-s-potiskem","10":"product_tag-fotbalovy-dres-s-vlastnim-jmenem","11":"product_tag-levne-fotbalove-dresy-aston-villa","12":"desktop-align-left","13":"tablet-align-left","14":"mobile-align-left","16":"first","17":"instock","18":"featured","19":"shipping-taxable","20":"purchasable","21":"product-type-variable"},"_links":{"self":[{"href":"https:\/\/www.drespredeti.com\/de\/wp-json\/wp\/v2\/product\/15404","targetHints":{"allow":["GET"]}}],"collection":[{"href":"https:\/\/www.drespredeti.com\/de\/wp-json\/wp\/v2\/product"}],"about":[{"href":"https:\/\/www.drespredeti.com\/de\/wp-json\/wp\/v2\/types\/product"}],"replies":[{"embeddable":true,"href":"https:\/\/www.drespredeti.com\/de\/wp-json\/wp\/v2\/comments?post=15404"}],"wp:featuredmedia":[{"embeddable":true,"href":"https:\/\/www.drespredeti.com\/de\/wp-json\/wp\/v2\/media\/15423"}],"wp:attachment":[{"href":"https:\/\/www.drespredeti.com\/de\/wp-json\/wp\/v2\/media?parent=15404"}],"wp:term":[{"taxonomy":"product_brand","embeddable":true,"href":"https:\/\/www.drespredeti.com\/de\/wp-json\/wp\/v2\/product_brand?post=15404"},{"taxonomy":"product_cat","embeddable":true,"href":"https:\/\/www.drespredeti.com\/de\/wp-json\/wp\/v2\/product_cat?post=15404"},{"taxonomy":"product_tag","embeddable":true,"href":"https:\/\/www.drespredeti.com\/de\/wp-json\/wp\/v2\/product_tag?post=15404"}],"curies":[{"name":"wp","href":"https:\/\/api.w.org\/{rel}","templated":true}]}}